{"id":1952,"date":"2024-09-04T11:53:04","date_gmt":"2024-09-04T11:53:04","guid":{"rendered":"https:\/\/proscenario.fr\/?page_id=1952"},"modified":"2025-01-17T21:36:20","modified_gmt":"2025-01-17T21:36:20","slug":"%e4%b8%80%e8%88%ac%e9%94%80%e5%94%ae%e6%9d%a1%e6%ac%be%e5%92%8c%e6%9d%a1%e4%bb%b6","status":"publish","type":"page","link":"https:\/\/proscenario.fr\/zh\/%e4%b8%80%e8%88%ac%e9%94%80%e5%94%ae%e6%9d%a1%e6%ac%be%e5%92%8c%e6%9d%a1%e4%bb%b6\/","title":{"rendered":"\u9500\u552e\u6761\u6b3e\u548c\u6761\u4ef6"},"content":{"rendered":"<div data-elementor-type=\"wp-page\" data-elementor-id=\"1952\" class=\"elementor elementor-1952\" data-elementor-settings=\"{&quot;ha_cmc_init_switcher&quot;:&quot;no&quot;}\">\n\t\t\t\t<div class=\"elementor-element elementor-element-6e6b0ad e-flex e-con-boxed e-con e-parent\" data-id=\"6e6b0ad\" data-element_type=\"container\" data-e-type=\"container\" data-settings=\"{&quot;background_background&quot;:&quot;classic&quot;,&quot;_ha_eqh_enable&quot;:false}\">\n\t\t\t\t\t<div class=\"e-con-inner\">\n\t\t\t\t<div class=\"elementor-element elementor-element-fccd208 elementor-widget elementor-widget-text-editor\" data-id=\"fccd208\" data-element_type=\"widget\" data-e-type=\"widget\" data-widget_type=\"text-editor.default\">\n\t\t\t\t<div class=\"elementor-widget-container\">\n\t\t\t\t\t\t\t\t\t<h3><strong>\u4e00\u822c\u9500\u552e\u6761\u6b3e\u548c\u6761\u4ef6\uff08GTCS\uff09<\/strong><\/h3><h4><strong>1.\u9002\u7528\u8303\u56f4<\/strong><\/h4><p>\u8fd9\u4e9b\u4e00\u822c\u9500\u552e\u6761\u6b3e\u548c\u6761\u4ef6\u9002\u7528\u4e8e\u4ee5\u4e0b\u673a\u6784\u63d0\u4f9b\u7684\u6240\u6709\u670d\u52a1 <strong>ProScenario.co.uk<\/strong>\u7531\u81ea\u8425\u804c\u4e1a\u8005 Alexandre Hoesli \u4ee3\u7406\u3002\u670d\u52a1\u5185\u5bb9\u5305\u62ec\uff1a\u57f9\u8bad\u3001\u652f\u6301\u3001\u6307\u5bfc\u3001\u5267\u672c\u54a8\u8be2\uff0c\u4ee5\u53ca\u4e3a\u7535\u5f71\u3001\u8fde\u7eed\u5267\u3001\u5e7f\u544a\u7b49\u5b9a\u5236\u5267\u672c\u3002<\/p><h4><strong>2.\u63a7\u5236<\/strong><\/h4><p>\u901a\u8fc7\u6211\u4eec\u7684\u5b89\u5168\u652f\u4ed8\u7cfb\u7edf\u786e\u8ba4\u4ed8\u6b3e\u540e\uff0c\u6240\u6709\u8ba2\u5355\u90fd\u5c06\u5f97\u5230\u786e\u8ba4\u3002 <strong>\u6761\u7eb9<\/strong> \u5e76\u901a\u8fc7 <strong>\u65e5\u5386<\/strong>.\u5ba2\u6237\u5c06\u6536\u5230\u4e00\u5c01\u786e\u8ba4\u7535\u5b50\u90ae\u4ef6\uff0c\u5176\u4e2d\u5305\u542b\u9884\u8ba2\u8be6\u60c5\u3002<\/p><h4><strong>3.\u8d39\u7387\u548c\u4ed8\u6b3e<\/strong><\/h4><p>\u670d\u52a1\u4ef7\u683c\u4ee5\u6b27\u5143\u4e3a\u5355\u4f4d\uff0c\u542b\u6240\u6709\u7a0e\u8d39\u3002\u7f51\u4e0a\u652f\u4ed8\u901a\u8fc7 <strong>\u6761\u7eb9<\/strong> \u5b89\u5168\u3002<\/p><h4><strong>4.\u53d6\u6d88\u548c\u9000\u6b3e<\/strong><\/h4><p>\u9884\u8ba2\u4e00\u7ecf\u786e\u8ba4\u3001 <strong>\u4e0d\u4e88\u62a5\u9500<\/strong>\u6211\u4eec\u9f13\u52b1\u5ba2\u6237\u5728\u786e\u5b9a\u9884\u8ba2\u524d\u4ed4\u7ec6\u6838\u5bf9\u6240\u6709\u7ec6\u8282\u3002\u6211\u4eec\u9f13\u52b1\u5ba2\u6237\u5728\u786e\u5b9a\u9884\u8ba2\u524d\u4ed4\u7ec6\u6838\u5bf9\u6240\u6709\u7ec6\u8282\u3002<\/p><h4><strong>5.\u5ba2\u6237\u4e49\u52a1<\/strong><\/h4><p>\u5ba2\u6237\u627f\u8bfa\u5728\u9884\u8ba2\u65f6\u63d0\u4f9b\u51c6\u786e\u4fe1\u606f\uff0c\u5e76\u9075\u5b88\u9884\u5b9a\u65f6\u95f4\u3002\u5982\u679c\u6ca1\u6709\u901a\u77e5\u800c\u8fdf\u5230\u6216\u7f3a\u5e2d\uff0c\u670d\u52a1\u5c06\u88ab\u89c6\u4e3a\u5df2\u7ecf\u5b8c\u6210\u3002<\/p><h4><strong>6.\u4fdd\u5bc6<\/strong><\/h4><p>\u670d\u52a1\u671f\u95f4\u4ea4\u6d41\u7684\u6240\u6709\u4fe1\u606f\u5747\u4e25\u683c\u4fdd\u5bc6\u3002\u4e9a\u5386\u5c71\u5927-\u80e1\u65af\u5229\u516c\u53f8\u627f\u8bfa\u5c0a\u91cd\u5171\u4eab\u4fe1\u606f\u7684\u4fdd\u5bc6\u6027\u3002<\/p><h4><strong>7.\u9002\u7528\u6cd5\u5f8b\u548c\u7ba1\u8f96\u6743<\/strong><\/h4><p>\u672c\u4e00\u822c\u6761\u6b3e\u548c\u6761\u4ef6\u53d7\u6cd5\u56fd\u6cd5\u5f8b\u7ba1\u8f96\u3002\u4e0e\u8fd9\u4e9b\u6761\u6b3e\u548c\u6761\u4ef6\u7684\u89e3\u91ca\u6216\u6267\u884c\u6709\u5173\u7684\u4efb\u4f55\u4e89\u8bae\u5e94\u7531\u6cd5\u56fd\u6cd5\u9662\u4e13\u5c5e\u7ba1\u8f96\u3002<\/p>\t\t\t\t\t\t\t\t<\/div>\n\t\t\t\t<\/div>\n\t\t\t\t\t<\/div>\n\t\t\t\t<\/div>\n\t\t\t\t<\/div>","protected":false},"excerpt":{"rendered":"<p>Conditions g\u00e9n\u00e9rales de vente (CGV) 1. Champ d&rsquo;application Les pr\u00e9sentes conditions g\u00e9n\u00e9rales de vente s&rsquo;appliquent \u00e0 toutes les prestations fournies par ProScenario.fr, repr\u00e9sent\u00e9 par Alexandre Hoesli, auto-entrepreneur. Les services incluent : formation, accompagnement, coaching, consulting en sc\u00e9nario, et \u00e9criture sur mesure de sc\u00e9narios pour films, s\u00e9ries, publicit\u00e9s et autres. 2. Commande Toute commande est confirm\u00e9e [&hellip;]<\/p>\n","protected":false},"author":1,"featured_media":0,"parent":0,"menu_order":0,"comment_status":"closed","ping_status":"closed","template":"","meta":{"_seopress_robots_primary_cat":"","_seopress_titles_title":"","_seopress_titles_desc":"","_seopress_robots_index":"","footnotes":""},"class_list":["post-1952","page","type-page","status-publish","hentry"],"_links":{"self":[{"href":"https:\/\/proscenario.fr\/zh\/wp-json\/wp\/v2\/pages\/1952","targetHints":{"allow":["GET"]}}],"collection":[{"href":"https:\/\/proscenario.fr\/zh\/wp-json\/wp\/v2\/pages"}],"about":[{"href":"https:\/\/proscenario.fr\/zh\/wp-json\/wp\/v2\/types\/page"}],"author":[{"embeddable":true,"href":"https:\/\/proscenario.fr\/zh\/wp-json\/wp\/v2\/users\/1"}],"replies":[{"embeddable":true,"href":"https:\/\/proscenario.fr\/zh\/wp-json\/wp\/v2\/comments?post=1952"}],"version-history":[{"count":17,"href":"https:\/\/proscenario.fr\/zh\/wp-json\/wp\/v2\/pages\/1952\/revisions"}],"predecessor-version":[{"id":2496,"href":"https:\/\/proscenario.fr\/zh\/wp-json\/wp\/v2\/pages\/1952\/revisions\/2496"}],"wp:attachment":[{"href":"https:\/\/proscenario.fr\/zh\/wp-json\/wp\/v2\/media?parent=1952"}],"curies":[{"name":"wp","href":"https:\/\/api.w.org\/{rel}","templated":true}]}}