{"id":1944,"date":"2024-09-04T11:48:48","date_gmt":"2024-09-04T11:48:48","guid":{"rendered":"https:\/\/proscenario.fr\/?page_id=1944"},"modified":"2025-01-17T22:04:11","modified_gmt":"2025-01-17T22:04:11","slug":"%e6%b3%95%e5%be%8b%e4%bf%a1%e6%81%af","status":"publish","type":"page","link":"https:\/\/proscenario.fr\/zh\/%e6%b3%95%e5%be%8b%e4%bf%a1%e6%81%af\/","title":{"rendered":"\u6cd5\u5f8b\u4fe1\u606f"},"content":{"rendered":"<div data-elementor-type=\"wp-page\" data-elementor-id=\"1944\" class=\"elementor elementor-1944\" data-elementor-settings=\"{&quot;ha_cmc_init_switcher&quot;:&quot;no&quot;}\">\n\t\t\t\t<div class=\"elementor-element elementor-element-6e6b0ad e-flex e-con-boxed e-con e-parent\" data-id=\"6e6b0ad\" data-element_type=\"container\" data-e-type=\"container\" data-settings=\"{&quot;background_background&quot;:&quot;classic&quot;,&quot;_ha_eqh_enable&quot;:false}\">\n\t\t\t\t\t<div class=\"e-con-inner\">\n\t\t\t\t<div class=\"elementor-element elementor-element-fccd208 elementor-widget elementor-widget-text-editor\" data-id=\"fccd208\" data-element_type=\"widget\" data-e-type=\"widget\" data-widget_type=\"text-editor.default\">\n\t\t\t\t<div class=\"elementor-widget-container\">\n\t\t\t\t\t\t\t\t\t<h3><strong>\u6cd5\u5f8b\u4fe1\u606f<\/strong><\/h3>\n<h4><strong>1.\u7f51\u7ad9\u7f16\u8f91<\/strong><\/h4>\n<p>\u7f51\u7ad9 <strong>proscenario.fr<\/strong> \u7531 \uff1a<\/p>\n<ul>\n<li><strong>\u540d\u79f0<\/strong> \u4e9a\u5386\u5c71\u5927-\u970d\u65af\u5229\uff08\u4e2a\u4f53\u7ecf\u8425\u8005\uff09<\/li>\n<li><strong>\u603b\u90e8<\/strong> 22 rue Gay-Lussac\uff0c75005 \u5df4\u9ece<\/li>\n<li><strong>SIRET \u7f16\u53f7<\/strong> : 93265540000012<\/li>\n<li><strong>\u7535\u5b50\u90ae\u4ef6<\/strong> : <a rel=\"noopener\">alexandre.hoesli@proscenario.fr<\/a><\/li>\n<li><strong>\u7535\u8bdd<\/strong> : +33 7 65 81 39 39<\/li>\n<\/ul>\n<h4><strong>2.\u6258\u7ba1<\/strong><\/h4>\n<p>\u8be5\u7f51\u7ad9\u7531 \uff1a<\/p>\n<ul>\n<li><strong>\u4e3b\u673a\u540d\u79f0<\/strong> \u5173\u952e\u8bcd\uff1aHostinger<\/li>\n<li><strong>\u5730\u5740<\/strong> HOSTINGER operations, UAB, \u0160vitrigailos str. 34, Vilnius 03230 Lithuania<\/li>\n<li><strong>\u7535\u8bdd<\/strong> : <a href=\"\/zh\/\u7535\u8bdd\uff1a+37064503378\/\">+37064503378<\/a><\/li>\n<\/ul>\n<h4><strong>3.\u77e5\u8bc6\u4ea7\u6743<\/strong><\/h4>\n<p>\u672c\u7f51\u7ad9\u7684\u5185\u5bb9\uff08\u6587\u672c\u3001\u56fe\u7247\u3001\u89c6\u9891\u7b49\uff09\u4e3a\u4ee5\u4e0b\u673a\u6784\u7684\u4e13\u6709\u8d22\u4ea7 <strong>Proscenario.fr<\/strong> \u672a\u7ecf\u6388\u6743\u4e0d\u5f97\u590d\u5236\u3002<\/p>\n<h4><strong>4.\u8d23\u4efb\u9650\u5236<\/strong><\/h4>\n<p>\u4e9a\u5386\u5c71\u5927-\u970d\u65af\u5229\u516c\u53f8\u4e0d\u627f\u62c5\u56e0\u4f7f\u7528\u672c\u7f51\u7ad9\u800c\u9020\u6210\u7684\u76f4\u63a5\u6216\u95f4\u63a5\u635f\u5931\uff0c\u4e5f\u4e0d\u627f\u62c5\u56e0\u7f51\u7ad9\u6682\u65f6\u65e0\u6cd5\u8bbf\u95ee\u800c\u9020\u6210\u7684\u635f\u5931\u3002<\/p>\t\t\t\t\t\t\t\t<\/div>\n\t\t\t\t<\/div>\n\t\t\t\t\t<\/div>\n\t\t\t\t<\/div>\n\t\t\t\t<\/div>","protected":false},"excerpt":{"rendered":"<p>Mentions l\u00e9gales 1. \u00c9diteur du site Le site proscenario.fr est \u00e9dit\u00e9 par : Nom : Alexandre H\u00f6sli (Auto-entrepreneur) Si\u00e8ge social : 22 rue Gay-Lussac, 75005 Paris Num\u00e9ro SIRET : 93265540000012 E-mail : alexandre.hoesli@proscenario.fr T\u00e9l\u00e9phone : +33 7 65 81 39 39 2. H\u00e9bergement Le site est h\u00e9berg\u00e9 par : Nom de l&rsquo;h\u00e9bergeur : Hostinger Adresse [&hellip;]<\/p>\n","protected":false},"author":1,"featured_media":0,"parent":0,"menu_order":0,"comment_status":"closed","ping_status":"closed","template":"","meta":{"_seopress_robots_primary_cat":"","_seopress_titles_title":"","_seopress_titles_desc":"","_seopress_robots_index":"","footnotes":""},"class_list":["post-1944","page","type-page","status-publish","hentry"],"_links":{"self":[{"href":"https:\/\/proscenario.fr\/zh\/wp-json\/wp\/v2\/pages\/1944","targetHints":{"allow":["GET"]}}],"collection":[{"href":"https:\/\/proscenario.fr\/zh\/wp-json\/wp\/v2\/pages"}],"about":[{"href":"https:\/\/proscenario.fr\/zh\/wp-json\/wp\/v2\/types\/page"}],"author":[{"embeddable":true,"href":"https:\/\/proscenario.fr\/zh\/wp-json\/wp\/v2\/users\/1"}],"replies":[{"embeddable":true,"href":"https:\/\/proscenario.fr\/zh\/wp-json\/wp\/v2\/comments?post=1944"}],"version-history":[{"count":20,"href":"https:\/\/proscenario.fr\/zh\/wp-json\/wp\/v2\/pages\/1944\/revisions"}],"predecessor-version":[{"id":2502,"href":"https:\/\/proscenario.fr\/zh\/wp-json\/wp\/v2\/pages\/1944\/revisions\/2502"}],"wp:attachment":[{"href":"https:\/\/proscenario.fr\/zh\/wp-json\/wp\/v2\/media?parent=1944"}],"curies":[{"name":"wp","href":"https:\/\/api.w.org\/{rel}","templated":true}]}}