{"id":1077,"date":"2024-09-02T22:08:18","date_gmt":"2024-09-02T22:08:18","guid":{"rendered":"http:\/\/proscenario.fr\/about\/"},"modified":"2025-01-17T22:05:02","modified_gmt":"2025-01-17T22:05:02","slug":"%e9%9a%90%e7%a7%81%e6%94%bf%e7%ad%96","status":"publish","type":"page","link":"https:\/\/proscenario.fr\/zh\/%e9%9a%90%e7%a7%81%e6%94%bf%e7%ad%96\/","title":{"rendered":"\u9690\u79c1\u653f\u7b56"},"content":{"rendered":"<div data-elementor-type=\"wp-page\" data-elementor-id=\"1077\" class=\"elementor elementor-1077\" data-elementor-settings=\"{&quot;ha_cmc_init_switcher&quot;:&quot;no&quot;}\">\n\t\t\t\t<div class=\"elementor-element elementor-element-6e6b0ad e-flex e-con-boxed e-con e-parent\" data-id=\"6e6b0ad\" data-element_type=\"container\" data-e-type=\"container\" data-settings=\"{&quot;background_background&quot;:&quot;classic&quot;,&quot;_ha_eqh_enable&quot;:false}\">\n\t\t\t\t\t<div class=\"e-con-inner\">\n\t\t\t\t<div class=\"elementor-element elementor-element-fccd208 elementor-widget elementor-widget-text-editor\" data-id=\"fccd208\" data-element_type=\"widget\" data-e-type=\"widget\" data-widget_type=\"text-editor.default\">\n\t\t\t\t<div class=\"elementor-widget-container\">\n\t\t\t\t\t\t\t\t\t<h3><strong>\u9690\u79c1\u653f\u7b56<\/strong><\/h3><p><strong>Proscenario.fr<\/strong>\u7531\u4e9a\u5386\u5c71\u5927-\u970d\u65af\u5229\uff08Alexandre Hoesli\uff09\uff08\u81ea\u8425\u4f01\u4e1a\u5bb6\uff09\u8fd0\u8425\uff0c\u5c0a\u91cd\u60a8\u7684\u9690\u79c1\u5e76\u81f4\u529b\u4e8e\u4fdd\u62a4\u60a8\u7684\u4e2a\u4eba\u6570\u636e\u3002\u672c\u4fdd\u5bc6\u653f\u7b56\u4ecb\u7ecd\u4e86\u6211\u4eec\u5982\u4f55\u6536\u96c6\u3001\u4f7f\u7528\u548c\u4fdd\u62a4\u60a8\u7684\u4fe1\u606f\u3002<\/p><h4><strong>1.\u6536\u96c6\u4e2a\u4eba\u8d44\u6599<\/strong><\/h4><p>\u6211\u4eec\u5728\u4ee5\u4e0b\u60c5\u51b5\u4e0b\u6536\u96c6\u60a8\u7684\u4e2a\u4eba\u4fe1\u606f<\/p><ul><li>\u60a8\u901a\u8fc7\u6211\u4eec\u7684\u7f51\u7ad9\u8fdb\u884c\u9884\u8ba2\u3002<\/li><li>\u8ba2\u9605\u6211\u4eec\u7684\u65f6\u4e8b\u901a\u8baf\u3002<\/li><li>\u60a8\u4f7f\u7528\u6211\u4eec\u7684 Stripe \u652f\u4ed8\u670d\u52a1\u6216 Calendly \u9884\u7ea6\u7ba1\u7406\u670d\u52a1\u3002<\/li><\/ul><p>\u6536\u96c6\u7684\u4fe1\u606f\u53ef\u80fd\u5305\u62ec\uff1a\u60a8\u7684\u59d3\u6c0f\u3001\u540d\u5b57\u3001\u7535\u5b50\u90ae\u4ef6\u5730\u5740\u3001\u7535\u8bdd\u53f7\u7801\u3001\u90ae\u5bc4\u5730\u5740\u3001\u4ed8\u6b3e\u8be6\u60c5\u4ee5\u53ca\u4e0e\u6211\u4eec\u63d0\u4f9b\u7684\u670d\u52a1\u6709\u5173\u7684\u4efb\u4f55\u5176\u4ed6\u8be6\u60c5\u3002<\/p><h4><strong>2.\u6570\u636e\u7684\u4f7f\u7528<\/strong><\/h4><p>\u60a8\u7684\u4fe1\u606f\u7528\u4e8e \uff1a<\/p><ul><li>\u7ba1\u7406\u9884\u8ba2\u548c\u670d\u52a1<\/li><li>\u4e3a\u60a8\u63d0\u4f9b\u6240\u9700\u7684\u670d\u52a1\uff08\u57f9\u8bad\u3001\u652f\u6301\u3001\u6307\u5bfc\u7b49\uff09\u3002<\/li><li>\u901a\u8fc7 Stripe \u5b89\u5168\u5730\u5904\u7406\u60a8\u7684\u4ed8\u6b3e\u3002<\/li><li>\u901a\u8fc7 Calendly \u8ba1\u5212\u548c\u7ba1\u7406\u4f60\u7684\u7ea6\u4f1a\u3002<\/li><li>\u901a\u77e5\u60a8\u4efb\u4f55\u66f4\u65b0\u6216\u4fc3\u9500\u4fe1\u606f\u3002<\/li><\/ul><h4><strong>3.\u6570\u636e\u5171\u4eab<\/strong><\/h4><p>\u6211\u4eec\u4e0d\u4f1a\u51fa\u4e8e\u5546\u4e1a\u76ee\u7684\u4e0e\u7b2c\u4e09\u65b9\u5171\u4eab\u60a8\u7684\u4e2a\u4eba\u6570\u636e\u3002\u4e0d\u8fc7\uff0c\u6211\u4eec\u53ef\u80fd\u4f1a\u4e0e\u6211\u4eec\u7684\u7b2c\u4e09\u65b9\u670d\u52a1\u63d0\u4f9b\u5546\u5171\u4eab\u60a8\u7684\u4fe1\u606f\uff0c\u5c24\u5176\u662f......\uff1a<\/p><ul><li><strong>\u6761\u7eb9<\/strong> \u8fdb\u884c\u5b89\u5168\u652f\u4ed8\u5904\u7406\u3002<\/li><li><strong>\u65e5\u5386<\/strong> \u7528\u4e8e\u9884\u7ea6\u7ba1\u7406\u3002<\/li><\/ul><h4><strong>4.\u6570\u636e\u5b89\u5168<\/strong><\/h4><p>\u6211\u4eec\u91c7\u53d6\u6280\u672f\u63aa\u65bd\u4fdd\u62a4\u60a8\u7684\u6570\u636e\uff0c\u9632\u6b62\u672a\u7ecf\u6388\u6743\u7684\u8bbf\u95ee\u3001\u7be1\u6539\u548c\u7834\u574f\u3002\u6211\u4eec\u4f7f\u7528 SSL \u534f\u8bae\u5bf9\u60a8\u7684\u4ed8\u6b3e\u4fe1\u606f\u8fdb\u884c\u52a0\u5bc6\u3002<\/p><h4><strong>5.\u60a8\u7684\u6743\u5229<\/strong><\/h4><p>\u6839\u636e\u73b0\u884c\u6cd5\u5f8b\uff0c\u60a8\u6709\u6743\u8bbf\u95ee\u3001\u66f4\u6b63\u6216\u5220\u9664\u60a8\u7684\u4e2a\u4eba\u6570\u636e\u3002\u5982\u9700\u884c\u4f7f\u8fd9\u4e9b\u6743\u5229\uff0c\u8bf7\u901a\u8fc7\u4ee5\u4e0b\u65b9\u5f0f\u8054\u7cfb\u6211\u4eec\uff1a \uff1a <strong><a rel=\"noopener\">alexandre@proscenario.fr.fr<\/a><\/strong>.<\/p>\t\t\t\t\t\t\t\t<\/div>\n\t\t\t\t<\/div>\n\t\t\t\t\t<\/div>\n\t\t\t\t<\/div>\n\t\t\t\t<\/div>","protected":false},"excerpt":{"rendered":"<p>Politique de confidentialit\u00e9 Proscenario.fr, exploit\u00e9 par Alexandre Hoesli (Auto-entrepreneur), respecte votre vie priv\u00e9e et s&rsquo;engage \u00e0 prot\u00e9ger vos donn\u00e9es personnelles. Cette politique de confidentialit\u00e9 d\u00e9crit comment nous recueillons, utilisons et prot\u00e9geons vos informations. 1. Collecte des donn\u00e9es personnelles Nous collectons vos informations personnelles lorsque : Vous effectuez une r\u00e9servation via notre site. Vous vous inscrivez [&hellip;]<\/p>\n","protected":false},"author":1,"featured_media":0,"parent":0,"menu_order":0,"comment_status":"closed","ping_status":"closed","template":"","meta":{"_seopress_robots_primary_cat":"","_seopress_titles_title":"","_seopress_titles_desc":"","_seopress_robots_index":"","footnotes":""},"class_list":["post-1077","page","type-page","status-publish","hentry"],"_links":{"self":[{"href":"https:\/\/proscenario.fr\/zh\/wp-json\/wp\/v2\/pages\/1077","targetHints":{"allow":["GET"]}}],"collection":[{"href":"https:\/\/proscenario.fr\/zh\/wp-json\/wp\/v2\/pages"}],"about":[{"href":"https:\/\/proscenario.fr\/zh\/wp-json\/wp\/v2\/types\/page"}],"author":[{"embeddable":true,"href":"https:\/\/proscenario.fr\/zh\/wp-json\/wp\/v2\/users\/1"}],"replies":[{"embeddable":true,"href":"https:\/\/proscenario.fr\/zh\/wp-json\/wp\/v2\/comments?post=1077"}],"version-history":[{"count":21,"href":"https:\/\/proscenario.fr\/zh\/wp-json\/wp\/v2\/pages\/1077\/revisions"}],"predecessor-version":[{"id":2501,"href":"https:\/\/proscenario.fr\/zh\/wp-json\/wp\/v2\/pages\/1077\/revisions\/2501"}],"wp:attachment":[{"href":"https:\/\/proscenario.fr\/zh\/wp-json\/wp\/v2\/media?parent=1077"}],"curies":[{"name":"wp","href":"https:\/\/api.w.org\/{rel}","templated":true}]}}