{"id":2053,"date":"2024-09-04T22:14:15","date_gmt":"2024-09-04T22:14:15","guid":{"rendered":"https:\/\/proscenario.fr\/?page_id=2053"},"modified":"2025-01-17T21:37:52","modified_gmt":"2025-01-17T21:37:52","slug":"%d0%bf%d0%be%d0%b4%d1%82%d0%b2%d0%b5%d1%80%d0%b6%d0%b4%d0%b5%d0%bd%d0%b8%d0%b5-%d0%ba%d0%be%d0%bd%d1%81%d1%83%d0%bb%d1%8c%d1%82%d0%b0%d1%86%d0%b8%d0%b8","status":"publish","type":"page","link":"https:\/\/proscenario.fr\/ru\/%d0%bf%d0%be%d0%b4%d1%82%d0%b2%d0%b5%d1%80%d0%b6%d0%b4%d0%b5%d0%bd%d0%b8%d0%b5-%d0%ba%d0%be%d0%bd%d1%81%d1%83%d0%bb%d1%8c%d1%82%d0%b0%d1%86%d0%b8%d0%b8\/","title":{"rendered":"\u041f\u043e\u0434\u0442\u0432\u0435\u0440\u0436\u0434\u0435\u043d\u0438\u0435"},"content":{"rendered":"<div data-elementor-type=\"wp-page\" data-elementor-id=\"2053\" class=\"elementor elementor-2053\" data-elementor-settings=\"{&quot;ha_cmc_init_switcher&quot;:&quot;no&quot;}\">\n\t\t\t\t<div class=\"elementor-element elementor-element-e7275c5 e-flex e-con-boxed e-con e-parent\" data-id=\"e7275c5\" data-element_type=\"container\" data-e-type=\"container\" data-settings=\"{&quot;background_background&quot;:&quot;classic&quot;,&quot;_ha_eqh_enable&quot;:false}\">\n\t\t\t\t\t<div class=\"e-con-inner\">\n\t\t\t\t<div class=\"elementor-element elementor-element-19e52ea elementor-widget elementor-widget-heading\" data-id=\"19e52ea\" data-element_type=\"widget\" data-e-type=\"widget\" data-widget_type=\"heading.default\">\n\t\t\t\t<div class=\"elementor-widget-container\">\n\t\t\t\t\t<h2 class=\"elementor-heading-title elementor-size-default\">\u041f\u043e\u0434\u0442\u0432\u0435\u0440\u0436\u0434\u0435\u043d\u0438\u0435<\/h2>\t\t\t\t<\/div>\n\t\t\t\t<\/div>\n\t\t\t\t<div class=\"elementor-element elementor-element-2a955c8 elementor-widget__width-initial elementor-widget elementor-widget-text-editor\" data-id=\"2a955c8\" data-element_type=\"widget\" data-e-type=\"widget\" data-widget_type=\"text-editor.default\">\n\t\t\t\t<div class=\"elementor-widget-container\">\n\t\t\t\t\t\t\t\t\t<h3>\u0412\u0430\u0448\u0435 \u0431\u0440\u043e\u043d\u0438\u0440\u043e\u0432\u0430\u043d\u0438\u0435 \u043f\u043e\u0434\u0442\u0432\u0435\u0440\u0436\u0434\u0435\u043d\u043e!\u00a0<\/h3><p>\u0412\u044b \u043f\u043e\u043b\u0443\u0447\u0438\u0442\u0435 \u043f\u043e\u0434\u0442\u0432\u0435\u0440\u0436\u0434\u0435\u043d\u0438\u0435 \u043f\u043e \u044d\u043b\u0435\u043a\u0442\u0440\u043e\u043d\u043d\u043e\u0439 \u043f\u043e\u0447\u0442\u0435.\u00a0<\/p><p>\u0415\u0441\u043b\u0438 \u0432\u044b \u0435\u0449\u0435 \u043d\u0435 \u0441\u0434\u0435\u043b\u0430\u043b\u0438 \u044d\u0442\u043e\u0433\u043e, \u043d\u0435 \u0437\u0430\u0431\u0443\u0434\u044c\u0442\u0435 \u0432\u043d\u0435\u0441\u0442\u0438 \u0434\u0430\u0442\u0443 \u0438 \u0432\u0440\u0435\u043c\u044f \u0432\u0441\u0442\u0440\u0435\u0447\u0438 \u0432 \u0441\u0432\u043e\u0439 \u043a\u0430\u043b\u0435\u043d\u0434\u0430\u0440\u044c, \u0447\u0442\u043e\u0431\u044b \u043d\u0435 \u0437\u0430\u0431\u044b\u0442\u044c \u043e \u043d\u0430\u0448\u0435\u0439 \u0432\u0441\u0442\u0440\u0435\u0447\u0435.\u00a0<\/p><p>\u0421\u043f\u0430\u0441\u0438\u0431\u043e \u0438 \u0434\u043e \u0441\u043a\u043e\u0440\u043e\u0439 \u0432\u0441\u0442\u0440\u0435\u0447\u0438!\u00a0<\/p><p>\u0418\u0441\u043a\u0440\u0435\u043d\u043d\u0435<br \/>\u041f\u0440\u043e\u0444\u0435\u0441\u0441\u0438\u043e\u043d\u0430\u043b\u044c\u043d\u044b\u0439 \u0441\u0446\u0435\u043d\u0430\u0440\u0438\u0439<\/p><p>\u00a0<\/p>\t\t\t\t\t\t\t\t<\/div>\n\t\t\t\t<\/div>\n\t\t\t\t\t<\/div>\n\t\t\t\t<\/div>\n\t\t\t\t<\/div>","protected":false},"excerpt":{"rendered":"<p>Confirmation Votre r\u00e9servation est confirm\u00e9e !\u00a0 Vous recevrez une confirmation sur votre bo\u00eete email.\u00a0 Si ce n&rsquo;est pas d\u00e9j\u00e0 fait, n&rsquo;oubliez pas d&rsquo;ajouter la date et l&rsquo;heure de la r\u00e9union sur votre calendrier pour ne pas oublier notre rendez-vous.\u00a0 Merci et \u00e0 tr\u00e8s bient\u00f4t !\u00a0 CordialementPro Sc\u00e9nario \u00a0<\/p>","protected":false},"author":1,"featured_media":0,"parent":0,"menu_order":0,"comment_status":"closed","ping_status":"closed","template":"","meta":{"_seopress_robots_primary_cat":"","_seopress_titles_title":"","_seopress_titles_desc":"","_seopress_robots_index":"","footnotes":""},"class_list":["post-2053","page","type-page","status-publish","hentry"],"_links":{"self":[{"href":"https:\/\/proscenario.fr\/ru\/wp-json\/wp\/v2\/pages\/2053","targetHints":{"allow":["GET"]}}],"collection":[{"href":"https:\/\/proscenario.fr\/ru\/wp-json\/wp\/v2\/pages"}],"about":[{"href":"https:\/\/proscenario.fr\/ru\/wp-json\/wp\/v2\/types\/page"}],"author":[{"embeddable":true,"href":"https:\/\/proscenario.fr\/ru\/wp-json\/wp\/v2\/users\/1"}],"replies":[{"embeddable":true,"href":"https:\/\/proscenario.fr\/ru\/wp-json\/wp\/v2\/comments?post=2053"}],"version-history":[{"count":14,"href":"https:\/\/proscenario.fr\/ru\/wp-json\/wp\/v2\/pages\/2053\/revisions"}],"predecessor-version":[{"id":2497,"href":"https:\/\/proscenario.fr\/ru\/wp-json\/wp\/v2\/pages\/2053\/revisions\/2497"}],"wp:attachment":[{"href":"https:\/\/proscenario.fr\/ru\/wp-json\/wp\/v2\/media?parent=2053"}],"curies":[{"name":"wp","href":"https:\/\/api.w.org\/{rel}","templated":true}]}}