{"id":1952,"date":"2024-09-04T11:53:04","date_gmt":"2024-09-04T11:53:04","guid":{"rendered":"https:\/\/proscenario.fr\/?page_id=1952"},"modified":"2025-01-17T21:36:20","modified_gmt":"2025-01-17T21:36:20","slug":"%d0%be%d0%b1%d1%89%d0%b8%d0%b5-%d0%bf%d0%be%d0%bb%d0%be%d0%b6%d0%b5%d0%bd%d0%b8%d1%8f-%d0%b8-%d1%83%d1%81%d0%bb%d0%be%d0%b2%d0%b8%d1%8f-%d0%bf%d1%80%d0%be%d0%b4%d0%b0%d0%b6%d0%b8","status":"publish","type":"page","link":"https:\/\/proscenario.fr\/ru\/%d0%be%d0%b1%d1%89%d0%b8%d0%b5-%d0%bf%d0%be%d0%bb%d0%be%d0%b6%d0%b5%d0%bd%d0%b8%d1%8f-%d0%b8-%d1%83%d1%81%d0%bb%d0%be%d0%b2%d0%b8%d1%8f-%d0%bf%d1%80%d0%be%d0%b4%d0%b0%d0%b6%d0%b8\/","title":{"rendered":"\u041f\u0440\u0430\u0432\u0438\u043b\u0430 \u0438 \u0443\u0441\u043b\u043e\u0432\u0438\u044f \u043f\u0440\u043e\u0434\u0430\u0436\u0438"},"content":{"rendered":"<div data-elementor-type=\"wp-page\" data-elementor-id=\"1952\" class=\"elementor elementor-1952\" data-elementor-settings=\"{&quot;ha_cmc_init_switcher&quot;:&quot;no&quot;}\">\n\t\t\t\t<div class=\"elementor-element elementor-element-6e6b0ad e-flex e-con-boxed e-con e-parent\" data-id=\"6e6b0ad\" data-element_type=\"container\" data-e-type=\"container\" data-settings=\"{&quot;background_background&quot;:&quot;classic&quot;,&quot;_ha_eqh_enable&quot;:false}\">\n\t\t\t\t\t<div class=\"e-con-inner\">\n\t\t\t\t<div class=\"elementor-element elementor-element-fccd208 elementor-widget elementor-widget-text-editor\" data-id=\"fccd208\" data-element_type=\"widget\" data-e-type=\"widget\" data-widget_type=\"text-editor.default\">\n\t\t\t\t<div class=\"elementor-widget-container\">\n\t\t\t\t\t\t\t\t\t<h3><strong>\u041e\u0431\u0449\u0438\u0435 \u043f\u043e\u043b\u043e\u0436\u0435\u043d\u0438\u044f \u0438 \u0443\u0441\u043b\u043e\u0432\u0438\u044f \u043f\u0440\u043e\u0434\u0430\u0436\u0438 (GTCS)<\/strong><\/h3><h4><strong>1. \u041e\u0431\u043b\u0430\u0441\u0442\u044c \u043f\u0440\u0438\u043c\u0435\u043d\u0435\u043d\u0438\u044f<\/strong><\/h4><p>\u042d\u0442\u0438 \u043e\u0431\u0449\u0438\u0435 \u043f\u043e\u043b\u043e\u0436\u0435\u043d\u0438\u044f \u0438 \u0443\u0441\u043b\u043e\u0432\u0438\u044f \u043f\u0440\u043e\u0434\u0430\u0436\u0438 \u0440\u0430\u0441\u043f\u0440\u043e\u0441\u0442\u0440\u0430\u043d\u044f\u044e\u0442\u0441\u044f \u043d\u0430 \u0432\u0441\u0435 \u0443\u0441\u043b\u0443\u0433\u0438, \u043f\u0440\u0435\u0434\u043e\u0441\u0442\u0430\u0432\u043b\u044f\u0435\u043c\u044b\u0435 <strong>ProScenario.co.uk<\/strong>\u041f\u0440\u0435\u0434\u0441\u0442\u0430\u0432\u043b\u0435\u043d \u0410\u043b\u0435\u043a\u0441\u0430\u043d\u0434\u0440\u043e\u043c \u0425\u043e\u0435\u0441\u043b\u0438, \u0438\u043d\u0434\u0438\u0432\u0438\u0434\u0443\u0430\u043b\u044c\u043d\u044b\u0439 \u043f\u0440\u0435\u0434\u043f\u0440\u0438\u043d\u0438\u043c\u0430\u0442\u0435\u043b\u044c. \u0423\u0441\u043b\u0443\u0433\u0438 \u0432\u043a\u043b\u044e\u0447\u0430\u044e\u0442: \u043e\u0431\u0443\u0447\u0435\u043d\u0438\u0435, \u043f\u043e\u0434\u0434\u0435\u0440\u0436\u043a\u0443, \u043a\u043e\u0443\u0447\u0438\u043d\u0433, \u0441\u0446\u0435\u043d\u0430\u0440\u043d\u044b\u0435 \u043a\u043e\u043d\u0441\u0443\u043b\u044c\u0442\u0430\u0446\u0438\u0438 \u0438 \u043d\u0430\u043f\u0438\u0441\u0430\u043d\u0438\u0435 \u0441\u0446\u0435\u043d\u0430\u0440\u0438\u0435\u0432 \u043d\u0430 \u0437\u0430\u043a\u0430\u0437 \u0434\u043b\u044f \u0444\u0438\u043b\u044c\u043c\u043e\u0432, \u0441\u0435\u0440\u0438\u0430\u043b\u043e\u0432, \u0440\u0435\u043a\u043b\u0430\u043c\u043d\u044b\u0445 \u0440\u043e\u043b\u0438\u043a\u043e\u0432 \u0438 \u043c\u043d\u043e\u0433\u043e\u0433\u043e \u0434\u0440\u0443\u0433\u043e\u0433\u043e.<\/p><h4><strong>2. \u0423\u043f\u0440\u0430\u0432\u043b\u0435\u043d\u0438\u0435<\/strong><\/h4><p>\u0412\u0441\u0435 \u0437\u0430\u043a\u0430\u0437\u044b \u043f\u043e\u0434\u0442\u0432\u0435\u0440\u0436\u0434\u0430\u044e\u0442\u0441\u044f \u043f\u043e\u0441\u043b\u0435 \u043f\u043e\u0434\u0442\u0432\u0435\u0440\u0436\u0434\u0435\u043d\u0438\u044f \u043e\u043f\u043b\u0430\u0442\u044b \u0447\u0435\u0440\u0435\u0437 \u043d\u0430\u0448\u0443 \u0431\u0435\u0437\u043e\u043f\u0430\u0441\u043d\u0443\u044e \u043f\u043b\u0430\u0442\u0435\u0436\u043d\u0443\u044e \u0441\u0438\u0441\u0442\u0435\u043c\u0443. <strong>\u041f\u043e\u043b\u043e\u0441\u043a\u0430<\/strong> \u0438 \u043d\u0430\u0437\u043d\u0430\u0447\u0438\u0442\u044c \u0432\u0441\u0442\u0440\u0435\u0447\u0443 \u0447\u0435\u0440\u0435\u0437 <strong>Calendly<\/strong>. \u041a\u043b\u0438\u0435\u043d\u0442\u044b \u043f\u043e\u043b\u0443\u0447\u0430\u0442 \u043f\u043e\u0434\u0442\u0432\u0435\u0440\u0436\u0434\u0435\u043d\u0438\u0435 \u043f\u043e \u044d\u043b\u0435\u043a\u0442\u0440\u043e\u043d\u043d\u043e\u0439 \u043f\u043e\u0447\u0442\u0435 \u0441 \u043f\u043e\u0434\u0440\u043e\u0431\u043d\u043e\u0439 \u0438\u043d\u0444\u043e\u0440\u043c\u0430\u0446\u0438\u0435\u0439 \u043e \u0431\u0440\u043e\u043d\u0438\u0440\u043e\u0432\u0430\u043d\u0438\u0438.<\/p><h4><strong>3. \u0421\u0442\u0430\u0432\u043a\u0438 \u0438 \u043e\u043f\u043b\u0430\u0442\u0430<\/strong><\/h4><p>\u0426\u0435\u043d\u044b \u043d\u0430 \u0443\u0441\u043b\u0443\u0433\u0438 \u0443\u043a\u0430\u0437\u0430\u043d\u044b \u0432 \u0435\u0432\u0440\u043e \u0441 \u0443\u0447\u0435\u0442\u043e\u043c \u0432\u0441\u0435\u0445 \u043d\u0430\u043b\u043e\u0433\u043e\u0432. \u041f\u043b\u0430\u0442\u0435\u0436\u0438 \u043e\u0441\u0443\u0449\u0435\u0441\u0442\u0432\u043b\u044f\u044e\u0442\u0441\u044f \u0432 \u0440\u0435\u0436\u0438\u043c\u0435 \u043e\u043d\u043b\u0430\u0439\u043d \u0447\u0435\u0440\u0435\u0437 <strong>\u041f\u043e\u043b\u043e\u0441\u043a\u0430<\/strong> \u0431\u0435\u0437\u043e\u043f\u0430\u0441\u043d\u043e.<\/p><h4><strong>4. \u0410\u043d\u043d\u0443\u043b\u0438\u0440\u043e\u0432\u0430\u043d\u0438\u0435 \u0438 \u0432\u043e\u0437\u043c\u0435\u0449\u0435\u043d\u0438\u0435<\/strong><\/h4><p>\u041f\u043e\u0441\u043b\u0435 \u043f\u043e\u0434\u0442\u0432\u0435\u0440\u0436\u0434\u0435\u043d\u0438\u044f \u0431\u0440\u043e\u043d\u0438\u0440\u043e\u0432\u0430\u043d\u0438\u044f, <strong>\u0432\u043e\u0437\u043c\u0435\u0449\u0435\u043d\u0438\u0435 \u043d\u0435 \u043f\u0440\u043e\u0438\u0437\u0432\u043e\u0434\u0438\u0442\u0441\u044f<\/strong>\u041c\u044b \u0440\u0435\u043a\u043e\u043c\u0435\u043d\u0434\u0443\u0435\u043c \u043d\u0430\u0448\u0438\u043c \u043a\u043b\u0438\u0435\u043d\u0442\u0430\u043c \u0442\u0449\u0430\u0442\u0435\u043b\u044c\u043d\u043e \u043f\u0440\u043e\u0432\u0435\u0440\u044f\u0442\u044c \u0432\u0441\u0435 \u0434\u0435\u0442\u0430\u043b\u0438 \u043f\u0435\u0440\u0435\u0434 \u043e\u043a\u043e\u043d\u0447\u0430\u0442\u0435\u043b\u044c\u043d\u044b\u043c \u0431\u0440\u043e\u043d\u0438\u0440\u043e\u0432\u0430\u043d\u0438\u0435\u043c. \u041c\u044b \u0440\u0435\u043a\u043e\u043c\u0435\u043d\u0434\u0443\u0435\u043c \u043d\u0430\u0448\u0438\u043c \u043a\u043b\u0438\u0435\u043d\u0442\u0430\u043c \u0442\u0449\u0430\u0442\u0435\u043b\u044c\u043d\u043e \u043f\u0440\u043e\u0432\u0435\u0440\u044f\u0442\u044c \u0432\u0441\u0435 \u0434\u0435\u0442\u0430\u043b\u0438 \u043f\u0435\u0440\u0435\u0434 \u043e\u043a\u043e\u043d\u0447\u0430\u0442\u0435\u043b\u044c\u043d\u044b\u043c \u0431\u0440\u043e\u043d\u0438\u0440\u043e\u0432\u0430\u043d\u0438\u0435\u043c.<\/p><h4><strong>5. \u041e\u0431\u044f\u0437\u0430\u0442\u0435\u043b\u044c\u0441\u0442\u0432\u0430 \u043a\u043b\u0438\u0435\u043d\u0442\u0430<\/strong><\/h4><p>\u041a\u043b\u0438\u0435\u043d\u0442 \u043e\u0431\u044f\u0437\u0443\u0435\u0442\u0441\u044f \u043f\u0440\u0435\u0434\u043e\u0441\u0442\u0430\u0432\u0438\u0442\u044c \u0442\u043e\u0447\u043d\u0443\u044e \u0438\u043d\u0444\u043e\u0440\u043c\u0430\u0446\u0438\u044e \u0432\u043e \u0432\u0440\u0435\u043c\u044f \u0431\u0440\u043e\u043d\u0438\u0440\u043e\u0432\u0430\u043d\u0438\u044f \u0438 \u0441\u043e\u0431\u043b\u044e\u0434\u0430\u0442\u044c \u043d\u0430\u0437\u043d\u0430\u0447\u0435\u043d\u043d\u043e\u0435 \u0432\u0440\u0435\u043c\u044f. \u0412 \u0441\u043b\u0443\u0447\u0430\u0435 \u043e\u043f\u043e\u0437\u0434\u0430\u043d\u0438\u044f \u0438\u043b\u0438 \u043e\u0442\u0441\u0443\u0442\u0441\u0442\u0432\u0438\u044f \u0431\u0435\u0437 \u0443\u0432\u0435\u0434\u043e\u043c\u043b\u0435\u043d\u0438\u044f \u0443\u0441\u043b\u0443\u0433\u0430 \u0431\u0443\u0434\u0435\u0442 \u0441\u0447\u0438\u0442\u0430\u0442\u044c\u0441\u044f \u0432\u044b\u043f\u043e\u043b\u043d\u0435\u043d\u043d\u043e\u0439.<\/p><h4><strong>6. \u041a\u043e\u043d\u0444\u0438\u0434\u0435\u043d\u0446\u0438\u0430\u043b\u044c\u043d\u043e\u0441\u0442\u044c<\/strong><\/h4><p>\u0412\u0441\u044f \u0438\u043d\u0444\u043e\u0440\u043c\u0430\u0446\u0438\u044f, \u043a\u043e\u0442\u043e\u0440\u043e\u0439 \u0432\u044b \u043e\u0431\u043c\u0435\u043d\u0438\u0432\u0430\u0435\u0442\u0435\u0441\u044c \u0432\u043e \u0432\u0440\u0435\u043c\u044f \u043e\u043a\u0430\u0437\u0430\u043d\u0438\u044f \u0443\u0441\u043b\u0443\u0433, \u044f\u0432\u043b\u044f\u0435\u0442\u0441\u044f \u0441\u0442\u0440\u043e\u0433\u043e \u043a\u043e\u043d\u0444\u0438\u0434\u0435\u043d\u0446\u0438\u0430\u043b\u044c\u043d\u043e\u0439. Alexandre Hoesli \u043e\u0431\u044f\u0437\u0443\u0435\u0442\u0441\u044f \u0441\u043e\u0431\u043b\u044e\u0434\u0430\u0442\u044c \u043a\u043e\u043d\u0444\u0438\u0434\u0435\u043d\u0446\u0438\u0430\u043b\u044c\u043d\u043e\u0441\u0442\u044c \u043f\u0440\u0435\u0434\u043e\u0441\u0442\u0430\u0432\u043b\u0435\u043d\u043d\u043e\u0439 \u0438\u043d\u0444\u043e\u0440\u043c\u0430\u0446\u0438\u0438.<\/p><h4><strong>7. \u041f\u0440\u0438\u043c\u0435\u043d\u0438\u043c\u043e\u0435 \u043f\u0440\u0430\u0432\u043e \u0438 \u044e\u0440\u0438\u0441\u0434\u0438\u043a\u0446\u0438\u044f<\/strong><\/h4><p>\u041d\u0430\u0441\u0442\u043e\u044f\u0449\u0438\u0435 \u043e\u0431\u0449\u0438\u0435 \u043f\u043e\u043b\u043e\u0436\u0435\u043d\u0438\u044f \u0438 \u0443\u0441\u043b\u043e\u0432\u0438\u044f \u0440\u0435\u0433\u0443\u043b\u0438\u0440\u0443\u044e\u0442\u0441\u044f \u0444\u0440\u0430\u043d\u0446\u0443\u0437\u0441\u043a\u0438\u043c \u0437\u0430\u043a\u043e\u043d\u043e\u0434\u0430\u0442\u0435\u043b\u044c\u0441\u0442\u0432\u043e\u043c. \u0412\u0441\u0435 \u0441\u043f\u043e\u0440\u044b, \u0441\u0432\u044f\u0437\u0430\u043d\u043d\u044b\u0435 \u0441 \u0442\u043e\u043b\u043a\u043e\u0432\u0430\u043d\u0438\u0435\u043c \u0438\u043b\u0438 \u0438\u0441\u043f\u043e\u043b\u043d\u0435\u043d\u0438\u0435\u043c \u043d\u0430\u0441\u0442\u043e\u044f\u0449\u0438\u0445 \u043f\u043e\u043b\u043e\u0436\u0435\u043d\u0438\u0439 \u0438 \u0443\u0441\u043b\u043e\u0432\u0438\u0439, \u043f\u043e\u0434\u043f\u0430\u0434\u0430\u044e\u0442 \u043f\u043e\u0434 \u0438\u0441\u043a\u043b\u044e\u0447\u0438\u0442\u0435\u043b\u044c\u043d\u0443\u044e \u044e\u0440\u0438\u0441\u0434\u0438\u043a\u0446\u0438\u044e \u0444\u0440\u0430\u043d\u0446\u0443\u0437\u0441\u043a\u0438\u0445 \u0441\u0443\u0434\u043e\u0432.<\/p>\t\t\t\t\t\t\t\t<\/div>\n\t\t\t\t<\/div>\n\t\t\t\t\t<\/div>\n\t\t\t\t<\/div>\n\t\t\t\t<\/div>","protected":false},"excerpt":{"rendered":"<p>Conditions g\u00e9n\u00e9rales de vente (CGV) 1. Champ d&rsquo;application Les pr\u00e9sentes conditions g\u00e9n\u00e9rales de vente s&rsquo;appliquent \u00e0 toutes les prestations fournies par ProScenario.fr, repr\u00e9sent\u00e9 par Alexandre Hoesli, auto-entrepreneur. Les services incluent : formation, accompagnement, coaching, consulting en sc\u00e9nario, et \u00e9criture sur mesure de sc\u00e9narios pour films, s\u00e9ries, publicit\u00e9s et autres. 2. Commande Toute commande est confirm\u00e9e [&hellip;]<\/p>\n","protected":false},"author":1,"featured_media":0,"parent":0,"menu_order":0,"comment_status":"closed","ping_status":"closed","template":"","meta":{"_seopress_robots_primary_cat":"","_seopress_titles_title":"","_seopress_titles_desc":"","_seopress_robots_index":"","footnotes":""},"class_list":["post-1952","page","type-page","status-publish","hentry"],"_links":{"self":[{"href":"https:\/\/proscenario.fr\/ru\/wp-json\/wp\/v2\/pages\/1952","targetHints":{"allow":["GET"]}}],"collection":[{"href":"https:\/\/proscenario.fr\/ru\/wp-json\/wp\/v2\/pages"}],"about":[{"href":"https:\/\/proscenario.fr\/ru\/wp-json\/wp\/v2\/types\/page"}],"author":[{"embeddable":true,"href":"https:\/\/proscenario.fr\/ru\/wp-json\/wp\/v2\/users\/1"}],"replies":[{"embeddable":true,"href":"https:\/\/proscenario.fr\/ru\/wp-json\/wp\/v2\/comments?post=1952"}],"version-history":[{"count":17,"href":"https:\/\/proscenario.fr\/ru\/wp-json\/wp\/v2\/pages\/1952\/revisions"}],"predecessor-version":[{"id":2496,"href":"https:\/\/proscenario.fr\/ru\/wp-json\/wp\/v2\/pages\/1952\/revisions\/2496"}],"wp:attachment":[{"href":"https:\/\/proscenario.fr\/ru\/wp-json\/wp\/v2\/media?parent=1952"}],"curies":[{"name":"wp","href":"https:\/\/api.w.org\/{rel}","templated":true}]}}