{"id":1944,"date":"2024-09-04T11:48:48","date_gmt":"2024-09-04T11:48:48","guid":{"rendered":"https:\/\/proscenario.fr\/?page_id=1944"},"modified":"2025-01-17T22:04:11","modified_gmt":"2025-01-17T22:04:11","slug":"%d1%8e%d1%80%d0%b8%d0%b4%d0%b8%d1%87%d0%b5%d1%81%d0%ba%d0%b0%d1%8f-%d0%b8%d0%bd%d1%84%d0%be%d1%80%d0%bc%d0%b0%d1%86%d0%b8%d1%8f","status":"publish","type":"page","link":"https:\/\/proscenario.fr\/ru\/%d1%8e%d1%80%d0%b8%d0%b4%d0%b8%d1%87%d0%b5%d1%81%d0%ba%d0%b0%d1%8f-%d0%b8%d0%bd%d1%84%d0%be%d1%80%d0%bc%d0%b0%d1%86%d0%b8%d1%8f\/","title":{"rendered":"\u042e\u0440\u0438\u0434\u0438\u0447\u0435\u0441\u043a\u0430\u044f \u0438\u043d\u0444\u043e\u0440\u043c\u0430\u0446\u0438\u044f"},"content":{"rendered":"<div data-elementor-type=\"wp-page\" data-elementor-id=\"1944\" class=\"elementor elementor-1944\" data-elementor-settings=\"{&quot;ha_cmc_init_switcher&quot;:&quot;no&quot;}\">\n\t\t\t\t<div class=\"elementor-element elementor-element-6e6b0ad e-flex e-con-boxed e-con e-parent\" data-id=\"6e6b0ad\" data-element_type=\"container\" data-e-type=\"container\" data-settings=\"{&quot;background_background&quot;:&quot;classic&quot;,&quot;_ha_eqh_enable&quot;:false}\">\n\t\t\t\t\t<div class=\"e-con-inner\">\n\t\t\t\t<div class=\"elementor-element elementor-element-fccd208 elementor-widget elementor-widget-text-editor\" data-id=\"fccd208\" data-element_type=\"widget\" data-e-type=\"widget\" data-widget_type=\"text-editor.default\">\n\t\t\t\t<div class=\"elementor-widget-container\">\n\t\t\t\t\t\t\t\t\t<h3><strong>\u042e\u0440\u0438\u0434\u0438\u0447\u0435\u0441\u043a\u0430\u044f \u0438\u043d\u0444\u043e\u0440\u043c\u0430\u0446\u0438\u044f<\/strong><\/h3>\n<h4><strong>1. \u0420\u0435\u0434\u0430\u043a\u0442\u043e\u0440 \u0441\u0430\u0439\u0442\u0430<\/strong><\/h4>\n<p>\u0421\u0430\u0439\u0442 <strong>proscenario.fr<\/strong> \u0438\u0437\u0434\u0430\u0435\u0442\u0441\u044f :<\/p>\n<ul>\n<li><strong>\u0418\u043c\u044f<\/strong> \u0410\u043b\u0435\u043a\u0441\u0430\u043d\u0434\u0440 \u0425\u0451\u0441\u043b\u0438 (\u0441\u0430\u043c\u043e\u0437\u0430\u043d\u044f\u0442\u044b\u0439)<\/li>\n<li><strong>\u0413\u043b\u0430\u0432\u043d\u044b\u0439 \u043e\u0444\u0438\u0441<\/strong> 22 \u0443\u043b\u0438\u0446\u0430 \u0413\u0435\u0439-\u041b\u044e\u0441\u0441\u0430\u043a, 75005 \u041f\u0430\u0440\u0438\u0436<\/li>\n<li><strong>\u041d\u043e\u043c\u0435\u0440 SIRET<\/strong> : 93265540000012<\/li>\n<li><strong>\u042d\u043b\u0435\u043a\u0442\u0440\u043e\u043d\u043d\u0430\u044f \u043f\u043e\u0447\u0442\u0430<\/strong> : <a rel=\"noopener\">alexandre.hoesli@proscenario.fr<\/a><\/li>\n<li><strong>\u0422\u0435\u043b\u0435\u0444\u043e\u043d<\/strong> : +33 7 65 81 39 39<\/li>\n<\/ul>\n<h4><strong>2. \u0425\u043e\u0441\u0442\u0438\u043d\u0433<\/strong><\/h4>\n<p>\u0421\u0430\u0439\u0442 \u043d\u0430\u0445\u043e\u0434\u0438\u0442\u0441\u044f \u043d\u0430 \u0445\u043e\u0441\u0442\u0438\u043d\u0433\u0435 :<\/p>\n<ul>\n<li><strong>\u0418\u043c\u044f \u0445\u043e\u0441\u0442\u0430<\/strong> : \u0425\u043e\u0441\u0442\u0438\u043d\u0433\u0435\u0440<\/li>\n<li><strong>\u0410\u0434\u0440\u0435\u0441<\/strong> HOSTINGER operations, UAB, \u0443\u043b. \u0428\u0432\u0438\u0442\u0440\u0438\u0433\u0430\u0439\u043b\u043e\u0441, 34, \u0412\u0438\u043b\u044c\u043d\u044e\u0441 03230 \u041b\u0438\u0442\u0432\u0430<\/li>\n<li><strong>\u0422\u0435\u043b\u0435\u0444\u043e\u043d<\/strong> : <a href=\"\/ru\/\u0442\u0435\u043b:+37064503378\/\">+37064503378<\/a><\/li>\n<\/ul>\n<h4><strong>3. \u041f\u0440\u0430\u0432\u0430 \u0438\u043d\u0442\u0435\u043b\u043b\u0435\u043a\u0442\u0443\u0430\u043b\u044c\u043d\u043e\u0439 \u0441\u043e\u0431\u0441\u0442\u0432\u0435\u043d\u043d\u043e\u0441\u0442\u0438<\/strong><\/h4>\n<p>\u0421\u043e\u0434\u0435\u0440\u0436\u0430\u043d\u0438\u0435 \u0441\u0430\u0439\u0442\u0430 (\u0442\u0435\u043a\u0441\u0442, \u0438\u0437\u043e\u0431\u0440\u0430\u0436\u0435\u043d\u0438\u044f, \u0432\u0438\u0434\u0435\u043e \u0438 \u0442.\u0434.) \u044f\u0432\u043b\u044f\u0435\u0442\u0441\u044f \u0438\u0441\u043a\u043b\u044e\u0447\u0438\u0442\u0435\u043b\u044c\u043d\u043e\u0439 \u0441\u043e\u0431\u0441\u0442\u0432\u0435\u043d\u043d\u043e\u0441\u0442\u044c\u044e <strong>Proscenario.fr<\/strong> \u0438 \u043d\u0435 \u043c\u043e\u0436\u0435\u0442 \u0431\u044b\u0442\u044c \u0432\u043e\u0441\u043f\u0440\u043e\u0438\u0437\u0432\u0435\u0434\u0435\u043d\u0430 \u0431\u0435\u0437 \u043f\u0440\u0435\u0434\u0432\u0430\u0440\u0438\u0442\u0435\u043b\u044c\u043d\u043e\u0433\u043e \u0440\u0430\u0437\u0440\u0435\u0448\u0435\u043d\u0438\u044f.<\/p>\n<h4><strong>4. \u041e\u0433\u0440\u0430\u043d\u0438\u0447\u0435\u043d\u0438\u0435 \u043e\u0442\u0432\u0435\u0442\u0441\u0442\u0432\u0435\u043d\u043d\u043e\u0441\u0442\u0438<\/strong><\/h4>\n<p>Alexandre H\u00f6sli \u043d\u0435 \u043d\u0435\u0441\u0435\u0442 \u043e\u0442\u0432\u0435\u0442\u0441\u0442\u0432\u0435\u043d\u043d\u043e\u0441\u0442\u0438 \u0437\u0430 \u043f\u0440\u044f\u043c\u043e\u0439 \u0438\u043b\u0438 \u043a\u043e\u0441\u0432\u0435\u043d\u043d\u044b\u0439 \u0443\u0449\u0435\u0440\u0431, \u0432\u043e\u0437\u043d\u0438\u043a\u0448\u0438\u0439 \u0432 \u0440\u0435\u0437\u0443\u043b\u044c\u0442\u0430\u0442\u0435 \u0438\u0441\u043f\u043e\u043b\u044c\u0437\u043e\u0432\u0430\u043d\u0438\u044f \u0441\u0430\u0439\u0442\u0430, \u0430 \u0442\u0430\u043a\u0436\u0435 \u0437\u0430 \u0443\u0449\u0435\u0440\u0431, \u0432\u044b\u0437\u0432\u0430\u043d\u043d\u044b\u0439 \u0432\u0440\u0435\u043c\u0435\u043d\u043d\u043e\u0439 \u043d\u0435\u0434\u043e\u0441\u0442\u0443\u043f\u043d\u043e\u0441\u0442\u044c\u044e \u0441\u0430\u0439\u0442\u0430.<\/p>\t\t\t\t\t\t\t\t<\/div>\n\t\t\t\t<\/div>\n\t\t\t\t\t<\/div>\n\t\t\t\t<\/div>\n\t\t\t\t<\/div>","protected":false},"excerpt":{"rendered":"<p>Mentions l\u00e9gales 1. \u00c9diteur du site Le site proscenario.fr est \u00e9dit\u00e9 par : Nom : Alexandre H\u00f6sli (Auto-entrepreneur) Si\u00e8ge social : 22 rue Gay-Lussac, 75005 Paris Num\u00e9ro SIRET : 93265540000012 E-mail : alexandre.hoesli@proscenario.fr T\u00e9l\u00e9phone : +33 7 65 81 39 39 2. H\u00e9bergement Le site est h\u00e9berg\u00e9 par : Nom de l&rsquo;h\u00e9bergeur : Hostinger Adresse [&hellip;]<\/p>\n","protected":false},"author":1,"featured_media":0,"parent":0,"menu_order":0,"comment_status":"closed","ping_status":"closed","template":"","meta":{"_seopress_robots_primary_cat":"","_seopress_titles_title":"","_seopress_titles_desc":"","_seopress_robots_index":"","footnotes":""},"class_list":["post-1944","page","type-page","status-publish","hentry"],"_links":{"self":[{"href":"https:\/\/proscenario.fr\/ru\/wp-json\/wp\/v2\/pages\/1944","targetHints":{"allow":["GET"]}}],"collection":[{"href":"https:\/\/proscenario.fr\/ru\/wp-json\/wp\/v2\/pages"}],"about":[{"href":"https:\/\/proscenario.fr\/ru\/wp-json\/wp\/v2\/types\/page"}],"author":[{"embeddable":true,"href":"https:\/\/proscenario.fr\/ru\/wp-json\/wp\/v2\/users\/1"}],"replies":[{"embeddable":true,"href":"https:\/\/proscenario.fr\/ru\/wp-json\/wp\/v2\/comments?post=1944"}],"version-history":[{"count":20,"href":"https:\/\/proscenario.fr\/ru\/wp-json\/wp\/v2\/pages\/1944\/revisions"}],"predecessor-version":[{"id":2502,"href":"https:\/\/proscenario.fr\/ru\/wp-json\/wp\/v2\/pages\/1944\/revisions\/2502"}],"wp:attachment":[{"href":"https:\/\/proscenario.fr\/ru\/wp-json\/wp\/v2\/media?parent=1944"}],"curies":[{"name":"wp","href":"https:\/\/api.w.org\/{rel}","templated":true}]}}