{"id":1952,"date":"2024-09-04T11:53:04","date_gmt":"2024-09-04T11:53:04","guid":{"rendered":"https:\/\/proscenario.fr\/?page_id=1952"},"modified":"2025-01-17T21:36:20","modified_gmt":"2025-01-17T21:36:20","slug":"condicoes-gerais-de-venda","status":"publish","type":"page","link":"https:\/\/proscenario.fr\/pt\/condicoes-gerais-de-venda\/","title":{"rendered":"Condi\u00e7\u00f5es gerais de venda"},"content":{"rendered":"<div data-elementor-type=\"wp-page\" data-elementor-id=\"1952\" class=\"elementor elementor-1952\" data-elementor-settings=\"{&quot;ha_cmc_init_switcher&quot;:&quot;no&quot;}\">\n\t\t\t\t<div class=\"elementor-element elementor-element-6e6b0ad e-flex e-con-boxed e-con e-parent\" data-id=\"6e6b0ad\" data-element_type=\"container\" data-e-type=\"container\" data-settings=\"{&quot;background_background&quot;:&quot;classic&quot;,&quot;_ha_eqh_enable&quot;:false}\">\n\t\t\t\t\t<div class=\"e-con-inner\">\n\t\t\t\t<div class=\"elementor-element elementor-element-fccd208 elementor-widget elementor-widget-text-editor\" data-id=\"fccd208\" data-element_type=\"widget\" data-e-type=\"widget\" data-widget_type=\"text-editor.default\">\n\t\t\t\t<div class=\"elementor-widget-container\">\n\t\t\t\t\t\t\t\t\t<h3><strong>Condi\u00e7\u00f5es gerais de venda (CGV)<\/strong><\/h3><h4><strong>1. \u00c2mbito de aplica\u00e7\u00e3o<\/strong><\/h4><p>As presentes condi\u00e7\u00f5es gerais de venda aplicam-se a todos os servi\u00e7os prestados por <strong>ProScenario.co.uk<\/strong>representado por Alexandre Hoesli, trabalhador independente. Os servi\u00e7os incluem: forma\u00e7\u00e3o, apoio, coaching, consultoria de gui\u00f5es e escrita de gui\u00f5es \u00e0 medida para filmes, s\u00e9ries, an\u00fancios publicit\u00e1rios e muito mais.<\/p><h4><strong>2. Controlo<\/strong><\/h4><p>Todas as encomendas s\u00e3o confirmadas depois de o pagamento ter sido validado atrav\u00e9s do nosso sistema de pagamento seguro. <strong>Riscas<\/strong> e marcar a sua consulta atrav\u00e9s de <strong>Calendly<\/strong>. Os clientes receber\u00e3o um e-mail de confirma\u00e7\u00e3o com os detalhes da sua reserva.<\/p><h4><strong>3. Taxas e pagamentos<\/strong><\/h4><p>Os pre\u00e7os dos servi\u00e7os s\u00e3o indicados em euros, incluindo todos os impostos. Os pagamentos s\u00e3o efectuados em linha atrav\u00e9s de <strong>Riscas<\/strong> de forma segura.<\/p><h4><strong>4. Cancelamento e reembolso<\/strong><\/h4><p>Uma vez confirmada a reserva, <strong>n\u00e3o ser\u00e1 efectuado qualquer reembolso<\/strong>Recomendamos aos nossos clientes que verifiquem cuidadosamente todos os pormenores antes de finalizarem a sua reserva. Recomendamos aos nossos clientes que verifiquem cuidadosamente todos os pormenores antes de finalizarem a sua reserva.<\/p><h4><strong>5. Obriga\u00e7\u00f5es dos clientes<\/strong><\/h4><p>O cliente compromete-se a fornecer informa\u00e7\u00f5es exactas no momento da reserva e a respeitar as marca\u00e7\u00f5es previstas. Em caso de atraso ou aus\u00eancia sem aviso pr\u00e9vio, o servi\u00e7o ser\u00e1 considerado como conclu\u00eddo.<\/p><h4><strong>6. Confidencialidade<\/strong><\/h4><p>Todas as informa\u00e7\u00f5es trocadas durante os servi\u00e7os s\u00e3o estritamente confidenciais. Alexandre Hoesli compromete-se a respeitar a confidencialidade das informa\u00e7\u00f5es partilhadas.<\/p><h4><strong>7. Direito aplic\u00e1vel e jurisdi\u00e7\u00e3o<\/strong><\/h4><p>As presentes condi\u00e7\u00f5es gerais s\u00e3o regidas pelo direito franc\u00eas. Qualquer lit\u00edgio relativo \u00e0 interpreta\u00e7\u00e3o ou \u00e0 execu\u00e7\u00e3o das presentes condi\u00e7\u00f5es gerais ser\u00e1 da compet\u00eancia exclusiva dos tribunais franceses.<\/p>\t\t\t\t\t\t\t\t<\/div>\n\t\t\t\t<\/div>\n\t\t\t\t\t<\/div>\n\t\t\t\t<\/div>\n\t\t\t\t<\/div>","protected":false},"excerpt":{"rendered":"<p>Conditions g\u00e9n\u00e9rales de vente (CGV) 1. Champ d&rsquo;application Les pr\u00e9sentes conditions g\u00e9n\u00e9rales de vente s&rsquo;appliquent \u00e0 toutes les prestations fournies par ProScenario.fr, repr\u00e9sent\u00e9 par Alexandre Hoesli, auto-entrepreneur. Les services incluent : formation, accompagnement, coaching, consulting en sc\u00e9nario, et \u00e9criture sur mesure de sc\u00e9narios pour films, s\u00e9ries, publicit\u00e9s et autres. 2. Commande Toute commande est confirm\u00e9e [&hellip;]<\/p>\n","protected":false},"author":1,"featured_media":0,"parent":0,"menu_order":0,"comment_status":"closed","ping_status":"closed","template":"","meta":{"_seopress_robots_primary_cat":"","_seopress_titles_title":"","_seopress_titles_desc":"","_seopress_robots_index":"","footnotes":""},"class_list":["post-1952","page","type-page","status-publish","hentry"],"_links":{"self":[{"href":"https:\/\/proscenario.fr\/pt\/wp-json\/wp\/v2\/pages\/1952","targetHints":{"allow":["GET"]}}],"collection":[{"href":"https:\/\/proscenario.fr\/pt\/wp-json\/wp\/v2\/pages"}],"about":[{"href":"https:\/\/proscenario.fr\/pt\/wp-json\/wp\/v2\/types\/page"}],"author":[{"embeddable":true,"href":"https:\/\/proscenario.fr\/pt\/wp-json\/wp\/v2\/users\/1"}],"replies":[{"embeddable":true,"href":"https:\/\/proscenario.fr\/pt\/wp-json\/wp\/v2\/comments?post=1952"}],"version-history":[{"count":17,"href":"https:\/\/proscenario.fr\/pt\/wp-json\/wp\/v2\/pages\/1952\/revisions"}],"predecessor-version":[{"id":2496,"href":"https:\/\/proscenario.fr\/pt\/wp-json\/wp\/v2\/pages\/1952\/revisions\/2496"}],"wp:attachment":[{"href":"https:\/\/proscenario.fr\/pt\/wp-json\/wp\/v2\/media?parent=1952"}],"curies":[{"name":"wp","href":"https:\/\/api.w.org\/{rel}","templated":true}]}}