{"id":1944,"date":"2024-09-04T11:48:48","date_gmt":"2024-09-04T11:48:48","guid":{"rendered":"https:\/\/proscenario.fr\/?page_id=1944"},"modified":"2025-01-17T22:04:11","modified_gmt":"2025-01-17T22:04:11","slug":"informacao-juridica","status":"publish","type":"page","link":"https:\/\/proscenario.fr\/pt\/informacao-juridica\/","title":{"rendered":"Informa\u00e7\u00e3o jur\u00eddica"},"content":{"rendered":"<div data-elementor-type=\"wp-page\" data-elementor-id=\"1944\" class=\"elementor elementor-1944\" data-elementor-settings=\"{&quot;ha_cmc_init_switcher&quot;:&quot;no&quot;}\">\n\t\t\t\t<div class=\"elementor-element elementor-element-6e6b0ad e-flex e-con-boxed e-con e-parent\" data-id=\"6e6b0ad\" data-element_type=\"container\" data-e-type=\"container\" data-settings=\"{&quot;background_background&quot;:&quot;classic&quot;,&quot;_ha_eqh_enable&quot;:false}\">\n\t\t\t\t\t<div class=\"e-con-inner\">\n\t\t\t\t<div class=\"elementor-element elementor-element-fccd208 elementor-widget elementor-widget-text-editor\" data-id=\"fccd208\" data-element_type=\"widget\" data-e-type=\"widget\" data-widget_type=\"text-editor.default\">\n\t\t\t\t<div class=\"elementor-widget-container\">\n\t\t\t\t\t\t\t\t\t<h3><strong>Informa\u00e7\u00e3o jur\u00eddica<\/strong><\/h3>\n<h4><strong>1. Editor do s\u00edtio<\/strong><\/h4>\n<p>O s\u00edtio Web <strong>proscenario.fr<\/strong> \u00e9 publicado por :<\/p>\n<ul>\n<li><strong>Nome<\/strong> Alexandre H\u00f6sli (Trabalhador independente)<\/li>\n<li><strong>Sede social<\/strong> 22 rue Gay-Lussac, 75005 Paris<\/li>\n<li><strong>N\u00famero SIRET<\/strong> : 93265540000012<\/li>\n<li><strong>Correio eletr\u00f3nico<\/strong> : <a rel=\"noopener\">alexandre.hoesli@proscenario.fr<\/a><\/li>\n<li><strong>Telefone<\/strong> : +33 7 65 81 39 39<\/li>\n<\/ul>\n<h4><strong>2. Alojamento<\/strong><\/h4>\n<p>O s\u00edtio est\u00e1 alojado em :<\/p>\n<ul>\n<li><strong>Nome do anfitri\u00e3o<\/strong> : Hostinger<\/li>\n<li><strong>Endere\u00e7o<\/strong> Opera\u00e7\u00f5es da HOSTINGER, UAB, \u0160vitrigailos str. 34, Vilnius 03230 Litu\u00e2nia<\/li>\n<li><strong>Telefone<\/strong> : <a href=\"tel:+37064503378\">+37064503378<\/a><\/li>\n<\/ul>\n<h4><strong>3. Direitos de propriedade intelectual<\/strong><\/h4>\n<p>O conte\u00fado do s\u00edtio (textos, imagens, v\u00eddeos, etc.) \u00e9 propriedade exclusiva de <strong>Proscenario.fr<\/strong> e n\u00e3o pode ser reproduzido sem autoriza\u00e7\u00e3o pr\u00e9via.<\/p>\n<h4><strong>4. Limita\u00e7\u00e3o da responsabilidade<\/strong><\/h4>\n<p>A Alexandre H\u00f6sli n\u00e3o pode ser responsabilizada por danos diretos ou indirectos resultantes da utiliza\u00e7\u00e3o do s\u00edtio, nem por danos causados pela inacessibilidade tempor\u00e1ria do s\u00edtio.<\/p>\t\t\t\t\t\t\t\t<\/div>\n\t\t\t\t<\/div>\n\t\t\t\t\t<\/div>\n\t\t\t\t<\/div>\n\t\t\t\t<\/div>","protected":false},"excerpt":{"rendered":"<p>Mentions l\u00e9gales 1. \u00c9diteur du site Le site proscenario.fr est \u00e9dit\u00e9 par : Nom : Alexandre H\u00f6sli (Auto-entrepreneur) Si\u00e8ge social : 22 rue Gay-Lussac, 75005 Paris Num\u00e9ro SIRET : 93265540000012 E-mail : alexandre.hoesli@proscenario.fr T\u00e9l\u00e9phone : +33 7 65 81 39 39 2. H\u00e9bergement Le site est h\u00e9berg\u00e9 par : Nom de l&rsquo;h\u00e9bergeur : Hostinger Adresse [&hellip;]<\/p>\n","protected":false},"author":1,"featured_media":0,"parent":0,"menu_order":0,"comment_status":"closed","ping_status":"closed","template":"","meta":{"_seopress_robots_primary_cat":"","_seopress_titles_title":"","_seopress_titles_desc":"","_seopress_robots_index":"","footnotes":""},"class_list":["post-1944","page","type-page","status-publish","hentry"],"_links":{"self":[{"href":"https:\/\/proscenario.fr\/pt\/wp-json\/wp\/v2\/pages\/1944","targetHints":{"allow":["GET"]}}],"collection":[{"href":"https:\/\/proscenario.fr\/pt\/wp-json\/wp\/v2\/pages"}],"about":[{"href":"https:\/\/proscenario.fr\/pt\/wp-json\/wp\/v2\/types\/page"}],"author":[{"embeddable":true,"href":"https:\/\/proscenario.fr\/pt\/wp-json\/wp\/v2\/users\/1"}],"replies":[{"embeddable":true,"href":"https:\/\/proscenario.fr\/pt\/wp-json\/wp\/v2\/comments?post=1944"}],"version-history":[{"count":20,"href":"https:\/\/proscenario.fr\/pt\/wp-json\/wp\/v2\/pages\/1944\/revisions"}],"predecessor-version":[{"id":2502,"href":"https:\/\/proscenario.fr\/pt\/wp-json\/wp\/v2\/pages\/1944\/revisions\/2502"}],"wp:attachment":[{"href":"https:\/\/proscenario.fr\/pt\/wp-json\/wp\/v2\/media?parent=1944"}],"curies":[{"name":"wp","href":"https:\/\/api.w.org\/{rel}","templated":true}]}}