{"id":1079,"date":"2024-09-02T22:08:18","date_gmt":"2024-09-02T22:08:18","guid":{"rendered":"http:\/\/proscenario.fr\/blog\/"},"modified":"2025-07-22T23:12:09","modified_gmt":"2025-07-22T23:12:09","slug":"a-propos","status":"publish","type":"page","link":"https:\/\/proscenario.fr\/pt\/a-propos\/","title":{"rendered":"Sobre n\u00f3s"},"content":{"rendered":"<div data-elementor-type=\"wp-page\" data-elementor-id=\"1079\" class=\"elementor elementor-1079\" data-elementor-settings=\"{&quot;ha_cmc_init_switcher&quot;:&quot;no&quot;}\">\n\t\t\t\t<div class=\"elementor-element elementor-element-e7275c5 e-flex e-con-boxed e-con e-parent\" data-id=\"e7275c5\" data-element_type=\"container\" data-e-type=\"container\" data-settings=\"{&quot;background_background&quot;:&quot;classic&quot;,&quot;_ha_eqh_enable&quot;:false}\">\n\t\t\t\t\t<div class=\"e-con-inner\">\n\t\t\t\t<div class=\"elementor-element elementor-element-19e52ea elementor-widget elementor-widget-heading\" data-id=\"19e52ea\" data-element_type=\"widget\" data-e-type=\"widget\" data-widget_type=\"heading.default\">\n\t\t\t\t<div class=\"elementor-widget-container\">\n\t\t\t\t\t<h2 class=\"elementor-heading-title elementor-size-default\">Quem somos n\u00f3s?<\/h2>\t\t\t\t<\/div>\n\t\t\t\t<\/div>\n\t\t\t\t\t<\/div>\n\t\t\t\t<\/div>\n\t\t<div class=\"elementor-element elementor-element-783a2f0 e-flex e-con-boxed e-con e-parent\" data-id=\"783a2f0\" data-element_type=\"container\" data-e-type=\"container\" data-settings=\"{&quot;background_background&quot;:&quot;classic&quot;,&quot;_ha_eqh_enable&quot;:false}\">\n\t\t\t\t\t<div class=\"e-con-inner\">\n\t\t<div class=\"elementor-element elementor-element-b342168 e-con-full e-flex e-con e-child\" data-id=\"b342168\" data-element_type=\"container\" data-e-type=\"container\" data-settings=\"{&quot;_ha_eqh_enable&quot;:false}\">\n\t\t\t\t<div class=\"elementor-element elementor-element-bfcf0be elementor-widget elementor-widget-image\" data-id=\"bfcf0be\" data-element_type=\"widget\" data-e-type=\"widget\" data-widget_type=\"image.default\">\n\t\t\t\t<div class=\"elementor-widget-container\">\n\t\t\t\t\t\t\t\t\t\t\t\t\t\t\t<img alt=\"\" fetchpriority=\"high\" decoding=\"async\" width=\"800\" height=\"533\" src=\"https:\/\/proscenario.fr\/wp-content\/uploads\/2024\/09\/33-1024x682.jpeg\" class=\"attachment-large size-large wp-image-2004\" srcset=\"https:\/\/proscenario.fr\/wp-content\/uploads\/2024\/09\/33-1024x682.jpeg.webp 1024w, https:\/\/proscenario.fr\/wp-content\/uploads\/2024\/09\/33-300x200.jpeg.webp 300w, https:\/\/proscenario.fr\/wp-content\/uploads\/2024\/09\/33-768x512.jpeg.webp 768w, https:\/\/proscenario.fr\/wp-content\/uploads\/2024\/09\/33-1536x1023.jpeg.webp 1536w, https:\/\/proscenario.fr\/wp-content\/uploads\/2024\/09\/33.jpeg.webp 1600w\" sizes=\"(max-width: 800px) 100vw, 800px\" \/>\t\t\t\t\t\t\t\t\t\t\t\t\t\t\t<\/div>\n\t\t\t\t<\/div>\n\t\t\t\t<\/div>\n\t\t<div class=\"elementor-element elementor-element-c95d140 e-con-full e-flex e-con e-child\" data-id=\"c95d140\" data-element_type=\"container\" data-e-type=\"container\" data-settings=\"{&quot;_ha_eqh_enable&quot;:false}\">\n\t\t\t\t<div class=\"elementor-element elementor-element-1cdefce elementor-widget elementor-widget-text-editor\" data-id=\"1cdefce\" data-element_type=\"widget\" data-e-type=\"widget\" data-widget_type=\"text-editor.default\">\n\t\t\t\t<div class=\"elementor-widget-container\">\n\t\t\t\t\t\t\t\t\t<h3>Sobre o Pro Sc\u00e9nario<\/h3><p>Bem-vindo \u00e0 Pro Sc\u00e9nario, uma ag\u00eancia de guionistas vision\u00e1rios e apaixonados que se dedicam \u00e0 arte de escrever e conceber gui\u00f5es \u00e0 medida. Desde a nossa cria\u00e7\u00e3o, tivemos o privil\u00e9gio de realizar, escrever e produzir centenas de projectos para uma grande variedade de formatos e sectores. A nossa experi\u00eancia abrange desde curtas-metragens a longas-metragens, passando por produ\u00e7\u00f5es para cinema, publicidade e teatro. A cada projeto, associamos uma combina\u00e7\u00e3o \u00fanica de criatividade e dom\u00ednio t\u00e9cnico, garantindo resultados inovadores e impactantes.<\/p>\t\t\t\t\t\t\t\t<\/div>\n\t\t\t\t<\/div>\n\t\t\t\t<\/div>\n\t\t\t\t\t<\/div>\n\t\t\t\t<\/div>\n\t\t<div class=\"elementor-element elementor-element-f84514b e-flex e-con-boxed e-con e-parent\" data-id=\"f84514b\" data-element_type=\"container\" data-e-type=\"container\" data-settings=\"{&quot;background_background&quot;:&quot;classic&quot;,&quot;_ha_eqh_enable&quot;:false}\">\n\t\t\t\t\t<div class=\"e-con-inner\">\n\t\t<div class=\"elementor-element elementor-element-48b3e8b e-con-full e-flex e-con e-child\" data-id=\"48b3e8b\" data-element_type=\"container\" data-e-type=\"container\" data-settings=\"{&quot;_ha_eqh_enable&quot;:false}\">\n\t\t\t\t<div class=\"elementor-element elementor-element-3255008 elementor-widget elementor-widget-text-editor\" data-id=\"3255008\" data-element_type=\"widget\" data-e-type=\"widget\" data-widget_type=\"text-editor.default\">\n\t\t\t\t<div class=\"elementor-widget-container\">\n\t\t\t\t\t\t\t\t\t<h3>Os nossos projectos<\/h3><p>Com a nossa vasta experi\u00eancia, a Pro Sc\u00e9nario tem estado envolvida em projectos de todos os tipos e escalas, desde filmes de autor intimistas a an\u00fancios publicit\u00e1rios de grande escala e obras teatrais originais. Temos trabalhado com produtores, realizadores, empresas e artistas para criar gui\u00f5es que cativem o p\u00fablico, transmitam mensagens poderosas e deixem uma impress\u00e3o duradoura. Todos os projectos que realizamos beneficiam de uma aten\u00e7\u00e3o meticulosa aos detalhes, seja no desenvolvimento do di\u00e1logo, na constru\u00e7\u00e3o das personagens ou na evolu\u00e7\u00e3o do enredo.<\/p>\t\t\t\t\t\t\t\t<\/div>\n\t\t\t\t<\/div>\n\t\t\t\t<\/div>\n\t\t<div class=\"elementor-element elementor-element-8020627 e-con-full e-flex e-con e-child\" data-id=\"8020627\" data-element_type=\"container\" data-e-type=\"container\" data-settings=\"{&quot;_ha_eqh_enable&quot;:false}\">\n\t\t\t\t<div class=\"elementor-element elementor-element-f0f7ca8 elementor-widget elementor-widget-image\" data-id=\"f0f7ca8\" data-element_type=\"widget\" data-e-type=\"widget\" data-widget_type=\"image.default\">\n\t\t\t\t<div class=\"elementor-widget-container\">\n\t\t\t\t\t\t\t\t\t\t\t\t\t\t\t<img alt=\"\" decoding=\"async\" width=\"800\" height=\"534\" src=\"https:\/\/proscenario.fr\/wp-content\/uploads\/2024\/09\/2-e1725443951437-1024x684.jpeg\" class=\"attachment-large size-large wp-image-1829\" srcset=\"https:\/\/proscenario.fr\/wp-content\/uploads\/2024\/09\/2-e1725443951437-1024x684.jpeg.webp 1024w, https:\/\/proscenario.fr\/wp-content\/uploads\/2024\/09\/2-e1725443951437-300x200.jpeg.webp 300w, https:\/\/proscenario.fr\/wp-content\/uploads\/2024\/09\/2-e1725443951437-768x513.jpeg.webp 768w, https:\/\/proscenario.fr\/wp-content\/uploads\/2024\/09\/2-e1725443951437-1536x1026.jpeg.webp 1536w, https:\/\/proscenario.fr\/wp-content\/uploads\/2024\/09\/2-e1725443951437.jpeg.webp 1600w\" sizes=\"(max-width: 800px) 100vw, 800px\" \/>\t\t\t\t\t\t\t\t\t\t\t\t\t\t\t<\/div>\n\t\t\t\t<\/div>\n\t\t\t\t<\/div>\n\t\t\t\t\t<\/div>\n\t\t\t\t<\/div>\n\t\t<div class=\"elementor-element elementor-element-1bec0e2 e-flex e-con-boxed e-con e-parent\" data-id=\"1bec0e2\" data-element_type=\"container\" data-e-type=\"container\" data-settings=\"{&quot;background_background&quot;:&quot;classic&quot;,&quot;_ha_eqh_enable&quot;:false}\">\n\t\t\t\t\t<div class=\"e-con-inner\">\n\t\t<div class=\"elementor-element elementor-element-c8c64ff e-con-full e-flex e-con e-child\" data-id=\"c8c64ff\" data-element_type=\"container\" data-e-type=\"container\" data-settings=\"{&quot;_ha_eqh_enable&quot;:false}\">\n\t\t\t\t<div class=\"elementor-element elementor-element-20457c7 elementor-widget elementor-widget-image-gallery\" data-id=\"20457c7\" data-element_type=\"widget\" data-e-type=\"widget\" data-widget_type=\"image-gallery.default\">\n\t\t\t\t<div class=\"elementor-widget-container\">\n\t\t\t\t\t\t\t<div class=\"elementor-image-gallery\">\n\t\t\t<div id='gallery-1' class='gallery galleryid-1079 gallery-columns-1 gallery-size-medium_large'><figure class='gallery-item'>\n\t\t\t<div class='gallery-icon landscape'>\n\t\t\t\t<a data-elementor-open-lightbox=\"yes\" data-elementor-lightbox-slideshow=\"20457c7\" data-elementor-lightbox-title=\"4\" data-e-action-hash=\"#elementor-action%3Aaction%3Dlightbox%26settings%3DeyJpZCI6MTgzMSwidXJsIjoiaHR0cHM6XC9cL3Byb3NjZW5hcmlvLmZyXC93cC1jb250ZW50XC91cGxvYWRzXC8yMDI0XC8wOVwvNC5qcGVnIiwic2xpZGVzaG93IjoiMjA0NTdjNyJ9\" href='https:\/\/proscenario.fr\/wp-content\/uploads\/2024\/09\/4.jpeg'><img decoding=\"async\" width=\"768\" height=\"327\" src=\"https:\/\/proscenario.fr\/wp-content\/uploads\/2024\/09\/4-768x327.jpeg\" class=\"attachment-medium_large size-medium_large\" alt=\"\" srcset=\"https:\/\/proscenario.fr\/wp-content\/uploads\/2024\/09\/4-768x327.jpeg.webp 768w, https:\/\/proscenario.fr\/wp-content\/uploads\/2024\/09\/4-300x128.jpeg.webp 300w, https:\/\/proscenario.fr\/wp-content\/uploads\/2024\/09\/4-1024x436.jpeg.webp 1024w, https:\/\/proscenario.fr\/wp-content\/uploads\/2024\/09\/4-1536x655.jpeg.webp 1536w, https:\/\/proscenario.fr\/wp-content\/uploads\/2024\/09\/4.jpeg.webp 1600w\" sizes=\"(max-width: 768px) 100vw, 768px\" \/><\/a>\n\t\t\t<\/div><\/figure><figure class='gallery-item'>\n\t\t\t<div class='gallery-icon landscape'>\n\t\t\t\t<a data-elementor-open-lightbox=\"yes\" data-elementor-lightbox-slideshow=\"20457c7\" data-elementor-lightbox-title=\"5\" data-e-action-hash=\"#elementor-action%3Aaction%3Dlightbox%26settings%3DeyJpZCI6MTgzMiwidXJsIjoiaHR0cHM6XC9cL3Byb3NjZW5hcmlvLmZyXC93cC1jb250ZW50XC91cGxvYWRzXC8yMDI0XC8wOVwvNS5qcGVnIiwic2xpZGVzaG93IjoiMjA0NTdjNyJ9\" href='https:\/\/proscenario.fr\/wp-content\/uploads\/2024\/09\/5.jpeg'><img loading=\"lazy\" decoding=\"async\" width=\"768\" height=\"327\" src=\"https:\/\/proscenario.fr\/wp-content\/uploads\/2024\/09\/5-768x327.jpeg\" class=\"attachment-medium_large size-medium_large\" alt=\"\" srcset=\"https:\/\/proscenario.fr\/wp-content\/uploads\/2024\/09\/5-768x327.jpeg.webp 768w, https:\/\/proscenario.fr\/wp-content\/uploads\/2024\/09\/5-300x128.jpeg.webp 300w, https:\/\/proscenario.fr\/wp-content\/uploads\/2024\/09\/5-1024x436.jpeg.webp 1024w, https:\/\/proscenario.fr\/wp-content\/uploads\/2024\/09\/5-1536x655.jpeg.webp 1536w, https:\/\/proscenario.fr\/wp-content\/uploads\/2024\/09\/5.jpeg.webp 1600w\" sizes=\"(max-width: 768px) 100vw, 768px\" \/><\/a>\n\t\t\t<\/div><\/figure><figure class='gallery-item'>\n\t\t\t<div class='gallery-icon landscape'>\n\t\t\t\t<a data-elementor-open-lightbox=\"yes\" data-elementor-lightbox-slideshow=\"20457c7\" data-elementor-lightbox-title=\"1\" data-e-action-hash=\"#elementor-action%3Aaction%3Dlightbox%26settings%3DeyJpZCI6MjAwNiwidXJsIjoiaHR0cHM6XC9cL3Byb3NjZW5hcmlvLmZyXC93cC1jb250ZW50XC91cGxvYWRzXC8yMDI0XC8wOVwvMS0xLmpwZWciLCJzbGlkZXNob3ciOiIyMDQ1N2M3In0%3D\" href='https:\/\/proscenario.fr\/wp-content\/uploads\/2024\/09\/1-1.jpeg'><img loading=\"lazy\" decoding=\"async\" width=\"768\" height=\"540\" src=\"https:\/\/proscenario.fr\/wp-content\/uploads\/2024\/09\/1-1-768x540.jpeg\" class=\"attachment-medium_large size-medium_large\" alt=\"\" srcset=\"https:\/\/proscenario.fr\/wp-content\/uploads\/2024\/09\/1-1-768x540.jpeg.webp 768w, https:\/\/proscenario.fr\/wp-content\/uploads\/2024\/09\/1-1-300x211.jpeg.webp 300w, https:\/\/proscenario.fr\/wp-content\/uploads\/2024\/09\/1-1-1024x721.jpeg.webp 1024w, https:\/\/proscenario.fr\/wp-content\/uploads\/2024\/09\/1-1-1536x1081.jpeg.webp 1536w, https:\/\/proscenario.fr\/wp-content\/uploads\/2024\/09\/1-1.jpeg.webp 1600w\" sizes=\"(max-width: 768px) 100vw, 768px\" \/><\/a>\n\t\t\t<\/div><\/figure><figure class='gallery-item'>\n\t\t\t<div class='gallery-icon landscape'>\n\t\t\t\t<a data-elementor-open-lightbox=\"yes\" data-elementor-lightbox-slideshow=\"20457c7\" data-elementor-lightbox-title=\"66\" data-e-action-hash=\"#elementor-action%3Aaction%3Dlightbox%26settings%3DeyJpZCI6MjAwOCwidXJsIjoiaHR0cHM6XC9cL3Byb3NjZW5hcmlvLmZyXC93cC1jb250ZW50XC91cGxvYWRzXC8yMDI0XC8wOVwvNjYuanBlZyIsInNsaWRlc2hvdyI6IjIwNDU3YzcifQ%3D%3D\" href='https:\/\/proscenario.fr\/wp-content\/uploads\/2024\/09\/66.jpeg'><img loading=\"lazy\" decoding=\"async\" width=\"768\" height=\"327\" src=\"https:\/\/proscenario.fr\/wp-content\/uploads\/2024\/09\/66-768x327.jpeg\" class=\"attachment-medium_large size-medium_large\" alt=\"\" srcset=\"https:\/\/proscenario.fr\/wp-content\/uploads\/2024\/09\/66-768x327.jpeg.webp 768w, https:\/\/proscenario.fr\/wp-content\/uploads\/2024\/09\/66-300x128.jpeg.webp 300w, https:\/\/proscenario.fr\/wp-content\/uploads\/2024\/09\/66-1024x436.jpeg.webp 1024w, https:\/\/proscenario.fr\/wp-content\/uploads\/2024\/09\/66-1536x654.jpeg.webp 1536w, https:\/\/proscenario.fr\/wp-content\/uploads\/2024\/09\/66.jpeg.webp 1600w\" sizes=\"(max-width: 768px) 100vw, 768px\" \/><\/a>\n\t\t\t<\/div><\/figure><figure class='gallery-item'>\n\t\t\t<div class='gallery-icon landscape'>\n\t\t\t\t<a data-elementor-open-lightbox=\"yes\" data-elementor-lightbox-slideshow=\"20457c7\" data-elementor-lightbox-title=\"22\" data-e-action-hash=\"#elementor-action%3Aaction%3Dlightbox%26settings%3DeyJpZCI6MjAxMywidXJsIjoiaHR0cHM6XC9cL3Byb3NjZW5hcmlvLmZyXC93cC1jb250ZW50XC91cGxvYWRzXC8yMDI0XC8wOVwvMjIuanBlZyIsInNsaWRlc2hvdyI6IjIwNDU3YzcifQ%3D%3D\" href='https:\/\/proscenario.fr\/wp-content\/uploads\/2024\/09\/22.jpeg'><img loading=\"lazy\" decoding=\"async\" width=\"768\" height=\"512\" src=\"https:\/\/proscenario.fr\/wp-content\/uploads\/2024\/09\/22-768x512.jpeg\" class=\"attachment-medium_large size-medium_large\" alt=\"\" srcset=\"https:\/\/proscenario.fr\/wp-content\/uploads\/2024\/09\/22-768x512.jpeg.webp 768w, https:\/\/proscenario.fr\/wp-content\/uploads\/2024\/09\/22-300x200.jpeg.webp 300w, https:\/\/proscenario.fr\/wp-content\/uploads\/2024\/09\/22-1024x682.jpeg.webp 1024w, https:\/\/proscenario.fr\/wp-content\/uploads\/2024\/09\/22-1536x1023.jpeg.webp 1536w, https:\/\/proscenario.fr\/wp-content\/uploads\/2024\/09\/22.jpeg.webp 1600w\" sizes=\"(max-width: 768px) 100vw, 768px\" \/><\/a>\n\t\t\t<\/div><\/figure>\n\t\t<\/div>\n\t\t<\/div>\n\t\t\t\t\t\t<\/div>\n\t\t\t\t<\/div>\n\t\t\t\t<\/div>\n\t\t<div class=\"elementor-element elementor-element-db2243b e-con-full e-flex e-con e-child\" data-id=\"db2243b\" data-element_type=\"container\" data-e-type=\"container\" data-settings=\"{&quot;_ha_eqh_enable&quot;:false}\">\n\t\t\t\t<div class=\"elementor-element elementor-element-4bbea2b elementor-widget elementor-widget-text-editor\" data-id=\"4bbea2b\" data-element_type=\"widget\" data-e-type=\"widget\" data-widget_type=\"text-editor.default\">\n\t\t\t\t<div class=\"elementor-widget-container\">\n\t\t\t\t\t\t\t\t\t<h3>Os nossos servi\u00e7os<\/h3><p>Para al\u00e9m da escrita de argumentos, a Pro Sc\u00e9nario oferece uma gama completa de servi\u00e7os para apoiar argumentistas, realizadores, produtores e empresas no desenvolvimento dos seus projectos. Acreditamos firmemente que todas as hist\u00f3rias merecem ser contadas da forma mais impactante poss\u00edvel, e oferecemos a nossa experi\u00eancia para ajudar os nossos clientes a atingir este objetivo.<\/p><ol><li><p><strong>Apoio personalizado<\/strong> Acompanhamos os nossos clientes em todas as fases da cria\u00e7\u00e3o dos seus projectos de escrita de argumentos, desde a fase inicial da ideia at\u00e9 ao desenvolvimento e reescrita do argumento. Este acompanhamento pr\u00f3ximo garante que cada projeto atinja todo o seu potencial.<\/p><\/li><li><p><strong>Treino<\/strong> O coaching de gui\u00f5es \u00e9 um dos nossos principais servi\u00e7os. Ajudamos os argumentistas a aperfei\u00e7oar as suas ideias, a ultrapassar bloqueios criativos e a melhorar as suas capacidades de contar hist\u00f3rias. Os nossos experientes formadores d\u00e3o feedback construtivo e conselhos pr\u00e1ticos para que cada projeto se concretize.<\/p><\/li><li><p><strong>Consultoria e Script Doctoring<\/strong> Pro Sc\u00e9nario oferece servi\u00e7os de consultoria para realizadores, produtores e equipas criativas que procuram conselhos e recomenda\u00e7\u00f5es profissionais para os seus projectos de gui\u00e3o. Oferecemos tamb\u00e9m um servi\u00e7o de script doctoring, destinado a diagnosticar e melhorar gui\u00f5es em fase de desenvolvimento ou de reescrita. A nossa equipa de consultores e de script doctors identifica os pontos fracos da narrativa, prop\u00f5e solu\u00e7\u00f5es e ajuda a refor\u00e7ar o impacto e a coer\u00eancia do argumento.<\/p><\/li><li><p><strong>Escrita \u00e0 medida<\/strong> Para al\u00e9m dos nossos servi\u00e7os de consultoria, oferecemos tamb\u00e9m servi\u00e7os de escrita \u00e0 medida para gui\u00f5es de filmes, s\u00e9ries, an\u00fancios publicit\u00e1rios e produ\u00e7\u00f5es teatrais. Trabalhamos em estreita colabora\u00e7\u00e3o com os nossos clientes para compreender as suas vis\u00f5es e criar gui\u00f5es que correspondam perfeitamente \u00e0s suas expectativas e ao objetivo do seu projeto.<\/p><\/li><li><p><strong>Forma\u00e7\u00e3o<\/strong> : Oferecemos uma forma\u00e7\u00e3o personalizada, adaptada \u00e0s necessidades dos argumentistas, tanto principiantes como experientes. Os nossos cursos abrangem os princ\u00edpios b\u00e1sicos da escrita de argumentos, t\u00e9cnicas narrativas avan\u00e7adas e estrutura\u00e7\u00e3o de hist\u00f3rias para uma variedade de formatos: cinema, televis\u00e3o, s\u00e9ries Web, etc.<\/p><\/li><\/ol>\t\t\t\t\t\t\t\t<\/div>\n\t\t\t\t<\/div>\n\t\t\t\t<\/div>\n\t\t\t\t\t<\/div>\n\t\t\t\t<\/div>\n\t\t<div class=\"elementor-element elementor-element-ad44931 e-flex e-con-boxed e-con e-parent\" data-id=\"ad44931\" data-element_type=\"container\" data-e-type=\"container\" data-settings=\"{&quot;background_background&quot;:&quot;classic&quot;,&quot;_ha_eqh_enable&quot;:false}\">\n\t\t\t\t\t<div class=\"e-con-inner\">\n\t\t<div class=\"elementor-element elementor-element-96dfa20 e-con-full e-flex e-con e-child\" data-id=\"96dfa20\" data-element_type=\"container\" data-e-type=\"container\" data-settings=\"{&quot;_ha_eqh_enable&quot;:false}\">\n\t\t\t\t<div class=\"elementor-element elementor-element-696fc8a elementor-widget elementor-widget-text-editor\" data-id=\"696fc8a\" data-element_type=\"widget\" data-e-type=\"widget\" data-widget_type=\"text-editor.default\">\n\t\t\t\t<div class=\"elementor-widget-container\">\n\t\t\t\t\t\t\t\t\t<h3>Uma equipa dedicada \u00e0 arte da escrita de argumentos<\/h3><p>A equipa Pro Sc\u00e9nario \u00e9 composta por profissionais apaixonados pela escrita e pela narra\u00e7\u00e3o de hist\u00f3rias. Os nossos argumentistas, consultores e formadores s\u00e3o especialistas na sua \u00e1rea, com uma experi\u00eancia significativa na ind\u00fastria do entretenimento. A nossa miss\u00e3o \u00e9 partilhar esta experi\u00eancia e ajudar os nossos clientes a transformar as suas ideias em hist\u00f3rias de sucesso e envolventes. Acreditamos que cada projeto \u00e9 uma oportunidade para criar algo novo, aut\u00eantico e memor\u00e1vel.<\/p>\t\t\t\t\t\t\t\t<\/div>\n\t\t\t\t<\/div>\n\t\t\t\t<\/div>\n\t\t<div class=\"elementor-element elementor-element-54932b5 e-con-full e-flex e-con e-child\" data-id=\"54932b5\" data-element_type=\"container\" data-e-type=\"container\" data-settings=\"{&quot;_ha_eqh_enable&quot;:false}\">\n\t\t\t\t<div class=\"elementor-element elementor-element-2b0dc42 elementor-widget elementor-widget-image\" data-id=\"2b0dc42\" data-element_type=\"widget\" data-e-type=\"widget\" data-widget_type=\"image.default\">\n\t\t\t\t<div class=\"elementor-widget-container\">\n\t\t\t\t\t\t\t\t\t\t\t\t\t\t\t<img alt=\"\" loading=\"lazy\" decoding=\"async\" width=\"800\" height=\"534\" src=\"https:\/\/proscenario.fr\/wp-content\/uploads\/2024\/09\/3-1-1024x683.jpeg\" class=\"attachment-large size-large wp-image-2012\" srcset=\"https:\/\/proscenario.fr\/wp-content\/uploads\/2024\/09\/3-1-1024x683.jpeg.webp 1024w, https:\/\/proscenario.fr\/wp-content\/uploads\/2024\/09\/3-1-300x200.jpeg.webp 300w, https:\/\/proscenario.fr\/wp-content\/uploads\/2024\/09\/3-1-768x513.jpeg.webp 768w, https:\/\/proscenario.fr\/wp-content\/uploads\/2024\/09\/3-1.jpeg.webp 1500w\" sizes=\"(max-width: 800px) 100vw, 800px\" \/>\t\t\t\t\t\t\t\t\t\t\t\t\t\t\t<\/div>\n\t\t\t\t<\/div>\n\t\t\t\t<\/div>\n\t\t\t\t\t<\/div>\n\t\t\t\t<\/div>\n\t\t<div class=\"elementor-element elementor-element-e3551e2 e-flex e-con-boxed e-con e-parent\" data-id=\"e3551e2\" data-element_type=\"container\" data-e-type=\"container\" data-settings=\"{&quot;background_background&quot;:&quot;classic&quot;,&quot;_ha_eqh_enable&quot;:false}\">\n\t\t\t\t\t<div class=\"e-con-inner\">\n\t\t<div class=\"elementor-element elementor-element-108983f e-con-full e-flex e-con e-child\" data-id=\"108983f\" data-element_type=\"container\" data-e-type=\"container\" data-settings=\"{&quot;_ha_eqh_enable&quot;:false}\">\n\t\t\t\t<div class=\"elementor-element elementor-element-55afaf4 elementor-widget elementor-widget-image\" data-id=\"55afaf4\" data-element_type=\"widget\" data-e-type=\"widget\" data-widget_type=\"image.default\">\n\t\t\t\t<div class=\"elementor-widget-container\">\n\t\t\t\t\t\t\t\t\t\t\t\t\t\t\t<img alt=\"\" loading=\"lazy\" decoding=\"async\" width=\"800\" height=\"533\" src=\"https:\/\/proscenario.fr\/wp-content\/uploads\/2024\/09\/44-1024x682.jpeg\" class=\"attachment-large size-large wp-image-2007\" srcset=\"https:\/\/proscenario.fr\/wp-content\/uploads\/2024\/09\/44-1024x682.jpeg.webp 1024w, https:\/\/proscenario.fr\/wp-content\/uploads\/2024\/09\/44-300x200.jpeg.webp 300w, https:\/\/proscenario.fr\/wp-content\/uploads\/2024\/09\/44-768x512.jpeg.webp 768w, https:\/\/proscenario.fr\/wp-content\/uploads\/2024\/09\/44-1536x1023.jpeg.webp 1536w, https:\/\/proscenario.fr\/wp-content\/uploads\/2024\/09\/44.jpeg.webp 1600w\" sizes=\"(max-width: 800px) 100vw, 800px\" \/>\t\t\t\t\t\t\t\t\t\t\t\t\t\t\t<\/div>\n\t\t\t\t<\/div>\n\t\t\t\t<\/div>\n\t\t<div class=\"elementor-element elementor-element-d02f272 e-con-full e-flex e-con e-child\" data-id=\"d02f272\" data-element_type=\"container\" data-e-type=\"container\" data-settings=\"{&quot;_ha_eqh_enable&quot;:false}\">\n\t\t\t\t<div class=\"elementor-element elementor-element-d92728b elementor-widget elementor-widget-text-editor\" data-id=\"d92728b\" data-element_type=\"widget\" data-e-type=\"widget\" data-widget_type=\"text-editor.default\">\n\t\t\t\t<div class=\"elementor-widget-container\">\n\t\t\t\t\t\t\t\t\t<h3>Uma abordagem criativa e colaborativa<\/h3><p>Trabalhamos em estreita colabora\u00e7\u00e3o com os nossos clientes para compreender as suas necessidades, expectativas e objectivos. A nossa abordagem \u00e9 simultaneamente criativa e estrat\u00e9gica, porque sabemos que, para que uma hist\u00f3ria resulte, n\u00e3o s\u00f3 tem de ser bem escrita, como tamb\u00e9m tem de satisfazer os requisitos do mercado ou do p\u00fablico-alvo. \u00c9 por isso que damos grande import\u00e2ncia ao trabalho, \u00e0 escuta e \u00e0 compreens\u00e3o das expectativas dos nossos parceiros, quer sejam grandes empresas ou guionistas independentes.<\/p>\t\t\t\t\t\t\t\t<\/div>\n\t\t\t\t<\/div>\n\t\t\t\t<\/div>\n\t\t\t\t\t<\/div>\n\t\t\t\t<\/div>\n\t\t<div class=\"elementor-element elementor-element-ad6e54c e-flex e-con-boxed e-con e-parent\" data-id=\"ad6e54c\" data-element_type=\"container\" data-e-type=\"container\" data-settings=\"{&quot;background_background&quot;:&quot;classic&quot;,&quot;_ha_eqh_enable&quot;:false}\">\n\t\t\t\t\t<div class=\"e-con-inner\">\n\t\t<div class=\"elementor-element elementor-element-c0c7e9d e-con-full e-flex e-con e-child\" data-id=\"c0c7e9d\" data-element_type=\"container\" data-e-type=\"container\" data-settings=\"{&quot;_ha_eqh_enable&quot;:false}\">\n\t\t\t\t<div class=\"elementor-element elementor-element-2a955c8 elementor-widget elementor-widget-text-editor\" data-id=\"2a955c8\" data-element_type=\"widget\" data-e-type=\"widget\" data-widget_type=\"text-editor.default\">\n\t\t\t\t<div class=\"elementor-widget-container\">\n\t\t\t\t\t\t\t\t\t<h3>Porqu\u00ea escolher Pro Sc\u00e9nario?<\/h3><p>Ao escolher Pro Sc\u00e9nario, beneficia de :<\/p><ul><li>De um <strong>experi\u00eancia comprovada<\/strong> na conce\u00e7\u00e3o de gui\u00f5es para uma variedade de formatos e sectores.<\/li><li>A <strong>apoio individual<\/strong> em todas as fases do processo criativo, desde a ideia inicial at\u00e9 \u00e0 vers\u00e3o final do gui\u00e3o.<\/li><li>De <strong>servi\u00e7os completos<\/strong> forma\u00e7\u00e3o, coaching, script doctoring, consultoria e escrita por medida.<\/li><li>Uma equipa de argumentistas e consultores apaixonados e experientes, sempre prontos a ouvir as suas necessidades.<\/li><\/ul>\t\t\t\t\t\t\t\t<\/div>\n\t\t\t\t<\/div>\n\t\t\t\t<\/div>\n\t\t<div class=\"elementor-element elementor-element-d9a2446 e-con-full e-flex e-con e-child\" data-id=\"d9a2446\" data-element_type=\"container\" data-e-type=\"container\" data-settings=\"{&quot;_ha_eqh_enable&quot;:false}\">\n\t\t\t\t<div class=\"elementor-element elementor-element-2b64abb elementor-widget elementor-widget-image\" data-id=\"2b64abb\" data-element_type=\"widget\" data-e-type=\"widget\" data-widget_type=\"image.default\">\n\t\t\t\t<div class=\"elementor-widget-container\">\n\t\t\t\t\t\t\t\t\t\t\t\t\t\t\t<img alt=\"\" loading=\"lazy\" decoding=\"async\" width=\"1600\" height=\"893\" src=\"https:\/\/proscenario.fr\/wp-content\/uploads\/2024\/09\/9.jpeg\" class=\"attachment-full size-full wp-image-2005\" srcset=\"https:\/\/proscenario.fr\/wp-content\/uploads\/2024\/09\/9.jpeg.webp 1600w, https:\/\/proscenario.fr\/wp-content\/uploads\/2024\/09\/9-300x167.jpeg.webp 300w, https:\/\/proscenario.fr\/wp-content\/uploads\/2024\/09\/9-1024x572.jpeg.webp 1024w, https:\/\/proscenario.fr\/wp-content\/uploads\/2024\/09\/9-768x429.jpeg.webp 768w, https:\/\/proscenario.fr\/wp-content\/uploads\/2024\/09\/9-1536x857.jpeg.webp 1536w\" sizes=\"(max-width: 1600px) 100vw, 1600px\" \/>\t\t\t\t\t\t\t\t\t\t\t\t\t\t\t<\/div>\n\t\t\t\t<\/div>\n\t\t\t\t<\/div>\n\t\t\t\t\t<\/div>\n\t\t\t\t<\/div>\n\t\t\t\t<\/div>","protected":false},"excerpt":{"rendered":"<p>Qui sommes-nous ? \u00c0 propos de Pro Sc\u00e9nario Bienvenue chez Pro Sc\u00e9nario, une agence de sc\u00e9naristes visionnaires et passionn\u00e9s, d\u00e9di\u00e9e \u00e0 l&rsquo;art de l&rsquo;\u00e9criture et de la conception de sc\u00e9narios sur mesure. Depuis notre cr\u00e9ation, nous avons eu le privil\u00e8ge de diriger, \u00e9crire et r\u00e9aliser plusieurs centaines de projets pour une grande vari\u00e9t\u00e9 de formats [&hellip;]<\/p>\n","protected":false},"author":1,"featured_media":0,"parent":0,"menu_order":0,"comment_status":"closed","ping_status":"closed","template":"","meta":{"_seopress_robots_primary_cat":"","_seopress_titles_title":"","_seopress_titles_desc":"","_seopress_robots_index":"","footnotes":""},"class_list":["post-1079","page","type-page","status-publish","hentry"],"_links":{"self":[{"href":"https:\/\/proscenario.fr\/pt\/wp-json\/wp\/v2\/pages\/1079","targetHints":{"allow":["GET"]}}],"collection":[{"href":"https:\/\/proscenario.fr\/pt\/wp-json\/wp\/v2\/pages"}],"about":[{"href":"https:\/\/proscenario.fr\/pt\/wp-json\/wp\/v2\/types\/page"}],"author":[{"embeddable":true,"href":"https:\/\/proscenario.fr\/pt\/wp-json\/wp\/v2\/users\/1"}],"replies":[{"embeddable":true,"href":"https:\/\/proscenario.fr\/pt\/wp-json\/wp\/v2\/comments?post=1079"}],"version-history":[{"count":29,"href":"https:\/\/proscenario.fr\/pt\/wp-json\/wp\/v2\/pages\/1079\/revisions"}],"predecessor-version":[{"id":2476,"href":"https:\/\/proscenario.fr\/pt\/wp-json\/wp\/v2\/pages\/1079\/revisions\/2476"}],"wp:attachment":[{"href":"https:\/\/proscenario.fr\/pt\/wp-json\/wp\/v2\/media?parent=1079"}],"curies":[{"name":"wp","href":"https:\/\/api.w.org\/{rel}","templated":true}]}}