{"id":1077,"date":"2024-09-02T22:08:18","date_gmt":"2024-09-02T22:08:18","guid":{"rendered":"http:\/\/proscenario.fr\/about\/"},"modified":"2025-01-17T22:05:02","modified_gmt":"2025-01-17T22:05:02","slug":"politica-de-privacidade","status":"publish","type":"page","link":"https:\/\/proscenario.fr\/pt\/politica-de-privacidade\/","title":{"rendered":"Pol\u00edtica de privacidade"},"content":{"rendered":"<div data-elementor-type=\"wp-page\" data-elementor-id=\"1077\" class=\"elementor elementor-1077\" data-elementor-settings=\"{&quot;ha_cmc_init_switcher&quot;:&quot;no&quot;}\">\n\t\t\t\t<div class=\"elementor-element elementor-element-6e6b0ad e-flex e-con-boxed e-con e-parent\" data-id=\"6e6b0ad\" data-element_type=\"container\" data-e-type=\"container\" data-settings=\"{&quot;background_background&quot;:&quot;classic&quot;,&quot;_ha_eqh_enable&quot;:false}\">\n\t\t\t\t\t<div class=\"e-con-inner\">\n\t\t\t\t<div class=\"elementor-element elementor-element-fccd208 elementor-widget elementor-widget-text-editor\" data-id=\"fccd208\" data-element_type=\"widget\" data-e-type=\"widget\" data-widget_type=\"text-editor.default\">\n\t\t\t\t<div class=\"elementor-widget-container\">\n\t\t\t\t\t\t\t\t\t<h3><strong>Pol\u00edtica de privacidade<\/strong><\/h3><p><strong>Proscenario.fr<\/strong>gerido por Alexandre Hoesli (empres\u00e1rio em nome individual), respeita a sua privacidade e compromete-se a proteger os seus dados pessoais. Esta pol\u00edtica de confidencialidade descreve a forma como recolhemos, utilizamos e protegemos as suas informa\u00e7\u00f5es.<\/p><h4><strong>1. Recolha de dados pessoais<\/strong><\/h4><p>Recolhemos as suas informa\u00e7\u00f5es pessoais quando :<\/p><ul><li>O utilizador faz uma reserva atrav\u00e9s do nosso s\u00edtio Web.<\/li><li>Subscrever a nossa newsletter.<\/li><li>Utiliza o nosso servi\u00e7o de pagamento Stripe ou o servi\u00e7o de gest\u00e3o de compromissos Calendly.<\/li><\/ul><p>As informa\u00e7\u00f5es recolhidas podem incluir: o seu apelido, nome pr\u00f3prio, endere\u00e7o eletr\u00f3nico, n\u00famero de telefone, endere\u00e7o postal, dados de pagamento e quaisquer outros dados relevantes para a presta\u00e7\u00e3o dos nossos servi\u00e7os.<\/p><h4><strong>2. Utiliza\u00e7\u00e3o dos dados<\/strong><\/h4><p>As suas informa\u00e7\u00f5es s\u00e3o utilizadas para :<\/p><ul><li>Gerir as suas reservas e servi\u00e7os.<\/li><li>Prestar-lhe os servi\u00e7os de que necessita (forma\u00e7\u00e3o, apoio, orienta\u00e7\u00e3o, etc.).<\/li><li>Processe os seus pagamentos de forma segura atrav\u00e9s do Stripe.<\/li><li>Planeie e gira os seus compromissos atrav\u00e9s do Calendly.<\/li><li>Inform\u00e1-lo de quaisquer actualiza\u00e7\u00f5es ou promo\u00e7\u00f5es.<\/li><\/ul><h4><strong>3. Partilha de dados<\/strong><\/h4><p>N\u00e3o partilhamos os seus dados pessoais com terceiros para fins comerciais. No entanto, as suas informa\u00e7\u00f5es podem ser partilhadas com os nossos prestadores de servi\u00e7os terceiros, nomeadamente :<\/p><ul><li><strong>Riscas<\/strong> para um processamento seguro dos pagamentos.<\/li><li><strong>Calendly<\/strong> para a gest\u00e3o de compromissos.<\/li><\/ul><h4><strong>4. Seguran\u00e7a dos dados<\/strong><\/h4><p>Implementamos medidas t\u00e9cnicas para proteger os seus dados contra o acesso n\u00e3o autorizado, a altera\u00e7\u00e3o e a destrui\u00e7\u00e3o. Os seus dados de pagamento s\u00e3o encriptados utilizando o protocolo SSL.<\/p><h4><strong>5. Os seus direitos<\/strong><\/h4><p>De acordo com a legisla\u00e7\u00e3o em vigor, o utilizador tem o direito de aceder, retificar ou apagar os seus dados pessoais. Para exercer estes direitos, contacte-nos atrav\u00e9s de : <strong><a rel=\"noopener\">alexandre@proscenario.fr.fr<\/a><\/strong>.<\/p>\t\t\t\t\t\t\t\t<\/div>\n\t\t\t\t<\/div>\n\t\t\t\t\t<\/div>\n\t\t\t\t<\/div>\n\t\t\t\t<\/div>","protected":false},"excerpt":{"rendered":"<p>Politique de confidentialit\u00e9 Proscenario.fr, exploit\u00e9 par Alexandre Hoesli (Auto-entrepreneur), respecte votre vie priv\u00e9e et s&rsquo;engage \u00e0 prot\u00e9ger vos donn\u00e9es personnelles. Cette politique de confidentialit\u00e9 d\u00e9crit comment nous recueillons, utilisons et prot\u00e9geons vos informations. 1. Collecte des donn\u00e9es personnelles Nous collectons vos informations personnelles lorsque : Vous effectuez une r\u00e9servation via notre site. Vous vous inscrivez [&hellip;]<\/p>\n","protected":false},"author":1,"featured_media":0,"parent":0,"menu_order":0,"comment_status":"closed","ping_status":"closed","template":"","meta":{"_seopress_robots_primary_cat":"","_seopress_titles_title":"","_seopress_titles_desc":"","_seopress_robots_index":"","footnotes":""},"class_list":["post-1077","page","type-page","status-publish","hentry"],"_links":{"self":[{"href":"https:\/\/proscenario.fr\/pt\/wp-json\/wp\/v2\/pages\/1077","targetHints":{"allow":["GET"]}}],"collection":[{"href":"https:\/\/proscenario.fr\/pt\/wp-json\/wp\/v2\/pages"}],"about":[{"href":"https:\/\/proscenario.fr\/pt\/wp-json\/wp\/v2\/types\/page"}],"author":[{"embeddable":true,"href":"https:\/\/proscenario.fr\/pt\/wp-json\/wp\/v2\/users\/1"}],"replies":[{"embeddable":true,"href":"https:\/\/proscenario.fr\/pt\/wp-json\/wp\/v2\/comments?post=1077"}],"version-history":[{"count":21,"href":"https:\/\/proscenario.fr\/pt\/wp-json\/wp\/v2\/pages\/1077\/revisions"}],"predecessor-version":[{"id":2501,"href":"https:\/\/proscenario.fr\/pt\/wp-json\/wp\/v2\/pages\/1077\/revisions\/2501"}],"wp:attachment":[{"href":"https:\/\/proscenario.fr\/pt\/wp-json\/wp\/v2\/media?parent=1077"}],"curies":[{"name":"wp","href":"https:\/\/api.w.org\/{rel}","templated":true}]}}