{"id":1952,"date":"2024-09-04T11:53:04","date_gmt":"2024-09-04T11:53:04","guid":{"rendered":"https:\/\/proscenario.fr\/?page_id=1952"},"modified":"2025-01-17T21:36:20","modified_gmt":"2025-01-17T21:36:20","slug":"algemene-verkoopvoorwaarden","status":"publish","type":"page","link":"https:\/\/proscenario.fr\/nl\/algemene-verkoopvoorwaarden\/","title":{"rendered":"Verkoopvoorwaarden"},"content":{"rendered":"<div data-elementor-type=\"wp-page\" data-elementor-id=\"1952\" class=\"elementor elementor-1952\" data-elementor-settings=\"{&quot;ha_cmc_init_switcher&quot;:&quot;no&quot;}\">\n\t\t\t\t<div class=\"elementor-element elementor-element-6e6b0ad e-flex e-con-boxed e-con e-parent\" data-id=\"6e6b0ad\" data-element_type=\"container\" data-e-type=\"container\" data-settings=\"{&quot;background_background&quot;:&quot;classic&quot;,&quot;_ha_eqh_enable&quot;:false}\">\n\t\t\t\t\t<div class=\"e-con-inner\">\n\t\t\t\t<div class=\"elementor-element elementor-element-fccd208 elementor-widget elementor-widget-text-editor\" data-id=\"fccd208\" data-element_type=\"widget\" data-e-type=\"widget\" data-widget_type=\"text-editor.default\">\n\t\t\t\t<div class=\"elementor-widget-container\">\n\t\t\t\t\t\t\t\t\t<h3><strong>Algemene verkoopvoorwaarden (AVV)<\/strong><\/h3><h4><strong>1. Toepassingsgebied<\/strong><\/h4><p>Deze algemene verkoopvoorwaarden zijn van toepassing op alle diensten geleverd door <strong>ProScenario.nl<\/strong>vertegenwoordigd door Alexandre Hoesli, zelfstandig ondernemer. Diensten omvatten: training, ondersteuning, coaching, scriptadvies en scriptschrijven op maat voor films, series, reclamespots en meer.<\/p><h4><strong>2. Controle<\/strong><\/h4><p>Alle bestellingen worden bevestigd zodra de betaling via ons beveiligde betalingssysteem is gevalideerd. <strong>Streep<\/strong> en het plannen van uw afspraak via <strong>Calendly<\/strong>. Klanten ontvangen een bevestigingse-mail met de details van hun reservering.<\/p><h4><strong>3. Tarieven en betaling<\/strong><\/h4><p>De prijzen voor diensten worden vermeld in euro's, inclusief alle belastingen. Betalingen worden online gedaan via <strong>Streep<\/strong> veilig.<\/p><h4><strong>4. Annulering en terugbetaling<\/strong><\/h4><p>Zodra de reservering bevestigd is, <strong>er vindt geen terugbetaling plaats<\/strong>Wij raden onze klanten aan om alle details zorgvuldig te controleren voordat zij hun boeking definitief maken. We raden onze klanten aan om alle details zorgvuldig te controleren voordat ze hun boeking afronden.<\/p><h4><strong>5. Verplichtingen van de klant<\/strong><\/h4><p>De klant verbindt zich ertoe om op het moment van de reservering nauwkeurige informatie te verstrekken en zich aan de geplande afspraken te houden. In geval van laattijdigheid of afwezigheid zonder kennisgeving, wordt de dienst als voltooid beschouwd.<\/p><h4><strong>6. Vertrouwelijkheid<\/strong><\/h4><p>Alle informatie die tijdens de diensten wordt uitgewisseld is strikt vertrouwelijk. Alexandre Hoesli verbindt zich ertoe de vertrouwelijkheid van de gedeelde informatie te respecteren.<\/p><h4><strong>7. Toepasselijk recht en jurisdictie<\/strong><\/h4><p>Deze algemene voorwaarden vallen onder het Franse recht. Elk geschil met betrekking tot de interpretatie of uitvoering van deze algemene voorwaarden valt onder de exclusieve bevoegdheid van de Franse rechtbanken.<\/p>\t\t\t\t\t\t\t\t<\/div>\n\t\t\t\t<\/div>\n\t\t\t\t\t<\/div>\n\t\t\t\t<\/div>\n\t\t\t\t<\/div>","protected":false},"excerpt":{"rendered":"<p>Conditions g\u00e9n\u00e9rales de vente (CGV) 1. Champ d&rsquo;application Les pr\u00e9sentes conditions g\u00e9n\u00e9rales de vente s&rsquo;appliquent \u00e0 toutes les prestations fournies par ProScenario.fr, repr\u00e9sent\u00e9 par Alexandre Hoesli, auto-entrepreneur. Les services incluent : formation, accompagnement, coaching, consulting en sc\u00e9nario, et \u00e9criture sur mesure de sc\u00e9narios pour films, s\u00e9ries, publicit\u00e9s et autres. 2. Commande Toute commande est confirm\u00e9e [&hellip;]<\/p>\n","protected":false},"author":1,"featured_media":0,"parent":0,"menu_order":0,"comment_status":"closed","ping_status":"closed","template":"","meta":{"_seopress_robots_primary_cat":"","_seopress_titles_title":"","_seopress_titles_desc":"","_seopress_robots_index":"","footnotes":""},"class_list":["post-1952","page","type-page","status-publish","hentry"],"_links":{"self":[{"href":"https:\/\/proscenario.fr\/nl\/wp-json\/wp\/v2\/pages\/1952","targetHints":{"allow":["GET"]}}],"collection":[{"href":"https:\/\/proscenario.fr\/nl\/wp-json\/wp\/v2\/pages"}],"about":[{"href":"https:\/\/proscenario.fr\/nl\/wp-json\/wp\/v2\/types\/page"}],"author":[{"embeddable":true,"href":"https:\/\/proscenario.fr\/nl\/wp-json\/wp\/v2\/users\/1"}],"replies":[{"embeddable":true,"href":"https:\/\/proscenario.fr\/nl\/wp-json\/wp\/v2\/comments?post=1952"}],"version-history":[{"count":17,"href":"https:\/\/proscenario.fr\/nl\/wp-json\/wp\/v2\/pages\/1952\/revisions"}],"predecessor-version":[{"id":2496,"href":"https:\/\/proscenario.fr\/nl\/wp-json\/wp\/v2\/pages\/1952\/revisions\/2496"}],"wp:attachment":[{"href":"https:\/\/proscenario.fr\/nl\/wp-json\/wp\/v2\/media?parent=1952"}],"curies":[{"name":"wp","href":"https:\/\/api.w.org\/{rel}","templated":true}]}}