{"id":1077,"date":"2024-09-02T22:08:18","date_gmt":"2024-09-02T22:08:18","guid":{"rendered":"http:\/\/proscenario.fr\/about\/"},"modified":"2025-01-17T22:05:02","modified_gmt":"2025-01-17T22:05:02","slug":"privacybeleid","status":"publish","type":"page","link":"https:\/\/proscenario.fr\/nl\/privacybeleid\/","title":{"rendered":"Privacybeleid"},"content":{"rendered":"<div data-elementor-type=\"wp-page\" data-elementor-id=\"1077\" class=\"elementor elementor-1077\" data-elementor-settings=\"{&quot;ha_cmc_init_switcher&quot;:&quot;no&quot;}\">\n\t\t\t\t<div class=\"elementor-element elementor-element-6e6b0ad e-flex e-con-boxed e-con e-parent\" data-id=\"6e6b0ad\" data-element_type=\"container\" data-e-type=\"container\" data-settings=\"{&quot;background_background&quot;:&quot;classic&quot;,&quot;_ha_eqh_enable&quot;:false}\">\n\t\t\t\t\t<div class=\"e-con-inner\">\n\t\t\t\t<div class=\"elementor-element elementor-element-fccd208 elementor-widget elementor-widget-text-editor\" data-id=\"fccd208\" data-element_type=\"widget\" data-e-type=\"widget\" data-widget_type=\"text-editor.default\">\n\t\t\t\t<div class=\"elementor-widget-container\">\n\t\t\t\t\t\t\t\t\t<h3><strong>Privacybeleid<\/strong><\/h3><p><strong>Proscenario.fr<\/strong>beheerd door Alexandre Hoesli (zelfstandig ondernemer), respecteert uw privacy en hecht veel waarde aan de bescherming van uw persoonsgegevens. Dit vertrouwelijkheidsbeleid beschrijft hoe wij uw gegevens verzamelen, gebruiken en beschermen.<\/p><h4><strong>1. Verzamelen van persoonlijke gegevens<\/strong><\/h4><p>Wij verzamelen uw persoonlijke gegevens wanneer :<\/p><ul><li>U maakt een reservering via onze website.<\/li><li>Abonneer u op onze nieuwsbrief.<\/li><li>U gebruikt onze Stripe betalingsservice of Calendly afsprakenservice.<\/li><\/ul><p>De verzamelde informatie kan bestaan uit: uw achternaam, voornaam, e-mailadres, telefoonnummer, postadres, betalingsgegevens en alle andere gegevens die relevant zijn voor het verlenen van onze diensten.<\/p><h4><strong>2. Gebruik van gegevens<\/strong><\/h4><p>Uw informatie wordt gebruikt voor :<\/p><ul><li>Beheer uw boekingen en diensten.<\/li><li>U de diensten leveren die u nodig hebt (training, ondersteuning, coaching, enz.).<\/li><li>Verwerk uw betalingen veilig via Stripe.<\/li><li>Plan en beheer uw afspraken via Calendly.<\/li><li>U op de hoogte houden van updates of promoties.<\/li><\/ul><h4><strong>3. Delen van gegevens<\/strong><\/h4><p>Wij delen uw persoonlijke gegevens niet met derden voor commerci\u00eble doeleinden. Uw gegevens kunnen echter wel gedeeld worden met onze externe dienstverleners, in het bijzonder :<\/p><ul><li><strong>Streep<\/strong> voor een veilige verwerking van betalingen.<\/li><li><strong>Calendly<\/strong> voor afspraakbeheer.<\/li><\/ul><h4><strong>4. Gegevensbeveiliging<\/strong><\/h4><p>Wij implementeren technische maatregelen om uw gegevens te beschermen tegen ongeoorloofde toegang, wijziging en vernietiging. Uw betalingsgegevens worden gecodeerd met behulp van het SSL-protocol.<\/p><h4><strong>5. Uw rechten<\/strong><\/h4><p>In overeenstemming met de huidige wetgeving hebt u het recht om uw persoonlijke gegevens in te zien, te corrigeren of te verwijderen. Om deze rechten uit te oefenen, kunt u contact met ons opnemen via : <strong><a rel=\"noopener\">alexandre@proscenario.fr.fr<\/a><\/strong>.<\/p>\t\t\t\t\t\t\t\t<\/div>\n\t\t\t\t<\/div>\n\t\t\t\t\t<\/div>\n\t\t\t\t<\/div>\n\t\t\t\t<\/div>","protected":false},"excerpt":{"rendered":"<p>Politique de confidentialit\u00e9 Proscenario.fr, exploit\u00e9 par Alexandre Hoesli (Auto-entrepreneur), respecte votre vie priv\u00e9e et s&rsquo;engage \u00e0 prot\u00e9ger vos donn\u00e9es personnelles. Cette politique de confidentialit\u00e9 d\u00e9crit comment nous recueillons, utilisons et prot\u00e9geons vos informations. 1. Collecte des donn\u00e9es personnelles Nous collectons vos informations personnelles lorsque : Vous effectuez une r\u00e9servation via notre site. Vous vous inscrivez [&hellip;]<\/p>\n","protected":false},"author":1,"featured_media":0,"parent":0,"menu_order":0,"comment_status":"closed","ping_status":"closed","template":"","meta":{"_seopress_robots_primary_cat":"","_seopress_titles_title":"","_seopress_titles_desc":"","_seopress_robots_index":"","footnotes":""},"class_list":["post-1077","page","type-page","status-publish","hentry"],"_links":{"self":[{"href":"https:\/\/proscenario.fr\/nl\/wp-json\/wp\/v2\/pages\/1077","targetHints":{"allow":["GET"]}}],"collection":[{"href":"https:\/\/proscenario.fr\/nl\/wp-json\/wp\/v2\/pages"}],"about":[{"href":"https:\/\/proscenario.fr\/nl\/wp-json\/wp\/v2\/types\/page"}],"author":[{"embeddable":true,"href":"https:\/\/proscenario.fr\/nl\/wp-json\/wp\/v2\/users\/1"}],"replies":[{"embeddable":true,"href":"https:\/\/proscenario.fr\/nl\/wp-json\/wp\/v2\/comments?post=1077"}],"version-history":[{"count":21,"href":"https:\/\/proscenario.fr\/nl\/wp-json\/wp\/v2\/pages\/1077\/revisions"}],"predecessor-version":[{"id":2501,"href":"https:\/\/proscenario.fr\/nl\/wp-json\/wp\/v2\/pages\/1077\/revisions\/2501"}],"wp:attachment":[{"href":"https:\/\/proscenario.fr\/nl\/wp-json\/wp\/v2\/media?parent=1077"}],"curies":[{"name":"wp","href":"https:\/\/api.w.org\/{rel}","templated":true}]}}