{"id":1952,"date":"2024-09-04T11:53:04","date_gmt":"2024-09-04T11:53:04","guid":{"rendered":"https:\/\/proscenario.fr\/?page_id=1952"},"modified":"2025-01-17T21:36:20","modified_gmt":"2025-01-17T21:36:20","slug":"%ec%9d%bc%eb%b0%98-%ed%8c%90%eb%a7%a4-%ec%95%bd%ea%b4%80","status":"publish","type":"page","link":"https:\/\/proscenario.fr\/ko\/%ec%9d%bc%eb%b0%98-%ed%8c%90%eb%a7%a4-%ec%95%bd%ea%b4%80\/","title":{"rendered":"\uc77c\ubc18 \ud310\ub9e4 \uc57d\uad00"},"content":{"rendered":"<div data-elementor-type=\"wp-page\" data-elementor-id=\"1952\" class=\"elementor elementor-1952\" data-elementor-settings=\"{&quot;ha_cmc_init_switcher&quot;:&quot;no&quot;}\">\n\t\t\t\t<div class=\"elementor-element elementor-element-6e6b0ad e-flex e-con-boxed e-con e-parent\" data-id=\"6e6b0ad\" data-element_type=\"container\" data-e-type=\"container\" data-settings=\"{&quot;background_background&quot;:&quot;classic&quot;,&quot;_ha_eqh_enable&quot;:false}\">\n\t\t\t\t\t<div class=\"e-con-inner\">\n\t\t\t\t<div class=\"elementor-element elementor-element-fccd208 elementor-widget elementor-widget-text-editor\" data-id=\"fccd208\" data-element_type=\"widget\" data-e-type=\"widget\" data-widget_type=\"text-editor.default\">\n\t\t\t\t<div class=\"elementor-widget-container\">\n\t\t\t\t\t\t\t\t\t<h3><strong>\uc77c\ubc18 \ud310\ub9e4 \uc57d\uad00(GTCS)<\/strong><\/h3><h4><strong>1. \uc801\uc6a9 \ubc94\uc704<\/strong><\/h4><p>\ubcf8 \uc77c\ubc18 \ud310\ub9e4 \uc57d\uad00\uc740 \ub2e4\uc74c\uc5d0\uc11c \uc81c\uacf5\ud558\ub294 \ubaa8\ub4e0 \uc11c\ube44\uc2a4\uc5d0 \uc801\uc6a9\ub429\ub2c8\ub2e4. <strong>ProScenario.co.uk<\/strong>\uc54c\ub809\uc0b0\ub4dc\ub974 \ud68c\uc2ac\ub9ac\uac00 \ub300\ud45c\ub97c \ub9e1\uace0 \uc788\ub294 \uc790\uc601\uc5c5\uc790\uc785\ub2c8\ub2e4. \uc11c\ube44\uc2a4\uc5d0\ub294 \uc601\ud654, \uc2dc\ub9ac\uc988, \uad11\uace0 \ub4f1\uc744 \uc704\ud55c \uad50\uc721, \uc9c0\uc6d0, \ucf54\uce6d, \ub300\ubcf8 \ucee8\uc124\ud305, \ub9de\ucda4\ud615 \ub300\ubcf8 \uc791\uc131\uc774 \ud3ec\ud568\ub429\ub2c8\ub2e4.<\/p><h4><strong>2. \uc81c\uc5b4<\/strong><\/h4><p>\ubaa8\ub4e0 \uc8fc\ubb38\uc740 \ubcf4\uc548 \uacb0\uc81c \uc2dc\uc2a4\ud15c\uc744 \ud1b5\ud574 \uacb0\uc81c\uac00 \ud655\uc778\ub418\uba74 \ud655\uc815\ub429\ub2c8\ub2e4. <strong>\uc2a4\ud2b8\ub77c\uc774\ud504<\/strong> \ub97c \ud1b5\ud574 \uc57d\uc18d\uc744 \uc608\uc57d\ud558\uace0 <strong>\uce98\ub9b0\ub354<\/strong>. \uace0\uac1d\uc740 \uc608\uc57d \uc138\ubd80 \uc815\ubcf4\uac00 \ud3ec\ud568\ub41c \ud655\uc778 \uc774\uba54\uc77c\uc744 \ubc1b\uac8c \ub429\ub2c8\ub2e4.<\/p><h4><strong>3. \uc694\uae08 \ubc0f \uacb0\uc81c<\/strong><\/h4><p>\uc11c\ube44\uc2a4 \uac00\uaca9\uc740 \uc720\ub85c\ub85c \ud45c\uc2dc\ub418\uba70 \ubaa8\ub4e0 \uc138\uae08\uc774 \ud3ec\ud568\ub418\uc5b4 \uc788\uc2b5\ub2c8\ub2e4. \uacb0\uc81c\ub294 \ub2e4\uc74c\uc744 \ud1b5\ud574 \uc628\ub77c\uc778\uc73c\ub85c \uc774\ub8e8\uc5b4\uc9d1\ub2c8\ub2e4. <strong>\uc2a4\ud2b8\ub77c\uc774\ud504<\/strong> \uc548\uc804\ud558\uac8c.<\/p><h4><strong>4. \ucde8\uc18c \ubc0f \ud658\ubd88<\/strong><\/h4><p>\uc608\uc57d\uc774 \ud655\uc815\ub418\uba74 \uc608\uc57d\uc774 \uc644\ub8cc\ub429\ub2c8\ub2e4, <strong>\ud658\uae09\uc774 \uc774\ub8e8\uc5b4\uc9c0\uc9c0 \uc54a\uc2b5\ub2c8\ub2e4.<\/strong>\uc608\uc57d\uc744 \uc644\ub8cc\ud558\uae30 \uc804\uc5d0 \ubaa8\ub4e0 \uc138\ubd80 \uc815\ubcf4\ub97c \uaf3c\uaf3c\ud788 \ud655\uc778\ud558\uc2e4 \uac83\uc744 \uad8c\uc7a5\ud569\ub2c8\ub2e4. \uc608\uc57d\uc744 \uc644\ub8cc\ud558\uae30 \uc804\uc5d0 \ubaa8\ub4e0 \uc138\ubd80 \uc815\ubcf4\ub97c \uaf3c\uaf3c\ud788 \ud655\uc778\ud558\uc2e4 \uac83\uc744 \uad8c\uc7a5\ud569\ub2c8\ub2e4.<\/p><h4><strong>5. \uace0\uac1d\uc758 \uc758\ubb34<\/strong><\/h4><p>\uace0\uac1d\uc740 \uc608\uc57d \uc2dc \uc815\ud655\ud55c \uc815\ubcf4\ub97c \uc81c\uacf5\ud558\uace0 \uc608\uc815\ub41c \uc57d\uc18d\uc744 \uc9c0\ud0ac \uac83\uc744 \uc57d\uc18d\ud569\ub2c8\ub2e4. \ud1b5\ubcf4 \uc5c6\uc774 \uc9c0\uac01 \ub610\ub294 \uacb0\uc11d\ud558\ub294 \uacbd\uc6b0 \uc11c\ube44\uc2a4\uac00 \uc644\ub8cc\ub41c \uac83\uc73c\ub85c \uac04\uc8fc\ub429\ub2c8\ub2e4.<\/p><h4><strong>6. \uae30\ubc00 \uc720\uc9c0<\/strong><\/h4><p>\uc11c\ube44\uc2a4 \uc911\uc5d0 \uad50\ud658\ub418\ub294 \ubaa8\ub4e0 \uc815\ubcf4\ub294 \uc5c4\uaca9\ud558\uac8c \uae30\ubc00\ub85c \uc720\uc9c0\ub429\ub2c8\ub2e4. \uc54c\ub809\uc0b0\ub4dc\ub974 \ud68c\uc2ac\ub9ac\ub294 \uacf5\uc720\ub41c \uc815\ubcf4\uc758 \uae30\ubc00\uc744 \uc874\uc911\ud560 \uac83\uc744 \uc57d\uc18d\ud569\ub2c8\ub2e4.<\/p><h4><strong>7. \uc801\uc6a9 \ubc95\ub960 \ubc0f \uad00\ud560\uad8c<\/strong><\/h4><p>\ubcf8 \uc77c\ubc18 \uc774\uc6a9\uc57d\uad00\uc740 \ud504\ub791\uc2a4 \ubc95\uc758 \uc801\uc6a9\uc744 \ubc1b\uc2b5\ub2c8\ub2e4. \ubcf8 \uc57d\uad00\uc758 \ud574\uc11d \ub610\ub294 \uc774\ud589\uacfc \uad00\ub828\ub41c \ubaa8\ub4e0 \ubd84\uc7c1\uc740 \ud504\ub791\uc2a4 \ubc95\uc6d0\uc758 \uc804\uc18d\uc801 \uad00\ud560\uad8c\uc5d0 \uc18d\ud569\ub2c8\ub2e4.<\/p>\t\t\t\t\t\t\t\t<\/div>\n\t\t\t\t<\/div>\n\t\t\t\t\t<\/div>\n\t\t\t\t<\/div>\n\t\t\t\t<\/div>","protected":false},"excerpt":{"rendered":"<p>Conditions g\u00e9n\u00e9rales de vente (CGV) 1. Champ d&rsquo;application Les pr\u00e9sentes conditions g\u00e9n\u00e9rales de vente s&rsquo;appliquent \u00e0 toutes les prestations fournies par ProScenario.fr, repr\u00e9sent\u00e9 par Alexandre Hoesli, auto-entrepreneur. Les services incluent : formation, accompagnement, coaching, consulting en sc\u00e9nario, et \u00e9criture sur mesure de sc\u00e9narios pour films, s\u00e9ries, publicit\u00e9s et autres. 2. Commande Toute commande est confirm\u00e9e [&hellip;]<\/p>\n","protected":false},"author":1,"featured_media":0,"parent":0,"menu_order":0,"comment_status":"closed","ping_status":"closed","template":"","meta":{"_seopress_robots_primary_cat":"","_seopress_titles_title":"","_seopress_titles_desc":"","_seopress_robots_index":"","footnotes":""},"class_list":["post-1952","page","type-page","status-publish","hentry"],"_links":{"self":[{"href":"https:\/\/proscenario.fr\/ko\/wp-json\/wp\/v2\/pages\/1952","targetHints":{"allow":["GET"]}}],"collection":[{"href":"https:\/\/proscenario.fr\/ko\/wp-json\/wp\/v2\/pages"}],"about":[{"href":"https:\/\/proscenario.fr\/ko\/wp-json\/wp\/v2\/types\/page"}],"author":[{"embeddable":true,"href":"https:\/\/proscenario.fr\/ko\/wp-json\/wp\/v2\/users\/1"}],"replies":[{"embeddable":true,"href":"https:\/\/proscenario.fr\/ko\/wp-json\/wp\/v2\/comments?post=1952"}],"version-history":[{"count":17,"href":"https:\/\/proscenario.fr\/ko\/wp-json\/wp\/v2\/pages\/1952\/revisions"}],"predecessor-version":[{"id":2496,"href":"https:\/\/proscenario.fr\/ko\/wp-json\/wp\/v2\/pages\/1952\/revisions\/2496"}],"wp:attachment":[{"href":"https:\/\/proscenario.fr\/ko\/wp-json\/wp\/v2\/media?parent=1952"}],"curies":[{"name":"wp","href":"https:\/\/api.w.org\/{rel}","templated":true}]}}