{"id":1944,"date":"2024-09-04T11:48:48","date_gmt":"2024-09-04T11:48:48","guid":{"rendered":"https:\/\/proscenario.fr\/?page_id=1944"},"modified":"2025-01-17T22:04:11","modified_gmt":"2025-01-17T22:04:11","slug":"%eb%b2%95%eb%a5%a0-%ec%a0%95%eb%b3%b4","status":"publish","type":"page","link":"https:\/\/proscenario.fr\/ko\/%eb%b2%95%eb%a5%a0-%ec%a0%95%eb%b3%b4\/","title":{"rendered":"\ubc95\ub960 \uc815\ubcf4"},"content":{"rendered":"<div data-elementor-type=\"wp-page\" data-elementor-id=\"1944\" class=\"elementor elementor-1944\" data-elementor-settings=\"{&quot;ha_cmc_init_switcher&quot;:&quot;no&quot;}\">\n\t\t\t\t<div class=\"elementor-element elementor-element-6e6b0ad e-flex e-con-boxed e-con e-parent\" data-id=\"6e6b0ad\" data-element_type=\"container\" data-e-type=\"container\" data-settings=\"{&quot;background_background&quot;:&quot;classic&quot;,&quot;_ha_eqh_enable&quot;:false}\">\n\t\t\t\t\t<div class=\"e-con-inner\">\n\t\t\t\t<div class=\"elementor-element elementor-element-fccd208 elementor-widget elementor-widget-text-editor\" data-id=\"fccd208\" data-element_type=\"widget\" data-e-type=\"widget\" data-widget_type=\"text-editor.default\">\n\t\t\t\t<div class=\"elementor-widget-container\">\n\t\t\t\t\t\t\t\t\t<h3><strong>\ubc95\ub960 \uc815\ubcf4<\/strong><\/h3>\n<h4><strong>1. \uc0ac\uc774\ud2b8 \ud3b8\uc9d1\uae30<\/strong><\/h4>\n<p>\uc6f9\uc0ac\uc774\ud2b8 <strong>proscenario.fr<\/strong> \uc5d0 \uc758\ud574 \uac8c\uc2dc\ub418\uc5c8\uc2b5\ub2c8\ub2e4:<\/p>\n<ul>\n<li><strong>\uc774\ub984<\/strong> \uc54c\ub809\uc0b0\ub4dc\ub974 \ud68c\uc2ac\ub9ac(\uc790\uc601\uc5c5\uc790)<\/li>\n<li><strong>\ubcf8\uc0ac<\/strong> 22 rue Gay-Lussac, 75005 \ud30c\ub9ac, \ud504\ub791\uc2a4<\/li>\n<li><strong>SIRET \ubc88\ud638<\/strong> : 93265540000012<\/li>\n<li><strong>\uc774\uba54\uc77c<\/strong> : <a rel=\"noopener\">alexandre.hoesli@proscenario.fr<\/a><\/li>\n<li><strong>\uc804\ud654<\/strong> : +33 7 65 81 39 39<\/li>\n<\/ul>\n<h4><strong>2. \ud638\uc2a4\ud305<\/strong><\/h4>\n<p>\uc774 \uc0ac\uc774\ud2b8\ub294 \uc5d0 \uc758\ud574 \ud638\uc2a4\ud305\ub429\ub2c8\ub2e4:<\/p>\n<ul>\n<li><strong>\ud638\uc2a4\ud2b8 \uc774\ub984<\/strong> : Hostinger<\/li>\n<li><strong>\uc8fc\uc18c<\/strong> 34, \ube4c\ub274\uc2a4 03230 \ub9ac\ud22c\uc544\ub2c8\uc544, \ube4c\ub274\uc2a4 03230 \ub9ac\ud22c\uc544\ub2c8\uc544, \ud638\uc2a4\ud305 \uc5c5\uccb4 \uc6b4\uc601, UAB, \u0160vitrigailos str.<\/li>\n<li><strong>\uc804\ud654<\/strong> : <a href=\"\/ko\/\uc804\ud654: +37064503378\/\">+37064503378<\/a><\/li>\n<\/ul>\n<h4><strong>3. \uc9c0\uc801 \uc7ac\uc0b0<\/strong><\/h4>\n<p>\uc0ac\uc774\ud2b8\uc758 \ucf58\ud150\uce20(\ud14d\uc2a4\ud2b8, \uc774\ubbf8\uc9c0, \ub3d9\uc601\uc0c1 \ub4f1)\ub294 \ub2e4\uc74c\uc758 \ub3c5\uc810\uc801 \uc790\uc0b0\uc785\ub2c8\ub2e4. <strong>\ud504\ub85c\uc2dc\ub098\ub9ac\uc624.fr<\/strong> \uc0ac\uc804 \uc2b9\uc778 \uc5c6\uc774 \ubcf5\uc81c\ud560 \uc218 \uc5c6\uc2b5\ub2c8\ub2e4.<\/p>\n<h4><strong>4. \ucc45\uc784\uc758 \uc81c\ud55c<\/strong><\/h4>\n<p>\uc54c\ub809\uc0b0\ub4dc\ub974 \ud68c\uc2ac\ub9ac\ub294 \uc0ac\uc774\ud2b8 \uc0ac\uc6a9\uc73c\ub85c \uc778\ud55c \uc9c1\uac04\uc811\uc801\uc778 \uc190\ud574\ub098 \uc77c\uc2dc\uc801\uc778 \uc0ac\uc774\ud2b8 \uc811\uc18d \ubd88\uac00\ub85c \uc778\ud55c \uc190\ud574\uc5d0 \ub300\ud574 \ucc45\uc784\uc744 \uc9c0\uc9c0 \uc54a\uc2b5\ub2c8\ub2e4.<\/p>\t\t\t\t\t\t\t\t<\/div>\n\t\t\t\t<\/div>\n\t\t\t\t\t<\/div>\n\t\t\t\t<\/div>\n\t\t\t\t<\/div>","protected":false},"excerpt":{"rendered":"<p>Mentions l\u00e9gales 1. \u00c9diteur du site Le site proscenario.fr est \u00e9dit\u00e9 par : Nom : Alexandre H\u00f6sli (Auto-entrepreneur) Si\u00e8ge social : 22 rue Gay-Lussac, 75005 Paris Num\u00e9ro SIRET : 93265540000012 E-mail : alexandre.hoesli@proscenario.fr T\u00e9l\u00e9phone : +33 7 65 81 39 39 2. H\u00e9bergement Le site est h\u00e9berg\u00e9 par : Nom de l&rsquo;h\u00e9bergeur : Hostinger Adresse [&hellip;]<\/p>\n","protected":false},"author":1,"featured_media":0,"parent":0,"menu_order":0,"comment_status":"closed","ping_status":"closed","template":"","meta":{"_seopress_robots_primary_cat":"","_seopress_titles_title":"","_seopress_titles_desc":"","_seopress_robots_index":"","footnotes":""},"class_list":["post-1944","page","type-page","status-publish","hentry"],"_links":{"self":[{"href":"https:\/\/proscenario.fr\/ko\/wp-json\/wp\/v2\/pages\/1944","targetHints":{"allow":["GET"]}}],"collection":[{"href":"https:\/\/proscenario.fr\/ko\/wp-json\/wp\/v2\/pages"}],"about":[{"href":"https:\/\/proscenario.fr\/ko\/wp-json\/wp\/v2\/types\/page"}],"author":[{"embeddable":true,"href":"https:\/\/proscenario.fr\/ko\/wp-json\/wp\/v2\/users\/1"}],"replies":[{"embeddable":true,"href":"https:\/\/proscenario.fr\/ko\/wp-json\/wp\/v2\/comments?post=1944"}],"version-history":[{"count":20,"href":"https:\/\/proscenario.fr\/ko\/wp-json\/wp\/v2\/pages\/1944\/revisions"}],"predecessor-version":[{"id":2502,"href":"https:\/\/proscenario.fr\/ko\/wp-json\/wp\/v2\/pages\/1944\/revisions\/2502"}],"wp:attachment":[{"href":"https:\/\/proscenario.fr\/ko\/wp-json\/wp\/v2\/media?parent=1944"}],"curies":[{"name":"wp","href":"https:\/\/api.w.org\/{rel}","templated":true}]}}