{"id":1077,"date":"2024-09-02T22:08:18","date_gmt":"2024-09-02T22:08:18","guid":{"rendered":"http:\/\/proscenario.fr\/about\/"},"modified":"2025-01-17T22:05:02","modified_gmt":"2025-01-17T22:05:02","slug":"%ea%b0%9c%ec%9d%b8%ec%a0%95%eb%b3%b4-%eb%b3%b4%ed%98%b8%ec%a0%95%ec%b1%85","status":"publish","type":"page","link":"https:\/\/proscenario.fr\/ko\/%ea%b0%9c%ec%9d%b8%ec%a0%95%eb%b3%b4-%eb%b3%b4%ed%98%b8%ec%a0%95%ec%b1%85\/","title":{"rendered":"\uac1c\uc778\uc815\ubcf4 \ubcf4\ud638\uc815\ucc45"},"content":{"rendered":"<div data-elementor-type=\"wp-page\" data-elementor-id=\"1077\" class=\"elementor elementor-1077\" data-elementor-settings=\"{&quot;ha_cmc_init_switcher&quot;:&quot;no&quot;}\">\n\t\t\t\t<div class=\"elementor-element elementor-element-6e6b0ad e-flex e-con-boxed e-con e-parent\" data-id=\"6e6b0ad\" data-element_type=\"container\" data-e-type=\"container\" data-settings=\"{&quot;background_background&quot;:&quot;classic&quot;,&quot;_ha_eqh_enable&quot;:false}\">\n\t\t\t\t\t<div class=\"e-con-inner\">\n\t\t\t\t<div class=\"elementor-element elementor-element-fccd208 elementor-widget elementor-widget-text-editor\" data-id=\"fccd208\" data-element_type=\"widget\" data-e-type=\"widget\" data-widget_type=\"text-editor.default\">\n\t\t\t\t<div class=\"elementor-widget-container\">\n\t\t\t\t\t\t\t\t\t<h3><strong>\uac1c\uc778\uc815\ubcf4 \ubcf4\ud638\uc815\ucc45<\/strong><\/h3><p><strong>\ud504\ub85c\uc2dc\ub098\ub9ac\uc624.fr<\/strong>\uc54c\ub809\uc0b0\ub4dc\ub974 \ud68c\uc2ac\ub9ac(\uc790\uc601\uc5c5\uc790)\uac00 \uc6b4\uc601\ud558\ub294 \ud68c\uc0ac\ub294 \uc0ac\uc6a9\uc790\uc758 \uac1c\uc778\uc815\ubcf4\ub97c \uc874\uc911\ud558\uba70 \uc0ac\uc6a9\uc790\uc758 \uac1c\uc778 \ub370\uc774\ud130\ub97c \ubcf4\ud638\ud558\uae30 \uc704\ud574 \ucd5c\uc120\uc744 \ub2e4\ud558\uace0 \uc788\uc2b5\ub2c8\ub2e4. \ubcf8 \uac1c\uc778\uc815\ubcf4 \ubcf4\ud638\uc815\ucc45\uc740 \ub2f9\uc0ac\uac00 \uadc0\ud558\uc758 \uc815\ubcf4\ub97c \uc218\uc9d1, \uc0ac\uc6a9 \ubc0f \ubcf4\ud638\ud558\ub294 \ubc29\ubc95\uc744 \uc124\uba85\ud569\ub2c8\ub2e4.<\/p><h4><strong>1. \uac1c\uc778 \ub370\uc774\ud130 \uc218\uc9d1<\/strong><\/h4><p>\ub2f9\uc0ac\ub294 \ub2e4\uc74c\uacfc \uac19\uc740 \uacbd\uc6b0\uc5d0 \uac1c\uc778\uc815\ubcf4\ub97c \uc218\uc9d1\ud569\ub2c8\ub2e4:<\/p><ul><li>\uc6f9\uc0ac\uc774\ud2b8\ub97c \ud1b5\ud574 \uc608\uc57d\ud569\ub2c8\ub2e4.<\/li><li>\ub274\uc2a4\ub808\ud130\ub97c \uad6c\ub3c5\ud558\uc138\uc694.<\/li><li>Stripe \uacb0\uc81c \uc11c\ube44\uc2a4 \ub610\ub294 Calendly \uc77c\uc815 \uad00\ub9ac \uc11c\ube44\uc2a4\ub97c \uc0ac\uc6a9 \uc911\uc785\ub2c8\ub2e4.<\/li><\/ul><p>\uc218\uc9d1\ub418\ub294 \uc815\ubcf4\uc5d0\ub294 \uadc0\ud558\uc758 \uc131, \uc774\ub984, \uc774\uba54\uc77c \uc8fc\uc18c, \uc804\ud654\ubc88\ud638, \uc6b0\ud3b8 \uc8fc\uc18c, \uacb0\uc81c \uc815\ubcf4 \ubc0f \uae30\ud0c0 \uc11c\ube44\uc2a4 \uc81c\uacf5\uacfc \uad00\ub828\ub41c \uc138\ubd80 \uc815\ubcf4\uac00 \ud3ec\ud568\ub420 \uc218 \uc788\uc2b5\ub2c8\ub2e4.<\/p><h4><strong>2. \ub370\uc774\ud130 \uc0ac\uc6a9<\/strong><\/h4><p>\uadc0\ud558\uc758 \uc815\ubcf4\ub294 \ub2e4\uc74c\uc5d0 \uc0ac\uc6a9\ub429\ub2c8\ub2e4:<\/p><ul><li>\uc608\uc57d \ubc0f \uc11c\ube44\uc2a4\ub97c \uad00\ub9ac\ud558\uc138\uc694.<\/li><li>\ud544\uc694\ud55c \uc11c\ube44\uc2a4(\uad50\uc721, \uc9c0\uc6d0, \ucf54\uce6d \ub4f1)\ub97c \uc81c\uacf5\ud569\ub2c8\ub2e4.<\/li><li>Stripe\uc744 \ud1b5\ud574 \uc548\uc804\ud558\uac8c \uacb0\uc81c\ub97c \ucc98\ub9ac\ud558\uc138\uc694.<\/li><li>\uce98\ub9b0\ub354\ub97c \ud1b5\ud574 \uc57d\uc18d\uc744 \uacc4\ud68d\ud558\uace0 \uad00\ub9ac\ud558\uc138\uc694.<\/li><li>\uc5c5\ub370\uc774\ud2b8 \ub610\ub294 \ud504\ub85c\ubaa8\uc158\uc5d0 \ub300\ud574 \uc54c\ub824\ub4dc\ub9bd\ub2c8\ub2e4.<\/li><\/ul><h4><strong>3. \ub370\uc774\ud130 \uacf5\uc720<\/strong><\/h4><p>\ub2f9\uc0ac\ub294 \uadc0\ud558\uc758 \uac1c\uc778\uc815\ubcf4\ub97c \uc0c1\uc5c5\uc801 \ubaa9\uc801\uc73c\ub85c \uc81c3\uc790\uc640 \uacf5\uc720\ud558\uc9c0 \uc54a\uc2b5\ub2c8\ub2e4. \uadf8\ub7ec\ub098 \ud68c\uc6d0\ub2d8\uc758 \uc815\ubcf4\ub294 \ud2b9\ud788 \ub2e4\uc74c\uacfc \uac19\uc740 \uc81c3\uc790 \uc11c\ube44\uc2a4 \uc81c\uacf5\uc5c5\uccb4\uc640 \uacf5\uc720\ub420 \uc218 \uc788\uc2b5\ub2c8\ub2e4:<\/p><ul><li><strong>\uc2a4\ud2b8\ub77c\uc774\ud504<\/strong> \uc548\uc804\ud55c \uacb0\uc81c \ucc98\ub9ac\ub97c \uc704\ud574<\/li><li><strong>\uce98\ub9b0\ub354<\/strong> \ub97c \uc0ac\uc6a9\ud558\uc5ec \uc57d\uc18d\uc744 \uad00\ub9ac\ud560 \uc218 \uc788\uc2b5\ub2c8\ub2e4.<\/li><\/ul><h4><strong>4. \ub370\uc774\ud130 \ubcf4\uc548<\/strong><\/h4><p>\ub2f9\uc0ac\ub294 \ubb34\ub2e8 \uc561\uc138\uc2a4, \ubcc0\uacbd \ubc0f \ud30c\uae30\ub85c\ubd80\ud130 \ud68c\uc6d0\ub2d8\uc758 \ub370\uc774\ud130\ub97c \ubcf4\ud638\ud558\uae30 \uc704\ud55c \uae30\uc220\uc801 \uc870\uce58\ub97c \uc2dc\ud589\ud569\ub2c8\ub2e4. \uacb0\uc81c \uc815\ubcf4\ub294 SSL \ud504\ub85c\ud1a0\ucf5c\uc744 \uc0ac\uc6a9\ud558\uc5ec \uc554\ud638\ud654\ub429\ub2c8\ub2e4.<\/p><h4><strong>5. \uadc0\ud558\uc758 \uad8c\ub9ac<\/strong><\/h4><p>\ud604\ud589\ubc95\uc5d0 \ub530\ub77c \uadc0\ud558\ub294 \uc790\uc2e0\uc758 \uac1c\uc778 \ub370\uc774\ud130\uc5d0 \uc561\uc138\uc2a4, \uc218\uc815 \ub610\ub294 \uc0ad\uc81c\ud560 \uad8c\ub9ac\uac00 \uc788\uc2b5\ub2c8\ub2e4. \uc774\ub7ec\ud55c \uad8c\ub9ac\ub97c \ud589\uc0ac\ud558\ub824\uba74 \ub85c \ubb38\uc758\ud558\uc2dc\uae30 \ubc14\ub78d\ub2c8\ub2e4: <strong><a rel=\"noopener\">alexandre@proscenario.fr.fr<\/a><\/strong>.<\/p>\t\t\t\t\t\t\t\t<\/div>\n\t\t\t\t<\/div>\n\t\t\t\t\t<\/div>\n\t\t\t\t<\/div>\n\t\t\t\t<\/div>","protected":false},"excerpt":{"rendered":"<p>Politique de confidentialit\u00e9 Proscenario.fr, exploit\u00e9 par Alexandre Hoesli (Auto-entrepreneur), respecte votre vie priv\u00e9e et s&rsquo;engage \u00e0 prot\u00e9ger vos donn\u00e9es personnelles. Cette politique de confidentialit\u00e9 d\u00e9crit comment nous recueillons, utilisons et prot\u00e9geons vos informations. 1. Collecte des donn\u00e9es personnelles Nous collectons vos informations personnelles lorsque : Vous effectuez une r\u00e9servation via notre site. Vous vous inscrivez [&hellip;]<\/p>\n","protected":false},"author":1,"featured_media":0,"parent":0,"menu_order":0,"comment_status":"closed","ping_status":"closed","template":"","meta":{"_seopress_robots_primary_cat":"","_seopress_titles_title":"","_seopress_titles_desc":"","_seopress_robots_index":"","footnotes":""},"class_list":["post-1077","page","type-page","status-publish","hentry"],"_links":{"self":[{"href":"https:\/\/proscenario.fr\/ko\/wp-json\/wp\/v2\/pages\/1077","targetHints":{"allow":["GET"]}}],"collection":[{"href":"https:\/\/proscenario.fr\/ko\/wp-json\/wp\/v2\/pages"}],"about":[{"href":"https:\/\/proscenario.fr\/ko\/wp-json\/wp\/v2\/types\/page"}],"author":[{"embeddable":true,"href":"https:\/\/proscenario.fr\/ko\/wp-json\/wp\/v2\/users\/1"}],"replies":[{"embeddable":true,"href":"https:\/\/proscenario.fr\/ko\/wp-json\/wp\/v2\/comments?post=1077"}],"version-history":[{"count":21,"href":"https:\/\/proscenario.fr\/ko\/wp-json\/wp\/v2\/pages\/1077\/revisions"}],"predecessor-version":[{"id":2501,"href":"https:\/\/proscenario.fr\/ko\/wp-json\/wp\/v2\/pages\/1077\/revisions\/2501"}],"wp:attachment":[{"href":"https:\/\/proscenario.fr\/ko\/wp-json\/wp\/v2\/media?parent=1077"}],"curies":[{"name":"wp","href":"https:\/\/api.w.org\/{rel}","templated":true}]}}