{"id":2053,"date":"2024-09-04T22:14:15","date_gmt":"2024-09-04T22:14:15","guid":{"rendered":"https:\/\/proscenario.fr\/?page_id=2053"},"modified":"2025-01-17T21:37:52","modified_gmt":"2025-01-17T21:37:52","slug":"%e5%8d%94%e8%ad%b0%e7%a2%ba%e8%aa%8d","status":"publish","type":"page","link":"https:\/\/proscenario.fr\/ja\/%e5%8d%94%e8%ad%b0%e7%a2%ba%e8%aa%8d\/","title":{"rendered":"\u78ba\u8a8d"},"content":{"rendered":"<div data-elementor-type=\"wp-page\" data-elementor-id=\"2053\" class=\"elementor elementor-2053\" data-elementor-settings=\"{&quot;ha_cmc_init_switcher&quot;:&quot;no&quot;}\">\n\t\t\t\t<div class=\"elementor-element elementor-element-e7275c5 e-flex e-con-boxed e-con e-parent\" data-id=\"e7275c5\" data-element_type=\"container\" data-e-type=\"container\" data-settings=\"{&quot;background_background&quot;:&quot;classic&quot;,&quot;_ha_eqh_enable&quot;:false}\">\n\t\t\t\t\t<div class=\"e-con-inner\">\n\t\t\t\t<div class=\"elementor-element elementor-element-19e52ea elementor-widget elementor-widget-heading\" data-id=\"19e52ea\" data-element_type=\"widget\" data-e-type=\"widget\" data-widget_type=\"heading.default\">\n\t\t\t\t<div class=\"elementor-widget-container\">\n\t\t\t\t\t<h2 class=\"elementor-heading-title elementor-size-default\">\u78ba\u8a8d<\/h2>\t\t\t\t<\/div>\n\t\t\t\t<\/div>\n\t\t\t\t<div class=\"elementor-element elementor-element-2a955c8 elementor-widget__width-initial elementor-widget elementor-widget-text-editor\" data-id=\"2a955c8\" data-element_type=\"widget\" data-e-type=\"widget\" data-widget_type=\"text-editor.default\">\n\t\t\t\t<div class=\"elementor-widget-container\">\n\t\t\t\t\t\t\t\t\t<h3>\u3054\u4e88\u7d04\u304c\u78ba\u5b9a\u3057\u307e\u3057\u305f\uff01\u00a0<\/h3><p>E\u30e1\u30fc\u30eb\u306b\u3066\u78ba\u8a8d\u306e\u3054\u9023\u7d61\u3092\u5dee\u3057\u4e0a\u3052\u307e\u3059\u3002\u00a0<\/p><p>\u307e\u3060\u306e\u65b9\u306f\u3001\u79c1\u305f\u3061\u306e\u7d04\u675f\u3092\u5fd8\u308c\u306a\u3044\u3088\u3046\u306b\u3001\u4f1a\u8b70\u306e\u65e5\u6642\u3092\u30ab\u30ec\u30f3\u30c0\u30fc\u306b\u8ffd\u52a0\u3059\u308b\u306e\u3092\u304a\u5fd8\u308c\u306a\u304f\u3002\u00a0<\/p><p>\u3042\u308a\u304c\u3068\u3046\uff01\u00a0<\/p><p>\u656c\u5177<br \/>\u30d7\u30ed\u30b9\u30af\u30ea\u30d7\u30c8<\/p><p>\u00a0<\/p>\t\t\t\t\t\t\t\t<\/div>\n\t\t\t\t<\/div>\n\t\t\t\t\t<\/div>\n\t\t\t\t<\/div>\n\t\t\t\t<\/div>","protected":false},"excerpt":{"rendered":"<p>Confirmation Votre r\u00e9servation est confirm\u00e9e !\u00a0 Vous recevrez une confirmation sur votre bo\u00eete email.\u00a0 Si ce n&rsquo;est pas d\u00e9j\u00e0 fait, n&rsquo;oubliez pas d&rsquo;ajouter la date et l&rsquo;heure de la r\u00e9union sur votre calendrier pour ne pas oublier notre rendez-vous.\u00a0 Merci et \u00e0 tr\u00e8s bient\u00f4t !\u00a0 CordialementPro Sc\u00e9nario \u00a0<\/p>","protected":false},"author":1,"featured_media":0,"parent":0,"menu_order":0,"comment_status":"closed","ping_status":"closed","template":"","meta":{"_seopress_robots_primary_cat":"","_seopress_titles_title":"","_seopress_titles_desc":"","_seopress_robots_index":"","footnotes":""},"class_list":["post-2053","page","type-page","status-publish","hentry"],"_links":{"self":[{"href":"https:\/\/proscenario.fr\/ja\/wp-json\/wp\/v2\/pages\/2053","targetHints":{"allow":["GET"]}}],"collection":[{"href":"https:\/\/proscenario.fr\/ja\/wp-json\/wp\/v2\/pages"}],"about":[{"href":"https:\/\/proscenario.fr\/ja\/wp-json\/wp\/v2\/types\/page"}],"author":[{"embeddable":true,"href":"https:\/\/proscenario.fr\/ja\/wp-json\/wp\/v2\/users\/1"}],"replies":[{"embeddable":true,"href":"https:\/\/proscenario.fr\/ja\/wp-json\/wp\/v2\/comments?post=2053"}],"version-history":[{"count":14,"href":"https:\/\/proscenario.fr\/ja\/wp-json\/wp\/v2\/pages\/2053\/revisions"}],"predecessor-version":[{"id":2497,"href":"https:\/\/proscenario.fr\/ja\/wp-json\/wp\/v2\/pages\/2053\/revisions\/2497"}],"wp:attachment":[{"href":"https:\/\/proscenario.fr\/ja\/wp-json\/wp\/v2\/media?parent=2053"}],"curies":[{"name":"wp","href":"https:\/\/api.w.org\/{rel}","templated":true}]}}