{"id":1952,"date":"2024-09-04T11:53:04","date_gmt":"2024-09-04T11:53:04","guid":{"rendered":"https:\/\/proscenario.fr\/?page_id=1952"},"modified":"2025-01-17T21:36:20","modified_gmt":"2025-01-17T21:36:20","slug":"%e4%b8%80%e8%88%ac%e8%b2%a9%e5%a3%b2%e6%9d%a1%e4%bb%b6","status":"publish","type":"page","link":"https:\/\/proscenario.fr\/ja\/%e4%b8%80%e8%88%ac%e8%b2%a9%e5%a3%b2%e6%9d%a1%e4%bb%b6\/","title":{"rendered":"\u4e00\u822c\u8ca9\u58f2\u6761\u4ef6"},"content":{"rendered":"<div data-elementor-type=\"wp-page\" data-elementor-id=\"1952\" class=\"elementor elementor-1952\" data-elementor-settings=\"{&quot;ha_cmc_init_switcher&quot;:&quot;no&quot;}\">\n\t\t\t\t<div class=\"elementor-element elementor-element-6e6b0ad e-flex e-con-boxed e-con e-parent\" data-id=\"6e6b0ad\" data-element_type=\"container\" data-e-type=\"container\" data-settings=\"{&quot;background_background&quot;:&quot;classic&quot;,&quot;_ha_eqh_enable&quot;:false}\">\n\t\t\t\t\t<div class=\"e-con-inner\">\n\t\t\t\t<div class=\"elementor-element elementor-element-fccd208 elementor-widget elementor-widget-text-editor\" data-id=\"fccd208\" data-element_type=\"widget\" data-e-type=\"widget\" data-widget_type=\"text-editor.default\">\n\t\t\t\t<div class=\"elementor-widget-container\">\n\t\t\t\t\t\t\t\t\t<h3><strong>\u4e00\u822c\u8ca9\u58f2\u6761\u4ef6\uff08GTCS\uff09<\/strong><\/h3><h4><strong>1.\u9069\u7528\u7bc4\u56f2<\/strong><\/h4><p>\u672c\u8ca9\u58f2\u7d04\u6b3e\u306f\u3001\u5f53\u793e\u304c\u63d0\u4f9b\u3059\u308b\u3059\u3079\u3066\u306e\u30b5\u30fc\u30d3\u30b9\u306b\u9069\u7528\u3055\u308c\u307e\u3059\u3002 <strong>ProScenario.co.uk<\/strong>\u4ee3\u8868\uff1a\u30a2\u30ec\u30af\u30b5\u30f3\u30c9\u30eb\u30fb\u30db\u30a8\u30b9\u30ea\u3001\u81ea\u55b6\u696d\u3002\u30b5\u30fc\u30d3\u30b9\u5185\u5bb9\uff1a\u30c8\u30ec\u30fc\u30cb\u30f3\u30b0\u3001\u30b5\u30dd\u30fc\u30c8\u3001\u30b3\u30fc\u30c1\u30f3\u30b0\u3001\u811a\u672c\u30b3\u30f3\u30b5\u30eb\u30c6\u30a3\u30f3\u30b0\u3001\u6620\u753b\u3001\u30b7\u30ea\u30fc\u30ba\u3001CM\u306a\u3069\u306e\u7279\u6ce8\u811a\u672c\u3002<\/p><h4><strong>2.\u30b3\u30f3\u30c8\u30ed\u30fc\u30eb<\/strong><\/h4><p>\u3059\u3079\u3066\u306e\u3054\u6ce8\u6587\u306f\u3001\u5f53\u793e\u306e\u5b89\u5168\u306a\u6c7a\u6e08\u30b7\u30b9\u30c6\u30e0\u3067\u304a\u652f\u6255\u3044\u304c\u78ba\u8a8d\u3055\u308c\u305f\u6642\u70b9\u3067\u78ba\u5b9a\u3055\u308c\u307e\u3059\u3002 <strong>\u30b9\u30c8\u30e9\u30a4\u30d7<\/strong> \u3092\u901a\u3058\u3066\u3054\u4e88\u7d04\u304f\u3060\u3055\u3044\u3002 <strong>\u30ab\u30ec\u30f3\u30c0\u30fc<\/strong>.\u304a\u5ba2\u69d8\u306b\u306f\u4e88\u7d04\u306e\u8a73\u7d30\u304c\u8a18\u8f09\u3055\u308c\u305f\u78ba\u8a8d\u30e1\u30fc\u30eb\u304c\u9001\u4fe1\u3055\u308c\u307e\u3059\u3002<\/p><h4><strong>3.\u6599\u91d1\u3068\u652f\u6255\u3044<\/strong><\/h4><p>\u6599\u91d1\u306f\u7a0e\u8fbc\u307f\u3001\u30e6\u30fc\u30ed\u8868\u793a\u3067\u3059\u3002\u304a\u652f\u6255\u3044\u306f <strong>\u30b9\u30c8\u30e9\u30a4\u30d7<\/strong> \u3057\u3063\u304b\u308a\u3068\u3002<\/p><h4><strong>4.\u30ad\u30e3\u30f3\u30bb\u30eb\u3068\u6255\u3044\u623b\u3057<\/strong><\/h4><p>\u4e88\u7d04\u78ba\u5b9a\u5f8c <strong>\u6255\u3044\u623b\u3057\u306f\u306a\u3044<\/strong>\u4e88\u7d04\u3092\u78ba\u5b9a\u3059\u308b\u524d\u306b\u3001\u3059\u3079\u3066\u306e\u8a73\u7d30\u3092\u6ce8\u610f\u6df1\u304f\u78ba\u8a8d\u3059\u308b\u3053\u3068\u3092\u304a\u52e7\u3081\u3057\u307e\u3059\u3002\u4e88\u7d04\u3092\u78ba\u5b9a\u3059\u308b\u524d\u306b\u3001\u3059\u3079\u3066\u306e\u8a73\u7d30\u3092\u6ce8\u610f\u6df1\u304f\u78ba\u8a8d\u3059\u308b\u3053\u3068\u3092\u304a\u52e7\u3081\u3057\u307e\u3059\u3002<\/p><h4><strong>5.\u9867\u5ba2\u306e\u7fa9\u52d9<\/strong><\/h4><p>\u304a\u5ba2\u69d8\u306f\u3001\u4e88\u7d04\u6642\u306b\u6b63\u78ba\u306a\u60c5\u5831\u3092\u63d0\u4f9b\u3057\u3001\u4e88\u7d04\u6642\u9593\u3092\u53b3\u5b88\u3059\u308b\u3082\u306e\u3068\u3057\u307e\u3059\u3002\u3054\u9023\u7d61\u306a\u304f\u9045\u523b\u30fb\u6b20\u5e2d\u3055\u308c\u305f\u5834\u5408\u3001\u30b5\u30fc\u30d3\u30b9\u306f\u7d42\u4e86\u3057\u305f\u3082\u306e\u3068\u307f\u306a\u3057\u307e\u3059\u3002<\/p><h4><strong>6.\u5b88\u79d8\u7fa9\u52d9<\/strong><\/h4><p>\u30b5\u30fc\u30d3\u30b9\u4e2d\u306b\u4ea4\u63db\u3055\u308c\u308b\u3059\u3079\u3066\u306e\u60c5\u5831\u306f\u6975\u79d8\u3067\u3059\u3002\u30a2\u30ec\u30af\u30b5\u30f3\u30c9\u30eb\u30fb\u30db\u30a8\u30ea\u306f\u3001\u5171\u6709\u3055\u308c\u305f\u60c5\u5831\u306e\u6a5f\u5bc6\u6027\u3092\u5c0a\u91cd\u3059\u308b\u3053\u3068\u3092\u7d04\u675f\u3057\u307e\u3059\u3002<\/p><h4><strong>7.\u6e96\u62e0\u6cd5\u304a\u3088\u3073\u7ba1\u8f44\u88c1\u5224\u6240<\/strong><\/h4><p>\u672c\u4e00\u822c\u6761\u4ef6\u306f\u30d5\u30e9\u30f3\u30b9\u6cd5\u306b\u6e96\u62e0\u3059\u308b\u3002\u672c\u7d04\u6b3e\u306e\u89e3\u91c8\u307e\u305f\u306f\u5c65\u884c\u306b\u95a2\u3059\u308b\u7d1b\u4e89\u306f\u3001\u30d5\u30e9\u30f3\u30b9\u88c1\u5224\u6240\u3092\u5c02\u5c5e\u7684\u5408\u610f\u7ba1\u8f44\u88c1\u5224\u6240\u3068\u3057\u307e\u3059\u3002<\/p>\t\t\t\t\t\t\t\t<\/div>\n\t\t\t\t<\/div>\n\t\t\t\t\t<\/div>\n\t\t\t\t<\/div>\n\t\t\t\t<\/div>","protected":false},"excerpt":{"rendered":"<p>Conditions g\u00e9n\u00e9rales de vente (CGV) 1. Champ d&rsquo;application Les pr\u00e9sentes conditions g\u00e9n\u00e9rales de vente s&rsquo;appliquent \u00e0 toutes les prestations fournies par ProScenario.fr, repr\u00e9sent\u00e9 par Alexandre Hoesli, auto-entrepreneur. Les services incluent : formation, accompagnement, coaching, consulting en sc\u00e9nario, et \u00e9criture sur mesure de sc\u00e9narios pour films, s\u00e9ries, publicit\u00e9s et autres. 2. Commande Toute commande est confirm\u00e9e apr\u00e8s validation du paiement via notre syst\u00e8me de paiement s\u00e9curis\u00e9 Stripe et la planification du rendez-vous via Calendly. Le client recevra un e-mail de confirmation avec les d\u00e9tails de sa r\u00e9servation. 3. Tarifs et paiements Les prix des prestations sont indiqu\u00e9s en euros, toutes taxes comprises. Les paiements sont effectu\u00e9s en ligne via Stripe de [&hellip;]<\/p>\n","protected":false},"author":1,"featured_media":0,"parent":0,"menu_order":0,"comment_status":"closed","ping_status":"closed","template":"","meta":{"_seopress_robots_primary_cat":"","_seopress_titles_title":"","_seopress_titles_desc":"","_seopress_robots_index":"","footnotes":""},"class_list":["post-1952","page","type-page","status-publish","hentry"],"_links":{"self":[{"href":"https:\/\/proscenario.fr\/ja\/wp-json\/wp\/v2\/pages\/1952","targetHints":{"allow":["GET"]}}],"collection":[{"href":"https:\/\/proscenario.fr\/ja\/wp-json\/wp\/v2\/pages"}],"about":[{"href":"https:\/\/proscenario.fr\/ja\/wp-json\/wp\/v2\/types\/page"}],"author":[{"embeddable":true,"href":"https:\/\/proscenario.fr\/ja\/wp-json\/wp\/v2\/users\/1"}],"replies":[{"embeddable":true,"href":"https:\/\/proscenario.fr\/ja\/wp-json\/wp\/v2\/comments?post=1952"}],"version-history":[{"count":17,"href":"https:\/\/proscenario.fr\/ja\/wp-json\/wp\/v2\/pages\/1952\/revisions"}],"predecessor-version":[{"id":2496,"href":"https:\/\/proscenario.fr\/ja\/wp-json\/wp\/v2\/pages\/1952\/revisions\/2496"}],"wp:attachment":[{"href":"https:\/\/proscenario.fr\/ja\/wp-json\/wp\/v2\/media?parent=1952"}],"curies":[{"name":"wp","href":"https:\/\/api.w.org\/{rel}","templated":true}]}}