{"id":1944,"date":"2024-09-04T11:48:48","date_gmt":"2024-09-04T11:48:48","guid":{"rendered":"https:\/\/proscenario.fr\/?page_id=1944"},"modified":"2025-01-17T22:04:11","modified_gmt":"2025-01-17T22:04:11","slug":"%e6%b3%95%e7%9a%84%e6%83%85%e5%a0%b1","status":"publish","type":"page","link":"https:\/\/proscenario.fr\/ja\/%e6%b3%95%e7%9a%84%e6%83%85%e5%a0%b1\/","title":{"rendered":"\u6cd5\u7684\u60c5\u5831"},"content":{"rendered":"<div data-elementor-type=\"wp-page\" data-elementor-id=\"1944\" class=\"elementor elementor-1944\" data-elementor-settings=\"{&quot;ha_cmc_init_switcher&quot;:&quot;no&quot;}\">\n\t\t\t\t<div class=\"elementor-element elementor-element-6e6b0ad e-flex e-con-boxed e-con e-parent\" data-id=\"6e6b0ad\" data-element_type=\"container\" data-e-type=\"container\" data-settings=\"{&quot;background_background&quot;:&quot;classic&quot;,&quot;_ha_eqh_enable&quot;:false}\">\n\t\t\t\t\t<div class=\"e-con-inner\">\n\t\t\t\t<div class=\"elementor-element elementor-element-fccd208 elementor-widget elementor-widget-text-editor\" data-id=\"fccd208\" data-element_type=\"widget\" data-e-type=\"widget\" data-widget_type=\"text-editor.default\">\n\t\t\t\t<div class=\"elementor-widget-container\">\n\t\t\t\t\t\t\t\t\t<h3><strong>\u6cd5\u7684\u60c5\u5831<\/strong><\/h3>\n<h4><strong>1.\u30b5\u30a4\u30c8\u30a8\u30c7\u30a3\u30bf<\/strong><\/h4>\n<p>\u30a6\u30a7\u30d6\u30b5\u30a4\u30c8 <strong>proscenario.fr<\/strong> \u304c\u51fa\u7248\u3055\u308c\u3066\u3044\u308b\uff1a<\/p>\n<ul>\n<li><strong>\u540d\u79f0<\/strong> \u30a2\u30ec\u30af\u30b5\u30f3\u30c9\u30eb\u30fb\u30d8\u30b9\u30ea\uff08\u81ea\u55b6\u696d\uff09<\/li>\n<li><strong>\u672c\u793e<\/strong> 22 rue Gay-Lussac, 75005 Paris<\/li>\n<li><strong>SIRET\u756a\u53f7<\/strong> : 93265540000012<\/li>\n<li><strong>\u96fb\u5b50\u30e1\u30fc\u30eb<\/strong> : <a rel=\"noopener\">alexandre.hoesli@proscenario.fr<\/a><\/li>\n<li><strong>\u96fb\u8a71<\/strong> : +33 7 65 81 39 39<\/li>\n<\/ul>\n<h4><strong>2.\u30db\u30b9\u30c6\u30a3\u30f3\u30b0<\/strong><\/h4>\n<p>\u3053\u306e\u30b5\u30a4\u30c8\u306f.NET\u306b\u3088\u3063\u3066\u30db\u30b9\u30c8\u3055\u308c\u3066\u3044\u308b\uff1a<\/p>\n<ul>\n<li><strong>\u30db\u30b9\u30c8\u540d<\/strong> \u30db\u30b9\u30c6\u30a3\u30f3\u30ac\u30fc<\/li>\n<li><strong>\u4f4f\u6240<\/strong> HOSTINGER operations, UAB,\u0160vitrigailos str. 34, Vilnius 03230 Lithuania<\/li>\n<li><strong>\u96fb\u8a71<\/strong> : <a href=\"TEL:+37064503378\">+37064503378<\/a><\/li>\n<\/ul>\n<h4><strong>3.\u77e5\u7684\u8ca1\u7523\u6a29<\/strong><\/h4>\n<p>\u672c\u30b5\u30a4\u30c8\u306e\u30b3\u30f3\u30c6\u30f3\u30c4\uff08\u30c6\u30ad\u30b9\u30c8\u3001\u753b\u50cf\u3001\u52d5\u753b\u306a\u3069\uff09\u306f\u3001\u4ee5\u4e0b\u306e\u6240\u6709\u8005\u306b\u72ec\u5360\u7684\u306b\u5e30\u5c5e\u3057\u307e\u3059\u3002 <strong>Proscenario.fr<\/strong> \u7121\u65ad\u8ee2\u8f09\u3092\u7981\u3058\u307e\u3059\u3002<\/p>\n<h4><strong>4.\u8cac\u4efb\u306e\u5236\u9650<\/strong><\/h4>\n<p>Alexandre H\u00f6sli\u306f\u3001\u672c\u30b5\u30a4\u30c8\u306e\u5229\u7528\u306b\u8d77\u56e0\u3059\u308b\u76f4\u63a5\u7684\u307e\u305f\u306f\u9593\u63a5\u7684\u306a\u640d\u5bb3\u3001\u304a\u3088\u3073\u672c\u30b5\u30a4\u30c8\u3078\u306e\u4e00\u6642\u7684\u306a\u30a2\u30af\u30bb\u30b9\u4e0d\u80fd\u306b\u8d77\u56e0\u3059\u308b\u640d\u5bb3\u306b\u3064\u3044\u3066\u8cac\u4efb\u3092\u8ca0\u3044\u307e\u305b\u3093\u3002<\/p>\t\t\t\t\t\t\t\t<\/div>\n\t\t\t\t<\/div>\n\t\t\t\t\t<\/div>\n\t\t\t\t<\/div>\n\t\t\t\t<\/div>","protected":false},"excerpt":{"rendered":"<p>Mentions l\u00e9gales 1. \u00c9diteur du site Le site proscenario.fr est \u00e9dit\u00e9 par : Nom : Alexandre H\u00f6sli (Auto-entrepreneur) Si\u00e8ge social : 22 rue Gay-Lussac, 75005 Paris Num\u00e9ro SIRET : 93265540000012 E-mail : alexandre.hoesli@proscenario.fr T\u00e9l\u00e9phone : +33 7 65 81 39 39 2. H\u00e9bergement Le site est h\u00e9berg\u00e9 par : Nom de l&rsquo;h\u00e9bergeur : Hostinger Adresse : HOSTINGER operations, UAB, \u0160vitrigailos str. 34, Vilnius 03230 Lithuania T\u00e9l\u00e9phone : +37064503378 3. Propri\u00e9t\u00e9 intellectuelle Le contenu du site (textes, images, vid\u00e9os, etc.) est la propri\u00e9t\u00e9 exclusive de Proscenario.fr et ne peut \u00eatre reproduit sans autorisation pr\u00e9alable. 4. Limitation de responsabilit\u00e9 Alexandre H\u00f6sli ne pourra \u00eatre tenu responsable des dommages directs ou indirects r\u00e9sultant [&hellip;]<\/p>\n","protected":false},"author":1,"featured_media":0,"parent":0,"menu_order":0,"comment_status":"closed","ping_status":"closed","template":"","meta":{"_seopress_robots_primary_cat":"","_seopress_titles_title":"","_seopress_titles_desc":"","_seopress_robots_index":"","footnotes":""},"class_list":["post-1944","page","type-page","status-publish","hentry"],"_links":{"self":[{"href":"https:\/\/proscenario.fr\/ja\/wp-json\/wp\/v2\/pages\/1944","targetHints":{"allow":["GET"]}}],"collection":[{"href":"https:\/\/proscenario.fr\/ja\/wp-json\/wp\/v2\/pages"}],"about":[{"href":"https:\/\/proscenario.fr\/ja\/wp-json\/wp\/v2\/types\/page"}],"author":[{"embeddable":true,"href":"https:\/\/proscenario.fr\/ja\/wp-json\/wp\/v2\/users\/1"}],"replies":[{"embeddable":true,"href":"https:\/\/proscenario.fr\/ja\/wp-json\/wp\/v2\/comments?post=1944"}],"version-history":[{"count":20,"href":"https:\/\/proscenario.fr\/ja\/wp-json\/wp\/v2\/pages\/1944\/revisions"}],"predecessor-version":[{"id":2502,"href":"https:\/\/proscenario.fr\/ja\/wp-json\/wp\/v2\/pages\/1944\/revisions\/2502"}],"wp:attachment":[{"href":"https:\/\/proscenario.fr\/ja\/wp-json\/wp\/v2\/media?parent=1944"}],"curies":[{"name":"wp","href":"https:\/\/api.w.org\/{rel}","templated":true}]}}