{"id":1081,"date":"2024-09-02T22:08:18","date_gmt":"2024-09-02T22:08:18","guid":{"rendered":"http:\/\/proscenario.fr\/contact\/"},"modified":"2025-01-17T22:09:12","modified_gmt":"2025-01-17T22:09:12","slug":"%e3%82%b3%e3%83%b3%e3%82%bf%e3%82%af%e3%83%88","status":"publish","type":"page","link":"https:\/\/proscenario.fr\/ja\/%e3%82%b3%e3%83%b3%e3%82%bf%e3%82%af%e3%83%88\/","title":{"rendered":"\u9023\u7d61\u5148"},"content":{"rendered":"<div data-elementor-type=\"wp-page\" data-elementor-id=\"1081\" class=\"elementor elementor-1081\" data-elementor-settings=\"{&quot;ha_cmc_init_switcher&quot;:&quot;no&quot;}\">\n\t\t\t\t<div class=\"elementor-element elementor-element-f9d56cc e-con-full e-flex e-con e-parent\" data-id=\"f9d56cc\" data-element_type=\"container\" data-e-type=\"container\" data-settings=\"{&quot;background_background&quot;:&quot;classic&quot;,&quot;_ha_eqh_enable&quot;:false}\">\n\t\t\t\t<div class=\"elementor-element elementor-element-fd1e791 elementor-widget elementor-widget-image\" data-id=\"fd1e791\" data-element_type=\"widget\" data-e-type=\"widget\" data-widget_type=\"image.default\">\n\t\t\t\t<div class=\"elementor-widget-container\">\n\t\t\t\t\t\t\t\t\t\t\t\t\t\t\t<img alt=\"\" fetchpriority=\"high\" decoding=\"async\" width=\"1600\" height=\"424\" src=\"https:\/\/proscenario.fr\/wp-content\/uploads\/2024\/09\/7-e1725452441339.jpeg\" class=\"attachment-full size-full wp-image-1994\" srcset=\"https:\/\/proscenario.fr\/wp-content\/uploads\/2024\/09\/7-e1725452441339.jpeg.webp 1600w, https:\/\/proscenario.fr\/wp-content\/uploads\/2024\/09\/7-e1725452441339-300x80.jpeg.webp 300w, https:\/\/proscenario.fr\/wp-content\/uploads\/2024\/09\/7-e1725452441339-1024x271.jpeg.webp 1024w, https:\/\/proscenario.fr\/wp-content\/uploads\/2024\/09\/7-e1725452441339-768x204.jpeg.webp 768w, https:\/\/proscenario.fr\/wp-content\/uploads\/2024\/09\/7-e1725452441339-1536x407.jpeg.webp 1536w\" sizes=\"(max-width: 1600px) 100vw, 1600px\" \/>\t\t\t\t\t\t\t\t\t\t\t\t\t\t\t<\/div>\n\t\t\t\t<\/div>\n\t\t\t\t<\/div>\n\t\t<div class=\"elementor-element elementor-element-c6cc06b e-flex e-con-boxed e-con e-parent\" data-id=\"c6cc06b\" data-element_type=\"container\" data-e-type=\"container\" data-settings=\"{&quot;background_background&quot;:&quot;classic&quot;,&quot;_ha_eqh_enable&quot;:false}\">\n\t\t\t\t\t<div class=\"e-con-inner\">\n\t\t\t\t<div class=\"elementor-element elementor-element-009d3ce elementor-widget elementor-widget-heading\" data-id=\"009d3ce\" data-element_type=\"widget\" data-e-type=\"widget\" data-widget_type=\"heading.default\">\n\t\t\t\t<div class=\"elementor-widget-container\">\n\t\t\t\t\t<h2 class=\"elementor-heading-title elementor-size-default\">\u304a\u554f\u3044\u5408\u308f\u305b<\/h2>\t\t\t\t<\/div>\n\t\t\t\t<\/div>\n\t\t\t\t\t<\/div>\n\t\t\t\t<\/div>\n\t\t<div class=\"elementor-element elementor-element-3e8bd43 e-flex e-con-boxed e-con e-parent\" data-id=\"3e8bd43\" data-element_type=\"container\" data-e-type=\"container\" data-settings=\"{&quot;background_background&quot;:&quot;classic&quot;,&quot;_ha_eqh_enable&quot;:false}\">\n\t\t\t\t\t<div class=\"e-con-inner\">\n\t\t<div class=\"elementor-element elementor-element-4eb20c7 e-con-full e-flex e-con e-child\" data-id=\"4eb20c7\" data-element_type=\"container\" data-e-type=\"container\" data-settings=\"{&quot;_ha_eqh_enable&quot;:false}\">\n\t\t<div class=\"elementor-element elementor-element-82cf79e e-con-full e-flex e-con e-child\" data-id=\"82cf79e\" data-element_type=\"container\" data-e-type=\"container\" data-settings=\"{&quot;_ha_eqh_enable&quot;:false}\">\n\t\t\t\t<div class=\"elementor-element elementor-element-b30356f elementor-hidden-tablet elementor-hidden-mobile elementor-widget elementor-widget-spacer\" data-id=\"b30356f\" data-element_type=\"widget\" data-e-type=\"widget\" data-widget_type=\"spacer.default\">\n\t\t\t\t<div class=\"elementor-widget-container\">\n\t\t\t\t\t\t\t<div class=\"elementor-spacer\">\n\t\t\t<div class=\"elementor-spacer-inner\"><\/div>\n\t\t<\/div>\n\t\t\t\t\t\t<\/div>\n\t\t\t\t<\/div>\n\t\t\t\t<div class=\"elementor-element elementor-element-e415f5a elementor-widget__width-initial elementor-widget elementor-widget-text-editor\" data-id=\"e415f5a\" data-element_type=\"widget\" data-e-type=\"widget\" data-widget_type=\"text-editor.default\">\n\t\t\t\t<div class=\"elementor-widget-container\">\n\t\t\t\t\t\t\t\t\t<h2 data-pm-slice=\"1 1 []\"><strong>E\u30e1\u30fc\u30eb<\/strong><\/h2><p>\u79c1\u305f\u3061\u306e\u30b5\u30fc\u30d3\u30b9\u306b\u3064\u3044\u3066\u306e\u3054\u8cea\u554f\u3084\u30d7\u30ed\u30b8\u30a7\u30af\u30c8\u3092\u304a\u6301\u3061\u3067\u3059\u304b\uff1f\u305c\u3072\u3054\u9023\u7d61\u304f\u3060\u3055\u3044\uff01\u4e0b\u8a18\u306e\u30d5\u30a9\u30fc\u30e0\u3092\u3054\u5229\u7528\u3044\u305f\u3060\u304f\u304b\u3001\u76f4\u63a5E\u30e1\u30fc\u30eb\u307e\u305f\u306f\u304a\u96fb\u8a71\u306b\u3066\u304a\u554f\u3044\u5408\u308f\u305b\u304f\u3060\u3055\u3044\u3002\u304a\u5ba2\u69d8\u306e\u30a2\u30a4\u30c7\u30a2\u3092\u5b9f\u73fe\u3059\u308b\u305f\u3081\u306e\u6700\u5584\u306e\u65b9\u6cd5\u306b\u3064\u3044\u3066\u3001\u3067\u304d\u308b\u3060\u3051\u65e9\u304f\u3054\u9023\u7d61\u3044\u305f\u3057\u307e\u3059\u3002<\/p>\t\t\t\t\t\t\t\t<\/div>\n\t\t\t\t<\/div>\n\t\t\t\t<\/div>\n\t\t\t\t<\/div>\n\t\t<div class=\"elementor-element elementor-element-1917489 e-con-full e-flex e-con e-child\" data-id=\"1917489\" data-element_type=\"container\" data-e-type=\"container\" data-settings=\"{&quot;background_background&quot;:&quot;classic&quot;,&quot;_ha_eqh_enable&quot;:false}\">\n\t\t\t\t<div class=\"elementor-element elementor-element-beb3448 elementor-widget__width-initial elementor-widget elementor-widget-shortcode\" data-id=\"beb3448\" data-element_type=\"widget\" data-e-type=\"widget\" data-widget_type=\"shortcode.default\">\n\t\t\t\t<div class=\"elementor-widget-container\">\n\t\t\t\t\t\t\t<div class=\"elementor-shortcode\"><div class=\"forminator-ui forminator-custom-form forminator-custom-form-1647 forminator-design--default  forminator_ajax\" data-forminator-render=\"0\" data-form=\"forminator-module-1647\" data-uid=\"6a06de6b179fc\"><br\/><\/div><form\n\t\t\t\tid=\"forminator-module-1647\"\n\t\t\t\tclass=\"forminator-ui forminator-custom-form forminator-custom-form-1647 forminator-design--default  forminator_ajax\"\n\t\t\t\tmethod=\"post\"\n\t\t\t\tdata-forminator-render=\"0\"\n\t\t\t\tdata-form-id=\"1647\"\n\t\t\t\tenctype=\"multipart\/form-data\" data-color-option=\"default\" data-design=\"default\" data-grid=\"open\" style=\"display: none;\"\n\t\t\t\tdata-uid=\"6a06de6b179fc\" action=\"\"\n\t\t\t><div role=\"alert\" aria-live=\"polite\" class=\"forminator-response-message forminator-error\" aria-hidden=\"true\"><\/div><div class=\"forminator-row\"><div id=\"name-1\" class=\"forminator-field-name forminator-col forminator-col-12\"><div class=\"forminator-field\"><label for=\"forminator-field-name-1_6a06de6b179fc\" id=\"forminator-field-name-1_6a06de6b179fc-label\" class=\"forminator-label\">\u540d\u79f0 <span class=\"forminator-required\">*<\/span><\/label><input type=\"text\" name=\"name-1\" value=\"\" placeholder=\"\" id=\"forminator-field-name-1_6a06de6b179fc\" class=\"forminator-input forminator-name--field\" aria-required=\"true\" autocomplete=\"name\" \/><\/div><\/div><\/div><div class=\"forminator-row\"><div id=\"email-1\" class=\"forminator-field-email forminator-col forminator-col-12\"><div class=\"forminator-field\"><label for=\"forminator-field-email-1_6a06de6b179fc\" id=\"forminator-field-email-1_6a06de6b179fc-label\" class=\"forminator-label\">\u30e1\u30fc\u30eb\u30a2\u30c9\u30ec\u30b9 <span class=\"forminator-required\">*<\/span><\/label><input type=\"email\" name=\"email-1\" value=\"\" placeholder=\"\" id=\"forminator-field-email-1_6a06de6b179fc\" class=\"forminator-input forminator-email--field\" data-required=\"true\" aria-required=\"true\" autocomplete=\"email\" \/><\/div><\/div><\/div><div class=\"forminator-row\"><div id=\"phone-1\" class=\"forminator-field-phone forminator-col forminator-col-12\"><div class=\"forminator-field\"><label for=\"forminator-field-phone-1_6a06de6b179fc\" id=\"forminator-field-phone-1_6a06de6b179fc-label\" class=\"forminator-label\">\u96fb\u8a71\u756a\u53f7<\/label><input type=\"text\" name=\"phone-1\" value=\"\" placeholder=\"\" id=\"forminator-field-phone-1_6a06de6b179fc\" class=\"forminator-input forminator-field--phone\" data-required=\"\" aria-required=\"false\" autocomplete=\"off\" \/><\/div><\/div><\/div><div class=\"forminator-row\"><div id=\"textarea-1\" class=\"forminator-field-textarea forminator-col forminator-col-12\"><div class=\"forminator-field\"><label for=\"forminator-field-textarea-1_6a06de6b179fc\" id=\"forminator-field-textarea-1_6a06de6b179fc-label\" class=\"forminator-label\">\u30e1\u30c3\u30bb\u30fc\u30b8<\/label><textarea name=\"textarea-1\" placeholder=\"\" id=\"forminator-field-textarea-1_6a06de6b179fc\" class=\"forminator-textarea\" rows=\"6\" style=\"min-height:140px;\" maxlength=\"180\" ><\/textarea><span id=\"forminator-field-textarea-1_6a06de6b179fc-description\" class=\"forminator-description\"><span data-limit=\"180\" data-type=\"characters\" data-editor=\"\">0 \/ 180<\/span><\/span><\/div><\/div><\/div><div class=\"forminator-row\"><div id=\"upload-1\" class=\"forminator-field-upload forminator-col forminator-col-12\"><div class=\"forminator-field\"><label for=\"forminator-field-upload-1_6a06de6b179fc\" id=\"forminator-field-upload-1_6a06de6b179fc-label\" class=\"forminator-label\">\u30d5\u30a1\u30a4\u30eb\u306e\u30a2\u30c3\u30d7\u30ed\u30fc\u30c9<\/label><div class=\"forminator-file-upload\" data-element=\"upload-1_6a06de6b179fc\"><input type=\"file\" name=\"upload-1\" id=\"forminator-field-upload-1_6a06de6b179fc\" class=\"forminator-input-file\" accept=\".jpg,.jpeg,.jpe,.gif,.png,.bmp,.tiff,.tif,.webp,.avif,.ico,.heic,.asf,.asx,.wmv,.wmx,.wm,.avi,.divx,.flv,.mov,.qt,.mpeg,.mpg,.mpe,.mp4,.m4v,.ogv,.webm,.mkv,.3gp,.3gpp,.3g2,.3gp2,.txt,.asc,.c,.cc,.h,.srt,.csv,.tsv,.ics,.rtx,.vtt,.mp3,.m4a,.m4b,.aac,.ra,.ram,.wav,.ogg,.oga,.flac,.mid,.midi,.wma,.wax,.mka,.rtf,.pdf,.class,.tar,.zip,.gz,.gzip,.7z,.psd,.xcf,.doc,.pot,.pps,.ppt,.wri,.xla,.xls,.xlt,.xlw,.mdb,.mpp,.docx,.docm,.dotx,.dotm,.xlsx,.xlsm,.xlsb,.xltx,.xltm,.xlam,.pptx,.pptm,.ppsx,.ppsm,.potx,.potm,.ppam,.sldx,.sldm,.onetoc,.onetoc2,.onetmp,.onepkg,.oxps,.xps,.odt,.odp,.ods,.odg,.odc,.odb,.odf,.wp,.wpd,.key,.numbers,.pages\" tabindex=\"-1\"><button id=\"forminator-field-upload-1_6a06de6b179fc_button\" class=\"forminator-button forminator-button-upload\" data-id=\"forminator-field-upload-1_6a06de6b179fc\">\u30d5\u30a1\u30a4\u30eb\u3092\u9078\u629e<\/button><span data-empty-text=\"\u30d5\u30a1\u30a4\u30eb\u304c\u9078\u629e\u3055\u308c\u3066\u3044\u307e\u305b\u3093\">\u30d5\u30a1\u30a4\u30eb\u304c\u9078\u629e\u3055\u308c\u3066\u3044\u307e\u305b\u3093<\/span><button class=\"forminator-button-delete\" style=\"display: none;\"><i class=\"forminator-icon-close\" aria-hidden=\"true\"><\/i><span class=\"forminator-screen-reader-only\">\u30a2\u30c3\u30d7\u30ed\u30fc\u30c9\u30d5\u30a1\u30a4\u30eb\u3092\u524a\u9664<\/span><\/button><\/div><\/div><\/div><\/div><input type=\"hidden\" name=\"referer_url\" value=\"\" \/><div class=\"forminator-row forminator-row-last\"><div class=\"forminator-col\"><div class=\"forminator-field\"><button class=\"forminator-button forminator-button-submit\">\u9001\u4fe1<\/button><\/div><\/div><\/div><input type=\"hidden\" id=\"forminator_nonce\" name=\"forminator_nonce\" value=\"fcb835e1ea\" \/><input type=\"hidden\" name=\"_wp_http_referer\" value=\"\/ja\/wp-json\/wp\/v2\/pages\/1081\" \/><input type=\"hidden\" name=\"form_id\" value=\"1647\"><input type=\"hidden\" name=\"page_id\" value=\"1081\"><input type=\"hidden\" name=\"form_type\" value=\"default\"><input type=\"hidden\" name=\"current_url\" value=\"https:\/\/proscenario.fr\/ja\/%e3%82%b3%e3%83%b3%e3%82%bf%e3%82%af%e3%83%88\/\"><input type=\"hidden\" name=\"render_id\" value=\"0\"><input type=\"hidden\" name=\"action\" value=\"forminator_submit_form_custom-forms\"><input type=\"hidden\" name=\"trp-form-language\" value=\"ja\"\/><\/form><\/div>\n\t\t\t\t\t\t<\/div>\n\t\t\t\t<\/div>\n\t\t\t\t<\/div>\n\t\t\t\t\t<\/div>\n\t\t\t\t<\/div>\n\t\t<div class=\"elementor-element elementor-element-7d205d4 e-flex e-con-boxed e-con e-parent\" data-id=\"7d205d4\" data-element_type=\"container\" data-e-type=\"container\" data-settings=\"{&quot;background_background&quot;:&quot;classic&quot;,&quot;_ha_eqh_enable&quot;:false}\">\n\t\t\t\t\t<div class=\"e-con-inner\">\n\t\t\t\t<div class=\"elementor-element elementor-element-0c157c2 elementor-widget elementor-widget-heading\" data-id=\"0c157c2\" data-element_type=\"widget\" data-e-type=\"widget\" data-widget_type=\"heading.default\">\n\t\t\t\t<div class=\"elementor-widget-container\">\n\t\t\t\t\t<h2 class=\"elementor-heading-title elementor-size-default\">\u307e\u305f\u306f\u96fb\u8a71<\/h2>\t\t\t\t<\/div>\n\t\t\t\t<\/div>\n\t\t\t\t\t<\/div>\n\t\t\t\t<\/div>\n\t\t<div class=\"elementor-element elementor-element-65305af e-flex e-con-boxed e-con e-parent\" data-id=\"65305af\" data-element_type=\"container\" data-e-type=\"container\" data-settings=\"{&quot;background_background&quot;:&quot;classic&quot;,&quot;_ha_eqh_enable&quot;:false}\">\n\t\t\t\t\t<div class=\"e-con-inner\">\n\t\t\t\t<div class=\"elementor-element elementor-element-9417e5a elementor-button-info elementor-align-center elementor-widget elementor-widget-button\" data-id=\"9417e5a\" data-element_type=\"widget\" data-e-type=\"widget\" data-widget_type=\"button.default\">\n\t\t\t\t<div class=\"elementor-widget-container\">\n\t\t\t\t\t\t\t\t\t<div class=\"elementor-button-wrapper\">\n\t\t\t\t\t<a class=\"elementor-button elementor-button-link elementor-size-sm\" href=\"TEL:+33765813939\">\n\t\t\t\t\t\t<span class=\"elementor-button-content-wrapper\">\n\t\t\t\t\t\t\t\t\t<span class=\"elementor-button-text\">\u96fb\u8a71<\/span>\n\t\t\t\t\t<\/span>\n\t\t\t\t\t<\/a>\n\t\t\t\t<\/div>\n\t\t\t\t\t\t\t\t<\/div>\n\t\t\t\t<\/div>\n\t\t\t\t\t<\/div>\n\t\t\t\t<\/div>\n\t\t\t\t<\/div>","protected":false},"excerpt":{"rendered":"<p>Contactez-nous Par email Vous avez un projet en t\u00eate ou des questions sur nos services ? Nous serions ravis d&rsquo;\u00e9changer avec vous ! N&rsquo;h\u00e9sitez pas \u00e0 nous contacter via le formulaire ci-dessous ou directement par email\/num\u00e9ro de t\u00e9l\u00e9phone. Nous nous engageons \u00e0 vous r\u00e9pondre dans les plus brefs d\u00e9lais afin de discuter ensemble de la meilleure fa\u00e7on de concr\u00e9tiser vos id\u00e9es. Ou par t\u00e9l\u00e9phone Appeler<\/p>","protected":false},"author":0,"featured_media":0,"parent":0,"menu_order":0,"comment_status":"closed","ping_status":"closed","template":"","meta":{"_seopress_robots_primary_cat":"","_seopress_titles_title":"","_seopress_titles_desc":"","_seopress_robots_index":"","footnotes":""},"class_list":["post-1081","page","type-page","status-publish","hentry"],"_links":{"self":[{"href":"https:\/\/proscenario.fr\/ja\/wp-json\/wp\/v2\/pages\/1081","targetHints":{"allow":["GET"]}}],"collection":[{"href":"https:\/\/proscenario.fr\/ja\/wp-json\/wp\/v2\/pages"}],"about":[{"href":"https:\/\/proscenario.fr\/ja\/wp-json\/wp\/v2\/types\/page"}],"replies":[{"embeddable":true,"href":"https:\/\/proscenario.fr\/ja\/wp-json\/wp\/v2\/comments?post=1081"}],"version-history":[{"count":32,"href":"https:\/\/proscenario.fr\/ja\/wp-json\/wp\/v2\/pages\/1081\/revisions"}],"predecessor-version":[{"id":2498,"href":"https:\/\/proscenario.fr\/ja\/wp-json\/wp\/v2\/pages\/1081\/revisions\/2498"}],"wp:attachment":[{"href":"https:\/\/proscenario.fr\/ja\/wp-json\/wp\/v2\/media?parent=1081"}],"curies":[{"name":"wp","href":"https:\/\/api.w.org\/{rel}","templated":true}]}}