{"id":1077,"date":"2024-09-02T22:08:18","date_gmt":"2024-09-02T22:08:18","guid":{"rendered":"http:\/\/proscenario.fr\/about\/"},"modified":"2025-01-17T22:05:02","modified_gmt":"2025-01-17T22:05:02","slug":"%e3%83%97%e3%83%a9%e3%82%a4%e3%83%90%e3%82%b7%e3%83%bc%e3%83%9d%e3%83%aa%e3%82%b7%e3%83%bc","status":"publish","type":"page","link":"https:\/\/proscenario.fr\/ja\/%e3%83%97%e3%83%a9%e3%82%a4%e3%83%90%e3%82%b7%e3%83%bc%e3%83%9d%e3%83%aa%e3%82%b7%e3%83%bc\/","title":{"rendered":"\u30d7\u30e9\u30a4\u30d0\u30b7\u30fc\u30dd\u30ea\u30b7\u30fc"},"content":{"rendered":"<div data-elementor-type=\"wp-page\" data-elementor-id=\"1077\" class=\"elementor elementor-1077\" data-elementor-settings=\"{&quot;ha_cmc_init_switcher&quot;:&quot;no&quot;}\">\n\t\t\t\t<div class=\"elementor-element elementor-element-6e6b0ad e-flex e-con-boxed e-con e-parent\" data-id=\"6e6b0ad\" data-element_type=\"container\" data-e-type=\"container\" data-settings=\"{&quot;background_background&quot;:&quot;classic&quot;,&quot;_ha_eqh_enable&quot;:false}\">\n\t\t\t\t\t<div class=\"e-con-inner\">\n\t\t\t\t<div class=\"elementor-element elementor-element-fccd208 elementor-widget elementor-widget-text-editor\" data-id=\"fccd208\" data-element_type=\"widget\" data-e-type=\"widget\" data-widget_type=\"text-editor.default\">\n\t\t\t\t<div class=\"elementor-widget-container\">\n\t\t\t\t\t\t\t\t\t<h3><strong>\u30d7\u30e9\u30a4\u30d0\u30b7\u30fc\u30dd\u30ea\u30b7\u30fc<\/strong><\/h3><p><strong>Proscenario.fr<\/strong>Alexandre Hoesli\uff08\u81ea\u55b6\u696d\u8005\uff09\u306b\u3088\u308a\u904b\u55b6\u3055\u308c\u308b\u5f53\u793e\u306f\u3001\u304a\u5ba2\u69d8\u306e\u30d7\u30e9\u30a4\u30d0\u30b7\u30fc\u3092\u5c0a\u91cd\u3057\u3001\u500b\u4eba\u60c5\u5831\u306e\u4fdd\u8b77\u306b\u52aa\u3081\u3066\u3044\u307e\u3059\u3002\u3053\u306e\u6a5f\u5bc6\u4fdd\u6301\u30dd\u30ea\u30b7\u30fc\u3067\u306f\u3001\u5f53\u793e\u304c\u304a\u5ba2\u69d8\u306e\u60c5\u5831\u3092\u3069\u306e\u3088\u3046\u306b\u53ce\u96c6\u3001\u4f7f\u7528\u3001\u4fdd\u8b77\u3059\u308b\u304b\u3092\u8aac\u660e\u3057\u307e\u3059\u3002<\/p><h4><strong>1.\u500b\u4eba\u60c5\u5831\u306e\u53ce\u96c6<\/strong><\/h4><p>\u5f53\u793e\u306f\u3001\u4ee5\u4e0b\u306e\u5834\u5408\u306b\u304a\u5ba2\u69d8\u306e\u500b\u4eba\u60c5\u5831\u3092\u53ce\u96c6\u3057\u307e\u3059\uff1a<\/p><ul><li>\u30a6\u30a7\u30d6\u30b5\u30a4\u30c8\u304b\u3089\u3054\u4e88\u7d04\u304f\u3060\u3055\u3044\u3002<\/li><li>\u30cb\u30e5\u30fc\u30b9\u30ec\u30bf\u30fc\u3092\u8cfc\u8aad\u3059\u308b<\/li><li>Stripe\u6c7a\u6e08\u30b5\u30fc\u30d3\u30b9\u307e\u305f\u306fCalendly\u30a2\u30dd\u30a4\u30f3\u30c8\u30e1\u30f3\u30c8\u7ba1\u7406\u30b5\u30fc\u30d3\u30b9\u3092\u3054\u5229\u7528\u304f\u3060\u3055\u3044\u3002<\/li><\/ul><p>\u53ce\u96c6\u3055\u308c\u308b\u60c5\u5831\u306b\u306f\u3001\u304a\u5ba2\u69d8\u306e\u59d3\u3001\u540d\u3001\u96fb\u5b50\u30e1\u30fc\u30eb\u30a2\u30c9\u30ec\u30b9\u3001\u96fb\u8a71\u756a\u53f7\u3001\u4f4f\u6240\u3001\u652f\u6255\u3044\u306b\u95a2\u3059\u308b\u8a73\u7d30\u3001\u304a\u3088\u3073\u5f53\u793e\u306e\u30b5\u30fc\u30d3\u30b9\u63d0\u4f9b\u306b\u95a2\u9023\u3059\u308b\u305d\u306e\u4ed6\u306e\u8a73\u7d30\u304c\u542b\u307e\u308c\u307e\u3059\u3002<\/p><h4><strong>2.\u30c7\u30fc\u30bf\u306e\u5229\u7528<\/strong><\/h4><p>\u304a\u5ba2\u69d8\u306e\u60c5\u5831\u306f\u3001\u4ee5\u4e0b\u306e\u76ee\u7684\u3067\u4f7f\u7528\u3055\u308c\u307e\u3059\uff1a<\/p><ul><li>\u4e88\u7d04\u3068\u30b5\u30fc\u30d3\u30b9\u306e\u7ba1\u7406<\/li><li>\u304a\u5ba2\u69d8\u304c\u5fc5\u8981\u3068\u3059\u308b\u30b5\u30fc\u30d3\u30b9\uff08\u30c8\u30ec\u30fc\u30cb\u30f3\u30b0\u3001\u30b5\u30dd\u30fc\u30c8\u3001\u30b3\u30fc\u30c1\u30f3\u30b0\u306a\u3069\uff09\u3092\u63d0\u4f9b\u3059\u308b\u3002<\/li><li>Stripe\u3067\u5b89\u5168\u306b\u652f\u6255\u3044\u3092\u51e6\u7406\u3057\u307e\u3059\u3002<\/li><li>Calendly\u3067\u4e88\u5b9a\u3092\u8a08\u753b\u30fb\u7ba1\u7406\u3002<\/li><li>\u6700\u65b0\u60c5\u5831\u3084\u30ad\u30e3\u30f3\u30da\u30fc\u30f3\u3092\u304a\u77e5\u3089\u305b\u3057\u307e\u3059\u3002<\/li><\/ul><h4><strong>3.\u30c7\u30fc\u30bf\u5171\u6709<\/strong><\/h4><p>\u5f53\u793e\u306f\u3001\u304a\u5ba2\u69d8\u306e\u500b\u4eba\u60c5\u5831\u3092\u5546\u696d\u76ee\u7684\u3067\u7b2c\u4e09\u8005\u3068\u5171\u6709\u3059\u308b\u3053\u3068\u306f\u3042\u308a\u307e\u305b\u3093\u3002\u305f\u3060\u3057\u3001\u304a\u5ba2\u69d8\u306e\u60c5\u5831\u306f\u3001\u5f53\u793e\u306e\u7b2c\u4e09\u8005\u30b5\u30fc\u30d3\u30b9\u30d7\u30ed\u30d0\u30a4\u30c0\u30fc\u3001\u7279\u306b\uff1a<\/p><ul><li><strong>\u30b9\u30c8\u30e9\u30a4\u30d7<\/strong> \u5b89\u5168\u306a\u652f\u6255\u3044\u51e6\u7406\u306e\u305f\u3081\u306b\u3002<\/li><li><strong>\u30ab\u30ec\u30f3\u30c0\u30fc<\/strong> \u30a2\u30dd\u30a4\u30f3\u30c8\u30e1\u30f3\u30c8\u7ba1\u7406\u306e\u305f\u3081\u306b\u3002<\/li><\/ul><h4><strong>4.\u30c7\u30fc\u30bf\u30bb\u30ad\u30e5\u30ea\u30c6\u30a3<\/strong><\/h4><p>\u5f53\u793e\u3067\u306f\u3001\u304a\u5ba2\u69d8\u306e\u30c7\u30fc\u30bf\u3092\u4e0d\u6b63\u30a2\u30af\u30bb\u30b9\u3001\u6539\u3056\u3093\u3001\u7834\u58ca\u304b\u3089\u4fdd\u8b77\u3059\u308b\u305f\u3081\u306e\u6280\u8853\u7684\u5bfe\u7b56\u3092\u5b9f\u65bd\u3057\u3066\u3044\u307e\u3059\u3002\u304a\u5ba2\u69d8\u306e\u304a\u652f\u6255\u3044\u60c5\u5831\u306fSSL\u30d7\u30ed\u30c8\u30b3\u30eb\u306b\u3088\u308a\u6697\u53f7\u5316\u3055\u308c\u307e\u3059\u3002<\/p><h4><strong>5.\u3042\u306a\u305f\u306e\u6a29\u5229<\/strong><\/h4><p>\u73fe\u884c\u306e\u6cd5\u5f8b\u306b\u5f93\u3044\u3001\u304a\u5ba2\u69d8\u306f\u3054\u81ea\u8eab\u306e\u500b\u4eba\u60c5\u5831\u306b\u30a2\u30af\u30bb\u30b9\u3001\u4fee\u6b63\u3001\u524a\u9664\u3059\u308b\u6a29\u5229\u3092\u6709\u3057\u307e\u3059\u3002\u3053\u308c\u3089\u306e\u6a29\u5229\u3092\u884c\u4f7f\u3059\u308b\u306b\u306f\u3001\uff1a <strong><a rel=\"noopener\">alexandre@proscenario.fr.fr<\/a><\/strong>.<\/p>\t\t\t\t\t\t\t\t<\/div>\n\t\t\t\t<\/div>\n\t\t\t\t\t<\/div>\n\t\t\t\t<\/div>\n\t\t\t\t<\/div>","protected":false},"excerpt":{"rendered":"<p>Politique de confidentialit\u00e9 Proscenario.fr, exploit\u00e9 par Alexandre Hoesli (Auto-entrepreneur), respecte votre vie priv\u00e9e et s&rsquo;engage \u00e0 prot\u00e9ger vos donn\u00e9es personnelles. Cette politique de confidentialit\u00e9 d\u00e9crit comment nous recueillons, utilisons et prot\u00e9geons vos informations. 1. Collecte des donn\u00e9es personnelles Nous collectons vos informations personnelles lorsque : Vous effectuez une r\u00e9servation via notre site. Vous vous inscrivez \u00e0 notre newsletter. Vous utilisez nos services de paiement via Stripe ou de gestion de rendez-vous via Calendly. Les informations collect\u00e9es peuvent inclure : votre nom, pr\u00e9nom, adresse e-mail, num\u00e9ro de t\u00e9l\u00e9phone, adresse postale, informations de paiement et tout autre d\u00e9tail pertinent pour la prestation de nos services. 2. Utilisation des donn\u00e9es Vos informations sont [&hellip;]<\/p>\n","protected":false},"author":1,"featured_media":0,"parent":0,"menu_order":0,"comment_status":"closed","ping_status":"closed","template":"","meta":{"_seopress_robots_primary_cat":"","_seopress_titles_title":"","_seopress_titles_desc":"","_seopress_robots_index":"","footnotes":""},"class_list":["post-1077","page","type-page","status-publish","hentry"],"_links":{"self":[{"href":"https:\/\/proscenario.fr\/ja\/wp-json\/wp\/v2\/pages\/1077","targetHints":{"allow":["GET"]}}],"collection":[{"href":"https:\/\/proscenario.fr\/ja\/wp-json\/wp\/v2\/pages"}],"about":[{"href":"https:\/\/proscenario.fr\/ja\/wp-json\/wp\/v2\/types\/page"}],"author":[{"embeddable":true,"href":"https:\/\/proscenario.fr\/ja\/wp-json\/wp\/v2\/users\/1"}],"replies":[{"embeddable":true,"href":"https:\/\/proscenario.fr\/ja\/wp-json\/wp\/v2\/comments?post=1077"}],"version-history":[{"count":21,"href":"https:\/\/proscenario.fr\/ja\/wp-json\/wp\/v2\/pages\/1077\/revisions"}],"predecessor-version":[{"id":2501,"href":"https:\/\/proscenario.fr\/ja\/wp-json\/wp\/v2\/pages\/1077\/revisions\/2501"}],"wp:attachment":[{"href":"https:\/\/proscenario.fr\/ja\/wp-json\/wp\/v2\/media?parent=1077"}],"curies":[{"name":"wp","href":"https:\/\/api.w.org\/{rel}","templated":true}]}}