{"id":1952,"date":"2024-09-04T11:53:04","date_gmt":"2024-09-04T11:53:04","guid":{"rendered":"https:\/\/proscenario.fr\/?page_id=1952"},"modified":"2025-01-17T21:36:20","modified_gmt":"2025-01-17T21:36:20","slug":"condizioni-generali-di-vendita","status":"publish","type":"page","link":"https:\/\/proscenario.fr\/it\/condizioni-generali-di-vendita\/","title":{"rendered":"Termini e condizioni di vendita"},"content":{"rendered":"<div data-elementor-type=\"wp-page\" data-elementor-id=\"1952\" class=\"elementor elementor-1952\" data-elementor-settings=\"{&quot;ha_cmc_init_switcher&quot;:&quot;no&quot;}\">\n\t\t\t\t<div class=\"elementor-element elementor-element-6e6b0ad e-flex e-con-boxed e-con e-parent\" data-id=\"6e6b0ad\" data-element_type=\"container\" data-e-type=\"container\" data-settings=\"{&quot;background_background&quot;:&quot;classic&quot;,&quot;_ha_eqh_enable&quot;:false}\">\n\t\t\t\t\t<div class=\"e-con-inner\">\n\t\t\t\t<div class=\"elementor-element elementor-element-fccd208 elementor-widget elementor-widget-text-editor\" data-id=\"fccd208\" data-element_type=\"widget\" data-e-type=\"widget\" data-widget_type=\"text-editor.default\">\n\t\t\t\t<div class=\"elementor-widget-container\">\n\t\t\t\t\t\t\t\t\t<h3><strong>Condizioni generali di vendita (CGV)<\/strong><\/h3><h4><strong>1. Ambito di applicazione<\/strong><\/h4><p>Le presenti condizioni generali di vendita si applicano a tutti i servizi forniti da <strong>ProScenario.it<\/strong>rappresentato da Alexandre Hoesli, libero professionista. I servizi includono: formazione, supporto, coaching, consulenza per la sceneggiatura e sceneggiatura su misura per film, serie, spot pubblicitari e altro.<\/p><h4><strong>2. Controllo<\/strong><\/h4><p>Tutti gli ordini sono confermati una volta che il pagamento \u00e8 stato convalidato tramite il nostro sistema di pagamento sicuro. <strong>Striscia<\/strong> e fissare l'appuntamento tramite <strong>Calendario<\/strong>. I clienti riceveranno un'e-mail di conferma con i dettagli della loro prenotazione.<\/p><h4><strong>3. Tariffe e pagamenti<\/strong><\/h4><p>I prezzi dei servizi sono espressi in euro, comprensivi di tutte le tasse. I pagamenti vengono effettuati online tramite <strong>Striscia<\/strong> in modo sicuro.<\/p><h4><strong>4. Cancellazione e rimborso<\/strong><\/h4><p>Una volta confermata la prenotazione, <strong>non \u00e8 previsto alcun rimborso<\/strong>Invitiamo i nostri clienti a controllare attentamente tutti i dettagli prima di finalizzare la prenotazione. Invitiamo i nostri clienti a controllare attentamente tutti i dettagli prima di finalizzare la prenotazione.<\/p><h4><strong>5. Obblighi del cliente<\/strong><\/h4><p>Il cliente si impegna a fornire informazioni accurate al momento della prenotazione e a rispettare gli appuntamenti previsti. In caso di ritardo o di assenza non comunicata, il servizio si riterr\u00e0 concluso.<\/p><h4><strong>6. La riservatezza<\/strong><\/h4><p>Tutte le informazioni scambiate durante i servizi sono strettamente confidenziali. Alexandre Hoesli si impegna a rispettare la riservatezza delle informazioni condivise.<\/p><h4><strong>7. Legge applicabile e giurisdizione<\/strong><\/h4><p>I presenti termini e condizioni generali sono disciplinati dalla legge francese. Qualsiasi controversia relativa all'interpretazione o all'esecuzione dei presenti termini e condizioni sar\u00e0 di competenza esclusiva dei tribunali francesi.<\/p>\t\t\t\t\t\t\t\t<\/div>\n\t\t\t\t<\/div>\n\t\t\t\t\t<\/div>\n\t\t\t\t<\/div>\n\t\t\t\t<\/div>","protected":false},"excerpt":{"rendered":"<p>Conditions g\u00e9n\u00e9rales de vente (CGV) 1. Champ d&rsquo;application Les pr\u00e9sentes conditions g\u00e9n\u00e9rales de vente s&rsquo;appliquent \u00e0 toutes les prestations fournies par ProScenario.fr, repr\u00e9sent\u00e9 par Alexandre Hoesli, auto-entrepreneur. Les services incluent : formation, accompagnement, coaching, consulting en sc\u00e9nario, et \u00e9criture sur mesure de sc\u00e9narios pour films, s\u00e9ries, publicit\u00e9s et autres. 2. Commande Toute commande est confirm\u00e9e [&hellip;]<\/p>\n","protected":false},"author":1,"featured_media":0,"parent":0,"menu_order":0,"comment_status":"closed","ping_status":"closed","template":"","meta":{"_seopress_robots_primary_cat":"","_seopress_titles_title":"","_seopress_titles_desc":"","_seopress_robots_index":"","footnotes":""},"class_list":["post-1952","page","type-page","status-publish","hentry"],"_links":{"self":[{"href":"https:\/\/proscenario.fr\/it\/wp-json\/wp\/v2\/pages\/1952","targetHints":{"allow":["GET"]}}],"collection":[{"href":"https:\/\/proscenario.fr\/it\/wp-json\/wp\/v2\/pages"}],"about":[{"href":"https:\/\/proscenario.fr\/it\/wp-json\/wp\/v2\/types\/page"}],"author":[{"embeddable":true,"href":"https:\/\/proscenario.fr\/it\/wp-json\/wp\/v2\/users\/1"}],"replies":[{"embeddable":true,"href":"https:\/\/proscenario.fr\/it\/wp-json\/wp\/v2\/comments?post=1952"}],"version-history":[{"count":17,"href":"https:\/\/proscenario.fr\/it\/wp-json\/wp\/v2\/pages\/1952\/revisions"}],"predecessor-version":[{"id":2496,"href":"https:\/\/proscenario.fr\/it\/wp-json\/wp\/v2\/pages\/1952\/revisions\/2496"}],"wp:attachment":[{"href":"https:\/\/proscenario.fr\/it\/wp-json\/wp\/v2\/media?parent=1952"}],"curies":[{"name":"wp","href":"https:\/\/api.w.org\/{rel}","templated":true}]}}