{"id":1079,"date":"2024-09-02T22:08:18","date_gmt":"2024-09-02T22:08:18","guid":{"rendered":"http:\/\/proscenario.fr\/blog\/"},"modified":"2025-07-22T23:12:09","modified_gmt":"2025-07-22T23:12:09","slug":"a-propos","status":"publish","type":"page","link":"https:\/\/proscenario.fr\/it\/a-propos\/","title":{"rendered":"Chi siamo"},"content":{"rendered":"<div data-elementor-type=\"wp-page\" data-elementor-id=\"1079\" class=\"elementor elementor-1079\" data-elementor-settings=\"{&quot;ha_cmc_init_switcher&quot;:&quot;no&quot;}\">\n\t\t\t\t<div class=\"elementor-element elementor-element-e7275c5 e-flex e-con-boxed e-con e-parent\" data-id=\"e7275c5\" data-element_type=\"container\" data-e-type=\"container\" data-settings=\"{&quot;background_background&quot;:&quot;classic&quot;,&quot;_ha_eqh_enable&quot;:false}\">\n\t\t\t\t\t<div class=\"e-con-inner\">\n\t\t\t\t<div class=\"elementor-element elementor-element-19e52ea elementor-widget elementor-widget-heading\" data-id=\"19e52ea\" data-element_type=\"widget\" data-e-type=\"widget\" data-widget_type=\"heading.default\">\n\t\t\t\t<div class=\"elementor-widget-container\">\n\t\t\t\t\t<h2 class=\"elementor-heading-title elementor-size-default\">Chi siamo?<\/h2>\t\t\t\t<\/div>\n\t\t\t\t<\/div>\n\t\t\t\t\t<\/div>\n\t\t\t\t<\/div>\n\t\t<div class=\"elementor-element elementor-element-783a2f0 e-flex e-con-boxed e-con e-parent\" data-id=\"783a2f0\" data-element_type=\"container\" data-e-type=\"container\" data-settings=\"{&quot;background_background&quot;:&quot;classic&quot;,&quot;_ha_eqh_enable&quot;:false}\">\n\t\t\t\t\t<div class=\"e-con-inner\">\n\t\t<div class=\"elementor-element elementor-element-b342168 e-con-full e-flex e-con e-child\" data-id=\"b342168\" data-element_type=\"container\" data-e-type=\"container\" data-settings=\"{&quot;_ha_eqh_enable&quot;:false}\">\n\t\t\t\t<div class=\"elementor-element elementor-element-bfcf0be elementor-widget elementor-widget-image\" data-id=\"bfcf0be\" data-element_type=\"widget\" data-e-type=\"widget\" data-widget_type=\"image.default\">\n\t\t\t\t<div class=\"elementor-widget-container\">\n\t\t\t\t\t\t\t\t\t\t\t\t\t\t\t<img alt=\"\" fetchpriority=\"high\" decoding=\"async\" width=\"800\" height=\"533\" src=\"https:\/\/proscenario.fr\/wp-content\/uploads\/2024\/09\/33-1024x682.jpeg\" class=\"attachment-large size-large wp-image-2004\" srcset=\"https:\/\/proscenario.fr\/wp-content\/uploads\/2024\/09\/33-1024x682.jpeg 1024w, https:\/\/proscenario.fr\/wp-content\/uploads\/2024\/09\/33-300x200.jpeg 300w, https:\/\/proscenario.fr\/wp-content\/uploads\/2024\/09\/33-768x512.jpeg 768w, https:\/\/proscenario.fr\/wp-content\/uploads\/2024\/09\/33-1536x1023.jpeg 1536w, https:\/\/proscenario.fr\/wp-content\/uploads\/2024\/09\/33.jpeg 1600w\" sizes=\"(max-width: 800px) 100vw, 800px\" \/>\t\t\t\t\t\t\t\t\t\t\t\t\t\t\t<\/div>\n\t\t\t\t<\/div>\n\t\t\t\t<\/div>\n\t\t<div class=\"elementor-element elementor-element-c95d140 e-con-full e-flex e-con e-child\" data-id=\"c95d140\" data-element_type=\"container\" data-e-type=\"container\" data-settings=\"{&quot;_ha_eqh_enable&quot;:false}\">\n\t\t\t\t<div class=\"elementor-element elementor-element-1cdefce elementor-widget elementor-widget-text-editor\" data-id=\"1cdefce\" data-element_type=\"widget\" data-e-type=\"widget\" data-widget_type=\"text-editor.default\">\n\t\t\t\t<div class=\"elementor-widget-container\">\n\t\t\t\t\t\t\t\t\t<h3>Informazioni su Pro Sc\u00e9nario<\/h3><p>Benvenuti a Pro Sc\u00e9nario, un'agenzia di sceneggiatori visionari e appassionati che si dedicano all'arte di scrivere e ideare sceneggiature su misura. Dalla nostra creazione, abbiamo avuto il privilegio di dirigere, scrivere e produrre centinaia di progetti per un'ampia variet\u00e0 di formati e settori. La nostra esperienza spazia dai cortometraggi ai lungometraggi, oltre a produzioni per il cinema, la pubblicit\u00e0 e il teatro. Portiamo una miscela unica di creativit\u00e0 e padronanza tecnica in ogni progetto, garantendo risultati innovativi e d'impatto.<\/p>\t\t\t\t\t\t\t\t<\/div>\n\t\t\t\t<\/div>\n\t\t\t\t<\/div>\n\t\t\t\t\t<\/div>\n\t\t\t\t<\/div>\n\t\t<div class=\"elementor-element elementor-element-f84514b e-flex e-con-boxed e-con e-parent\" data-id=\"f84514b\" data-element_type=\"container\" data-e-type=\"container\" data-settings=\"{&quot;background_background&quot;:&quot;classic&quot;,&quot;_ha_eqh_enable&quot;:false}\">\n\t\t\t\t\t<div class=\"e-con-inner\">\n\t\t<div class=\"elementor-element elementor-element-48b3e8b e-con-full e-flex e-con e-child\" data-id=\"48b3e8b\" data-element_type=\"container\" data-e-type=\"container\" data-settings=\"{&quot;_ha_eqh_enable&quot;:false}\">\n\t\t\t\t<div class=\"elementor-element elementor-element-3255008 elementor-widget elementor-widget-text-editor\" data-id=\"3255008\" data-element_type=\"widget\" data-e-type=\"widget\" data-widget_type=\"text-editor.default\">\n\t\t\t\t<div class=\"elementor-widget-container\">\n\t\t\t\t\t\t\t\t\t<h3>I nostri progetti<\/h3><p>Grazie alla sua esperienza, Pro Sc\u00e9nario ha partecipato a progetti di ogni tipo e scala, da film d'autore intimi a spot pubblicitari su larga scala e opere teatrali originali. Abbiamo lavorato a fianco di produttori, registi, aziende e artisti per creare sceneggiature che catturano il pubblico, trasmettono messaggi potenti e lasciano un'impressione duratura. Ogni progetto che intraprendiamo beneficia di un'attenzione meticolosa ai dettagli, sia nello sviluppo del dialogo, sia nella costruzione dei personaggi o nell'evoluzione della trama.<\/p>\t\t\t\t\t\t\t\t<\/div>\n\t\t\t\t<\/div>\n\t\t\t\t<\/div>\n\t\t<div class=\"elementor-element elementor-element-8020627 e-con-full e-flex e-con e-child\" data-id=\"8020627\" data-element_type=\"container\" data-e-type=\"container\" data-settings=\"{&quot;_ha_eqh_enable&quot;:false}\">\n\t\t\t\t<div class=\"elementor-element elementor-element-f0f7ca8 elementor-widget elementor-widget-image\" data-id=\"f0f7ca8\" data-element_type=\"widget\" data-e-type=\"widget\" data-widget_type=\"image.default\">\n\t\t\t\t<div class=\"elementor-widget-container\">\n\t\t\t\t\t\t\t\t\t\t\t\t\t\t\t<img alt=\"\" decoding=\"async\" width=\"800\" height=\"534\" src=\"https:\/\/proscenario.fr\/wp-content\/uploads\/2024\/09\/2-e1725443951437-1024x684.jpeg\" class=\"attachment-large size-large wp-image-1829\" srcset=\"https:\/\/proscenario.fr\/wp-content\/uploads\/2024\/09\/2-e1725443951437-1024x684.jpeg 1024w, https:\/\/proscenario.fr\/wp-content\/uploads\/2024\/09\/2-e1725443951437-300x200.jpeg 300w, https:\/\/proscenario.fr\/wp-content\/uploads\/2024\/09\/2-e1725443951437-768x513.jpeg 768w, https:\/\/proscenario.fr\/wp-content\/uploads\/2024\/09\/2-e1725443951437-1536x1026.jpeg 1536w, https:\/\/proscenario.fr\/wp-content\/uploads\/2024\/09\/2-e1725443951437.jpeg 1600w\" sizes=\"(max-width: 800px) 100vw, 800px\" \/>\t\t\t\t\t\t\t\t\t\t\t\t\t\t\t<\/div>\n\t\t\t\t<\/div>\n\t\t\t\t<\/div>\n\t\t\t\t\t<\/div>\n\t\t\t\t<\/div>\n\t\t<div class=\"elementor-element elementor-element-1bec0e2 e-flex e-con-boxed e-con e-parent\" data-id=\"1bec0e2\" data-element_type=\"container\" data-e-type=\"container\" data-settings=\"{&quot;background_background&quot;:&quot;classic&quot;,&quot;_ha_eqh_enable&quot;:false}\">\n\t\t\t\t\t<div class=\"e-con-inner\">\n\t\t<div class=\"elementor-element elementor-element-c8c64ff e-con-full e-flex e-con e-child\" data-id=\"c8c64ff\" data-element_type=\"container\" data-e-type=\"container\" data-settings=\"{&quot;_ha_eqh_enable&quot;:false}\">\n\t\t\t\t<div class=\"elementor-element elementor-element-20457c7 elementor-widget elementor-widget-image-gallery\" data-id=\"20457c7\" data-element_type=\"widget\" data-e-type=\"widget\" data-widget_type=\"image-gallery.default\">\n\t\t\t\t<div class=\"elementor-widget-container\">\n\t\t\t\t\t\t\t<div class=\"elementor-image-gallery\">\n\t\t\t<div id='gallery-1' class='gallery galleryid-1079 gallery-columns-1 gallery-size-medium_large'><figure class='gallery-item'>\n\t\t\t<div class='gallery-icon landscape'>\n\t\t\t\t<a data-elementor-open-lightbox=\"yes\" data-elementor-lightbox-slideshow=\"20457c7\" data-elementor-lightbox-title=\"4\" data-e-action-hash=\"#elementor-action%3Aaction%3Dlightbox%26settings%3DeyJpZCI6MTgzMSwidXJsIjoiaHR0cHM6XC9cL3Byb3NjZW5hcmlvLmZyXC93cC1jb250ZW50XC91cGxvYWRzXC8yMDI0XC8wOVwvNC5qcGVnIiwic2xpZGVzaG93IjoiMjA0NTdjNyJ9\" href='https:\/\/proscenario.fr\/wp-content\/uploads\/2024\/09\/4.jpeg'><img decoding=\"async\" width=\"768\" height=\"327\" src=\"https:\/\/proscenario.fr\/wp-content\/uploads\/2024\/09\/4-768x327.jpeg\" class=\"attachment-medium_large size-medium_large\" alt=\"\" srcset=\"https:\/\/proscenario.fr\/wp-content\/uploads\/2024\/09\/4-768x327.jpeg 768w, https:\/\/proscenario.fr\/wp-content\/uploads\/2024\/09\/4-300x128.jpeg 300w, https:\/\/proscenario.fr\/wp-content\/uploads\/2024\/09\/4-1024x436.jpeg 1024w, https:\/\/proscenario.fr\/wp-content\/uploads\/2024\/09\/4-1536x655.jpeg 1536w, https:\/\/proscenario.fr\/wp-content\/uploads\/2024\/09\/4.jpeg 1600w\" sizes=\"(max-width: 768px) 100vw, 768px\" \/><\/a>\n\t\t\t<\/div><\/figure><figure class='gallery-item'>\n\t\t\t<div class='gallery-icon landscape'>\n\t\t\t\t<a data-elementor-open-lightbox=\"yes\" data-elementor-lightbox-slideshow=\"20457c7\" data-elementor-lightbox-title=\"5\" data-e-action-hash=\"#elementor-action%3Aaction%3Dlightbox%26settings%3DeyJpZCI6MTgzMiwidXJsIjoiaHR0cHM6XC9cL3Byb3NjZW5hcmlvLmZyXC93cC1jb250ZW50XC91cGxvYWRzXC8yMDI0XC8wOVwvNS5qcGVnIiwic2xpZGVzaG93IjoiMjA0NTdjNyJ9\" href='https:\/\/proscenario.fr\/wp-content\/uploads\/2024\/09\/5.jpeg'><img loading=\"lazy\" decoding=\"async\" width=\"768\" height=\"327\" src=\"https:\/\/proscenario.fr\/wp-content\/uploads\/2024\/09\/5-768x327.jpeg\" class=\"attachment-medium_large size-medium_large\" alt=\"\" srcset=\"https:\/\/proscenario.fr\/wp-content\/uploads\/2024\/09\/5-768x327.jpeg 768w, https:\/\/proscenario.fr\/wp-content\/uploads\/2024\/09\/5-300x128.jpeg 300w, https:\/\/proscenario.fr\/wp-content\/uploads\/2024\/09\/5-1024x436.jpeg 1024w, https:\/\/proscenario.fr\/wp-content\/uploads\/2024\/09\/5-1536x655.jpeg 1536w, https:\/\/proscenario.fr\/wp-content\/uploads\/2024\/09\/5.jpeg 1600w\" sizes=\"(max-width: 768px) 100vw, 768px\" \/><\/a>\n\t\t\t<\/div><\/figure><figure class='gallery-item'>\n\t\t\t<div class='gallery-icon landscape'>\n\t\t\t\t<a data-elementor-open-lightbox=\"yes\" data-elementor-lightbox-slideshow=\"20457c7\" data-elementor-lightbox-title=\"1\" data-e-action-hash=\"#elementor-action%3Aaction%3Dlightbox%26settings%3DeyJpZCI6MjAwNiwidXJsIjoiaHR0cHM6XC9cL3Byb3NjZW5hcmlvLmZyXC93cC1jb250ZW50XC91cGxvYWRzXC8yMDI0XC8wOVwvMS0xLmpwZWciLCJzbGlkZXNob3ciOiIyMDQ1N2M3In0%3D\" href='https:\/\/proscenario.fr\/wp-content\/uploads\/2024\/09\/1-1.jpeg'><img loading=\"lazy\" decoding=\"async\" width=\"768\" height=\"540\" src=\"https:\/\/proscenario.fr\/wp-content\/uploads\/2024\/09\/1-1-768x540.jpeg\" class=\"attachment-medium_large size-medium_large\" alt=\"\" srcset=\"https:\/\/proscenario.fr\/wp-content\/uploads\/2024\/09\/1-1-768x540.jpeg 768w, https:\/\/proscenario.fr\/wp-content\/uploads\/2024\/09\/1-1-300x211.jpeg 300w, https:\/\/proscenario.fr\/wp-content\/uploads\/2024\/09\/1-1-1024x721.jpeg 1024w, https:\/\/proscenario.fr\/wp-content\/uploads\/2024\/09\/1-1-1536x1081.jpeg 1536w, https:\/\/proscenario.fr\/wp-content\/uploads\/2024\/09\/1-1.jpeg 1600w\" sizes=\"(max-width: 768px) 100vw, 768px\" \/><\/a>\n\t\t\t<\/div><\/figure><figure class='gallery-item'>\n\t\t\t<div class='gallery-icon landscape'>\n\t\t\t\t<a data-elementor-open-lightbox=\"yes\" data-elementor-lightbox-slideshow=\"20457c7\" data-elementor-lightbox-title=\"66\" data-e-action-hash=\"#elementor-action%3Aaction%3Dlightbox%26settings%3DeyJpZCI6MjAwOCwidXJsIjoiaHR0cHM6XC9cL3Byb3NjZW5hcmlvLmZyXC93cC1jb250ZW50XC91cGxvYWRzXC8yMDI0XC8wOVwvNjYuanBlZyIsInNsaWRlc2hvdyI6IjIwNDU3YzcifQ%3D%3D\" href='https:\/\/proscenario.fr\/wp-content\/uploads\/2024\/09\/66.jpeg'><img loading=\"lazy\" decoding=\"async\" width=\"768\" height=\"327\" src=\"https:\/\/proscenario.fr\/wp-content\/uploads\/2024\/09\/66-768x327.jpeg\" class=\"attachment-medium_large size-medium_large\" alt=\"\" srcset=\"https:\/\/proscenario.fr\/wp-content\/uploads\/2024\/09\/66-768x327.jpeg 768w, https:\/\/proscenario.fr\/wp-content\/uploads\/2024\/09\/66-300x128.jpeg 300w, https:\/\/proscenario.fr\/wp-content\/uploads\/2024\/09\/66-1024x436.jpeg 1024w, https:\/\/proscenario.fr\/wp-content\/uploads\/2024\/09\/66-1536x654.jpeg 1536w, https:\/\/proscenario.fr\/wp-content\/uploads\/2024\/09\/66.jpeg 1600w\" sizes=\"(max-width: 768px) 100vw, 768px\" \/><\/a>\n\t\t\t<\/div><\/figure><figure class='gallery-item'>\n\t\t\t<div class='gallery-icon landscape'>\n\t\t\t\t<a data-elementor-open-lightbox=\"yes\" data-elementor-lightbox-slideshow=\"20457c7\" data-elementor-lightbox-title=\"22\" data-e-action-hash=\"#elementor-action%3Aaction%3Dlightbox%26settings%3DeyJpZCI6MjAxMywidXJsIjoiaHR0cHM6XC9cL3Byb3NjZW5hcmlvLmZyXC93cC1jb250ZW50XC91cGxvYWRzXC8yMDI0XC8wOVwvMjIuanBlZyIsInNsaWRlc2hvdyI6IjIwNDU3YzcifQ%3D%3D\" href='https:\/\/proscenario.fr\/wp-content\/uploads\/2024\/09\/22.jpeg'><img loading=\"lazy\" decoding=\"async\" width=\"768\" height=\"512\" src=\"https:\/\/proscenario.fr\/wp-content\/uploads\/2024\/09\/22-768x512.jpeg\" class=\"attachment-medium_large size-medium_large\" alt=\"\" srcset=\"https:\/\/proscenario.fr\/wp-content\/uploads\/2024\/09\/22-768x512.jpeg 768w, https:\/\/proscenario.fr\/wp-content\/uploads\/2024\/09\/22-300x200.jpeg 300w, https:\/\/proscenario.fr\/wp-content\/uploads\/2024\/09\/22-1024x682.jpeg 1024w, https:\/\/proscenario.fr\/wp-content\/uploads\/2024\/09\/22-1536x1023.jpeg 1536w, https:\/\/proscenario.fr\/wp-content\/uploads\/2024\/09\/22.jpeg 1600w\" sizes=\"(max-width: 768px) 100vw, 768px\" \/><\/a>\n\t\t\t<\/div><\/figure>\n\t\t<\/div>\n\t\t<\/div>\n\t\t\t\t\t\t<\/div>\n\t\t\t\t<\/div>\n\t\t\t\t<\/div>\n\t\t<div class=\"elementor-element elementor-element-db2243b e-con-full e-flex e-con e-child\" data-id=\"db2243b\" data-element_type=\"container\" data-e-type=\"container\" data-settings=\"{&quot;_ha_eqh_enable&quot;:false}\">\n\t\t\t\t<div class=\"elementor-element elementor-element-4bbea2b elementor-widget elementor-widget-text-editor\" data-id=\"4bbea2b\" data-element_type=\"widget\" data-e-type=\"widget\" data-widget_type=\"text-editor.default\">\n\t\t\t\t<div class=\"elementor-widget-container\">\n\t\t\t\t\t\t\t\t\t<h3>I nostri servizi<\/h3><p>Oltre alla sceneggiatura, Pro Sc\u00e9nario offre una gamma completa di servizi per supportare sceneggiatori, registi, produttori e aziende nello sviluppo dei loro progetti. Crediamo fermamente che ogni storia meriti di essere raccontata nel modo pi\u00f9 incisivo possibile e offriamo la nostra esperienza per aiutare i nostri clienti a raggiungere questo obiettivo.<\/p><ol><li><p><strong>Assistenza personalizzata<\/strong> Supportiamo i nostri clienti in ogni fase della creazione dei loro progetti di sceneggiatura, dalla fase iniziale dell'idea fino allo sviluppo e alla riscrittura della sceneggiatura. Questo attento monitoraggio garantisce che ogni progetto raggiunga il suo pieno potenziale.<\/p><\/li><li><p><strong>Coaching<\/strong> : Il coaching per le sceneggiature \u00e8 uno dei nostri servizi di punta. Aiutiamo gli sceneggiatori a perfezionare le loro idee, a superare i blocchi creativi e ad affinare le loro capacit\u00e0 narrative. I nostri coach esperti forniscono feedback costruttivi e consigli pratici per portare a compimento ogni progetto.<\/p><\/li><li><p><strong>Consulenza e Script Doctoring<\/strong> Pro Sc\u00e9nario offre servizi di consulenza a registi, produttori e team creativi in cerca di consigli e raccomandazioni professionali sui loro progetti di sceneggiatura. Offriamo anche un servizio di script doctoring, volto a diagnosticare e migliorare le sceneggiature in fase di sviluppo o di riscrittura. Il nostro team di consulenti e script doctor identifica i punti deboli della narrazione, propone soluzioni e aiuta a rafforzare l'impatto e la coerenza della sceneggiatura.<\/p><\/li><li><p><strong>Scrittura su misura<\/strong> Oltre ai servizi di consulenza, offriamo anche servizi di scrittura su misura per sceneggiature di film, serie, spot pubblicitari e produzioni teatrali. Lavoriamo a stretto contatto con i nostri clienti per comprendere le loro visioni e creare sceneggiature che corrispondano perfettamente alle loro aspettative e all'obiettivo del loro progetto.<\/p><\/li><li><p><strong>Formazione<\/strong> : Offriamo una formazione su misura per le esigenze degli sceneggiatori, sia principianti che esperti. I nostri corsi coprono le basi della sceneggiatura, le tecniche narrative avanzate e la strutturazione della storia per una variet\u00e0 di formati: film, televisione, serie web, ecc.<\/p><\/li><\/ol>\t\t\t\t\t\t\t\t<\/div>\n\t\t\t\t<\/div>\n\t\t\t\t<\/div>\n\t\t\t\t\t<\/div>\n\t\t\t\t<\/div>\n\t\t<div class=\"elementor-element elementor-element-ad44931 e-flex e-con-boxed e-con e-parent\" data-id=\"ad44931\" data-element_type=\"container\" data-e-type=\"container\" data-settings=\"{&quot;background_background&quot;:&quot;classic&quot;,&quot;_ha_eqh_enable&quot;:false}\">\n\t\t\t\t\t<div class=\"e-con-inner\">\n\t\t<div class=\"elementor-element elementor-element-96dfa20 e-con-full e-flex e-con e-child\" data-id=\"96dfa20\" data-element_type=\"container\" data-e-type=\"container\" data-settings=\"{&quot;_ha_eqh_enable&quot;:false}\">\n\t\t\t\t<div class=\"elementor-element elementor-element-696fc8a elementor-widget elementor-widget-text-editor\" data-id=\"696fc8a\" data-element_type=\"widget\" data-e-type=\"widget\" data-widget_type=\"text-editor.default\">\n\t\t\t\t<div class=\"elementor-widget-container\">\n\t\t\t\t\t\t\t\t\t<h3>Un team dedicato all'arte della sceneggiatura<\/h3><p>Il team di Pro Sc\u00e9nario \u00e8 composto da professionisti appassionati di scrittura e narrazione. I nostri sceneggiatori, consulenti e formatori sono esperti nel loro campo, con una significativa esperienza nell'industria dell'intrattenimento. La nostra missione \u00e8 condividere questa competenza e aiutare i nostri clienti a trasformare le loro idee in storie coinvolgenti e di successo. Crediamo che ogni progetto sia un'opportunit\u00e0 per creare qualcosa di nuovo, autentico e memorabile.<\/p>\t\t\t\t\t\t\t\t<\/div>\n\t\t\t\t<\/div>\n\t\t\t\t<\/div>\n\t\t<div class=\"elementor-element elementor-element-54932b5 e-con-full e-flex e-con e-child\" data-id=\"54932b5\" data-element_type=\"container\" data-e-type=\"container\" data-settings=\"{&quot;_ha_eqh_enable&quot;:false}\">\n\t\t\t\t<div class=\"elementor-element elementor-element-2b0dc42 elementor-widget elementor-widget-image\" data-id=\"2b0dc42\" data-element_type=\"widget\" data-e-type=\"widget\" data-widget_type=\"image.default\">\n\t\t\t\t<div class=\"elementor-widget-container\">\n\t\t\t\t\t\t\t\t\t\t\t\t\t\t\t<img alt=\"\" loading=\"lazy\" decoding=\"async\" width=\"800\" height=\"534\" src=\"https:\/\/proscenario.fr\/wp-content\/uploads\/2024\/09\/3-1-1024x683.jpeg\" class=\"attachment-large size-large wp-image-2012\" srcset=\"https:\/\/proscenario.fr\/wp-content\/uploads\/2024\/09\/3-1-1024x683.jpeg 1024w, https:\/\/proscenario.fr\/wp-content\/uploads\/2024\/09\/3-1-300x200.jpeg 300w, https:\/\/proscenario.fr\/wp-content\/uploads\/2024\/09\/3-1-768x513.jpeg 768w, https:\/\/proscenario.fr\/wp-content\/uploads\/2024\/09\/3-1.jpeg 1500w\" sizes=\"(max-width: 800px) 100vw, 800px\" \/>\t\t\t\t\t\t\t\t\t\t\t\t\t\t\t<\/div>\n\t\t\t\t<\/div>\n\t\t\t\t<\/div>\n\t\t\t\t\t<\/div>\n\t\t\t\t<\/div>\n\t\t<div class=\"elementor-element elementor-element-e3551e2 e-flex e-con-boxed e-con e-parent\" data-id=\"e3551e2\" data-element_type=\"container\" data-e-type=\"container\" data-settings=\"{&quot;background_background&quot;:&quot;classic&quot;,&quot;_ha_eqh_enable&quot;:false}\">\n\t\t\t\t\t<div class=\"e-con-inner\">\n\t\t<div class=\"elementor-element elementor-element-108983f e-con-full e-flex e-con e-child\" data-id=\"108983f\" data-element_type=\"container\" data-e-type=\"container\" data-settings=\"{&quot;_ha_eqh_enable&quot;:false}\">\n\t\t\t\t<div class=\"elementor-element elementor-element-55afaf4 elementor-widget elementor-widget-image\" data-id=\"55afaf4\" data-element_type=\"widget\" data-e-type=\"widget\" data-widget_type=\"image.default\">\n\t\t\t\t<div class=\"elementor-widget-container\">\n\t\t\t\t\t\t\t\t\t\t\t\t\t\t\t<img alt=\"\" loading=\"lazy\" decoding=\"async\" width=\"800\" height=\"533\" src=\"https:\/\/proscenario.fr\/wp-content\/uploads\/2024\/09\/44-1024x682.jpeg\" class=\"attachment-large size-large wp-image-2007\" srcset=\"https:\/\/proscenario.fr\/wp-content\/uploads\/2024\/09\/44-1024x682.jpeg 1024w, https:\/\/proscenario.fr\/wp-content\/uploads\/2024\/09\/44-300x200.jpeg 300w, https:\/\/proscenario.fr\/wp-content\/uploads\/2024\/09\/44-768x512.jpeg 768w, https:\/\/proscenario.fr\/wp-content\/uploads\/2024\/09\/44-1536x1023.jpeg 1536w, https:\/\/proscenario.fr\/wp-content\/uploads\/2024\/09\/44.jpeg 1600w\" sizes=\"(max-width: 800px) 100vw, 800px\" \/>\t\t\t\t\t\t\t\t\t\t\t\t\t\t\t<\/div>\n\t\t\t\t<\/div>\n\t\t\t\t<\/div>\n\t\t<div class=\"elementor-element elementor-element-d02f272 e-con-full e-flex e-con e-child\" data-id=\"d02f272\" data-element_type=\"container\" data-e-type=\"container\" data-settings=\"{&quot;_ha_eqh_enable&quot;:false}\">\n\t\t\t\t<div class=\"elementor-element elementor-element-d92728b elementor-widget elementor-widget-text-editor\" data-id=\"d92728b\" data-element_type=\"widget\" data-e-type=\"widget\" data-widget_type=\"text-editor.default\">\n\t\t\t\t<div class=\"elementor-widget-container\">\n\t\t\t\t\t\t\t\t\t<h3>Un approccio creativo e collaborativo<\/h3><p>Lavoriamo a stretto contatto con i nostri clienti per capire le loro esigenze, aspettative e obiettivi. Il nostro approccio \u00e8 al tempo stesso creativo e strategico, perch\u00e9 sappiamo che una storia, per funzionare, non solo deve essere ben scritta, ma deve anche soddisfare le esigenze del mercato o del pubblico di riferimento. Per questo diamo grande importanza alla collaborazione, all'ascolto e alla comprensione delle aspettative dei nostri partner, siano essi grandi aziende o sceneggiatori indipendenti.<\/p>\t\t\t\t\t\t\t\t<\/div>\n\t\t\t\t<\/div>\n\t\t\t\t<\/div>\n\t\t\t\t\t<\/div>\n\t\t\t\t<\/div>\n\t\t<div class=\"elementor-element elementor-element-ad6e54c e-flex e-con-boxed e-con e-parent\" data-id=\"ad6e54c\" data-element_type=\"container\" data-e-type=\"container\" data-settings=\"{&quot;background_background&quot;:&quot;classic&quot;,&quot;_ha_eqh_enable&quot;:false}\">\n\t\t\t\t\t<div class=\"e-con-inner\">\n\t\t<div class=\"elementor-element elementor-element-c0c7e9d e-con-full e-flex e-con e-child\" data-id=\"c0c7e9d\" data-element_type=\"container\" data-e-type=\"container\" data-settings=\"{&quot;_ha_eqh_enable&quot;:false}\">\n\t\t\t\t<div class=\"elementor-element elementor-element-2a955c8 elementor-widget elementor-widget-text-editor\" data-id=\"2a955c8\" data-element_type=\"widget\" data-e-type=\"widget\" data-widget_type=\"text-editor.default\">\n\t\t\t\t<div class=\"elementor-widget-container\">\n\t\t\t\t\t\t\t\t\t<h3>Perch\u00e9 scegliere Pro Sc\u00e9nario?<\/h3><p>Scegliendo Pro Sc\u00e9nario, beneficiate di :<\/p><ul><li>Da un <strong>competenza comprovata<\/strong> nella progettazione di sceneggiature per una variet\u00e0 di formati e settori.<\/li><li>A <strong>supporto individuale<\/strong> in ogni fase del processo creativo, dall'idea iniziale alla versione finale della sceneggiatura.<\/li><li>Da <strong>servizi completi<\/strong> formazione, coaching, script doctoring, consulenza e scrittura su misura.<\/li><li>Un team di sceneggiatori e consulenti appassionati ed esperti, sempre pronti ad ascoltare le vostre esigenze.<\/li><\/ul>\t\t\t\t\t\t\t\t<\/div>\n\t\t\t\t<\/div>\n\t\t\t\t<\/div>\n\t\t<div class=\"elementor-element elementor-element-d9a2446 e-con-full e-flex e-con e-child\" data-id=\"d9a2446\" data-element_type=\"container\" data-e-type=\"container\" data-settings=\"{&quot;_ha_eqh_enable&quot;:false}\">\n\t\t\t\t<div class=\"elementor-element elementor-element-2b64abb elementor-widget elementor-widget-image\" data-id=\"2b64abb\" data-element_type=\"widget\" data-e-type=\"widget\" data-widget_type=\"image.default\">\n\t\t\t\t<div class=\"elementor-widget-container\">\n\t\t\t\t\t\t\t\t\t\t\t\t\t\t\t<img alt=\"\" loading=\"lazy\" decoding=\"async\" width=\"1600\" height=\"893\" src=\"https:\/\/proscenario.fr\/wp-content\/uploads\/2024\/09\/9.jpeg\" class=\"attachment-full size-full wp-image-2005\" srcset=\"https:\/\/proscenario.fr\/wp-content\/uploads\/2024\/09\/9.jpeg 1600w, https:\/\/proscenario.fr\/wp-content\/uploads\/2024\/09\/9-300x167.jpeg 300w, https:\/\/proscenario.fr\/wp-content\/uploads\/2024\/09\/9-1024x572.jpeg 1024w, https:\/\/proscenario.fr\/wp-content\/uploads\/2024\/09\/9-768x429.jpeg 768w, https:\/\/proscenario.fr\/wp-content\/uploads\/2024\/09\/9-1536x857.jpeg 1536w\" sizes=\"(max-width: 1600px) 100vw, 1600px\" \/>\t\t\t\t\t\t\t\t\t\t\t\t\t\t\t<\/div>\n\t\t\t\t<\/div>\n\t\t\t\t<\/div>\n\t\t\t\t\t<\/div>\n\t\t\t\t<\/div>\n\t\t\t\t<\/div>","protected":false},"excerpt":{"rendered":"<p>Qui sommes-nous ? \u00c0 propos de Pro Sc\u00e9nario Bienvenue chez Pro Sc\u00e9nario, une agence de sc\u00e9naristes visionnaires et passionn\u00e9s, d\u00e9di\u00e9e \u00e0 l&rsquo;art de l&rsquo;\u00e9criture et de la conception de sc\u00e9narios sur mesure. Depuis notre cr\u00e9ation, nous avons eu le privil\u00e8ge de diriger, \u00e9crire et r\u00e9aliser plusieurs centaines de projets pour une grande vari\u00e9t\u00e9 de formats [&hellip;]<\/p>\n","protected":false},"author":1,"featured_media":0,"parent":0,"menu_order":0,"comment_status":"closed","ping_status":"closed","template":"","meta":{"_seopress_robots_primary_cat":"","_seopress_titles_title":"","_seopress_titles_desc":"","_seopress_robots_index":"","footnotes":""},"class_list":["post-1079","page","type-page","status-publish","hentry"],"_links":{"self":[{"href":"https:\/\/proscenario.fr\/it\/wp-json\/wp\/v2\/pages\/1079","targetHints":{"allow":["GET"]}}],"collection":[{"href":"https:\/\/proscenario.fr\/it\/wp-json\/wp\/v2\/pages"}],"about":[{"href":"https:\/\/proscenario.fr\/it\/wp-json\/wp\/v2\/types\/page"}],"author":[{"embeddable":true,"href":"https:\/\/proscenario.fr\/it\/wp-json\/wp\/v2\/users\/1"}],"replies":[{"embeddable":true,"href":"https:\/\/proscenario.fr\/it\/wp-json\/wp\/v2\/comments?post=1079"}],"version-history":[{"count":29,"href":"https:\/\/proscenario.fr\/it\/wp-json\/wp\/v2\/pages\/1079\/revisions"}],"predecessor-version":[{"id":2476,"href":"https:\/\/proscenario.fr\/it\/wp-json\/wp\/v2\/pages\/1079\/revisions\/2476"}],"wp:attachment":[{"href":"https:\/\/proscenario.fr\/it\/wp-json\/wp\/v2\/media?parent=1079"}],"curies":[{"name":"wp","href":"https:\/\/api.w.org\/{rel}","templated":true}]}}