{"id":1077,"date":"2024-09-02T22:08:18","date_gmt":"2024-09-02T22:08:18","guid":{"rendered":"http:\/\/proscenario.fr\/about\/"},"modified":"2025-01-17T22:05:02","modified_gmt":"2025-01-17T22:05:02","slug":"informativa-sulla-privacy","status":"publish","type":"page","link":"https:\/\/proscenario.fr\/it\/informativa-sulla-privacy\/","title":{"rendered":"Informativa sulla privacy"},"content":{"rendered":"<div data-elementor-type=\"wp-page\" data-elementor-id=\"1077\" class=\"elementor elementor-1077\" data-elementor-settings=\"{&quot;ha_cmc_init_switcher&quot;:&quot;no&quot;}\">\n\t\t\t\t<div class=\"elementor-element elementor-element-6e6b0ad e-flex e-con-boxed e-con e-parent\" data-id=\"6e6b0ad\" data-element_type=\"container\" data-e-type=\"container\" data-settings=\"{&quot;background_background&quot;:&quot;classic&quot;,&quot;_ha_eqh_enable&quot;:false}\">\n\t\t\t\t\t<div class=\"e-con-inner\">\n\t\t\t\t<div class=\"elementor-element elementor-element-fccd208 elementor-widget elementor-widget-text-editor\" data-id=\"fccd208\" data-element_type=\"widget\" data-e-type=\"widget\" data-widget_type=\"text-editor.default\">\n\t\t\t\t<div class=\"elementor-widget-container\">\n\t\t\t\t\t\t\t\t\t<h3><strong>Informativa sulla privacy<\/strong><\/h3><p><strong>Proscenario.fr<\/strong>gestito da Alexandre Hoesli (imprenditore autonomo), rispetta la vostra privacy e si impegna a proteggere i vostri dati personali. Questa politica di riservatezza descrive come raccogliamo, utilizziamo e proteggiamo le vostre informazioni.<\/p><h4><strong>1. Raccolta dei dati personali<\/strong><\/h4><p>Raccogliamo i vostri dati personali quando :<\/p><ul><li>Effettuate una prenotazione tramite il nostro sito web.<\/li><li>Iscrivetevi alla nostra newsletter.<\/li><li>Utilizzate il nostro servizio di pagamento Stripe o il servizio di gestione degli appuntamenti Calendly.<\/li><\/ul><p>Le informazioni raccolte possono includere: cognome, nome, indirizzo e-mail, numero di telefono, indirizzo postale, dati di pagamento e qualsiasi altro dato rilevante per la fornitura dei nostri servizi.<\/p><h4><strong>2. Utilizzo dei dati<\/strong><\/h4><p>I vostri dati vengono utilizzati per :<\/p><ul><li>Gestire le prenotazioni e i servizi.<\/li><li>Fornirvi i servizi richiesti (formazione, assistenza, coaching, ecc.).<\/li><li>Elaborate i vostri pagamenti in modo sicuro tramite Stripe.<\/li><li>Pianificate e gestite i vostri appuntamenti tramite Calendly.<\/li><li>Informare l'utente di eventuali aggiornamenti o promozioni.<\/li><\/ul><h4><strong>3. Condivisione dei dati<\/strong><\/h4><p>Non condividiamo i vostri dati personali con terzi per scopi commerciali. Tuttavia, le vostre informazioni possono essere condivise con i nostri fornitori di servizi terzi, in particolare :<\/p><ul><li><strong>Striscia<\/strong> per l'elaborazione sicura dei pagamenti.<\/li><li><strong>Calendario<\/strong> per la gestione degli appuntamenti.<\/li><\/ul><h4><strong>4. Sicurezza dei dati<\/strong><\/h4><p>Implementiamo misure tecniche per proteggere i vostri dati da accessi non autorizzati, alterazioni e distruzione. I vostri dati di pagamento sono criptati con il protocollo SSL.<\/p><h4><strong>5. I vostri diritti<\/strong><\/h4><p>In conformit\u00e0 alla normativa vigente, avete il diritto di accedere, rettificare o cancellare i vostri dati personali. Per esercitare questi diritti, vi preghiamo di contattarci all'indirizzo : <strong><a rel=\"noopener\">alexandre@proscenario.fr.fr<\/a><\/strong>.<\/p>\t\t\t\t\t\t\t\t<\/div>\n\t\t\t\t<\/div>\n\t\t\t\t\t<\/div>\n\t\t\t\t<\/div>\n\t\t\t\t<\/div>","protected":false},"excerpt":{"rendered":"<p>Politique de confidentialit\u00e9 Proscenario.fr, exploit\u00e9 par Alexandre Hoesli (Auto-entrepreneur), respecte votre vie priv\u00e9e et s&rsquo;engage \u00e0 prot\u00e9ger vos donn\u00e9es personnelles. Cette politique de confidentialit\u00e9 d\u00e9crit comment nous recueillons, utilisons et prot\u00e9geons vos informations. 1. Collecte des donn\u00e9es personnelles Nous collectons vos informations personnelles lorsque : Vous effectuez une r\u00e9servation via notre site. Vous vous inscrivez [&hellip;]<\/p>\n","protected":false},"author":1,"featured_media":0,"parent":0,"menu_order":0,"comment_status":"closed","ping_status":"closed","template":"","meta":{"_seopress_robots_primary_cat":"","_seopress_titles_title":"","_seopress_titles_desc":"","_seopress_robots_index":"","footnotes":""},"class_list":["post-1077","page","type-page","status-publish","hentry"],"_links":{"self":[{"href":"https:\/\/proscenario.fr\/it\/wp-json\/wp\/v2\/pages\/1077","targetHints":{"allow":["GET"]}}],"collection":[{"href":"https:\/\/proscenario.fr\/it\/wp-json\/wp\/v2\/pages"}],"about":[{"href":"https:\/\/proscenario.fr\/it\/wp-json\/wp\/v2\/types\/page"}],"author":[{"embeddable":true,"href":"https:\/\/proscenario.fr\/it\/wp-json\/wp\/v2\/users\/1"}],"replies":[{"embeddable":true,"href":"https:\/\/proscenario.fr\/it\/wp-json\/wp\/v2\/comments?post=1077"}],"version-history":[{"count":21,"href":"https:\/\/proscenario.fr\/it\/wp-json\/wp\/v2\/pages\/1077\/revisions"}],"predecessor-version":[{"id":2501,"href":"https:\/\/proscenario.fr\/it\/wp-json\/wp\/v2\/pages\/1077\/revisions\/2501"}],"wp:attachment":[{"href":"https:\/\/proscenario.fr\/it\/wp-json\/wp\/v2\/media?parent=1077"}],"curies":[{"name":"wp","href":"https:\/\/api.w.org\/{rel}","templated":true}]}}