{"id":1952,"date":"2024-09-04T11:53:04","date_gmt":"2024-09-04T11:53:04","guid":{"rendered":"https:\/\/proscenario.fr\/?page_id=1952"},"modified":"2025-01-17T21:36:20","modified_gmt":"2025-01-17T21:36:20","slug":"condiciones-generales-de-venta","status":"publish","type":"page","link":"https:\/\/proscenario.fr\/es\/condiciones-generales-de-venta\/","title":{"rendered":"Condiciones generales de venta"},"content":{"rendered":"<div data-elementor-type=\"wp-page\" data-elementor-id=\"1952\" class=\"elementor elementor-1952\" data-elementor-settings=\"{&quot;ha_cmc_init_switcher&quot;:&quot;no&quot;}\">\n\t\t\t\t<div class=\"elementor-element elementor-element-6e6b0ad e-flex e-con-boxed e-con e-parent\" data-id=\"6e6b0ad\" data-element_type=\"container\" data-e-type=\"container\" data-settings=\"{&quot;background_background&quot;:&quot;classic&quot;,&quot;_ha_eqh_enable&quot;:false}\">\n\t\t\t\t\t<div class=\"e-con-inner\">\n\t\t\t\t<div class=\"elementor-element elementor-element-fccd208 elementor-widget elementor-widget-text-editor\" data-id=\"fccd208\" data-element_type=\"widget\" data-e-type=\"widget\" data-widget_type=\"text-editor.default\">\n\t\t\t\t<div class=\"elementor-widget-container\">\n\t\t\t\t\t\t\t\t\t<h3><strong>Condiciones generales de venta (CGV)<\/strong><\/h3><h4><strong>1. \u00c1mbito de aplicaci\u00f3n<\/strong><\/h4><p>Las presentes condiciones generales de venta se aplican a todos los servicios prestados por <strong>ProScenario.es<\/strong>Representado por Alexandre Hoesli, aut\u00f3nomo. Los servicios incluyen: formaci\u00f3n, apoyo, coaching, consultor\u00eda de guiones y escritura de guiones a medida para pel\u00edculas, series, anuncios y mucho m\u00e1s.<\/p><h4><strong>2. Control<\/strong><\/h4><p>Todos los pedidos se confirman una vez validado el pago a trav\u00e9s de nuestro sistema de pago seguro. <strong>Raya<\/strong> y programar su cita a trav\u00e9s de <strong>Calendly<\/strong>. Los clientes recibir\u00e1n un correo electr\u00f3nico de confirmaci\u00f3n con los detalles de su reserva.<\/p><h4><strong>3. Tarifas y pagos<\/strong><\/h4><p>Los precios de los servicios se indican en euros, impuestos incluidos. Los pagos se realizan en l\u00ednea a trav\u00e9s de <strong>Raya<\/strong> con seguridad.<\/p><h4><strong>4. Cancelaci\u00f3n y reembolso<\/strong><\/h4><p>Una vez confirmada la reserva, <strong>no se efectuar\u00e1 ning\u00fan reembolso<\/strong>Recomendamos a nuestros clientes que comprueben cuidadosamente todos los detalles antes de finalizar su reserva. Animamos a nuestros clientes a comprobar todos los detalles cuidadosamente antes de finalizar su reserva.<\/p><h4><strong>5. Obligaciones del cliente<\/strong><\/h4><p>El cliente se compromete a facilitar informaci\u00f3n exacta en el momento de la reserva y a respetar las citas programadas. En caso de retraso o ausencia sin previo aviso, el servicio se dar\u00e1 por finalizado.<\/p><h4><strong>6. Confidencialidad<\/strong><\/h4><p>Toda la informaci\u00f3n intercambiada durante los servicios es estrictamente confidencial. Alexandre Hoesli se compromete a respetar la confidencialidad de la informaci\u00f3n compartida.<\/p><h4><strong>7. Legislaci\u00f3n y jurisdicci\u00f3n aplicables<\/strong><\/h4><p>Las presentes condiciones generales se rigen por la legislaci\u00f3n francesa. Cualquier litigio relativo a la interpretaci\u00f3n o ejecuci\u00f3n de las presentes condiciones generales ser\u00e1 competencia exclusiva de los tribunales franceses.<\/p>\t\t\t\t\t\t\t\t<\/div>\n\t\t\t\t<\/div>\n\t\t\t\t\t<\/div>\n\t\t\t\t<\/div>\n\t\t\t\t<\/div>","protected":false},"excerpt":{"rendered":"<p>Conditions g\u00e9n\u00e9rales de vente (CGV) 1. Champ d&rsquo;application Les pr\u00e9sentes conditions g\u00e9n\u00e9rales de vente s&rsquo;appliquent \u00e0 toutes les prestations fournies par ProScenario.fr, repr\u00e9sent\u00e9 par Alexandre Hoesli, auto-entrepreneur. Les services incluent : formation, accompagnement, coaching, consulting en sc\u00e9nario, et \u00e9criture sur mesure de sc\u00e9narios pour films, s\u00e9ries, publicit\u00e9s et autres. 2. Commande Toute commande est confirm\u00e9e [&hellip;]<\/p>\n","protected":false},"author":1,"featured_media":0,"parent":0,"menu_order":0,"comment_status":"closed","ping_status":"closed","template":"","meta":{"_seopress_robots_primary_cat":"","_seopress_titles_title":"","_seopress_titles_desc":"","_seopress_robots_index":"","footnotes":""},"class_list":["post-1952","page","type-page","status-publish","hentry"],"_links":{"self":[{"href":"https:\/\/proscenario.fr\/es\/wp-json\/wp\/v2\/pages\/1952","targetHints":{"allow":["GET"]}}],"collection":[{"href":"https:\/\/proscenario.fr\/es\/wp-json\/wp\/v2\/pages"}],"about":[{"href":"https:\/\/proscenario.fr\/es\/wp-json\/wp\/v2\/types\/page"}],"author":[{"embeddable":true,"href":"https:\/\/proscenario.fr\/es\/wp-json\/wp\/v2\/users\/1"}],"replies":[{"embeddable":true,"href":"https:\/\/proscenario.fr\/es\/wp-json\/wp\/v2\/comments?post=1952"}],"version-history":[{"count":17,"href":"https:\/\/proscenario.fr\/es\/wp-json\/wp\/v2\/pages\/1952\/revisions"}],"predecessor-version":[{"id":2496,"href":"https:\/\/proscenario.fr\/es\/wp-json\/wp\/v2\/pages\/1952\/revisions\/2496"}],"wp:attachment":[{"href":"https:\/\/proscenario.fr\/es\/wp-json\/wp\/v2\/media?parent=1952"}],"curies":[{"name":"wp","href":"https:\/\/api.w.org\/{rel}","templated":true}]}}