{"id":1079,"date":"2024-09-02T22:08:18","date_gmt":"2024-09-02T22:08:18","guid":{"rendered":"http:\/\/proscenario.fr\/blog\/"},"modified":"2025-07-22T23:12:09","modified_gmt":"2025-07-22T23:12:09","slug":"a-propos","status":"publish","type":"page","link":"https:\/\/proscenario.fr\/es\/a-propos\/","title":{"rendered":"Qui\u00e9nes somos"},"content":{"rendered":"<div data-elementor-type=\"wp-page\" data-elementor-id=\"1079\" class=\"elementor elementor-1079\" data-elementor-settings=\"{&quot;ha_cmc_init_switcher&quot;:&quot;no&quot;}\">\n\t\t\t\t<div class=\"elementor-element elementor-element-e7275c5 e-flex e-con-boxed e-con e-parent\" data-id=\"e7275c5\" data-element_type=\"container\" data-e-type=\"container\" data-settings=\"{&quot;background_background&quot;:&quot;classic&quot;,&quot;_ha_eqh_enable&quot;:false}\">\n\t\t\t\t\t<div class=\"e-con-inner\">\n\t\t\t\t<div class=\"elementor-element elementor-element-19e52ea elementor-widget elementor-widget-heading\" data-id=\"19e52ea\" data-element_type=\"widget\" data-e-type=\"widget\" data-widget_type=\"heading.default\">\n\t\t\t\t<div class=\"elementor-widget-container\">\n\t\t\t\t\t<h2 class=\"elementor-heading-title elementor-size-default\">\u00bfQui\u00e9nes somos?<\/h2>\t\t\t\t<\/div>\n\t\t\t\t<\/div>\n\t\t\t\t\t<\/div>\n\t\t\t\t<\/div>\n\t\t<div class=\"elementor-element elementor-element-783a2f0 e-flex e-con-boxed e-con e-parent\" data-id=\"783a2f0\" data-element_type=\"container\" data-e-type=\"container\" data-settings=\"{&quot;background_background&quot;:&quot;classic&quot;,&quot;_ha_eqh_enable&quot;:false}\">\n\t\t\t\t\t<div class=\"e-con-inner\">\n\t\t<div class=\"elementor-element elementor-element-b342168 e-con-full e-flex e-con e-child\" data-id=\"b342168\" data-element_type=\"container\" data-e-type=\"container\" data-settings=\"{&quot;_ha_eqh_enable&quot;:false}\">\n\t\t\t\t<div class=\"elementor-element elementor-element-bfcf0be elementor-widget elementor-widget-image\" data-id=\"bfcf0be\" data-element_type=\"widget\" data-e-type=\"widget\" data-widget_type=\"image.default\">\n\t\t\t\t<div class=\"elementor-widget-container\">\n\t\t\t\t\t\t\t\t\t\t\t\t\t\t\t<img alt=\"\" fetchpriority=\"high\" decoding=\"async\" width=\"800\" height=\"533\" src=\"https:\/\/proscenario.fr\/wp-content\/uploads\/2024\/09\/33-1024x682.jpeg\" class=\"attachment-large size-large wp-image-2004\" srcset=\"https:\/\/proscenario.fr\/wp-content\/uploads\/2024\/09\/33-1024x682.jpeg 1024w, https:\/\/proscenario.fr\/wp-content\/uploads\/2024\/09\/33-300x200.jpeg 300w, https:\/\/proscenario.fr\/wp-content\/uploads\/2024\/09\/33-768x512.jpeg 768w, https:\/\/proscenario.fr\/wp-content\/uploads\/2024\/09\/33-1536x1023.jpeg 1536w, https:\/\/proscenario.fr\/wp-content\/uploads\/2024\/09\/33.jpeg 1600w\" sizes=\"(max-width: 800px) 100vw, 800px\" \/>\t\t\t\t\t\t\t\t\t\t\t\t\t\t\t<\/div>\n\t\t\t\t<\/div>\n\t\t\t\t<\/div>\n\t\t<div class=\"elementor-element elementor-element-c95d140 e-con-full e-flex e-con e-child\" data-id=\"c95d140\" data-element_type=\"container\" data-e-type=\"container\" data-settings=\"{&quot;_ha_eqh_enable&quot;:false}\">\n\t\t\t\t<div class=\"elementor-element elementor-element-1cdefce elementor-widget elementor-widget-text-editor\" data-id=\"1cdefce\" data-element_type=\"widget\" data-e-type=\"widget\" data-widget_type=\"text-editor.default\">\n\t\t\t\t<div class=\"elementor-widget-container\">\n\t\t\t\t\t\t\t\t\t<h3>Acerca de Pro Sc\u00e9nario<\/h3><p>Bienvenido a Pro Sc\u00e9nario, una agencia de guionistas visionarios y apasionados dedicados al arte de escribir e idear guiones a medida. Desde nuestra creaci\u00f3n, hemos tenido el privilegio de dirigir, escribir y producir cientos de proyectos para una amplia variedad de formatos y sectores. Nuestra experiencia abarca desde cortometrajes a largometrajes, as\u00ed como producciones para cine, publicidad y teatro. Aportamos una mezcla \u00fanica de creatividad y dominio t\u00e9cnico a cada proyecto, garantizando resultados innovadores e impactantes.<\/p>\t\t\t\t\t\t\t\t<\/div>\n\t\t\t\t<\/div>\n\t\t\t\t<\/div>\n\t\t\t\t\t<\/div>\n\t\t\t\t<\/div>\n\t\t<div class=\"elementor-element elementor-element-f84514b e-flex e-con-boxed e-con e-parent\" data-id=\"f84514b\" data-element_type=\"container\" data-e-type=\"container\" data-settings=\"{&quot;background_background&quot;:&quot;classic&quot;,&quot;_ha_eqh_enable&quot;:false}\">\n\t\t\t\t\t<div class=\"e-con-inner\">\n\t\t<div class=\"elementor-element elementor-element-48b3e8b e-con-full e-flex e-con e-child\" data-id=\"48b3e8b\" data-element_type=\"container\" data-e-type=\"container\" data-settings=\"{&quot;_ha_eqh_enable&quot;:false}\">\n\t\t\t\t<div class=\"elementor-element elementor-element-3255008 elementor-widget elementor-widget-text-editor\" data-id=\"3255008\" data-element_type=\"widget\" data-e-type=\"widget\" data-widget_type=\"text-editor.default\">\n\t\t\t\t<div class=\"elementor-widget-container\">\n\t\t\t\t\t\t\t\t\t<h3>Nuestros proyectos<\/h3><p>Gracias a nuestra dilatada experiencia, Pro Sc\u00e9nario ha participado en proyectos de todo tipo y escala, desde pel\u00edculas \u00edntimas de autor hasta anuncios publicitarios a gran escala y obras teatrales originales. Hemos trabajado junto a productores, directores, compa\u00f1\u00edas y artistas para crear guiones que cautiven al p\u00fablico, transmitan mensajes poderosos y dejen una impresi\u00f3n duradera. Cada proyecto que emprendemos se beneficia de una meticulosa atenci\u00f3n al detalle, ya sea en el desarrollo de los di\u00e1logos, la construcci\u00f3n de los personajes o la evoluci\u00f3n de la trama.<\/p>\t\t\t\t\t\t\t\t<\/div>\n\t\t\t\t<\/div>\n\t\t\t\t<\/div>\n\t\t<div class=\"elementor-element elementor-element-8020627 e-con-full e-flex e-con e-child\" data-id=\"8020627\" data-element_type=\"container\" data-e-type=\"container\" data-settings=\"{&quot;_ha_eqh_enable&quot;:false}\">\n\t\t\t\t<div class=\"elementor-element elementor-element-f0f7ca8 elementor-widget elementor-widget-image\" data-id=\"f0f7ca8\" data-element_type=\"widget\" data-e-type=\"widget\" data-widget_type=\"image.default\">\n\t\t\t\t<div class=\"elementor-widget-container\">\n\t\t\t\t\t\t\t\t\t\t\t\t\t\t\t<img alt=\"\" decoding=\"async\" width=\"800\" height=\"534\" src=\"https:\/\/proscenario.fr\/wp-content\/uploads\/2024\/09\/2-e1725443951437-1024x684.jpeg\" class=\"attachment-large size-large wp-image-1829\" srcset=\"https:\/\/proscenario.fr\/wp-content\/uploads\/2024\/09\/2-e1725443951437-1024x684.jpeg 1024w, https:\/\/proscenario.fr\/wp-content\/uploads\/2024\/09\/2-e1725443951437-300x200.jpeg 300w, https:\/\/proscenario.fr\/wp-content\/uploads\/2024\/09\/2-e1725443951437-768x513.jpeg 768w, https:\/\/proscenario.fr\/wp-content\/uploads\/2024\/09\/2-e1725443951437-1536x1026.jpeg 1536w, https:\/\/proscenario.fr\/wp-content\/uploads\/2024\/09\/2-e1725443951437.jpeg 1600w\" sizes=\"(max-width: 800px) 100vw, 800px\" \/>\t\t\t\t\t\t\t\t\t\t\t\t\t\t\t<\/div>\n\t\t\t\t<\/div>\n\t\t\t\t<\/div>\n\t\t\t\t\t<\/div>\n\t\t\t\t<\/div>\n\t\t<div class=\"elementor-element elementor-element-1bec0e2 e-flex e-con-boxed e-con e-parent\" data-id=\"1bec0e2\" data-element_type=\"container\" data-e-type=\"container\" data-settings=\"{&quot;background_background&quot;:&quot;classic&quot;,&quot;_ha_eqh_enable&quot;:false}\">\n\t\t\t\t\t<div class=\"e-con-inner\">\n\t\t<div class=\"elementor-element elementor-element-c8c64ff e-con-full e-flex e-con e-child\" data-id=\"c8c64ff\" data-element_type=\"container\" data-e-type=\"container\" data-settings=\"{&quot;_ha_eqh_enable&quot;:false}\">\n\t\t\t\t<div class=\"elementor-element elementor-element-20457c7 elementor-widget elementor-widget-image-gallery\" data-id=\"20457c7\" data-element_type=\"widget\" data-e-type=\"widget\" data-widget_type=\"image-gallery.default\">\n\t\t\t\t<div class=\"elementor-widget-container\">\n\t\t\t\t\t\t\t<div class=\"elementor-image-gallery\">\n\t\t\t<div id='gallery-1' class='gallery galleryid-1079 gallery-columns-1 gallery-size-medium_large'><figure class='gallery-item'>\n\t\t\t<div class='gallery-icon landscape'>\n\t\t\t\t<a data-elementor-open-lightbox=\"yes\" data-elementor-lightbox-slideshow=\"20457c7\" data-elementor-lightbox-title=\"4\" data-e-action-hash=\"#elementor-action%3Aaction%3Dlightbox%26settings%3DeyJpZCI6MTgzMSwidXJsIjoiaHR0cHM6XC9cL3Byb3NjZW5hcmlvLmZyXC93cC1jb250ZW50XC91cGxvYWRzXC8yMDI0XC8wOVwvNC5qcGVnIiwic2xpZGVzaG93IjoiMjA0NTdjNyJ9\" href='https:\/\/proscenario.fr\/wp-content\/uploads\/2024\/09\/4.jpeg'><img decoding=\"async\" width=\"768\" height=\"327\" src=\"https:\/\/proscenario.fr\/wp-content\/uploads\/2024\/09\/4-768x327.jpeg\" class=\"attachment-medium_large size-medium_large\" alt=\"\" srcset=\"https:\/\/proscenario.fr\/wp-content\/uploads\/2024\/09\/4-768x327.jpeg 768w, https:\/\/proscenario.fr\/wp-content\/uploads\/2024\/09\/4-300x128.jpeg 300w, https:\/\/proscenario.fr\/wp-content\/uploads\/2024\/09\/4-1024x436.jpeg 1024w, https:\/\/proscenario.fr\/wp-content\/uploads\/2024\/09\/4-1536x655.jpeg 1536w, https:\/\/proscenario.fr\/wp-content\/uploads\/2024\/09\/4.jpeg 1600w\" sizes=\"(max-width: 768px) 100vw, 768px\" \/><\/a>\n\t\t\t<\/div><\/figure><figure class='gallery-item'>\n\t\t\t<div class='gallery-icon landscape'>\n\t\t\t\t<a data-elementor-open-lightbox=\"yes\" data-elementor-lightbox-slideshow=\"20457c7\" data-elementor-lightbox-title=\"5\" data-e-action-hash=\"#elementor-action%3Aaction%3Dlightbox%26settings%3DeyJpZCI6MTgzMiwidXJsIjoiaHR0cHM6XC9cL3Byb3NjZW5hcmlvLmZyXC93cC1jb250ZW50XC91cGxvYWRzXC8yMDI0XC8wOVwvNS5qcGVnIiwic2xpZGVzaG93IjoiMjA0NTdjNyJ9\" href='https:\/\/proscenario.fr\/wp-content\/uploads\/2024\/09\/5.jpeg'><img loading=\"lazy\" decoding=\"async\" width=\"768\" height=\"327\" src=\"https:\/\/proscenario.fr\/wp-content\/uploads\/2024\/09\/5-768x327.jpeg\" class=\"attachment-medium_large size-medium_large\" alt=\"\" srcset=\"https:\/\/proscenario.fr\/wp-content\/uploads\/2024\/09\/5-768x327.jpeg 768w, https:\/\/proscenario.fr\/wp-content\/uploads\/2024\/09\/5-300x128.jpeg 300w, https:\/\/proscenario.fr\/wp-content\/uploads\/2024\/09\/5-1024x436.jpeg 1024w, https:\/\/proscenario.fr\/wp-content\/uploads\/2024\/09\/5-1536x655.jpeg 1536w, https:\/\/proscenario.fr\/wp-content\/uploads\/2024\/09\/5.jpeg 1600w\" sizes=\"(max-width: 768px) 100vw, 768px\" \/><\/a>\n\t\t\t<\/div><\/figure><figure class='gallery-item'>\n\t\t\t<div class='gallery-icon landscape'>\n\t\t\t\t<a data-elementor-open-lightbox=\"yes\" data-elementor-lightbox-slideshow=\"20457c7\" data-elementor-lightbox-title=\"1\" data-e-action-hash=\"#elementor-action%3Aaction%3Dlightbox%26settings%3DeyJpZCI6MjAwNiwidXJsIjoiaHR0cHM6XC9cL3Byb3NjZW5hcmlvLmZyXC93cC1jb250ZW50XC91cGxvYWRzXC8yMDI0XC8wOVwvMS0xLmpwZWciLCJzbGlkZXNob3ciOiIyMDQ1N2M3In0%3D\" href='https:\/\/proscenario.fr\/wp-content\/uploads\/2024\/09\/1-1.jpeg'><img loading=\"lazy\" decoding=\"async\" width=\"768\" height=\"540\" src=\"https:\/\/proscenario.fr\/wp-content\/uploads\/2024\/09\/1-1-768x540.jpeg\" class=\"attachment-medium_large size-medium_large\" alt=\"\" srcset=\"https:\/\/proscenario.fr\/wp-content\/uploads\/2024\/09\/1-1-768x540.jpeg 768w, https:\/\/proscenario.fr\/wp-content\/uploads\/2024\/09\/1-1-300x211.jpeg 300w, https:\/\/proscenario.fr\/wp-content\/uploads\/2024\/09\/1-1-1024x721.jpeg 1024w, https:\/\/proscenario.fr\/wp-content\/uploads\/2024\/09\/1-1-1536x1081.jpeg 1536w, https:\/\/proscenario.fr\/wp-content\/uploads\/2024\/09\/1-1.jpeg 1600w\" sizes=\"(max-width: 768px) 100vw, 768px\" \/><\/a>\n\t\t\t<\/div><\/figure><figure class='gallery-item'>\n\t\t\t<div class='gallery-icon landscape'>\n\t\t\t\t<a data-elementor-open-lightbox=\"yes\" data-elementor-lightbox-slideshow=\"20457c7\" data-elementor-lightbox-title=\"66\" data-e-action-hash=\"#elementor-action%3Aaction%3Dlightbox%26settings%3DeyJpZCI6MjAwOCwidXJsIjoiaHR0cHM6XC9cL3Byb3NjZW5hcmlvLmZyXC93cC1jb250ZW50XC91cGxvYWRzXC8yMDI0XC8wOVwvNjYuanBlZyIsInNsaWRlc2hvdyI6IjIwNDU3YzcifQ%3D%3D\" href='https:\/\/proscenario.fr\/wp-content\/uploads\/2024\/09\/66.jpeg'><img loading=\"lazy\" decoding=\"async\" width=\"768\" height=\"327\" src=\"https:\/\/proscenario.fr\/wp-content\/uploads\/2024\/09\/66-768x327.jpeg\" class=\"attachment-medium_large size-medium_large\" alt=\"\" srcset=\"https:\/\/proscenario.fr\/wp-content\/uploads\/2024\/09\/66-768x327.jpeg 768w, https:\/\/proscenario.fr\/wp-content\/uploads\/2024\/09\/66-300x128.jpeg 300w, https:\/\/proscenario.fr\/wp-content\/uploads\/2024\/09\/66-1024x436.jpeg 1024w, https:\/\/proscenario.fr\/wp-content\/uploads\/2024\/09\/66-1536x654.jpeg 1536w, https:\/\/proscenario.fr\/wp-content\/uploads\/2024\/09\/66.jpeg 1600w\" sizes=\"(max-width: 768px) 100vw, 768px\" \/><\/a>\n\t\t\t<\/div><\/figure><figure class='gallery-item'>\n\t\t\t<div class='gallery-icon landscape'>\n\t\t\t\t<a data-elementor-open-lightbox=\"yes\" data-elementor-lightbox-slideshow=\"20457c7\" data-elementor-lightbox-title=\"22\" data-e-action-hash=\"#elementor-action%3Aaction%3Dlightbox%26settings%3DeyJpZCI6MjAxMywidXJsIjoiaHR0cHM6XC9cL3Byb3NjZW5hcmlvLmZyXC93cC1jb250ZW50XC91cGxvYWRzXC8yMDI0XC8wOVwvMjIuanBlZyIsInNsaWRlc2hvdyI6IjIwNDU3YzcifQ%3D%3D\" href='https:\/\/proscenario.fr\/wp-content\/uploads\/2024\/09\/22.jpeg'><img loading=\"lazy\" decoding=\"async\" width=\"768\" height=\"512\" src=\"https:\/\/proscenario.fr\/wp-content\/uploads\/2024\/09\/22-768x512.jpeg\" class=\"attachment-medium_large size-medium_large\" alt=\"\" srcset=\"https:\/\/proscenario.fr\/wp-content\/uploads\/2024\/09\/22-768x512.jpeg 768w, https:\/\/proscenario.fr\/wp-content\/uploads\/2024\/09\/22-300x200.jpeg 300w, https:\/\/proscenario.fr\/wp-content\/uploads\/2024\/09\/22-1024x682.jpeg 1024w, https:\/\/proscenario.fr\/wp-content\/uploads\/2024\/09\/22-1536x1023.jpeg 1536w, https:\/\/proscenario.fr\/wp-content\/uploads\/2024\/09\/22.jpeg 1600w\" sizes=\"(max-width: 768px) 100vw, 768px\" \/><\/a>\n\t\t\t<\/div><\/figure>\n\t\t<\/div>\n\t\t<\/div>\n\t\t\t\t\t\t<\/div>\n\t\t\t\t<\/div>\n\t\t\t\t<\/div>\n\t\t<div class=\"elementor-element elementor-element-db2243b e-con-full e-flex e-con e-child\" data-id=\"db2243b\" data-element_type=\"container\" data-e-type=\"container\" data-settings=\"{&quot;_ha_eqh_enable&quot;:false}\">\n\t\t\t\t<div class=\"elementor-element elementor-element-4bbea2b elementor-widget elementor-widget-text-editor\" data-id=\"4bbea2b\" data-element_type=\"widget\" data-e-type=\"widget\" data-widget_type=\"text-editor.default\">\n\t\t\t\t<div class=\"elementor-widget-container\">\n\t\t\t\t\t\t\t\t\t<h3>Nuestros servicios<\/h3><p>Adem\u00e1s de la escritura de guiones, Pro Sc\u00e9nario ofrece una gama completa de servicios para apoyar a guionistas, directores, productores y empresas en el desarrollo de sus proyectos. Creemos firmemente que toda historia merece ser contada de la manera m\u00e1s impactante posible, y ofrecemos nuestra experiencia para ayudar a nuestros clientes a lograr este objetivo.<\/p><ol><li><p><strong>Apoyo personalizado<\/strong> Acompa\u00f1amos a nuestros clientes en todas las fases de creaci\u00f3n de sus proyectos de gui\u00f3n, desde la idea inicial hasta el desarrollo y la reescritura del gui\u00f3n. Este estrecho seguimiento garantiza que cada proyecto alcance todo su potencial.<\/p><\/li><li><p><strong>Coaching<\/strong> El coaching de guion es uno de nuestros servicios estrella. Ayudamos a los guionistas a refinar sus ideas, superar los bloqueos creativos y perfeccionar sus habilidades narrativas. Nuestros experimentados coaches ofrecen comentarios constructivos y consejos pr\u00e1cticos para llevar cada proyecto a buen puerto.<\/p><\/li><li><p><strong>Consultor\u00eda y redacci\u00f3n de guiones<\/strong> Pro Sc\u00e9nario ofrece servicios de consultor\u00eda para directores, productores y equipos creativos que buscan asesoramiento profesional y recomendaciones sobre sus proyectos de gui\u00f3n. Tambi\u00e9n ofrecemos un servicio de script doctoring, destinado a diagnosticar y mejorar guiones en fase de desarrollo o reescritura. Nuestro equipo de consultores y script doctors identifica las debilidades narrativas, propone soluciones y ayuda a reforzar el impacto y la coherencia del gui\u00f3n.<\/p><\/li><li><p><strong>Redacci\u00f3n a medida<\/strong> : Adem\u00e1s de nuestros servicios de consultor\u00eda, tambi\u00e9n ofrecemos servicios de escritura a medida para guiones cinematogr\u00e1ficos, series, anuncios y producciones teatrales. Trabajamos en estrecha colaboraci\u00f3n con nuestros clientes para comprender sus visiones y crear guiones que se ajusten perfectamente a sus expectativas y al objetivo de su proyecto.<\/p><\/li><li><p><strong>Formaci\u00f3n<\/strong> Ofrecemos formaci\u00f3n a medida adaptada a las necesidades tanto de guionistas noveles como experimentados. Nuestros cursos abarcan los fundamentos de la escritura de guiones, t\u00e9cnicas narrativas avanzadas y estructuraci\u00f3n de historias para diversos formatos: cine, televisi\u00f3n, series web, etc.<\/p><\/li><\/ol>\t\t\t\t\t\t\t\t<\/div>\n\t\t\t\t<\/div>\n\t\t\t\t<\/div>\n\t\t\t\t\t<\/div>\n\t\t\t\t<\/div>\n\t\t<div class=\"elementor-element elementor-element-ad44931 e-flex e-con-boxed e-con e-parent\" data-id=\"ad44931\" data-element_type=\"container\" data-e-type=\"container\" data-settings=\"{&quot;background_background&quot;:&quot;classic&quot;,&quot;_ha_eqh_enable&quot;:false}\">\n\t\t\t\t\t<div class=\"e-con-inner\">\n\t\t<div class=\"elementor-element elementor-element-96dfa20 e-con-full e-flex e-con e-child\" data-id=\"96dfa20\" data-element_type=\"container\" data-e-type=\"container\" data-settings=\"{&quot;_ha_eqh_enable&quot;:false}\">\n\t\t\t\t<div class=\"elementor-element elementor-element-696fc8a elementor-widget elementor-widget-text-editor\" data-id=\"696fc8a\" data-element_type=\"widget\" data-e-type=\"widget\" data-widget_type=\"text-editor.default\">\n\t\t\t\t<div class=\"elementor-widget-container\">\n\t\t\t\t\t\t\t\t\t<h3>Un equipo dedicado al arte de escribir guiones<\/h3><p>El equipo de Pro Sc\u00e9nario est\u00e1 formado por profesionales apasionados por la escritura y la narraci\u00f3n. Nuestros guionistas, consultores y formadores son expertos en su campo, con una importante experiencia en la industria del entretenimiento. Nuestra misi\u00f3n es compartir esta experiencia y ayudar a nuestros clientes a transformar sus ideas en historias atractivas y de \u00e9xito. Creemos que cada proyecto es una oportunidad para crear algo nuevo, aut\u00e9ntico y memorable.<\/p>\t\t\t\t\t\t\t\t<\/div>\n\t\t\t\t<\/div>\n\t\t\t\t<\/div>\n\t\t<div class=\"elementor-element elementor-element-54932b5 e-con-full e-flex e-con e-child\" data-id=\"54932b5\" data-element_type=\"container\" data-e-type=\"container\" data-settings=\"{&quot;_ha_eqh_enable&quot;:false}\">\n\t\t\t\t<div class=\"elementor-element elementor-element-2b0dc42 elementor-widget elementor-widget-image\" data-id=\"2b0dc42\" data-element_type=\"widget\" data-e-type=\"widget\" data-widget_type=\"image.default\">\n\t\t\t\t<div class=\"elementor-widget-container\">\n\t\t\t\t\t\t\t\t\t\t\t\t\t\t\t<img alt=\"\" loading=\"lazy\" decoding=\"async\" width=\"800\" height=\"534\" src=\"https:\/\/proscenario.fr\/wp-content\/uploads\/2024\/09\/3-1-1024x683.jpeg\" class=\"attachment-large size-large wp-image-2012\" srcset=\"https:\/\/proscenario.fr\/wp-content\/uploads\/2024\/09\/3-1-1024x683.jpeg 1024w, https:\/\/proscenario.fr\/wp-content\/uploads\/2024\/09\/3-1-300x200.jpeg 300w, https:\/\/proscenario.fr\/wp-content\/uploads\/2024\/09\/3-1-768x513.jpeg 768w, https:\/\/proscenario.fr\/wp-content\/uploads\/2024\/09\/3-1.jpeg 1500w\" sizes=\"(max-width: 800px) 100vw, 800px\" \/>\t\t\t\t\t\t\t\t\t\t\t\t\t\t\t<\/div>\n\t\t\t\t<\/div>\n\t\t\t\t<\/div>\n\t\t\t\t\t<\/div>\n\t\t\t\t<\/div>\n\t\t<div class=\"elementor-element elementor-element-e3551e2 e-flex e-con-boxed e-con e-parent\" data-id=\"e3551e2\" data-element_type=\"container\" data-e-type=\"container\" data-settings=\"{&quot;background_background&quot;:&quot;classic&quot;,&quot;_ha_eqh_enable&quot;:false}\">\n\t\t\t\t\t<div class=\"e-con-inner\">\n\t\t<div class=\"elementor-element elementor-element-108983f e-con-full e-flex e-con e-child\" data-id=\"108983f\" data-element_type=\"container\" data-e-type=\"container\" data-settings=\"{&quot;_ha_eqh_enable&quot;:false}\">\n\t\t\t\t<div class=\"elementor-element elementor-element-55afaf4 elementor-widget elementor-widget-image\" data-id=\"55afaf4\" data-element_type=\"widget\" data-e-type=\"widget\" data-widget_type=\"image.default\">\n\t\t\t\t<div class=\"elementor-widget-container\">\n\t\t\t\t\t\t\t\t\t\t\t\t\t\t\t<img alt=\"\" loading=\"lazy\" decoding=\"async\" width=\"800\" height=\"533\" src=\"https:\/\/proscenario.fr\/wp-content\/uploads\/2024\/09\/44-1024x682.jpeg\" class=\"attachment-large size-large wp-image-2007\" srcset=\"https:\/\/proscenario.fr\/wp-content\/uploads\/2024\/09\/44-1024x682.jpeg 1024w, https:\/\/proscenario.fr\/wp-content\/uploads\/2024\/09\/44-300x200.jpeg 300w, https:\/\/proscenario.fr\/wp-content\/uploads\/2024\/09\/44-768x512.jpeg 768w, https:\/\/proscenario.fr\/wp-content\/uploads\/2024\/09\/44-1536x1023.jpeg 1536w, https:\/\/proscenario.fr\/wp-content\/uploads\/2024\/09\/44.jpeg 1600w\" sizes=\"(max-width: 800px) 100vw, 800px\" \/>\t\t\t\t\t\t\t\t\t\t\t\t\t\t\t<\/div>\n\t\t\t\t<\/div>\n\t\t\t\t<\/div>\n\t\t<div class=\"elementor-element elementor-element-d02f272 e-con-full e-flex e-con e-child\" data-id=\"d02f272\" data-element_type=\"container\" data-e-type=\"container\" data-settings=\"{&quot;_ha_eqh_enable&quot;:false}\">\n\t\t\t\t<div class=\"elementor-element elementor-element-d92728b elementor-widget elementor-widget-text-editor\" data-id=\"d92728b\" data-element_type=\"widget\" data-e-type=\"widget\" data-widget_type=\"text-editor.default\">\n\t\t\t\t<div class=\"elementor-widget-container\">\n\t\t\t\t\t\t\t\t\t<h3>Un enfoque creativo y colaborativo<\/h3><p>Trabajamos en estrecha colaboraci\u00f3n con nuestros clientes para comprender sus necesidades, expectativas y objetivos. Nuestro enfoque es a la vez creativo y estrat\u00e9gico, porque sabemos que, para que una historia funcione, no s\u00f3lo debe estar bien escrita, sino tambi\u00e9n responder a las exigencias del mercado o del p\u00fablico destinatario. Por eso damos mucha importancia a trabajar con nuestros socios, escucharlos y comprender sus expectativas, ya sean grandes empresas o guionistas independientes.<\/p>\t\t\t\t\t\t\t\t<\/div>\n\t\t\t\t<\/div>\n\t\t\t\t<\/div>\n\t\t\t\t\t<\/div>\n\t\t\t\t<\/div>\n\t\t<div class=\"elementor-element elementor-element-ad6e54c e-flex e-con-boxed e-con e-parent\" data-id=\"ad6e54c\" data-element_type=\"container\" data-e-type=\"container\" data-settings=\"{&quot;background_background&quot;:&quot;classic&quot;,&quot;_ha_eqh_enable&quot;:false}\">\n\t\t\t\t\t<div class=\"e-con-inner\">\n\t\t<div class=\"elementor-element elementor-element-c0c7e9d e-con-full e-flex e-con e-child\" data-id=\"c0c7e9d\" data-element_type=\"container\" data-e-type=\"container\" data-settings=\"{&quot;_ha_eqh_enable&quot;:false}\">\n\t\t\t\t<div class=\"elementor-element elementor-element-2a955c8 elementor-widget elementor-widget-text-editor\" data-id=\"2a955c8\" data-element_type=\"widget\" data-e-type=\"widget\" data-widget_type=\"text-editor.default\">\n\t\t\t\t<div class=\"elementor-widget-container\">\n\t\t\t\t\t\t\t\t\t<h3>\u00bfPor qu\u00e9 elegir Pro Sc\u00e9nario?<\/h3><p>Al elegir Pro Sc\u00e9nario, se beneficia de :<\/p><ul><li>De un <strong>experiencia demostrada<\/strong> en el dise\u00f1o de guiones para diversos formatos y sectores.<\/li><li>A <strong>apoyo individual<\/strong> en cada fase del proceso creativo, desde la idea inicial hasta la versi\u00f3n final del gui\u00f3n.<\/li><li>En <strong>servicios integrales<\/strong> formaci\u00f3n, coaching, script doctoring, consultor\u00eda y escritura a medida.<\/li><li>Un equipo de guionistas y asesores apasionados y experimentados, siempre dispuestos a escuchar sus necesidades.<\/li><\/ul>\t\t\t\t\t\t\t\t<\/div>\n\t\t\t\t<\/div>\n\t\t\t\t<\/div>\n\t\t<div class=\"elementor-element elementor-element-d9a2446 e-con-full e-flex e-con e-child\" data-id=\"d9a2446\" data-element_type=\"container\" data-e-type=\"container\" data-settings=\"{&quot;_ha_eqh_enable&quot;:false}\">\n\t\t\t\t<div class=\"elementor-element elementor-element-2b64abb elementor-widget elementor-widget-image\" data-id=\"2b64abb\" data-element_type=\"widget\" data-e-type=\"widget\" data-widget_type=\"image.default\">\n\t\t\t\t<div class=\"elementor-widget-container\">\n\t\t\t\t\t\t\t\t\t\t\t\t\t\t\t<img alt=\"\" loading=\"lazy\" decoding=\"async\" width=\"1600\" height=\"893\" src=\"https:\/\/proscenario.fr\/wp-content\/uploads\/2024\/09\/9.jpeg\" class=\"attachment-full size-full wp-image-2005\" srcset=\"https:\/\/proscenario.fr\/wp-content\/uploads\/2024\/09\/9.jpeg 1600w, https:\/\/proscenario.fr\/wp-content\/uploads\/2024\/09\/9-300x167.jpeg 300w, https:\/\/proscenario.fr\/wp-content\/uploads\/2024\/09\/9-1024x572.jpeg 1024w, https:\/\/proscenario.fr\/wp-content\/uploads\/2024\/09\/9-768x429.jpeg 768w, https:\/\/proscenario.fr\/wp-content\/uploads\/2024\/09\/9-1536x857.jpeg 1536w\" sizes=\"(max-width: 1600px) 100vw, 1600px\" \/>\t\t\t\t\t\t\t\t\t\t\t\t\t\t\t<\/div>\n\t\t\t\t<\/div>\n\t\t\t\t<\/div>\n\t\t\t\t\t<\/div>\n\t\t\t\t<\/div>\n\t\t\t\t<\/div>","protected":false},"excerpt":{"rendered":"<p>Qui sommes-nous ? \u00c0 propos de Pro Sc\u00e9nario Bienvenue chez Pro Sc\u00e9nario, une agence de sc\u00e9naristes visionnaires et passionn\u00e9s, d\u00e9di\u00e9e \u00e0 l&rsquo;art de l&rsquo;\u00e9criture et de la conception de sc\u00e9narios sur mesure. Depuis notre cr\u00e9ation, nous avons eu le privil\u00e8ge de diriger, \u00e9crire et r\u00e9aliser plusieurs centaines de projets pour une grande vari\u00e9t\u00e9 de formats [&hellip;]<\/p>\n","protected":false},"author":1,"featured_media":0,"parent":0,"menu_order":0,"comment_status":"closed","ping_status":"closed","template":"","meta":{"_seopress_robots_primary_cat":"","_seopress_titles_title":"","_seopress_titles_desc":"","_seopress_robots_index":"","footnotes":""},"class_list":["post-1079","page","type-page","status-publish","hentry"],"_links":{"self":[{"href":"https:\/\/proscenario.fr\/es\/wp-json\/wp\/v2\/pages\/1079","targetHints":{"allow":["GET"]}}],"collection":[{"href":"https:\/\/proscenario.fr\/es\/wp-json\/wp\/v2\/pages"}],"about":[{"href":"https:\/\/proscenario.fr\/es\/wp-json\/wp\/v2\/types\/page"}],"author":[{"embeddable":true,"href":"https:\/\/proscenario.fr\/es\/wp-json\/wp\/v2\/users\/1"}],"replies":[{"embeddable":true,"href":"https:\/\/proscenario.fr\/es\/wp-json\/wp\/v2\/comments?post=1079"}],"version-history":[{"count":29,"href":"https:\/\/proscenario.fr\/es\/wp-json\/wp\/v2\/pages\/1079\/revisions"}],"predecessor-version":[{"id":2476,"href":"https:\/\/proscenario.fr\/es\/wp-json\/wp\/v2\/pages\/1079\/revisions\/2476"}],"wp:attachment":[{"href":"https:\/\/proscenario.fr\/es\/wp-json\/wp\/v2\/media?parent=1079"}],"curies":[{"name":"wp","href":"https:\/\/api.w.org\/{rel}","templated":true}]}}