{"id":1077,"date":"2024-09-02T22:08:18","date_gmt":"2024-09-02T22:08:18","guid":{"rendered":"http:\/\/proscenario.fr\/about\/"},"modified":"2025-01-17T22:05:02","modified_gmt":"2025-01-17T22:05:02","slug":"politica-de-privacidad","status":"publish","type":"page","link":"https:\/\/proscenario.fr\/es\/politica-de-privacidad\/","title":{"rendered":"Pol\u00edtica de privacidad"},"content":{"rendered":"<div data-elementor-type=\"wp-page\" data-elementor-id=\"1077\" class=\"elementor elementor-1077\" data-elementor-settings=\"{&quot;ha_cmc_init_switcher&quot;:&quot;no&quot;}\">\n\t\t\t\t<div class=\"elementor-element elementor-element-6e6b0ad e-flex e-con-boxed e-con e-parent\" data-id=\"6e6b0ad\" data-element_type=\"container\" data-e-type=\"container\" data-settings=\"{&quot;background_background&quot;:&quot;classic&quot;,&quot;_ha_eqh_enable&quot;:false}\">\n\t\t\t\t\t<div class=\"e-con-inner\">\n\t\t\t\t<div class=\"elementor-element elementor-element-fccd208 elementor-widget elementor-widget-text-editor\" data-id=\"fccd208\" data-element_type=\"widget\" data-e-type=\"widget\" data-widget_type=\"text-editor.default\">\n\t\t\t\t<div class=\"elementor-widget-container\">\n\t\t\t\t\t\t\t\t\t<h3><strong>Pol\u00edtica de privacidad<\/strong><\/h3><p><strong>Proscenario.fr<\/strong>operado por Alexandre Hoesli (empresario aut\u00f3nomo), respeta su privacidad y se compromete a proteger sus datos personales. Esta pol\u00edtica de confidencialidad describe c\u00f3mo recopilamos, utilizamos y protegemos su informaci\u00f3n.<\/p><h4><strong>1. Recogida de datos personales<\/strong><\/h4><p>Recopilamos sus datos personales cuando :<\/p><ul><li>Usted hace una reserva a trav\u00e9s de nuestro sitio web.<\/li><li>Suscr\u00edbase a nuestro bolet\u00edn.<\/li><li>Utiliza nuestro servicio de pago Stripe o el servicio de gesti\u00f3n de citas Calendly.<\/li><\/ul><p>La informaci\u00f3n recopilada puede incluir: sus apellidos, nombre, direcci\u00f3n de correo electr\u00f3nico, n\u00famero de tel\u00e9fono, direcci\u00f3n postal, datos de pago y cualquier otro dato relevante para la prestaci\u00f3n de nuestros servicios.<\/p><h4><strong>2. Utilizaci\u00f3n de los datos<\/strong><\/h4><p>Sus datos se utilizan para :<\/p><ul><li>Gestione sus reservas y servicios.<\/li><li>Proporcionarle los servicios que necesite (formaci\u00f3n, apoyo, asesoramiento, etc.).<\/li><li>Procese sus pagos de forma segura a trav\u00e9s de Stripe.<\/li><li>Planifica y gestiona tus citas a trav\u00e9s de Calendly.<\/li><li>Informarle de cualquier actualizaci\u00f3n o promoci\u00f3n.<\/li><\/ul><h4><strong>3. 3. Intercambio de datos<\/strong><\/h4><p>No compartimos sus datos personales con terceros con fines comerciales. Sin embargo, su informaci\u00f3n puede ser compartida con nuestros proveedores de servicios de terceros, en particular :<\/p><ul><li><strong>Raya<\/strong> para procesar los pagos de forma segura.<\/li><li><strong>Calendly<\/strong> para la gesti\u00f3n de citas.<\/li><\/ul><h4><strong>4. 4. Seguridad de los datos<\/strong><\/h4><p>Aplicamos medidas t\u00e9cnicas para proteger sus datos contra el acceso no autorizado, la alteraci\u00f3n y la destrucci\u00f3n. Sus datos de pago se cifran mediante el protocolo SSL.<\/p><h4><strong>5. Sus derechos<\/strong><\/h4><p>De conformidad con la legislaci\u00f3n vigente, usted tiene derecho a acceder, rectificar o suprimir sus datos personales. Para ejercer estos derechos, p\u00f3ngase en contacto con nosotros en : <strong><a rel=\"noopener\">alexandre@proscenario.fr.fr<\/a><\/strong>.<\/p>\t\t\t\t\t\t\t\t<\/div>\n\t\t\t\t<\/div>\n\t\t\t\t\t<\/div>\n\t\t\t\t<\/div>\n\t\t\t\t<\/div>","protected":false},"excerpt":{"rendered":"<p>Politique de confidentialit\u00e9 Proscenario.fr, exploit\u00e9 par Alexandre Hoesli (Auto-entrepreneur), respecte votre vie priv\u00e9e et s&rsquo;engage \u00e0 prot\u00e9ger vos donn\u00e9es personnelles. Cette politique de confidentialit\u00e9 d\u00e9crit comment nous recueillons, utilisons et prot\u00e9geons vos informations. 1. Collecte des donn\u00e9es personnelles Nous collectons vos informations personnelles lorsque : Vous effectuez une r\u00e9servation via notre site. Vous vous inscrivez [&hellip;]<\/p>\n","protected":false},"author":1,"featured_media":0,"parent":0,"menu_order":0,"comment_status":"closed","ping_status":"closed","template":"","meta":{"_seopress_robots_primary_cat":"","_seopress_titles_title":"","_seopress_titles_desc":"","_seopress_robots_index":"","footnotes":""},"class_list":["post-1077","page","type-page","status-publish","hentry"],"_links":{"self":[{"href":"https:\/\/proscenario.fr\/es\/wp-json\/wp\/v2\/pages\/1077","targetHints":{"allow":["GET"]}}],"collection":[{"href":"https:\/\/proscenario.fr\/es\/wp-json\/wp\/v2\/pages"}],"about":[{"href":"https:\/\/proscenario.fr\/es\/wp-json\/wp\/v2\/types\/page"}],"author":[{"embeddable":true,"href":"https:\/\/proscenario.fr\/es\/wp-json\/wp\/v2\/users\/1"}],"replies":[{"embeddable":true,"href":"https:\/\/proscenario.fr\/es\/wp-json\/wp\/v2\/comments?post=1077"}],"version-history":[{"count":21,"href":"https:\/\/proscenario.fr\/es\/wp-json\/wp\/v2\/pages\/1077\/revisions"}],"predecessor-version":[{"id":2501,"href":"https:\/\/proscenario.fr\/es\/wp-json\/wp\/v2\/pages\/1077\/revisions\/2501"}],"wp:attachment":[{"href":"https:\/\/proscenario.fr\/es\/wp-json\/wp\/v2\/media?parent=1077"}],"curies":[{"name":"wp","href":"https:\/\/api.w.org\/{rel}","templated":true}]}}