{"id":2053,"date":"2024-09-04T22:14:15","date_gmt":"2024-09-04T22:14:15","guid":{"rendered":"https:\/\/proscenario.fr\/?page_id=2053"},"modified":"2025-01-17T21:37:52","modified_gmt":"2025-01-17T21:37:52","slug":"consultation-confirmation","status":"publish","type":"page","link":"https:\/\/proscenario.fr\/en\/consultation-confirmation\/","title":{"rendered":"Confirmation"},"content":{"rendered":"<div data-elementor-type=\"wp-page\" data-elementor-id=\"2053\" class=\"elementor elementor-2053\" data-elementor-settings=\"{&quot;ha_cmc_init_switcher&quot;:&quot;no&quot;}\">\n\t\t\t\t<div class=\"elementor-element elementor-element-e7275c5 e-flex e-con-boxed e-con e-parent\" data-id=\"e7275c5\" data-element_type=\"container\" data-e-type=\"container\" data-settings=\"{&quot;background_background&quot;:&quot;classic&quot;,&quot;_ha_eqh_enable&quot;:false}\">\n\t\t\t\t\t<div class=\"e-con-inner\">\n\t\t\t\t<div class=\"elementor-element elementor-element-19e52ea elementor-widget elementor-widget-heading\" data-id=\"19e52ea\" data-element_type=\"widget\" data-e-type=\"widget\" data-widget_type=\"heading.default\">\n\t\t\t\t<div class=\"elementor-widget-container\">\n\t\t\t\t\t<h2 class=\"elementor-heading-title elementor-size-default\">Confirmation<\/h2>\t\t\t\t<\/div>\n\t\t\t\t<\/div>\n\t\t\t\t<div class=\"elementor-element elementor-element-2a955c8 elementor-widget__width-initial elementor-widget elementor-widget-text-editor\" data-id=\"2a955c8\" data-element_type=\"widget\" data-e-type=\"widget\" data-widget_type=\"text-editor.default\">\n\t\t\t\t<div class=\"elementor-widget-container\">\n\t\t\t\t\t\t\t\t\t<h3>Your reservation is confirmed!\u00a0<\/h3><p>You will receive a confirmation by email.\u00a0<\/p><p>If you haven't already done so, don't forget to add the date and time of the meeting to your calendar, so you don't forget our appointment.\u00a0<\/p><p>Thank you and see you soon!\u00a0<\/p><p>Sincerely<br \/>Pro Scenario<\/p><p>\u00a0<\/p>\t\t\t\t\t\t\t\t<\/div>\n\t\t\t\t<\/div>\n\t\t\t\t\t<\/div>\n\t\t\t\t<\/div>\n\t\t\t\t<\/div>","protected":false},"excerpt":{"rendered":"<p>Confirmation Votre r\u00e9servation est confirm\u00e9e !\u00a0 Vous recevrez une confirmation sur votre bo\u00eete email.\u00a0 Si ce n&rsquo;est pas d\u00e9j\u00e0 fait, n&rsquo;oubliez pas d&rsquo;ajouter la date et l&rsquo;heure de la r\u00e9union sur votre calendrier pour ne pas oublier notre rendez-vous.\u00a0 Merci et \u00e0 tr\u00e8s bient\u00f4t !\u00a0 CordialementPro Sc\u00e9nario \u00a0<\/p>","protected":false},"author":1,"featured_media":0,"parent":0,"menu_order":0,"comment_status":"closed","ping_status":"closed","template":"","meta":{"_seopress_robots_primary_cat":"","_seopress_titles_title":"","_seopress_titles_desc":"","_seopress_robots_index":"","footnotes":""},"class_list":["post-2053","page","type-page","status-publish","hentry"],"_links":{"self":[{"href":"https:\/\/proscenario.fr\/en\/wp-json\/wp\/v2\/pages\/2053","targetHints":{"allow":["GET"]}}],"collection":[{"href":"https:\/\/proscenario.fr\/en\/wp-json\/wp\/v2\/pages"}],"about":[{"href":"https:\/\/proscenario.fr\/en\/wp-json\/wp\/v2\/types\/page"}],"author":[{"embeddable":true,"href":"https:\/\/proscenario.fr\/en\/wp-json\/wp\/v2\/users\/1"}],"replies":[{"embeddable":true,"href":"https:\/\/proscenario.fr\/en\/wp-json\/wp\/v2\/comments?post=2053"}],"version-history":[{"count":14,"href":"https:\/\/proscenario.fr\/en\/wp-json\/wp\/v2\/pages\/2053\/revisions"}],"predecessor-version":[{"id":2497,"href":"https:\/\/proscenario.fr\/en\/wp-json\/wp\/v2\/pages\/2053\/revisions\/2497"}],"wp:attachment":[{"href":"https:\/\/proscenario.fr\/en\/wp-json\/wp\/v2\/media?parent=2053"}],"curies":[{"name":"wp","href":"https:\/\/api.w.org\/{rel}","templated":true}]}}