{"id":1952,"date":"2024-09-04T11:53:04","date_gmt":"2024-09-04T11:53:04","guid":{"rendered":"https:\/\/proscenario.fr\/?page_id=1952"},"modified":"2025-01-17T21:36:20","modified_gmt":"2025-01-17T21:36:20","slug":"terms-and-conditions-of-sale","status":"publish","type":"page","link":"https:\/\/proscenario.fr\/en\/terms-and-conditions-of-sale\/","title":{"rendered":"General conditions of sale"},"content":{"rendered":"<div data-elementor-type=\"wp-page\" data-elementor-id=\"1952\" class=\"elementor elementor-1952\" data-elementor-settings=\"{&quot;ha_cmc_init_switcher&quot;:&quot;no&quot;}\">\n\t\t\t\t<div class=\"elementor-element elementor-element-6e6b0ad e-flex e-con-boxed e-con e-parent\" data-id=\"6e6b0ad\" data-element_type=\"container\" data-e-type=\"container\" data-settings=\"{&quot;background_background&quot;:&quot;classic&quot;,&quot;_ha_eqh_enable&quot;:false}\">\n\t\t\t\t\t<div class=\"e-con-inner\">\n\t\t\t\t<div class=\"elementor-element elementor-element-fccd208 elementor-widget elementor-widget-text-editor\" data-id=\"fccd208\" data-element_type=\"widget\" data-e-type=\"widget\" data-widget_type=\"text-editor.default\">\n\t\t\t\t<div class=\"elementor-widget-container\">\n\t\t\t\t\t\t\t\t\t<h3><strong>General Conditions of Sale (GCS)<\/strong><\/h3><h4><strong>1. Scope of application<\/strong><\/h4><p>These general terms and conditions of sale apply to all services provided by <strong>ProScenario.fr<\/strong>, represented by Alexandre Hoesli, self-employed. Services include: training, support, coaching, script consulting, and custom writing of scripts for films, series, advertisements and others.<\/p><h4><strong>2. Order<\/strong><\/h4><p>All orders are confirmed after validation of payment via our secure payment system. <strong>Stripe<\/strong> and scheduling the appointment via <strong>Calendly<\/strong>. The customer will receive a confirmation email with the details of their reservation.<\/p><h4><strong>3. Rates and payments<\/strong><\/h4><p>The prices of the services are indicated in euros, all taxes included. Payments are made online via <strong>Stripe<\/strong> in a secure manner.<\/p><h4><strong>4. Cancellation and refund<\/strong><\/h4><p>After validation of the reservation, <strong>no refund will be made<\/strong>regardless of the reason for cancellation. We encourage our customers to check all details carefully before finalizing their booking.<\/p><h4><strong>5. Customer Obligations<\/strong><\/h4><p>The customer undertakes to provide accurate information at the time of booking and to keep to the scheduled appointments. In the event of late arrival or unannounced absence, the service will be deemed to have been carried out.<\/p><h4><strong>6. Confidentiality<\/strong><\/h4><p>All information exchanged during services is strictly confidential. Alexandre Hoesli undertakes to respect the confidentiality of the information shared.<\/p><h4><strong>7. Applicable law and jurisdiction<\/strong><\/h4><p>These terms and conditions are governed by French law. Any dispute relating to the interpretation or execution of these terms and conditions shall be subject to the exclusive jurisdiction of the French courts.<\/p>\t\t\t\t\t\t\t\t<\/div>\n\t\t\t\t<\/div>\n\t\t\t\t\t<\/div>\n\t\t\t\t<\/div>\n\t\t\t\t<\/div>","protected":false},"excerpt":{"rendered":"<p>Conditions g\u00e9n\u00e9rales de vente (CGV) 1. Champ d&rsquo;application Les pr\u00e9sentes conditions g\u00e9n\u00e9rales de vente s&rsquo;appliquent \u00e0 toutes les prestations fournies par ProScenario.fr, repr\u00e9sent\u00e9 par Alexandre Hoesli, auto-entrepreneur. Les services incluent : formation, accompagnement, coaching, consulting en sc\u00e9nario, et \u00e9criture sur mesure de sc\u00e9narios pour films, s\u00e9ries, publicit\u00e9s et autres. 2. Commande Toute commande est confirm\u00e9e [&hellip;]<\/p>\n","protected":false},"author":1,"featured_media":0,"parent":0,"menu_order":0,"comment_status":"closed","ping_status":"closed","template":"","meta":{"_seopress_robots_primary_cat":"","_seopress_titles_title":"","_seopress_titles_desc":"","_seopress_robots_index":"","footnotes":""},"class_list":["post-1952","page","type-page","status-publish","hentry"],"_links":{"self":[{"href":"https:\/\/proscenario.fr\/en\/wp-json\/wp\/v2\/pages\/1952","targetHints":{"allow":["GET"]}}],"collection":[{"href":"https:\/\/proscenario.fr\/en\/wp-json\/wp\/v2\/pages"}],"about":[{"href":"https:\/\/proscenario.fr\/en\/wp-json\/wp\/v2\/types\/page"}],"author":[{"embeddable":true,"href":"https:\/\/proscenario.fr\/en\/wp-json\/wp\/v2\/users\/1"}],"replies":[{"embeddable":true,"href":"https:\/\/proscenario.fr\/en\/wp-json\/wp\/v2\/comments?post=1952"}],"version-history":[{"count":17,"href":"https:\/\/proscenario.fr\/en\/wp-json\/wp\/v2\/pages\/1952\/revisions"}],"predecessor-version":[{"id":2496,"href":"https:\/\/proscenario.fr\/en\/wp-json\/wp\/v2\/pages\/1952\/revisions\/2496"}],"wp:attachment":[{"href":"https:\/\/proscenario.fr\/en\/wp-json\/wp\/v2\/media?parent=1952"}],"curies":[{"name":"wp","href":"https:\/\/api.w.org\/{rel}","templated":true}]}}