{"id":1077,"date":"2024-09-02T22:08:18","date_gmt":"2024-09-02T22:08:18","guid":{"rendered":"http:\/\/proscenario.fr\/about\/"},"modified":"2025-01-17T22:05:02","modified_gmt":"2025-01-17T22:05:02","slug":"privacy-policy","status":"publish","type":"page","link":"https:\/\/proscenario.fr\/en\/privacy-policy\/","title":{"rendered":"Privacy Policy"},"content":{"rendered":"<div data-elementor-type=\"wp-page\" data-elementor-id=\"1077\" class=\"elementor elementor-1077\" data-elementor-settings=\"{&quot;ha_cmc_init_switcher&quot;:&quot;no&quot;}\">\n\t\t\t\t<div class=\"elementor-element elementor-element-6e6b0ad e-flex e-con-boxed e-con e-parent\" data-id=\"6e6b0ad\" data-element_type=\"container\" data-e-type=\"container\" data-settings=\"{&quot;background_background&quot;:&quot;classic&quot;,&quot;_ha_eqh_enable&quot;:false}\">\n\t\t\t\t\t<div class=\"e-con-inner\">\n\t\t\t\t<div class=\"elementor-element elementor-element-fccd208 elementor-widget elementor-widget-text-editor\" data-id=\"fccd208\" data-element_type=\"widget\" data-e-type=\"widget\" data-widget_type=\"text-editor.default\">\n\t\t\t\t<div class=\"elementor-widget-container\">\n\t\t\t\t\t\t\t\t\t<h3><strong>Privacy Policy<\/strong><\/h3><p><strong>Proscenario.fr<\/strong>, operated by Alexandre Hoesli (Auto-entrepreneur), respects your privacy and is committed to protecting your personal data. This privacy policy describes how we collect, use and protect your information.<\/p><h4><strong>1. Collection of personal data<\/strong><\/h4><p>We collect your personal information when:<\/p><ul><li>You make a reservation through our site.<\/li><li>You are subscribing to our newsletter.<\/li><li>You use our payment services via Stripe or appointment management via Calendly.<\/li><\/ul><p>The information collected may include: your name, surname, email address, telephone number, postal address, payment information and any other details relevant to the provision of our services.<\/p><h4><strong>2. Use of data<\/strong><\/h4><p>Your information is used to:<\/p><ul><li>Manage your bookings and services.<\/li><li>Provide you with the requested services (training, support, coaching, etc.).<\/li><li>Process your payments securely through Stripe.<\/li><li>Schedule and manage your appointments via Calendly.<\/li><li>To inform you of possible updates or promotions.<\/li><\/ul><h4><strong>3. Sharing of data<\/strong><\/h4><p>We do not share your personal data with third parties for commercial purposes. However, your information may be shared with our third party service providers, including:<\/p><ul><li><strong>Stripe<\/strong> for secure payment processing.<\/li><li><strong>Calendly<\/strong> for appointment management.<\/li><\/ul><h4><strong>4. Data security<\/strong><\/h4><p>We implement technical measures to protect your data against unauthorized access, alteration and destruction. Your payment information is encrypted via SSL protocol.<\/p><h4><strong>5. Your rights<\/strong><\/h4><p>In accordance with current legislation, you have the right to access, rectify or delete your personal data. To exercise these rights, please contact us at : <strong><a rel=\"noopener\">alexandre@proscenario.fr.fr<\/a><\/strong>.<\/p>\t\t\t\t\t\t\t\t<\/div>\n\t\t\t\t<\/div>\n\t\t\t\t\t<\/div>\n\t\t\t\t<\/div>\n\t\t\t\t<\/div>","protected":false},"excerpt":{"rendered":"<p>Politique de confidentialit\u00e9 Proscenario.fr, exploit\u00e9 par Alexandre Hoesli (Auto-entrepreneur), respecte votre vie priv\u00e9e et s&rsquo;engage \u00e0 prot\u00e9ger vos donn\u00e9es personnelles. Cette politique de confidentialit\u00e9 d\u00e9crit comment nous recueillons, utilisons et prot\u00e9geons vos informations. 1. Collecte des donn\u00e9es personnelles Nous collectons vos informations personnelles lorsque : Vous effectuez une r\u00e9servation via notre site. Vous vous inscrivez [&hellip;]<\/p>\n","protected":false},"author":1,"featured_media":0,"parent":0,"menu_order":0,"comment_status":"closed","ping_status":"closed","template":"","meta":{"_seopress_robots_primary_cat":"","_seopress_titles_title":"","_seopress_titles_desc":"","_seopress_robots_index":"","footnotes":""},"class_list":["post-1077","page","type-page","status-publish","hentry"],"_links":{"self":[{"href":"https:\/\/proscenario.fr\/en\/wp-json\/wp\/v2\/pages\/1077","targetHints":{"allow":["GET"]}}],"collection":[{"href":"https:\/\/proscenario.fr\/en\/wp-json\/wp\/v2\/pages"}],"about":[{"href":"https:\/\/proscenario.fr\/en\/wp-json\/wp\/v2\/types\/page"}],"author":[{"embeddable":true,"href":"https:\/\/proscenario.fr\/en\/wp-json\/wp\/v2\/users\/1"}],"replies":[{"embeddable":true,"href":"https:\/\/proscenario.fr\/en\/wp-json\/wp\/v2\/comments?post=1077"}],"version-history":[{"count":21,"href":"https:\/\/proscenario.fr\/en\/wp-json\/wp\/v2\/pages\/1077\/revisions"}],"predecessor-version":[{"id":2501,"href":"https:\/\/proscenario.fr\/en\/wp-json\/wp\/v2\/pages\/1077\/revisions\/2501"}],"wp:attachment":[{"href":"https:\/\/proscenario.fr\/en\/wp-json\/wp\/v2\/media?parent=1077"}],"curies":[{"name":"wp","href":"https:\/\/api.w.org\/{rel}","templated":true}]}}