{"id":1952,"date":"2024-09-04T11:53:04","date_gmt":"2024-09-04T11:53:04","guid":{"rendered":"https:\/\/proscenario.fr\/?page_id=1952"},"modified":"2025-01-17T21:36:20","modified_gmt":"2025-01-17T21:36:20","slug":"allgemeine-verkaufsbedingungen","status":"publish","type":"page","link":"https:\/\/proscenario.fr\/de\/allgemeine-verkaufsbedingungen\/","title":{"rendered":"Allgemeine Gesch\u00e4ftsbedingungen"},"content":{"rendered":"<div data-elementor-type=\"wp-page\" data-elementor-id=\"1952\" class=\"elementor elementor-1952\" data-elementor-settings=\"{&quot;ha_cmc_init_switcher&quot;:&quot;no&quot;}\">\n\t\t\t\t<div class=\"elementor-element elementor-element-6e6b0ad e-flex e-con-boxed e-con e-parent\" data-id=\"6e6b0ad\" data-element_type=\"container\" data-e-type=\"container\" data-settings=\"{&quot;background_background&quot;:&quot;classic&quot;,&quot;_ha_eqh_enable&quot;:false}\">\n\t\t\t\t\t<div class=\"e-con-inner\">\n\t\t\t\t<div class=\"elementor-element elementor-element-fccd208 elementor-widget elementor-widget-text-editor\" data-id=\"fccd208\" data-element_type=\"widget\" data-e-type=\"widget\" data-widget_type=\"text-editor.default\">\n\t\t\t\t<div class=\"elementor-widget-container\">\n\t\t\t\t\t\t\t\t\t<h3><strong>Allgemeine Gesch\u00e4ftsbedingungen (AGB)<\/strong><\/h3><h4><strong>1. Anwendungsbereich<\/strong><\/h4><p>Die vorliegenden Allgemeinen Gesch\u00e4ftsbedingungen gelten f\u00fcr alle Leistungen, die von <strong>ProScenario.de<\/strong>vertreten durch Alexandre Hoesli, selbst\u00e4ndiger Unternehmer. Die Dienstleistungen umfassen: Schulung, Begleitung, Coaching, Drehbuchberatung und ma\u00dfgeschneidertes Schreiben von Drehb\u00fcchern f\u00fcr Filme, Serien, Werbespots und anderes.<\/p><h4><strong>2. Bestellung<\/strong><\/h4><p>Jede Bestellung wird best\u00e4tigt, nachdem die Zahlung \u00fcber unser sicheres Zahlungssystem best\u00e4tigt wurde. <strong>Stripe<\/strong> und die Terminplanung \u00fcber <strong>Calendly<\/strong>. Der Kunde erh\u00e4lt eine Best\u00e4tigungs-E-Mail mit den Einzelheiten seiner Buchung.<\/p><h4><strong>3. Tarife und Zahlungen<\/strong><\/h4><p>Die Preise f\u00fcr die Leistungen sind in Euro angegeben und enthalten alle Steuern. Die Zahlungen erfolgen online \u00fcber <strong>Stripe<\/strong> auf sichere Weise.<\/p><h4><strong>4. Stornierung und Erstattung<\/strong><\/h4><p>Nach Best\u00e4tigung der Buchung, <strong>keine Erstattung erfolgt<\/strong>unabh\u00e4ngig vom Grund der Stornierung. Wir empfehlen unseren Kunden, alle Details sorgf\u00e4ltig zu pr\u00fcfen, bevor sie ihre Buchung abschlie\u00dfen.<\/p><h4><strong>5. Pflichten des Klienten<\/strong><\/h4><p>Der Kunde verpflichtet sich, bei der Buchung wahrheitsgem\u00e4\u00dfe Angaben zu machen und die vereinbarten Termine einzuhalten. Im Falle einer Versp\u00e4tung oder einer nicht angek\u00fcndigten Abwesenheit wird die Dienstleistung als erbracht angesehen.<\/p><h4><strong>6. Vertraulichkeit<\/strong><\/h4><p>Die w\u00e4hrend der Leistungen ausgetauschten Informationen werden streng vertraulich behandelt. Alexandre Hoesli verpflichtet sich, die Vertraulichkeit der ausgetauschten Informationen zu wahren.<\/p><h4><strong>7. Anwendbares Recht und Gerichtsbarkeit<\/strong><\/h4><p>Die vorliegenden Allgemeinen Gesch\u00e4ftsbedingungen unterliegen dem franz\u00f6sischen Recht. Alle Streitigkeiten in Bezug auf die Auslegung oder Ausf\u00fchrung der vorliegenden Bedingungen unterliegen der ausschlie\u00dflichen Zust\u00e4ndigkeit der franz\u00f6sischen Gerichte.<\/p>\t\t\t\t\t\t\t\t<\/div>\n\t\t\t\t<\/div>\n\t\t\t\t\t<\/div>\n\t\t\t\t<\/div>\n\t\t\t\t<\/div>","protected":false},"excerpt":{"rendered":"<p>Conditions g\u00e9n\u00e9rales de vente (CGV) 1. Champ d&rsquo;application Les pr\u00e9sentes conditions g\u00e9n\u00e9rales de vente s&rsquo;appliquent \u00e0 toutes les prestations fournies par ProScenario.fr, repr\u00e9sent\u00e9 par Alexandre Hoesli, auto-entrepreneur. Les services incluent : formation, accompagnement, coaching, consulting en sc\u00e9nario, et \u00e9criture sur mesure de sc\u00e9narios pour films, s\u00e9ries, publicit\u00e9s et autres. 2. Commande Toute commande est confirm\u00e9e [&hellip;]<\/p>\n","protected":false},"author":1,"featured_media":0,"parent":0,"menu_order":0,"comment_status":"closed","ping_status":"closed","template":"","meta":{"_seopress_robots_primary_cat":"","_seopress_titles_title":"","_seopress_titles_desc":"","_seopress_robots_index":"","footnotes":""},"class_list":["post-1952","page","type-page","status-publish","hentry"],"_links":{"self":[{"href":"https:\/\/proscenario.fr\/de\/wp-json\/wp\/v2\/pages\/1952","targetHints":{"allow":["GET"]}}],"collection":[{"href":"https:\/\/proscenario.fr\/de\/wp-json\/wp\/v2\/pages"}],"about":[{"href":"https:\/\/proscenario.fr\/de\/wp-json\/wp\/v2\/types\/page"}],"author":[{"embeddable":true,"href":"https:\/\/proscenario.fr\/de\/wp-json\/wp\/v2\/users\/1"}],"replies":[{"embeddable":true,"href":"https:\/\/proscenario.fr\/de\/wp-json\/wp\/v2\/comments?post=1952"}],"version-history":[{"count":17,"href":"https:\/\/proscenario.fr\/de\/wp-json\/wp\/v2\/pages\/1952\/revisions"}],"predecessor-version":[{"id":2496,"href":"https:\/\/proscenario.fr\/de\/wp-json\/wp\/v2\/pages\/1952\/revisions\/2496"}],"wp:attachment":[{"href":"https:\/\/proscenario.fr\/de\/wp-json\/wp\/v2\/media?parent=1952"}],"curies":[{"name":"wp","href":"https:\/\/api.w.org\/{rel}","templated":true}]}}