{"id":1079,"date":"2024-09-02T22:08:18","date_gmt":"2024-09-02T22:08:18","guid":{"rendered":"http:\/\/proscenario.fr\/blog\/"},"modified":"2025-07-22T23:12:09","modified_gmt":"2025-07-22T23:12:09","slug":"uber-uns","status":"publish","type":"page","link":"https:\/\/proscenario.fr\/de\/uber-uns\/","title":{"rendered":"\u00dcber"},"content":{"rendered":"<div data-elementor-type=\"wp-page\" data-elementor-id=\"1079\" class=\"elementor elementor-1079\" data-elementor-settings=\"{&quot;ha_cmc_init_switcher&quot;:&quot;no&quot;}\">\n\t\t\t\t<div class=\"elementor-element elementor-element-e7275c5 e-flex e-con-boxed e-con e-parent\" data-id=\"e7275c5\" data-element_type=\"container\" data-e-type=\"container\" data-settings=\"{&quot;background_background&quot;:&quot;classic&quot;,&quot;_ha_eqh_enable&quot;:false}\">\n\t\t\t\t\t<div class=\"e-con-inner\">\n\t\t\t\t<div class=\"elementor-element elementor-element-19e52ea elementor-widget elementor-widget-heading\" data-id=\"19e52ea\" data-element_type=\"widget\" data-e-type=\"widget\" data-widget_type=\"heading.default\">\n\t\t\t\t<div class=\"elementor-widget-container\">\n\t\t\t\t\t<h2 class=\"elementor-heading-title elementor-size-default\">Wer sind wir?<\/h2>\t\t\t\t<\/div>\n\t\t\t\t<\/div>\n\t\t\t\t\t<\/div>\n\t\t\t\t<\/div>\n\t\t<div class=\"elementor-element elementor-element-783a2f0 e-flex e-con-boxed e-con e-parent\" data-id=\"783a2f0\" data-element_type=\"container\" data-e-type=\"container\" data-settings=\"{&quot;background_background&quot;:&quot;classic&quot;,&quot;_ha_eqh_enable&quot;:false}\">\n\t\t\t\t\t<div class=\"e-con-inner\">\n\t\t<div class=\"elementor-element elementor-element-b342168 e-con-full e-flex e-con e-child\" data-id=\"b342168\" data-element_type=\"container\" data-e-type=\"container\" data-settings=\"{&quot;_ha_eqh_enable&quot;:false}\">\n\t\t\t\t<div class=\"elementor-element elementor-element-bfcf0be elementor-widget elementor-widget-image\" data-id=\"bfcf0be\" data-element_type=\"widget\" data-e-type=\"widget\" data-widget_type=\"image.default\">\n\t\t\t\t<div class=\"elementor-widget-container\">\n\t\t\t\t\t\t\t\t\t\t\t\t\t\t\t<img alt=\"\" fetchpriority=\"high\" decoding=\"async\" width=\"800\" height=\"533\" src=\"https:\/\/proscenario.fr\/wp-content\/uploads\/2024\/09\/33-1024x682.jpeg\" class=\"attachment-large size-large wp-image-2004\" srcset=\"https:\/\/proscenario.fr\/wp-content\/uploads\/2024\/09\/33-1024x682.jpeg 1024w, https:\/\/proscenario.fr\/wp-content\/uploads\/2024\/09\/33-300x200.jpeg 300w, https:\/\/proscenario.fr\/wp-content\/uploads\/2024\/09\/33-768x512.jpeg 768w, https:\/\/proscenario.fr\/wp-content\/uploads\/2024\/09\/33-1536x1023.jpeg 1536w, https:\/\/proscenario.fr\/wp-content\/uploads\/2024\/09\/33.jpeg 1600w\" sizes=\"(max-width: 800px) 100vw, 800px\" \/>\t\t\t\t\t\t\t\t\t\t\t\t\t\t\t<\/div>\n\t\t\t\t<\/div>\n\t\t\t\t<\/div>\n\t\t<div class=\"elementor-element elementor-element-c95d140 e-con-full e-flex e-con e-child\" data-id=\"c95d140\" data-element_type=\"container\" data-e-type=\"container\" data-settings=\"{&quot;_ha_eqh_enable&quot;:false}\">\n\t\t\t\t<div class=\"elementor-element elementor-element-1cdefce elementor-widget elementor-widget-text-editor\" data-id=\"1cdefce\" data-element_type=\"widget\" data-e-type=\"widget\" data-widget_type=\"text-editor.default\">\n\t\t\t\t<div class=\"elementor-widget-container\">\n\t\t\t\t\t\t\t\t\t<h3>\u00dcber Pro Scenario<\/h3><p>Willkommen bei Pro Scenario, einer Agentur vision\u00e4rer und leidenschaftlicher Drehbuchautoren, die sich der Kunst des Schreibens und der Konzeption von ma\u00dfgeschneiderten Drehb\u00fcchern verschrieben hat. Seit unserer Gr\u00fcndung hatten wir das Privileg, mehrere hundert Projekte f\u00fcr eine Vielzahl von Formaten und Sektoren zu leiten, zu schreiben und zu realisieren. Unsere Expertise reicht von Kurzfilmen bis hin zu Spielfilmen und Produktionen f\u00fcr Kino, Werbung und Theater. Bei jedem Projekt bringen wir einzigartige Kreativit\u00e4t und technisches Know-how ein, um innovative und eindrucksvolle Ergebnisse zu erzielen.<\/p>\t\t\t\t\t\t\t\t<\/div>\n\t\t\t\t<\/div>\n\t\t\t\t<\/div>\n\t\t\t\t\t<\/div>\n\t\t\t\t<\/div>\n\t\t<div class=\"elementor-element elementor-element-f84514b e-flex e-con-boxed e-con e-parent\" data-id=\"f84514b\" data-element_type=\"container\" data-e-type=\"container\" data-settings=\"{&quot;background_background&quot;:&quot;classic&quot;,&quot;_ha_eqh_enable&quot;:false}\">\n\t\t\t\t\t<div class=\"e-con-inner\">\n\t\t<div class=\"elementor-element elementor-element-48b3e8b e-con-full e-flex e-con e-child\" data-id=\"48b3e8b\" data-element_type=\"container\" data-e-type=\"container\" data-settings=\"{&quot;_ha_eqh_enable&quot;:false}\">\n\t\t\t\t<div class=\"elementor-element elementor-element-3255008 elementor-widget elementor-widget-text-editor\" data-id=\"3255008\" data-element_type=\"widget\" data-e-type=\"widget\" data-widget_type=\"text-editor.default\">\n\t\t\t\t<div class=\"elementor-widget-container\">\n\t\t\t\t\t\t\t\t\t<h3>Unsere Realisierungen<\/h3><p>Mit unserer Erfahrung hat Pro Scenario an einer Vielzahl von Projekten aller Art und Gr\u00f6\u00dfe mitgewirkt, von intimen Autorenfilmen \u00fcber gro\u00df angelegte Werbespots bis hin zu originellen Theaterst\u00fccken. Wir haben mit Produzenten, Regisseuren, Unternehmen und K\u00fcnstlern zusammengearbeitet, um Drehb\u00fccher zu entwickeln, die das Publikum fesseln, starke Botschaften vermitteln und einen bleibenden Eindruck hinterlassen. Jedes Projekt, das wir in Angriff nehmen, profitiert von unserer akribischen Liebe zum Detail, sei es bei der Ausarbeitung der Dialoge, der Entwicklung der Charaktere oder der Entwicklung der Handlung.<\/p>\t\t\t\t\t\t\t\t<\/div>\n\t\t\t\t<\/div>\n\t\t\t\t<\/div>\n\t\t<div class=\"elementor-element elementor-element-8020627 e-con-full e-flex e-con e-child\" data-id=\"8020627\" data-element_type=\"container\" data-e-type=\"container\" data-settings=\"{&quot;_ha_eqh_enable&quot;:false}\">\n\t\t\t\t<div class=\"elementor-element elementor-element-f0f7ca8 elementor-widget elementor-widget-image\" data-id=\"f0f7ca8\" data-element_type=\"widget\" data-e-type=\"widget\" data-widget_type=\"image.default\">\n\t\t\t\t<div class=\"elementor-widget-container\">\n\t\t\t\t\t\t\t\t\t\t\t\t\t\t\t<img alt=\"\" decoding=\"async\" width=\"800\" height=\"534\" src=\"https:\/\/proscenario.fr\/wp-content\/uploads\/2024\/09\/2-e1725443951437-1024x684.jpeg\" class=\"attachment-large size-large wp-image-1829\" srcset=\"https:\/\/proscenario.fr\/wp-content\/uploads\/2024\/09\/2-e1725443951437-1024x684.jpeg 1024w, https:\/\/proscenario.fr\/wp-content\/uploads\/2024\/09\/2-e1725443951437-300x200.jpeg 300w, https:\/\/proscenario.fr\/wp-content\/uploads\/2024\/09\/2-e1725443951437-768x513.jpeg 768w, https:\/\/proscenario.fr\/wp-content\/uploads\/2024\/09\/2-e1725443951437-1536x1026.jpeg 1536w, https:\/\/proscenario.fr\/wp-content\/uploads\/2024\/09\/2-e1725443951437.jpeg 1600w\" sizes=\"(max-width: 800px) 100vw, 800px\" \/>\t\t\t\t\t\t\t\t\t\t\t\t\t\t\t<\/div>\n\t\t\t\t<\/div>\n\t\t\t\t<\/div>\n\t\t\t\t\t<\/div>\n\t\t\t\t<\/div>\n\t\t<div class=\"elementor-element elementor-element-1bec0e2 e-flex e-con-boxed e-con e-parent\" data-id=\"1bec0e2\" data-element_type=\"container\" data-e-type=\"container\" data-settings=\"{&quot;background_background&quot;:&quot;classic&quot;,&quot;_ha_eqh_enable&quot;:false}\">\n\t\t\t\t\t<div class=\"e-con-inner\">\n\t\t<div class=\"elementor-element elementor-element-c8c64ff e-con-full e-flex e-con e-child\" data-id=\"c8c64ff\" data-element_type=\"container\" data-e-type=\"container\" data-settings=\"{&quot;_ha_eqh_enable&quot;:false}\">\n\t\t\t\t<div class=\"elementor-element elementor-element-20457c7 elementor-widget elementor-widget-image-gallery\" data-id=\"20457c7\" data-element_type=\"widget\" data-e-type=\"widget\" data-widget_type=\"image-gallery.default\">\n\t\t\t\t<div class=\"elementor-widget-container\">\n\t\t\t\t\t\t\t<div class=\"elementor-image-gallery\">\n\t\t\t<div id='gallery-1' class='gallery galleryid-1079 gallery-columns-1 gallery-size-medium_large'><figure class='gallery-item'>\n\t\t\t<div class='gallery-icon landscape'>\n\t\t\t\t<a data-elementor-open-lightbox=\"yes\" data-elementor-lightbox-slideshow=\"20457c7\" data-elementor-lightbox-title=\"4\" data-e-action-hash=\"#elementor-action%3Aaction%3Dlightbox%26settings%3DeyJpZCI6MTgzMSwidXJsIjoiaHR0cHM6XC9cL3Byb3NjZW5hcmlvLmZyXC93cC1jb250ZW50XC91cGxvYWRzXC8yMDI0XC8wOVwvNC5qcGVnIiwic2xpZGVzaG93IjoiMjA0NTdjNyJ9\" href='https:\/\/proscenario.fr\/wp-content\/uploads\/2024\/09\/4.jpeg'><img decoding=\"async\" width=\"768\" height=\"327\" src=\"https:\/\/proscenario.fr\/wp-content\/uploads\/2024\/09\/4-768x327.jpeg\" class=\"attachment-medium_large size-medium_large\" alt=\"\" srcset=\"https:\/\/proscenario.fr\/wp-content\/uploads\/2024\/09\/4-768x327.jpeg 768w, https:\/\/proscenario.fr\/wp-content\/uploads\/2024\/09\/4-300x128.jpeg 300w, https:\/\/proscenario.fr\/wp-content\/uploads\/2024\/09\/4-1024x436.jpeg 1024w, https:\/\/proscenario.fr\/wp-content\/uploads\/2024\/09\/4-1536x655.jpeg 1536w, https:\/\/proscenario.fr\/wp-content\/uploads\/2024\/09\/4.jpeg 1600w\" sizes=\"(max-width: 768px) 100vw, 768px\" \/><\/a>\n\t\t\t<\/div><\/figure><figure class='gallery-item'>\n\t\t\t<div class='gallery-icon landscape'>\n\t\t\t\t<a data-elementor-open-lightbox=\"yes\" data-elementor-lightbox-slideshow=\"20457c7\" data-elementor-lightbox-title=\"5\" data-e-action-hash=\"#elementor-action%3Aaction%3Dlightbox%26settings%3DeyJpZCI6MTgzMiwidXJsIjoiaHR0cHM6XC9cL3Byb3NjZW5hcmlvLmZyXC93cC1jb250ZW50XC91cGxvYWRzXC8yMDI0XC8wOVwvNS5qcGVnIiwic2xpZGVzaG93IjoiMjA0NTdjNyJ9\" href='https:\/\/proscenario.fr\/wp-content\/uploads\/2024\/09\/5.jpeg'><img loading=\"lazy\" decoding=\"async\" width=\"768\" height=\"327\" src=\"https:\/\/proscenario.fr\/wp-content\/uploads\/2024\/09\/5-768x327.jpeg\" class=\"attachment-medium_large size-medium_large\" alt=\"\" srcset=\"https:\/\/proscenario.fr\/wp-content\/uploads\/2024\/09\/5-768x327.jpeg 768w, https:\/\/proscenario.fr\/wp-content\/uploads\/2024\/09\/5-300x128.jpeg 300w, https:\/\/proscenario.fr\/wp-content\/uploads\/2024\/09\/5-1024x436.jpeg 1024w, https:\/\/proscenario.fr\/wp-content\/uploads\/2024\/09\/5-1536x655.jpeg 1536w, https:\/\/proscenario.fr\/wp-content\/uploads\/2024\/09\/5.jpeg 1600w\" sizes=\"(max-width: 768px) 100vw, 768px\" \/><\/a>\n\t\t\t<\/div><\/figure><figure class='gallery-item'>\n\t\t\t<div class='gallery-icon landscape'>\n\t\t\t\t<a data-elementor-open-lightbox=\"yes\" data-elementor-lightbox-slideshow=\"20457c7\" data-elementor-lightbox-title=\"1\" data-e-action-hash=\"#elementor-action%3Aaction%3Dlightbox%26settings%3DeyJpZCI6MjAwNiwidXJsIjoiaHR0cHM6XC9cL3Byb3NjZW5hcmlvLmZyXC93cC1jb250ZW50XC91cGxvYWRzXC8yMDI0XC8wOVwvMS0xLmpwZWciLCJzbGlkZXNob3ciOiIyMDQ1N2M3In0%3D\" href='https:\/\/proscenario.fr\/wp-content\/uploads\/2024\/09\/1-1.jpeg'><img loading=\"lazy\" decoding=\"async\" width=\"768\" height=\"540\" src=\"https:\/\/proscenario.fr\/wp-content\/uploads\/2024\/09\/1-1-768x540.jpeg\" class=\"attachment-medium_large size-medium_large\" alt=\"\" srcset=\"https:\/\/proscenario.fr\/wp-content\/uploads\/2024\/09\/1-1-768x540.jpeg 768w, https:\/\/proscenario.fr\/wp-content\/uploads\/2024\/09\/1-1-300x211.jpeg 300w, https:\/\/proscenario.fr\/wp-content\/uploads\/2024\/09\/1-1-1024x721.jpeg 1024w, https:\/\/proscenario.fr\/wp-content\/uploads\/2024\/09\/1-1-1536x1081.jpeg 1536w, https:\/\/proscenario.fr\/wp-content\/uploads\/2024\/09\/1-1.jpeg 1600w\" sizes=\"(max-width: 768px) 100vw, 768px\" \/><\/a>\n\t\t\t<\/div><\/figure><figure class='gallery-item'>\n\t\t\t<div class='gallery-icon landscape'>\n\t\t\t\t<a data-elementor-open-lightbox=\"yes\" data-elementor-lightbox-slideshow=\"20457c7\" data-elementor-lightbox-title=\"66\" data-e-action-hash=\"#elementor-action%3Aaction%3Dlightbox%26settings%3DeyJpZCI6MjAwOCwidXJsIjoiaHR0cHM6XC9cL3Byb3NjZW5hcmlvLmZyXC93cC1jb250ZW50XC91cGxvYWRzXC8yMDI0XC8wOVwvNjYuanBlZyIsInNsaWRlc2hvdyI6IjIwNDU3YzcifQ%3D%3D\" href='https:\/\/proscenario.fr\/wp-content\/uploads\/2024\/09\/66.jpeg'><img loading=\"lazy\" decoding=\"async\" width=\"768\" height=\"327\" src=\"https:\/\/proscenario.fr\/wp-content\/uploads\/2024\/09\/66-768x327.jpeg\" class=\"attachment-medium_large size-medium_large\" alt=\"\" srcset=\"https:\/\/proscenario.fr\/wp-content\/uploads\/2024\/09\/66-768x327.jpeg 768w, https:\/\/proscenario.fr\/wp-content\/uploads\/2024\/09\/66-300x128.jpeg 300w, https:\/\/proscenario.fr\/wp-content\/uploads\/2024\/09\/66-1024x436.jpeg 1024w, https:\/\/proscenario.fr\/wp-content\/uploads\/2024\/09\/66-1536x654.jpeg 1536w, https:\/\/proscenario.fr\/wp-content\/uploads\/2024\/09\/66.jpeg 1600w\" sizes=\"(max-width: 768px) 100vw, 768px\" \/><\/a>\n\t\t\t<\/div><\/figure><figure class='gallery-item'>\n\t\t\t<div class='gallery-icon landscape'>\n\t\t\t\t<a data-elementor-open-lightbox=\"yes\" data-elementor-lightbox-slideshow=\"20457c7\" data-elementor-lightbox-title=\"22\" data-e-action-hash=\"#elementor-action%3Aaction%3Dlightbox%26settings%3DeyJpZCI6MjAxMywidXJsIjoiaHR0cHM6XC9cL3Byb3NjZW5hcmlvLmZyXC93cC1jb250ZW50XC91cGxvYWRzXC8yMDI0XC8wOVwvMjIuanBlZyIsInNsaWRlc2hvdyI6IjIwNDU3YzcifQ%3D%3D\" href='https:\/\/proscenario.fr\/wp-content\/uploads\/2024\/09\/22.jpeg'><img loading=\"lazy\" decoding=\"async\" width=\"768\" height=\"512\" src=\"https:\/\/proscenario.fr\/wp-content\/uploads\/2024\/09\/22-768x512.jpeg\" class=\"attachment-medium_large size-medium_large\" alt=\"\" srcset=\"https:\/\/proscenario.fr\/wp-content\/uploads\/2024\/09\/22-768x512.jpeg 768w, https:\/\/proscenario.fr\/wp-content\/uploads\/2024\/09\/22-300x200.jpeg 300w, https:\/\/proscenario.fr\/wp-content\/uploads\/2024\/09\/22-1024x682.jpeg 1024w, https:\/\/proscenario.fr\/wp-content\/uploads\/2024\/09\/22-1536x1023.jpeg 1536w, https:\/\/proscenario.fr\/wp-content\/uploads\/2024\/09\/22.jpeg 1600w\" sizes=\"(max-width: 768px) 100vw, 768px\" \/><\/a>\n\t\t\t<\/div><\/figure>\n\t\t<\/div>\n\t\t<\/div>\n\t\t\t\t\t\t<\/div>\n\t\t\t\t<\/div>\n\t\t\t\t<\/div>\n\t\t<div class=\"elementor-element elementor-element-db2243b e-con-full e-flex e-con e-child\" data-id=\"db2243b\" data-element_type=\"container\" data-e-type=\"container\" data-settings=\"{&quot;_ha_eqh_enable&quot;:false}\">\n\t\t\t\t<div class=\"elementor-element elementor-element-4bbea2b elementor-widget elementor-widget-text-editor\" data-id=\"4bbea2b\" data-element_type=\"widget\" data-e-type=\"widget\" data-widget_type=\"text-editor.default\">\n\t\t\t\t<div class=\"elementor-widget-container\">\n\t\t\t\t\t\t\t\t\t<h3>Unsere Dienstleistungen<\/h3><p>\u00dcber das Schreiben von Drehb\u00fcchern hinaus bietet Pro Scenario eine umfassende Palette von Dienstleistungen an, um Drehbuchautoren, Regisseure, Produzenten und Unternehmen bei der Entwicklung ihrer Projekte zu unterst\u00fctzen. Wir glauben fest daran, dass jede Geschichte es verdient, auf die wirkungsvollste Weise erz\u00e4hlt zu werden.<\/p><ol><li><p><strong>Pers\u00f6nliche Begleitung<\/strong> Wir begleiten unsere Kunden in allen Phasen der Erstellung ihrer Drehbuchprojekte, von der Ideenfindung \u00fcber die Entwicklung eines Drehbuchs bis hin zur Umschreibung. Diese aufmerksame Begleitung gew\u00e4hrleistet, dass jedes Projekt sein volles Potenzial entfaltet.<\/p><\/li><li><p><strong>Coaching<\/strong> Drehbuchcoaching ist eine unserer wichtigsten Dienstleistungen. Wir helfen Drehbuchautoren, ihre Ideen zu verfeinern, kreative Blockaden zu \u00fcberwinden und ihre erz\u00e4hlerischen F\u00e4higkeiten zu perfektionieren. Unsere erfahrenen Coaches geben konstruktives Feedback und praktische Ratschl\u00e4ge, um jedes Projekt zu einem erfolgreichen Abschluss zu bringen.<\/p><\/li><li><p><strong>Consulting und Script Doctoring<\/strong> Pro Scenario bietet Beratungsdienste f\u00fcr Regisseure, Produzenten und kreative Teams an, die professionelle Beratung und Empfehlungen zu ihren Drehbuchprojekten w\u00fcnschen. Wir bieten auch einen Script Doctoring Service an, der darauf abzielt, Drehb\u00fccher in der Entwicklungs- oder Umschreibungsphase zu diagnostizieren und zu verbessern. Unser Team von Beratern und Script Doctors identifiziert narrative Schw\u00e4chen, schl\u00e4gt L\u00f6sungen vor und hilft, die Wirkung und Koh\u00e4renz des Drehbuchs zu verbessern.<\/p><\/li><li><p><strong>Ma\u00dfgeschneidertes Schreiben<\/strong> Zus\u00e4tzlich zu unseren Beratungsdienstleistungen bieten wir auch ma\u00dfgeschneiderte Drehb\u00fccher f\u00fcr Filme, Serien, Werbespots und Theaterproduktionen an. Wir arbeiten eng mit unseren Kunden zusammen, um ihre Visionen zu verstehen und Drehb\u00fccher zu erstellen, die ihren Erwartungen und dem Zweck ihres Projekts entsprechen.<\/p><\/li><li><p><strong>Schulungen<\/strong> Wir bieten ma\u00dfgeschneiderte Schulungen an, die auf die Bed\u00fcrfnisse sowohl von Anf\u00e4ngern als auch von erfahrenen Drehbuchautoren zugeschnitten sind. Unsere Kurse umfassen die Grundlagen des Drehbuchschreibens, fortgeschrittene Erz\u00e4hltechniken und die Strukturierung von Geschichten f\u00fcr verschiedene Formate: Film, Fernsehen, Webserien, etc.<\/p><\/li><\/ol>\t\t\t\t\t\t\t\t<\/div>\n\t\t\t\t<\/div>\n\t\t\t\t<\/div>\n\t\t\t\t\t<\/div>\n\t\t\t\t<\/div>\n\t\t<div class=\"elementor-element elementor-element-ad44931 e-flex e-con-boxed e-con e-parent\" data-id=\"ad44931\" data-element_type=\"container\" data-e-type=\"container\" data-settings=\"{&quot;background_background&quot;:&quot;classic&quot;,&quot;_ha_eqh_enable&quot;:false}\">\n\t\t\t\t\t<div class=\"e-con-inner\">\n\t\t<div class=\"elementor-element elementor-element-96dfa20 e-con-full e-flex e-con e-child\" data-id=\"96dfa20\" data-element_type=\"container\" data-e-type=\"container\" data-settings=\"{&quot;_ha_eqh_enable&quot;:false}\">\n\t\t\t\t<div class=\"elementor-element elementor-element-696fc8a elementor-widget elementor-widget-text-editor\" data-id=\"696fc8a\" data-element_type=\"widget\" data-e-type=\"widget\" data-widget_type=\"text-editor.default\">\n\t\t\t\t<div class=\"elementor-widget-container\">\n\t\t\t\t\t\t\t\t\t<h3>Ein Team, das sich der Kunst des Drehbuchschreibens verschrieben hat<\/h3><p>Das Team von Pro Scenario besteht aus Fachleuten mit einer Leidenschaft f\u00fcr das Schreiben und Erz\u00e4hlen von Geschichten. Unsere Drehbuchautoren, Berater und Trainer sind Experten auf ihrem Gebiet und verf\u00fcgen \u00fcber umfangreiche Erfahrung in der Unterhaltungsindustrie. Unsere Mission ist es, dieses Fachwissen zu teilen und unseren Kunden dabei zu helfen, ihre Ideen in ausgereifte und einnehmende Geschichten umzusetzen. Wir glauben, dass jedes Projekt eine Gelegenheit ist, etwas Neues, Authentisches und Eindrucksvolles zu schaffen.<\/p>\t\t\t\t\t\t\t\t<\/div>\n\t\t\t\t<\/div>\n\t\t\t\t<\/div>\n\t\t<div class=\"elementor-element elementor-element-54932b5 e-con-full e-flex e-con e-child\" data-id=\"54932b5\" data-element_type=\"container\" data-e-type=\"container\" data-settings=\"{&quot;_ha_eqh_enable&quot;:false}\">\n\t\t\t\t<div class=\"elementor-element elementor-element-2b0dc42 elementor-widget elementor-widget-image\" data-id=\"2b0dc42\" data-element_type=\"widget\" data-e-type=\"widget\" data-widget_type=\"image.default\">\n\t\t\t\t<div class=\"elementor-widget-container\">\n\t\t\t\t\t\t\t\t\t\t\t\t\t\t\t<img alt=\"\" loading=\"lazy\" decoding=\"async\" width=\"800\" height=\"534\" src=\"https:\/\/proscenario.fr\/wp-content\/uploads\/2024\/09\/3-1-1024x683.jpeg\" class=\"attachment-large size-large wp-image-2012\" srcset=\"https:\/\/proscenario.fr\/wp-content\/uploads\/2024\/09\/3-1-1024x683.jpeg 1024w, https:\/\/proscenario.fr\/wp-content\/uploads\/2024\/09\/3-1-300x200.jpeg 300w, https:\/\/proscenario.fr\/wp-content\/uploads\/2024\/09\/3-1-768x513.jpeg 768w, https:\/\/proscenario.fr\/wp-content\/uploads\/2024\/09\/3-1.jpeg 1500w\" sizes=\"(max-width: 800px) 100vw, 800px\" \/>\t\t\t\t\t\t\t\t\t\t\t\t\t\t\t<\/div>\n\t\t\t\t<\/div>\n\t\t\t\t<\/div>\n\t\t\t\t\t<\/div>\n\t\t\t\t<\/div>\n\t\t<div class=\"elementor-element elementor-element-e3551e2 e-flex e-con-boxed e-con e-parent\" data-id=\"e3551e2\" data-element_type=\"container\" data-e-type=\"container\" data-settings=\"{&quot;background_background&quot;:&quot;classic&quot;,&quot;_ha_eqh_enable&quot;:false}\">\n\t\t\t\t\t<div class=\"e-con-inner\">\n\t\t<div class=\"elementor-element elementor-element-108983f e-con-full e-flex e-con e-child\" data-id=\"108983f\" data-element_type=\"container\" data-e-type=\"container\" data-settings=\"{&quot;_ha_eqh_enable&quot;:false}\">\n\t\t\t\t<div class=\"elementor-element elementor-element-55afaf4 elementor-widget elementor-widget-image\" data-id=\"55afaf4\" data-element_type=\"widget\" data-e-type=\"widget\" data-widget_type=\"image.default\">\n\t\t\t\t<div class=\"elementor-widget-container\">\n\t\t\t\t\t\t\t\t\t\t\t\t\t\t\t<img alt=\"\" loading=\"lazy\" decoding=\"async\" width=\"800\" height=\"533\" src=\"https:\/\/proscenario.fr\/wp-content\/uploads\/2024\/09\/44-1024x682.jpeg\" class=\"attachment-large size-large wp-image-2007\" srcset=\"https:\/\/proscenario.fr\/wp-content\/uploads\/2024\/09\/44-1024x682.jpeg 1024w, https:\/\/proscenario.fr\/wp-content\/uploads\/2024\/09\/44-300x200.jpeg 300w, https:\/\/proscenario.fr\/wp-content\/uploads\/2024\/09\/44-768x512.jpeg 768w, https:\/\/proscenario.fr\/wp-content\/uploads\/2024\/09\/44-1536x1023.jpeg 1536w, https:\/\/proscenario.fr\/wp-content\/uploads\/2024\/09\/44.jpeg 1600w\" sizes=\"(max-width: 800px) 100vw, 800px\" \/>\t\t\t\t\t\t\t\t\t\t\t\t\t\t\t<\/div>\n\t\t\t\t<\/div>\n\t\t\t\t<\/div>\n\t\t<div class=\"elementor-element elementor-element-d02f272 e-con-full e-flex e-con e-child\" data-id=\"d02f272\" data-element_type=\"container\" data-e-type=\"container\" data-settings=\"{&quot;_ha_eqh_enable&quot;:false}\">\n\t\t\t\t<div class=\"elementor-element elementor-element-d92728b elementor-widget elementor-widget-text-editor\" data-id=\"d92728b\" data-element_type=\"widget\" data-e-type=\"widget\" data-widget_type=\"text-editor.default\">\n\t\t\t\t<div class=\"elementor-widget-container\">\n\t\t\t\t\t\t\t\t\t<h3>Ein kreativer und kooperativer Ansatz<\/h3><p>Wir arbeiten eng mit unseren Kunden zusammen, um ihre Bed\u00fcrfnisse, Erwartungen und Ziele zu verstehen. Unser Ansatz ist sowohl kreativ als auch strategisch, denn wir wissen, dass eine Geschichte nicht nur gut geschrieben sein muss, sondern auch den Anforderungen des Marktes oder des Zielpublikums entsprechen muss, damit sie funktioniert. Aus diesem Grund legen wir gro\u00dfen Wert auf Zusammenarbeit, Zuh\u00f6ren und Verst\u00e4ndnis f\u00fcr die Erwartungen unserer Partner, seien es gro\u00dfe Unternehmen oder unabh\u00e4ngige Drehbuchautoren.<\/p>\t\t\t\t\t\t\t\t<\/div>\n\t\t\t\t<\/div>\n\t\t\t\t<\/div>\n\t\t\t\t\t<\/div>\n\t\t\t\t<\/div>\n\t\t<div class=\"elementor-element elementor-element-ad6e54c e-flex e-con-boxed e-con e-parent\" data-id=\"ad6e54c\" data-element_type=\"container\" data-e-type=\"container\" data-settings=\"{&quot;background_background&quot;:&quot;classic&quot;,&quot;_ha_eqh_enable&quot;:false}\">\n\t\t\t\t\t<div class=\"e-con-inner\">\n\t\t<div class=\"elementor-element elementor-element-c0c7e9d e-con-full e-flex e-con e-child\" data-id=\"c0c7e9d\" data-element_type=\"container\" data-e-type=\"container\" data-settings=\"{&quot;_ha_eqh_enable&quot;:false}\">\n\t\t\t\t<div class=\"elementor-element elementor-element-2a955c8 elementor-widget elementor-widget-text-editor\" data-id=\"2a955c8\" data-element_type=\"widget\" data-e-type=\"widget\" data-widget_type=\"text-editor.default\">\n\t\t\t\t<div class=\"elementor-widget-container\">\n\t\t\t\t\t\t\t\t\t<h3>Warum Pro Szenario w\u00e4hlen?<\/h3><p>Wenn Sie sich f\u00fcr Pro Szenario entscheiden, profitieren Sie von :<\/p><ul><li>Von einer <strong>Bew\u00e4hrte Expertise<\/strong> in der Gestaltung von Drehb\u00fcchern f\u00fcr verschiedene Formate und Sektoren.<\/li><li>Von einem <strong>Pers\u00f6nliche Begleitung<\/strong> in jeder Phase des kreativen Prozesses, von der ersten Idee bis zur endg\u00fcltigen Fassung des Drehbuchs.<\/li><li>Von <strong>Umfassende Dienstleistungen<\/strong> Ausbildung, Coaching, Script Doctoring, Beratung und ma\u00dfgeschneidertes Schreiben.<\/li><li>Ein Team von leidenschaftlichen und erfahrenen Drehbuchautoren und Beratern, die immer ein offenes Ohr f\u00fcr Ihre Bed\u00fcrfnisse haben.<\/li><\/ul>\t\t\t\t\t\t\t\t<\/div>\n\t\t\t\t<\/div>\n\t\t\t\t<\/div>\n\t\t<div class=\"elementor-element elementor-element-d9a2446 e-con-full e-flex e-con e-child\" data-id=\"d9a2446\" data-element_type=\"container\" data-e-type=\"container\" data-settings=\"{&quot;_ha_eqh_enable&quot;:false}\">\n\t\t\t\t<div class=\"elementor-element elementor-element-2b64abb elementor-widget elementor-widget-image\" data-id=\"2b64abb\" data-element_type=\"widget\" data-e-type=\"widget\" data-widget_type=\"image.default\">\n\t\t\t\t<div class=\"elementor-widget-container\">\n\t\t\t\t\t\t\t\t\t\t\t\t\t\t\t<img alt=\"\" loading=\"lazy\" decoding=\"async\" width=\"1600\" height=\"893\" src=\"https:\/\/proscenario.fr\/wp-content\/uploads\/2024\/09\/9.jpeg\" class=\"attachment-full size-full wp-image-2005\" srcset=\"https:\/\/proscenario.fr\/wp-content\/uploads\/2024\/09\/9.jpeg 1600w, https:\/\/proscenario.fr\/wp-content\/uploads\/2024\/09\/9-300x167.jpeg 300w, https:\/\/proscenario.fr\/wp-content\/uploads\/2024\/09\/9-1024x572.jpeg 1024w, https:\/\/proscenario.fr\/wp-content\/uploads\/2024\/09\/9-768x429.jpeg 768w, https:\/\/proscenario.fr\/wp-content\/uploads\/2024\/09\/9-1536x857.jpeg 1536w\" sizes=\"(max-width: 1600px) 100vw, 1600px\" \/>\t\t\t\t\t\t\t\t\t\t\t\t\t\t\t<\/div>\n\t\t\t\t<\/div>\n\t\t\t\t<\/div>\n\t\t\t\t\t<\/div>\n\t\t\t\t<\/div>\n\t\t\t\t<\/div>","protected":false},"excerpt":{"rendered":"<p>Qui sommes-nous ? \u00c0 propos de Pro Sc\u00e9nario Bienvenue chez Pro Sc\u00e9nario, une agence de sc\u00e9naristes visionnaires et passionn\u00e9s, d\u00e9di\u00e9e \u00e0 l&rsquo;art de l&rsquo;\u00e9criture et de la conception de sc\u00e9narios sur mesure. Depuis notre cr\u00e9ation, nous avons eu le privil\u00e8ge de diriger, \u00e9crire et r\u00e9aliser plusieurs centaines de projets pour une grande vari\u00e9t\u00e9 de formats [&hellip;]<\/p>\n","protected":false},"author":1,"featured_media":0,"parent":0,"menu_order":0,"comment_status":"closed","ping_status":"closed","template":"","meta":{"_seopress_robots_primary_cat":"","_seopress_titles_title":"","_seopress_titles_desc":"","_seopress_robots_index":"","footnotes":""},"class_list":["post-1079","page","type-page","status-publish","hentry"],"_links":{"self":[{"href":"https:\/\/proscenario.fr\/de\/wp-json\/wp\/v2\/pages\/1079","targetHints":{"allow":["GET"]}}],"collection":[{"href":"https:\/\/proscenario.fr\/de\/wp-json\/wp\/v2\/pages"}],"about":[{"href":"https:\/\/proscenario.fr\/de\/wp-json\/wp\/v2\/types\/page"}],"author":[{"embeddable":true,"href":"https:\/\/proscenario.fr\/de\/wp-json\/wp\/v2\/users\/1"}],"replies":[{"embeddable":true,"href":"https:\/\/proscenario.fr\/de\/wp-json\/wp\/v2\/comments?post=1079"}],"version-history":[{"count":29,"href":"https:\/\/proscenario.fr\/de\/wp-json\/wp\/v2\/pages\/1079\/revisions"}],"predecessor-version":[{"id":2476,"href":"https:\/\/proscenario.fr\/de\/wp-json\/wp\/v2\/pages\/1079\/revisions\/2476"}],"wp:attachment":[{"href":"https:\/\/proscenario.fr\/de\/wp-json\/wp\/v2\/media?parent=1079"}],"curies":[{"name":"wp","href":"https:\/\/api.w.org\/{rel}","templated":true}]}}