{"id":1077,"date":"2024-09-02T22:08:18","date_gmt":"2024-09-02T22:08:18","guid":{"rendered":"http:\/\/proscenario.fr\/about\/"},"modified":"2025-01-17T22:05:02","modified_gmt":"2025-01-17T22:05:02","slug":"datenschutzpolitik","status":"publish","type":"page","link":"https:\/\/proscenario.fr\/de\/datenschutzpolitik\/","title":{"rendered":"Datenschutzrichtlinie"},"content":{"rendered":"<div data-elementor-type=\"wp-page\" data-elementor-id=\"1077\" class=\"elementor elementor-1077\" data-elementor-settings=\"{&quot;ha_cmc_init_switcher&quot;:&quot;no&quot;}\">\n\t\t\t\t<div class=\"elementor-element elementor-element-6e6b0ad e-flex e-con-boxed e-con e-parent\" data-id=\"6e6b0ad\" data-element_type=\"container\" data-e-type=\"container\" data-settings=\"{&quot;background_background&quot;:&quot;classic&quot;,&quot;_ha_eqh_enable&quot;:false}\">\n\t\t\t\t\t<div class=\"e-con-inner\">\n\t\t\t\t<div class=\"elementor-element elementor-element-fccd208 elementor-widget elementor-widget-text-editor\" data-id=\"fccd208\" data-element_type=\"widget\" data-e-type=\"widget\" data-widget_type=\"text-editor.default\">\n\t\t\t\t<div class=\"elementor-widget-container\">\n\t\t\t\t\t\t\t\t\t<h3><strong>Datenschutzrichtlinie<\/strong><\/h3><p><strong>Proscenario.de<\/strong>, betrieben von Alexandre Hoesli (Auto-entrepreneur), respektiert Ihre Privatsph\u00e4re und verpflichtet sich, Ihre pers\u00f6nlichen Daten zu sch\u00fctzen. Diese Datenschutzrichtlinie beschreibt, wie wir Ihre Daten sammeln, verwenden und sch\u00fctzen.<\/p><h4><strong>1. Erhebung von pers\u00f6nlichen Daten<\/strong><\/h4><p>Wir sammeln Ihre pers\u00f6nlichen Daten, wenn :<\/p><ul><li>Sie buchen \u00fcber unsere Website.<\/li><li>Sie melden sich f\u00fcr unseren Newsletter an.<\/li><li>Sie nutzen unsere Zahlungsdienste \u00fcber Stripe oder die Terminverwaltung \u00fcber Calendly.<\/li><\/ul><p>Die gesammelten Informationen k\u00f6nnen Folgendes umfassen: Ihren Vor- und Nachnamen, Ihre E-Mail-Adresse, Telefonnummer, Postanschrift, Zahlungsinformationen und alle anderen Details, die f\u00fcr die Erbringung unserer Dienstleistungen relevant sind.<\/p><h4><strong>2. Nutzung der Daten<\/strong><\/h4><p>Ihre Informationen werden verwendet, um :<\/p><ul><li>Ihre Buchungen und Leistungen verwalten.<\/li><li>Ihnen die gew\u00fcnschten Dienstleistungen (Training, Begleitung, Coaching usw.) zur Verf\u00fcgung zu stellen.<\/li><li>Ihre Zahlungen sicher \u00fcber Stripe abzuwickeln.<\/li><li>Planen und verwalten Sie Ihre Termine \u00fcber Calendly.<\/li><li>Sie \u00fcber Aktualisierungen oder Sonderangebote zu informieren.<\/li><\/ul><h4><strong>3. Datenaustausch<\/strong><\/h4><p>Wir geben Ihre pers\u00f6nlichen Daten nicht an Dritte f\u00fcr kommerzielle Zwecke weiter. Ihre Daten k\u00f6nnen jedoch an unsere Drittanbieter weitergegeben werden, einschlie\u00dflich :<\/p><ul><li><strong>Stripe<\/strong> f\u00fcr die sichere Abwicklung von Zahlungen.<\/li><li><strong>Calendly<\/strong> f\u00fcr die Terminverwaltung.<\/li><\/ul><h4><strong>4. Datensicherheit<\/strong><\/h4><p>Wir setzen technische Ma\u00dfnahmen ein, um Ihre Daten vor unbefugtem Zugriff, \u00c4nderung und Zerst\u00f6rung zu sch\u00fctzen. Ihre Zahlungsinformationen werden \u00fcber das SSL-Protokoll verschl\u00fcsselt.<\/p><h4><strong>5. Ihre Rechte<\/strong><\/h4><p>In \u00dcbereinstimmung mit den geltenden Gesetzen haben Sie das Recht, auf Ihre pers\u00f6nlichen Daten zuzugreifen, sie zu berichtigen oder zu l\u00f6schen. Um diese Rechte auszu\u00fcben, kontaktieren Sie uns bitte unter : <strong><a rel=\"noopener\">alexandre@proscenario.fr.fr<\/a><\/strong>.<\/p>\t\t\t\t\t\t\t\t<\/div>\n\t\t\t\t<\/div>\n\t\t\t\t\t<\/div>\n\t\t\t\t<\/div>\n\t\t\t\t<\/div>","protected":false},"excerpt":{"rendered":"<p>Politique de confidentialit\u00e9 Proscenario.fr, exploit\u00e9 par Alexandre Hoesli (Auto-entrepreneur), respecte votre vie priv\u00e9e et s&rsquo;engage \u00e0 prot\u00e9ger vos donn\u00e9es personnelles. Cette politique de confidentialit\u00e9 d\u00e9crit comment nous recueillons, utilisons et prot\u00e9geons vos informations. 1. Collecte des donn\u00e9es personnelles Nous collectons vos informations personnelles lorsque : Vous effectuez une r\u00e9servation via notre site. Vous vous inscrivez [&hellip;]<\/p>\n","protected":false},"author":1,"featured_media":0,"parent":0,"menu_order":0,"comment_status":"closed","ping_status":"closed","template":"","meta":{"_seopress_robots_primary_cat":"","_seopress_titles_title":"","_seopress_titles_desc":"","_seopress_robots_index":"","footnotes":""},"class_list":["post-1077","page","type-page","status-publish","hentry"],"_links":{"self":[{"href":"https:\/\/proscenario.fr\/de\/wp-json\/wp\/v2\/pages\/1077","targetHints":{"allow":["GET"]}}],"collection":[{"href":"https:\/\/proscenario.fr\/de\/wp-json\/wp\/v2\/pages"}],"about":[{"href":"https:\/\/proscenario.fr\/de\/wp-json\/wp\/v2\/types\/page"}],"author":[{"embeddable":true,"href":"https:\/\/proscenario.fr\/de\/wp-json\/wp\/v2\/users\/1"}],"replies":[{"embeddable":true,"href":"https:\/\/proscenario.fr\/de\/wp-json\/wp\/v2\/comments?post=1077"}],"version-history":[{"count":21,"href":"https:\/\/proscenario.fr\/de\/wp-json\/wp\/v2\/pages\/1077\/revisions"}],"predecessor-version":[{"id":2501,"href":"https:\/\/proscenario.fr\/de\/wp-json\/wp\/v2\/pages\/1077\/revisions\/2501"}],"wp:attachment":[{"href":"https:\/\/proscenario.fr\/de\/wp-json\/wp\/v2\/media?parent=1077"}],"curies":[{"name":"wp","href":"https:\/\/api.w.org\/{rel}","templated":true}]}}