{"id":2053,"date":"2024-09-04T22:14:15","date_gmt":"2024-09-04T22:14:15","guid":{"rendered":"https:\/\/proscenario.fr\/?page_id=2053"},"modified":"2025-01-17T21:37:52","modified_gmt":"2025-01-17T21:37:52","slug":"%d8%aa%d8%a3%d9%83%d9%8a%d8%af-%d8%a7%d9%84%d8%a7%d8%b3%d8%aa%d8%b4%d8%a7%d8%b1%d8%a9","status":"publish","type":"page","link":"https:\/\/proscenario.fr\/ar\/%d8%aa%d8%a3%d9%83%d9%8a%d8%af-%d8%a7%d9%84%d8%a7%d8%b3%d8%aa%d8%b4%d8%a7%d8%b1%d8%a9\/","title":{"rendered":"\u0627\u0644\u062a\u0623\u0643\u064a\u062f"},"content":{"rendered":"<div data-elementor-type=\"wp-page\" data-elementor-id=\"2053\" class=\"elementor elementor-2053\" data-elementor-settings=\"{&quot;ha_cmc_init_switcher&quot;:&quot;no&quot;}\">\n\t\t\t\t<div class=\"elementor-element elementor-element-e7275c5 e-flex e-con-boxed e-con e-parent\" data-id=\"e7275c5\" data-element_type=\"container\" data-e-type=\"container\" data-settings=\"{&quot;background_background&quot;:&quot;classic&quot;,&quot;_ha_eqh_enable&quot;:false}\">\n\t\t\t\t\t<div class=\"e-con-inner\">\n\t\t\t\t<div class=\"elementor-element elementor-element-19e52ea elementor-widget elementor-widget-heading\" data-id=\"19e52ea\" data-element_type=\"widget\" data-e-type=\"widget\" data-widget_type=\"heading.default\">\n\t\t\t\t<div class=\"elementor-widget-container\">\n\t\t\t\t\t<h2 class=\"elementor-heading-title elementor-size-default\">\u0627\u0644\u062a\u0623\u0643\u064a\u062f<\/h2>\t\t\t\t<\/div>\n\t\t\t\t<\/div>\n\t\t\t\t<div class=\"elementor-element elementor-element-2a955c8 elementor-widget__width-initial elementor-widget elementor-widget-text-editor\" data-id=\"2a955c8\" data-element_type=\"widget\" data-e-type=\"widget\" data-widget_type=\"text-editor.default\">\n\t\t\t\t<div class=\"elementor-widget-container\">\n\t\t\t\t\t\t\t\t\t<h3>\u062a\u0645 \u062a\u0623\u0643\u064a\u062f \u062d\u062c\u0632\u0643!\u00a0<\/h3><p>\u0633\u062a\u062a\u0644\u0642\u0649 \u062a\u0623\u0643\u064a\u062f\u0627\u064b \u0639\u0628\u0631 \u0627\u0644\u0628\u0631\u064a\u062f \u0627\u0644\u0625\u0644\u0643\u062a\u0631\u0648\u0646\u064a.\u00a0<\/p><p>\u0625\u0630\u0627 \u0644\u0645 \u062a\u0643\u0646 \u0642\u062f \u0641\u0639\u0644\u062a \u0630\u0644\u0643 \u0628\u0627\u0644\u0641\u0639\u0644\u060c \u0641\u0644\u0627 \u062a\u0646\u0633\u064e \u0625\u0636\u0627\u0641\u0629 \u062a\u0627\u0631\u064a\u062e \u0648\u0648\u0642\u062a \u0627\u0644\u0627\u062c\u062a\u0645\u0627\u0639 \u0625\u0644\u0649 \u0627\u0644\u062a\u0642\u0648\u064a\u0645 \u0627\u0644\u062e\u0627\u0635 \u0628\u0643 \u062d\u062a\u0649 \u0644\u0627 \u062a\u0646\u0633\u0649 \u0645\u0648\u0639\u062f\u0646\u0627.\u00a0<\/p><p>\u0634\u0643\u0631\u064b\u0627 \u0644\u0643 \u0648\u0623\u0631\u0627\u0643 \u0642\u0631\u064a\u0628\u064b\u0627!\u00a0<\/p><p>\u0645\u0639 \u0641\u0627\u0626\u0642 \u0627\u0644\u0627\u062d\u062a\u0631\u0627\u0645<br \/>\u0628\u0631\u0648 \u0633\u0643\u0631\u064a\u0628\u062a<\/p><p>\u00a0<\/p>\t\t\t\t\t\t\t\t<\/div>\n\t\t\t\t<\/div>\n\t\t\t\t\t<\/div>\n\t\t\t\t<\/div>\n\t\t\t\t<\/div>","protected":false},"excerpt":{"rendered":"<p>Confirmation Votre r\u00e9servation est confirm\u00e9e !\u00a0 Vous recevrez une confirmation sur votre bo\u00eete email.\u00a0 Si ce n&rsquo;est pas d\u00e9j\u00e0 fait, n&rsquo;oubliez pas d&rsquo;ajouter la date et l&rsquo;heure de la r\u00e9union sur votre calendrier pour ne pas oublier notre rendez-vous.\u00a0 Merci et \u00e0 tr\u00e8s bient\u00f4t !\u00a0 CordialementPro Sc\u00e9nario \u00a0<\/p>","protected":false},"author":1,"featured_media":0,"parent":0,"menu_order":0,"comment_status":"closed","ping_status":"closed","template":"","meta":{"_seopress_robots_primary_cat":"","_seopress_titles_title":"","_seopress_titles_desc":"","_seopress_robots_index":"","footnotes":""},"class_list":["post-2053","page","type-page","status-publish","hentry"],"_links":{"self":[{"href":"https:\/\/proscenario.fr\/ar\/wp-json\/wp\/v2\/pages\/2053","targetHints":{"allow":["GET"]}}],"collection":[{"href":"https:\/\/proscenario.fr\/ar\/wp-json\/wp\/v2\/pages"}],"about":[{"href":"https:\/\/proscenario.fr\/ar\/wp-json\/wp\/v2\/types\/page"}],"author":[{"embeddable":true,"href":"https:\/\/proscenario.fr\/ar\/wp-json\/wp\/v2\/users\/1"}],"replies":[{"embeddable":true,"href":"https:\/\/proscenario.fr\/ar\/wp-json\/wp\/v2\/comments?post=2053"}],"version-history":[{"count":14,"href":"https:\/\/proscenario.fr\/ar\/wp-json\/wp\/v2\/pages\/2053\/revisions"}],"predecessor-version":[{"id":2497,"href":"https:\/\/proscenario.fr\/ar\/wp-json\/wp\/v2\/pages\/2053\/revisions\/2497"}],"wp:attachment":[{"href":"https:\/\/proscenario.fr\/ar\/wp-json\/wp\/v2\/media?parent=2053"}],"curies":[{"name":"wp","href":"https:\/\/api.w.org\/{rel}","templated":true}]}}