{"id":1952,"date":"2024-09-04T11:53:04","date_gmt":"2024-09-04T11:53:04","guid":{"rendered":"https:\/\/proscenario.fr\/?page_id=1952"},"modified":"2025-01-17T21:36:20","modified_gmt":"2025-01-17T21:36:20","slug":"%d8%a7%d9%84%d8%b4%d8%b1%d9%88%d8%b7-%d9%88%d8%a7%d9%84%d8%a3%d8%ad%d9%83%d8%a7%d9%85-%d8%a7%d9%84%d8%b9%d8%a7%d9%85%d8%a9-%d9%84%d9%84%d8%a8%d9%8a%d8%b9","status":"publish","type":"page","link":"https:\/\/proscenario.fr\/ar\/%d8%a7%d9%84%d8%b4%d8%b1%d9%88%d8%b7-%d9%88%d8%a7%d9%84%d8%a3%d8%ad%d9%83%d8%a7%d9%85-%d8%a7%d9%84%d8%b9%d8%a7%d9%85%d8%a9-%d9%84%d9%84%d8%a8%d9%8a%d8%b9\/","title":{"rendered":"\u0627\u0644\u0634\u0631\u0648\u0637 \u0648\u0627\u0644\u0623\u062d\u0643\u0627\u0645 \u0627\u0644\u0639\u0627\u0645\u0629 \u0644\u0644\u0628\u064a\u0639"},"content":{"rendered":"<div data-elementor-type=\"wp-page\" data-elementor-id=\"1952\" class=\"elementor elementor-1952\" data-elementor-settings=\"{&quot;ha_cmc_init_switcher&quot;:&quot;no&quot;}\">\n\t\t\t\t<div class=\"elementor-element elementor-element-6e6b0ad e-flex e-con-boxed e-con e-parent\" data-id=\"6e6b0ad\" data-element_type=\"container\" data-e-type=\"container\" data-settings=\"{&quot;background_background&quot;:&quot;classic&quot;,&quot;_ha_eqh_enable&quot;:false}\">\n\t\t\t\t\t<div class=\"e-con-inner\">\n\t\t\t\t<div class=\"elementor-element elementor-element-fccd208 elementor-widget elementor-widget-text-editor\" data-id=\"fccd208\" data-element_type=\"widget\" data-e-type=\"widget\" data-widget_type=\"text-editor.default\">\n\t\t\t\t<div class=\"elementor-widget-container\">\n\t\t\t\t\t\t\t\t\t<h3><strong>\u0627\u0644\u0634\u0631\u0648\u0637 \u0648\u0627\u0644\u0623\u062d\u0643\u0627\u0645 \u0627\u0644\u0639\u0627\u0645\u0629 \u0644\u0644\u0628\u064a\u0639 (GTCS)<\/strong><\/h3><h4><strong>1. \u0646\u0637\u0627\u0642 \u0627\u0644\u062a\u0637\u0628\u064a\u0642<\/strong><\/h4><p>\u062a\u0646\u0637\u0628\u0642 \u0634\u0631\u0648\u0637 \u0648\u0623\u062d\u0643\u0627\u0645 \u0627\u0644\u0628\u064a\u0639 \u0627\u0644\u0639\u0627\u0645\u0629 \u0647\u0630\u0647 \u0639\u0644\u0649 \u062c\u0645\u064a\u0639 \u0627\u0644\u062e\u062f\u0645\u0627\u062a \u0627\u0644\u062a\u064a \u062a\u0642\u062f\u0645\u0647\u0627 <strong>ProScenario.co.uk<\/strong>\u064a\u0645\u062b\u0644\u0647 \u0623\u0644\u0643\u0633\u0646\u062f\u0631 \u0647\u0648\u064a\u0633\u0644\u064a\u060c \u064a\u0639\u0645\u0644 \u0644\u062d\u0633\u0627\u0628\u0647 \u0627\u0644\u062e\u0627\u0635. \u062a\u0634\u0645\u0644 \u0627\u0644\u062e\u062f\u0645\u0627\u062a: \u0627\u0644\u062a\u062f\u0631\u064a\u0628\u060c \u0648\u0627\u0644\u062f\u0639\u0645\u060c \u0648\u0627\u0644\u062a\u062f\u0631\u064a\u0628\u060c \u0648\u0627\u0633\u062a\u0634\u0627\u0631\u0627\u062a \u0627\u0644\u0633\u064a\u0646\u0627\u0631\u064a\u0648\u060c \u0648\u0643\u062a\u0627\u0628\u0629 \u0627\u0644\u0633\u064a\u0646\u0627\u0631\u064a\u0648 \u062d\u0633\u0628 \u0627\u0644\u0637\u0644\u0628 \u0644\u0644\u0623\u0641\u0644\u0627\u0645 \u0648\u0627\u0644\u0645\u0633\u0644\u0633\u0644\u0627\u062a \u0648\u0627\u0644\u0625\u0639\u0644\u0627\u0646\u0627\u062a \u0627\u0644\u062a\u062c\u0627\u0631\u064a\u0629 \u0648\u063a\u064a\u0631\u0647\u0627.<\/p><h4><strong>2. \u0627\u0644\u062a\u062d\u0643\u0645<\/strong><\/h4><p>\u064a\u062a\u0645 \u062a\u0623\u0643\u064a\u062f \u062c\u0645\u064a\u0639 \u0627\u0644\u0637\u0644\u0628\u0627\u062a \u0628\u0645\u062c\u0631\u062f \u0627\u0644\u062a\u062d\u0642\u0642 \u0645\u0646 \u0635\u062d\u0629 \u0627\u0644\u062f\u0641\u0639 \u0639\u0628\u0631 \u0646\u0638\u0627\u0645 \u0627\u0644\u062f\u0641\u0639 \u0627\u0644\u0622\u0645\u0646 \u0627\u0644\u062e\u0627\u0635 \u0628\u0646\u0627. <strong>\u0634\u0631\u064a\u0637<\/strong> \u0648\u062a\u062d\u062f\u064a\u062f \u0645\u0648\u0639\u062f\u0643 \u0639\u0628\u0631 <strong>\u0643\u0627\u0644\u064a\u0646\u062f\u0644\u064a<\/strong>. \u0633\u064a\u062a\u0644\u0642\u0649 \u0627\u0644\u0639\u0645\u0644\u0627\u0621 \u0631\u0633\u0627\u0644\u0629 \u062a\u0623\u0643\u064a\u062f \u0628\u0627\u0644\u0628\u0631\u064a\u062f \u0627\u0644\u0625\u0644\u0643\u062a\u0631\u0648\u0646\u064a \u062a\u062a\u0636\u0645\u0646 \u062a\u0641\u0627\u0635\u064a\u0644 \u062d\u062c\u0632\u0647\u0645.<\/p><h4><strong>3. \u0627\u0644\u0623\u0633\u0639\u0627\u0631 \u0648\u0627\u0644\u0645\u062f\u0641\u0648\u0639\u0627\u062a<\/strong><\/h4><p>\u064a\u062a\u0645 \u062a\u062d\u062f\u064a\u062f \u0623\u0633\u0639\u0627\u0631 \u0627\u0644\u062e\u062f\u0645\u0627\u062a \u0628\u0627\u0644\u064a\u0648\u0631\u0648\u060c \u0634\u0627\u0645\u0644\u0629 \u062c\u0645\u064a\u0639 \u0627\u0644\u0636\u0631\u0627\u0626\u0628. \u064a\u062a\u0645 \u0627\u0644\u062f\u0641\u0639 \u0639\u0628\u0631 \u0627\u0644\u0625\u0646\u062a\u0631\u0646\u062a \u0645\u0646 \u062e\u0644\u0627\u0644 <strong>\u0634\u0631\u064a\u0637<\/strong> \u0628\u0634\u0643\u0644 \u0622\u0645\u0646.<\/p><h4><strong>4. \u0627\u0644\u0625\u0644\u063a\u0627\u0621 \u0648\u0627\u0644\u0627\u0633\u062a\u0631\u062f\u0627\u062f<\/strong><\/h4><p>\u0628\u0645\u062c\u0631\u062f \u062a\u0623\u0643\u064a\u062f \u0627\u0644\u062d\u062c\u0632 <strong>\u0644\u0646 \u064a\u062a\u0645 \u0627\u0644\u0633\u062f\u0627\u062f<\/strong>\u0646\u0634\u062c\u0639 \u0639\u0645\u0644\u0627\u0621\u0646\u0627 \u0639\u0644\u0649 \u0627\u0644\u062a\u062d\u0642\u0642 \u0645\u0646 \u062c\u0645\u064a\u0639 \u0627\u0644\u062a\u0641\u0627\u0635\u064a\u0644 \u0628\u0639\u0646\u0627\u064a\u0629 \u0642\u0628\u0644 \u0625\u0646\u0647\u0627\u0621 \u0627\u0644\u062d\u062c\u0632. \u0646\u0634\u062c\u0639 \u0639\u0645\u0644\u0627\u0621\u0646\u0627 \u0639\u0644\u0649 \u0627\u0644\u062a\u062d\u0642\u0642 \u0645\u0646 \u062c\u0645\u064a\u0639 \u0627\u0644\u062a\u0641\u0627\u0635\u064a\u0644 \u0628\u0639\u0646\u0627\u064a\u0629 \u0642\u0628\u0644 \u0625\u0646\u0647\u0627\u0621 \u0627\u0644\u062d\u062c\u0632.<\/p><h4><strong>5. \u0627\u0644\u062a\u0632\u0627\u0645\u0627\u062a \u0627\u0644\u0639\u0645\u064a\u0644<\/strong><\/h4><p>\u064a\u062a\u0639\u0647\u062f \u0627\u0644\u0639\u0645\u064a\u0644 \u0628\u062a\u0642\u062f\u064a\u0645 \u0645\u0639\u0644\u0648\u0645\u0627\u062a \u062f\u0642\u064a\u0642\u0629 \u0648\u0642\u062a \u0627\u0644\u062d\u062c\u0632 \u0648\u0627\u0644\u0627\u0644\u062a\u0632\u0627\u0645 \u0628\u0627\u0644\u0645\u0648\u0627\u0639\u064a\u062f \u0627\u0644\u0645\u062d\u062f\u062f\u0629. \u0641\u064a \u062d\u0627\u0644\u0629 \u0627\u0644\u062a\u0623\u062e\u0631 \u0623\u0648 \u0627\u0644\u063a\u064a\u0627\u0628 \u062f\u0648\u0646 \u0625\u062e\u0637\u0627\u0631\u060c \u062a\u064f\u0639\u062a\u0628\u0631 \u0627\u0644\u062e\u062f\u0645\u0629 \u0642\u062f \u0627\u0643\u062a\u0645\u0644\u062a.<\/p><h4><strong>6. \u0627\u0644\u0633\u0631\u064a\u0629<\/strong><\/h4><p>\u062c\u0645\u064a\u0639 \u0627\u0644\u0645\u0639\u0644\u0648\u0645\u0627\u062a \u0627\u0644\u0645\u062a\u0628\u0627\u062f\u0644\u0629 \u0623\u062b\u0646\u0627\u0621 \u0627\u0644\u062e\u062f\u0645\u0627\u062a \u0633\u0631\u064a\u0629 \u0644\u0644\u063a\u0627\u064a\u0629. \u062a\u062a\u0639\u0647\u062f \u0623\u0644\u0643\u0633\u0646\u062f\u0631 \u0647\u0648\u064a\u0633\u0644\u064a \u0628\u0627\u062d\u062a\u0631\u0627\u0645 \u0633\u0631\u064a\u0629 \u0627\u0644\u0645\u0639\u0644\u0648\u0645\u0627\u062a \u0627\u0644\u0645\u062a\u0628\u0627\u062f\u0644\u0629.<\/p><h4><strong>7. \u0627\u0644\u0642\u0627\u0646\u0648\u0646 \u0627\u0644\u0648\u0627\u062c\u0628 \u0627\u0644\u062a\u0637\u0628\u064a\u0642 \u0648\u0627\u0644\u0648\u0644\u0627\u064a\u0629 \u0627\u0644\u0642\u0636\u0627\u0626\u064a\u0629<\/strong><\/h4><p>\u062a\u062e\u0636\u0639 \u0647\u0630\u0647 \u0627\u0644\u0634\u0631\u0648\u0637 \u0648\u0627\u0644\u0623\u062d\u0643\u0627\u0645 \u0627\u0644\u0639\u0627\u0645\u0629 \u0644\u0644\u0642\u0627\u0646\u0648\u0646 \u0627\u0644\u0641\u0631\u0646\u0633\u064a. \u064a\u0642\u0639 \u0623\u064a \u0646\u0632\u0627\u0639 \u064a\u062a\u0639\u0644\u0642 \u0628\u062a\u0641\u0633\u064a\u0631 \u0623\u0648 \u062a\u0646\u0641\u064a\u0630 \u0647\u0630\u0647 \u0627\u0644\u0634\u0631\u0648\u0637 \u0648\u0627\u0644\u0623\u062d\u0643\u0627\u0645 \u0636\u0645\u0646 \u0627\u0644\u0627\u062e\u062a\u0635\u0627\u0635 \u0627\u0644\u0642\u0636\u0627\u0626\u064a \u0627\u0644\u062d\u0635\u0631\u064a \u0644\u0644\u0645\u062d\u0627\u0643\u0645 \u0627\u0644\u0641\u0631\u0646\u0633\u064a\u0629.<\/p>\t\t\t\t\t\t\t\t<\/div>\n\t\t\t\t<\/div>\n\t\t\t\t\t<\/div>\n\t\t\t\t<\/div>\n\t\t\t\t<\/div>","protected":false},"excerpt":{"rendered":"<p>Conditions g\u00e9n\u00e9rales de vente (CGV) 1. Champ d&rsquo;application Les pr\u00e9sentes conditions g\u00e9n\u00e9rales de vente s&rsquo;appliquent \u00e0 toutes les prestations fournies par ProScenario.fr, repr\u00e9sent\u00e9 par Alexandre Hoesli, auto-entrepreneur. Les services incluent : formation, accompagnement, coaching, consulting en sc\u00e9nario, et \u00e9criture sur mesure de sc\u00e9narios pour films, s\u00e9ries, publicit\u00e9s et autres. 2. Commande Toute commande est confirm\u00e9e [&hellip;]<\/p>\n","protected":false},"author":1,"featured_media":0,"parent":0,"menu_order":0,"comment_status":"closed","ping_status":"closed","template":"","meta":{"_seopress_robots_primary_cat":"","_seopress_titles_title":"","_seopress_titles_desc":"","_seopress_robots_index":"","footnotes":""},"class_list":["post-1952","page","type-page","status-publish","hentry"],"_links":{"self":[{"href":"https:\/\/proscenario.fr\/ar\/wp-json\/wp\/v2\/pages\/1952","targetHints":{"allow":["GET"]}}],"collection":[{"href":"https:\/\/proscenario.fr\/ar\/wp-json\/wp\/v2\/pages"}],"about":[{"href":"https:\/\/proscenario.fr\/ar\/wp-json\/wp\/v2\/types\/page"}],"author":[{"embeddable":true,"href":"https:\/\/proscenario.fr\/ar\/wp-json\/wp\/v2\/users\/1"}],"replies":[{"embeddable":true,"href":"https:\/\/proscenario.fr\/ar\/wp-json\/wp\/v2\/comments?post=1952"}],"version-history":[{"count":17,"href":"https:\/\/proscenario.fr\/ar\/wp-json\/wp\/v2\/pages\/1952\/revisions"}],"predecessor-version":[{"id":2496,"href":"https:\/\/proscenario.fr\/ar\/wp-json\/wp\/v2\/pages\/1952\/revisions\/2496"}],"wp:attachment":[{"href":"https:\/\/proscenario.fr\/ar\/wp-json\/wp\/v2\/media?parent=1952"}],"curies":[{"name":"wp","href":"https:\/\/api.w.org\/{rel}","templated":true}]}}