{"id":1944,"date":"2024-09-04T11:48:48","date_gmt":"2024-09-04T11:48:48","guid":{"rendered":"https:\/\/proscenario.fr\/?page_id=1944"},"modified":"2025-01-17T22:04:11","modified_gmt":"2025-01-17T22:04:11","slug":"%d8%a7%d9%84%d9%85%d8%b9%d9%84%d9%88%d9%85%d8%a7%d8%aa-%d8%a7%d9%84%d9%82%d8%a7%d9%86%d9%88%d9%86%d9%8a%d8%a9","status":"publish","type":"page","link":"https:\/\/proscenario.fr\/ar\/%d8%a7%d9%84%d9%85%d8%b9%d9%84%d9%88%d9%85%d8%a7%d8%aa-%d8%a7%d9%84%d9%82%d8%a7%d9%86%d9%88%d9%86%d9%8a%d8%a9\/","title":{"rendered":"\u0627\u0644\u0645\u0639\u0644\u0648\u0645\u0627\u062a \u0627\u0644\u0642\u0627\u0646\u0648\u0646\u064a\u0629"},"content":{"rendered":"<div data-elementor-type=\"wp-page\" data-elementor-id=\"1944\" class=\"elementor elementor-1944\" data-elementor-settings=\"{&quot;ha_cmc_init_switcher&quot;:&quot;no&quot;}\">\n\t\t\t\t<div class=\"elementor-element elementor-element-6e6b0ad e-flex e-con-boxed e-con e-parent\" data-id=\"6e6b0ad\" data-element_type=\"container\" data-e-type=\"container\" data-settings=\"{&quot;background_background&quot;:&quot;classic&quot;,&quot;_ha_eqh_enable&quot;:false}\">\n\t\t\t\t\t<div class=\"e-con-inner\">\n\t\t\t\t<div class=\"elementor-element elementor-element-fccd208 elementor-widget elementor-widget-text-editor\" data-id=\"fccd208\" data-element_type=\"widget\" data-e-type=\"widget\" data-widget_type=\"text-editor.default\">\n\t\t\t\t<div class=\"elementor-widget-container\">\n\t\t\t\t\t\t\t\t\t<h3><strong>\u0627\u0644\u0645\u0639\u0644\u0648\u0645\u0627\u062a \u0627\u0644\u0642\u0627\u0646\u0648\u0646\u064a\u0629<\/strong><\/h3>\n<h4><strong>1. \u0645\u062d\u0631\u0631 \u0627\u0644\u0645\u0648\u0642\u0639<\/strong><\/h4>\n<p>\u0627\u0644\u0645\u0648\u0642\u0639 \u0627\u0644\u0625\u0644\u0643\u062a\u0631\u0648\u0646\u064a <strong>proscenario.fr<\/strong> \u062a\u0645 \u0646\u0634\u0631\u0647 \u0628\u0648\u0627\u0633\u0637\u0629 :<\/p>\n<ul>\n<li><strong>\u0627\u0644\u0627\u0633\u0645<\/strong> \u0623\u0644\u0643\u0633\u0646\u062f\u0631 \u0647\u0648\u0633\u0644\u064a (\u064a\u0639\u0645\u0644 \u0644\u062d\u0633\u0627\u0628\u0647 \u0627\u0644\u062e\u0627\u0635)<\/li>\n<li><strong>\u0627\u0644\u0645\u0643\u062a\u0628 \u0627\u0644\u0631\u0626\u064a\u0633\u064a<\/strong> 22 \u0634\u0627\u0631\u0639 \u062c\u0627\u064a-\u0644\u0648\u0633\u0627\u0643\u060c 75005 \u0628\u0627\u0631\u064a\u0633<\/li>\n<li><strong>\u0631\u0642\u0645 SIRET<\/strong> : 93265540000012<\/li>\n<li><strong>\u0627\u0644\u0628\u0631\u064a\u062f \u0627\u0644\u0625\u0644\u0643\u062a\u0631\u0648\u0646\u064a<\/strong> : <a rel=\"noopener\">alexandre.hoesli@proscenario.fr<\/a><\/li>\n<li><strong>\u0627\u0644\u0647\u0627\u062a\u0641<\/strong> : +33 7 65 81 39 39<\/li>\n<\/ul>\n<h4><strong>2. \u0627\u0644\u0627\u0633\u062a\u0636\u0627\u0641\u0629<\/strong><\/h4>\n<p>\u0627\u0644\u0645\u0648\u0642\u0639 \u0645\u0633\u062a\u0636\u0627\u0641 \u0645\u0646 \u0642\u0628\u0644 :<\/p>\n<ul>\n<li><strong>\u0627\u0633\u0645 \u0627\u0644\u0645\u0636\u064a\u0641<\/strong> :: \u0647\u0648\u0633\u062a\u0646\u062c\u0631<\/li>\n<li><strong>\u0627\u0644\u0639\u0646\u0648\u0627\u0646<\/strong> HOSTINGER Operations, UAB, \u0160vitrigailos str. 34, Vilnius 03230 Lithuania<\/li>\n<li><strong>\u0627\u0644\u0647\u0627\u062a\u0641<\/strong> : <a href=\"\/ar\/\u0627\u0644\u0647\u0627\u062a\u0641:+37064503378\/\">+37064503378<\/a><\/li>\n<\/ul>\n<h4><strong>3. \u062d\u0642\u0648\u0642 \u0627\u0644\u0645\u0644\u0643\u064a\u0629 \u0627\u0644\u0641\u0643\u0631\u064a\u0629<\/strong><\/h4>\n<p>\u0625\u0646 \u0645\u062d\u062a\u0648\u0649 \u0627\u0644\u0645\u0648\u0642\u0639 (\u0627\u0644\u0646\u0635\u0648\u0635 \u0648\u0627\u0644\u0635\u0648\u0631 \u0648\u0645\u0642\u0627\u0637\u0639 \u0627\u0644\u0641\u064a\u062f\u064a\u0648 \u0648\u0645\u0627 \u0625\u0644\u0649 \u0630\u0644\u0643) \u0647\u0648 \u0645\u0644\u0643\u064a\u0629 \u062d\u0635\u0631\u064a\u0629 \u0644\u0640 <strong>Proscenario.fr<\/strong> \u0648\u0644\u0627 \u064a\u062c\u0648\u0632 \u0625\u0639\u0627\u062f\u0629 \u0625\u0646\u062a\u0627\u062c\u0647\u0627 \u062f\u0648\u0646 \u062a\u0635\u0631\u064a\u062d \u0645\u0633\u0628\u0642.<\/p>\n<h4><strong>4. \u062a\u062d\u062f\u064a\u062f \u0627\u0644\u0645\u0633\u0624\u0648\u0644\u064a\u0629<\/strong><\/h4>\n<p>\u0644\u0627 \u064a\u0645\u0643\u0646 \u0627\u0639\u062a\u0628\u0627\u0631 \u0623\u0644\u0643\u0633\u0646\u062f\u0631 \u0647\u0648\u0633\u0644\u064a \u0645\u0633\u0624\u0648\u0644\u0627\u064b \u0639\u0646 \u0627\u0644\u0623\u0636\u0631\u0627\u0631 \u0627\u0644\u0645\u0628\u0627\u0634\u0631\u0629 \u0623\u0648 \u063a\u064a\u0631 \u0627\u0644\u0645\u0628\u0627\u0634\u0631\u0629 \u0627\u0644\u0646\u0627\u062a\u062c\u0629 \u0639\u0646 \u0627\u0633\u062a\u062e\u062f\u0627\u0645 \u0627\u0644\u0645\u0648\u0642\u0639\u060c \u0648\u0644\u0627 \u0639\u0646 \u0627\u0644\u0623\u0636\u0631\u0627\u0631 \u0627\u0644\u0646\u0627\u062c\u0645\u0629 \u0639\u0646 \u0639\u062f\u0645 \u0625\u0645\u0643\u0627\u0646\u064a\u0629 \u0627\u0644\u0648\u0635\u0648\u0644 \u0627\u0644\u0645\u0624\u0642\u062a \u0625\u0644\u0649 \u0627\u0644\u0645\u0648\u0642\u0639.<\/p>\t\t\t\t\t\t\t\t<\/div>\n\t\t\t\t<\/div>\n\t\t\t\t\t<\/div>\n\t\t\t\t<\/div>\n\t\t\t\t<\/div>","protected":false},"excerpt":{"rendered":"<p>Mentions l\u00e9gales 1. \u00c9diteur du site Le site proscenario.fr est \u00e9dit\u00e9 par : Nom : Alexandre H\u00f6sli (Auto-entrepreneur) Si\u00e8ge social : 22 rue Gay-Lussac, 75005 Paris Num\u00e9ro SIRET : 93265540000012 E-mail : alexandre.hoesli@proscenario.fr T\u00e9l\u00e9phone : +33 7 65 81 39 39 2. H\u00e9bergement Le site est h\u00e9berg\u00e9 par : Nom de l&rsquo;h\u00e9bergeur : Hostinger Adresse [&hellip;]<\/p>\n","protected":false},"author":1,"featured_media":0,"parent":0,"menu_order":0,"comment_status":"closed","ping_status":"closed","template":"","meta":{"_seopress_robots_primary_cat":"","_seopress_titles_title":"","_seopress_titles_desc":"","_seopress_robots_index":"","footnotes":""},"class_list":["post-1944","page","type-page","status-publish","hentry"],"_links":{"self":[{"href":"https:\/\/proscenario.fr\/ar\/wp-json\/wp\/v2\/pages\/1944","targetHints":{"allow":["GET"]}}],"collection":[{"href":"https:\/\/proscenario.fr\/ar\/wp-json\/wp\/v2\/pages"}],"about":[{"href":"https:\/\/proscenario.fr\/ar\/wp-json\/wp\/v2\/types\/page"}],"author":[{"embeddable":true,"href":"https:\/\/proscenario.fr\/ar\/wp-json\/wp\/v2\/users\/1"}],"replies":[{"embeddable":true,"href":"https:\/\/proscenario.fr\/ar\/wp-json\/wp\/v2\/comments?post=1944"}],"version-history":[{"count":20,"href":"https:\/\/proscenario.fr\/ar\/wp-json\/wp\/v2\/pages\/1944\/revisions"}],"predecessor-version":[{"id":2502,"href":"https:\/\/proscenario.fr\/ar\/wp-json\/wp\/v2\/pages\/1944\/revisions\/2502"}],"wp:attachment":[{"href":"https:\/\/proscenario.fr\/ar\/wp-json\/wp\/v2\/media?parent=1944"}],"curies":[{"name":"wp","href":"https:\/\/api.w.org\/{rel}","templated":true}]}}